{"id":9638,"date":"2018-05-17T19:55:15","date_gmt":"2018-05-17T17:55:15","guid":{"rendered":"https:\/\/www.neurosciences.asso.fr\/cgu\/"},"modified":"2026-03-16T15:14:22","modified_gmt":"2026-03-16T13:14:22","slug":"cgu","status":"publish","type":"page","link":"https:\/\/www.neurosciences.asso.fr\/en\/cgu\/","title":{"rendered":"Conditions g\u00e9n\u00e9rales d&#8217;utilisation du site"},"content":{"rendered":"<div class=\"wpb-content-wrapper\">[vc_row][vc_column][vc_column_text css=&#8221;&#8221;]\n<h1>I. Objet<\/h1>\n<p>Les pr\u00e9sentes conditions g\u00e9n\u00e9rales ont pour objet de r\u00e9gir les conditions et modalit\u00e9s d&#8217;utilisation du site internet\u00a0<a href=\"https:\/\/www.neurosciences.asso.fr\/en\/\" target=\"_blank\" rel=\"noopener noreferrer\">www.neurosciences.asso.fr<\/a> (ci-apr\u00e8s d\u00e9nomm\u00e9 le &#8220;site&#8221;), ainsi que de d\u00e9finir les droits et obligations des parties mises en relation sur celui-ci ou utilisant les services qui y sont propos\u00e9s (ci-apr\u00e8s d\u00e9nomm\u00e9s les &#8220;services\u200b&#8221;).<br \/>\nLes pr\u00e9sentes conditions g\u00e9n\u00e9rales sont\u00a0compl\u00e9t\u00e9es par une <a href=\"https:\/\/www.neurosciences.asso.fr\/en\/politique-confidentialite\/\">politique de confidentialit\u00e9<\/a>, relative au traitement de donn\u00e9es \u00e0 caract\u00e8re personnel exerc\u00e9 par la Soci\u00e9t\u00e9 des Neurosciences, laquelle compl\u00e8te les pr\u00e9sentes conditions g\u00e9n\u00e9rales et, en cas de contradiction, pr\u00e9vaut sur ces derni\u00e8res.<\/p>\n<h1>II. D\u00e9finitions<\/h1>\n<p>Pour l&#8217;application des pr\u00e9sentes conditions g\u00e9n\u00e9rales on entend par :<\/p>\n<p>&#8220;Utilisateur&#8221; : un adh\u00e9rent de la Soci\u00e9t\u00e9 des Neurosciences ou un simple visiteur se connectant sur le site.<br \/>\n&#8220;Contenus\u200b&#8221; : les contenus de toute nature diffus\u00e9s sur le site.<\/p>\n<h1>III. Exploitant du site et des services<\/h1>\n<p>Le site et les services sont exploit\u00e9s par\u00a0la Soci\u00e9t\u00e9 des Neurosciences (ci-apr\u00e8s d\u00e9nomm\u00e9e &#8220;la Soci\u00e9t\u00e9&#8221;), association r\u00e9gie par la loi de 1901, dont le si\u00e8ge social est situ\u00e9 \u00e0 Bordeaux.<\/p>\n<p>Adresse postale :<br \/>\nSoci\u00e9t\u00e9 des Neurosciences<br \/>\nUniversit\u00e9 de Bordeaux<br \/>\n146 Rue L\u00e9o-Saignat<br \/>\n33077 Bordeaux cedex<br \/>\nT\u00e9l. : 05 57 57 37 40<br \/>\nM\u00e9l : <a href=\"mailto:info@societe-neurosciences.fr\">info@societe-neurosciences.fr<\/a><\/p>\n<h1>IV. Acc\u00e8s au site et aux services<\/h1>\n<p>Le site et les services sont accessibles :<\/p>\n<ul>\n<li>A toute personne physique disposant de la pleine capacit\u00e9 juridique pour s&#8217;engager au titre des pr\u00e9sentes conditions g\u00e9n\u00e9rales.<\/li>\n<li>A toute personne morale agissant par l&#8217;interm\u00e9diaire d&#8217;une personne physique disposant de la capacit\u00e9 juridique pour contracter au nom et pour le compte de la personne morale.<\/li>\n<\/ul>\n<h1>V. Acceptation des conditions g\u00e9n\u00e9rales<\/h1>\n<p>L&#8217;acceptation des pr\u00e9sentes conditions g\u00e9n\u00e9rales par les adh\u00e9rents de la Soci\u00e9t\u00e9 est mat\u00e9rialis\u00e9e par une case \u00e0 cocher dans le bulletin d&#8217;adh\u00e9sion.<br \/>\nS&#8217;agissant des visiteurs sur le site, qui ne sont pas adh\u00e9rents, l&#8217;utilisation du site et\/ou des services entra\u00eene leur acceptation des pr\u00e9sentes conditions g\u00e9n\u00e9rales, sans restriction ni r\u00e9serve.<br \/>\nL&#8217;acceptation des pr\u00e9sentes conditions g\u00e9n\u00e9rales ne peut \u00eatre que pleine et enti\u00e8re.<\/p>\n<h1>VI. Services accessibles aux utilisateurs<\/h1>\n<p>L&#8217;utilisateur peut naviguer sur le site et le consulter, il peut ins\u00e9rer une th\u00e8se,\u00a0une annonce d&#8217;offre de stage ou d&#8217;emploi, adh\u00e9rer \u00e0 la Soci\u00e9t\u00e9. L&#8217;utilisateur est seul responsable de l&#8217;ensemble des contenus qu&#8217;il choisit de diffuser \u00e0 travers le site (voir article X. Obligations des utilisateurs relatives aux contenus).<\/p>\n<h1>VII. Services accessibles aux adh\u00e9rents uniquement<\/h1>\n<p>Les adh\u00e9rents de la Soci\u00e9t\u00e9 disposent d&#8217;un espace personnel, avec acc\u00e8s s\u00e9curis\u00e9, sur lequel ils peuvent consulter ou modifier leur fiche adh\u00e9rent, suivre l&#8217;\u00e9tat de leurs cotisations et les r\u00e9gler.<\/p>\n<h1>VIII. Adh\u00e9sions et cotisations<\/h1>\n<p>Conform\u00e9ment aux <a href=\"\/?page_id=33\" target=\"_blank\" rel=\"noopener noreferrer\">statuts et r\u00e8glement int\u00e9rieur de la Soci\u00e9t\u00e9<\/a>, l&#8217;adh\u00e9sion \u00e0 la Soci\u00e9t\u00e9 est renouvel\u00e9e par tacite reconduction chaque ann\u00e9e (ann\u00e9e calendaire). L&#8217;adh\u00e9rent peut \u00e0 tout moment d\u00e9cider de ne plus adh\u00e9rer \u00e0 la Soci\u00e9t\u00e9 en faisant part de sa d\u00e9cision par <a href=\"mailto:info@societe-neurosciences.fr\">m\u00e9l<\/a>.<\/p>\n<p>Le montant des cotisations est fix\u00e9 en Assembl\u00e9e G\u00e9n\u00e9rale. Pour toute information concernant les diff\u00e9rentes cat\u00e9gories d&#8217;adh\u00e9rents et les montants des cotisations correspondants, se r\u00e9f\u00e9rer au <a href=\"\/?page_id=33\">r\u00e8glement int\u00e9rieur de la Soci\u00e9t\u00e9<\/a>.<\/p>\n<p>Les montants des cotisations, non assujetties \u00e0 la TVA, sont indiqu\u00e9s en Euros.<\/p>\n<p>Le d\u00e9lai de paiement est de 30 jours \u00e0 r\u00e9ception de la facture. Tout retard de paiement engendrera des pe\u0301nalite\u0301s exigibles a\u0300 compter de la date d&#8217;e\u0301che\u0301ance, correspondant a\u0300 trois fois le taux de l&#8217;inte\u0301re\u0302t le\u0301gal en vigueur, plus 40 \u20ac d&#8217;indemnit\u00e9 forfaitaire.<\/p>\n<p>&nbsp;<\/p>\n<h1>IX. Paiements en ligne<\/h1>\n<p>Les transactions financi\u00e8res relatives au paiement des adh\u00e9sions via le site sont r\u00e9alis\u00e9es au moyen du syst\u00e8me s\u00e9curis\u00e9 Sherlock&#8217;s, mis en place par Le Cr\u00e9dit Lyonnais, qui utilise le protocole TLS (Transport Layer Security), de telle sorte que les informations transmises sont crypt\u00e9es par un logiciel et qu&#8217;aucun tiers ne peut en prendre connaissance au cours du transport sur le r\u00e9seau.<br \/>\nLa Soci\u00e9t\u00e9 n&#8217;intervient pas dans ces transactions qui sont effectu\u00e9es sous la seule responsabilit\u00e9 du centre de traitement. \u00c0 aucun moment la Soci\u00e9t\u00e9 ne prend connaissance des donn\u00e9es de carte bancaire de l&#8217;adh\u00e9rent.<br \/>\nLe paiement n&#8217;est consid\u00e9r\u00e9 comme effectif\u00a0que lorsque le centre de paiement bancaire concern\u00e9 a donn\u00e9 son accord. En cas de refus du centre de paiement, il sera demand\u00e9 \u00e0 l&#8217;adh\u00e9rent de choisir un autre mode de paiement.<br \/>\nIl appartient \u00e0 l&#8217;adh\u00e9rent d&#8217;enregistrer et d&#8217;imprimer son certificat de paiement s&#8217;il souhaite conserver les informations relatives \u00e0 la transaction.<\/p>\n<h1>X. Obligations des utilisateurs relatives aux contenus<\/h1>\n<p>L&#8217;utilisateur est seul responsable de l&#8217;ensemble des contenus qu&#8217;il choisit de diffuser \u00e0 travers le site. Il garantit \u00e0 la Soci\u00e9t\u00e9 qu&#8217;il dispose de tous les droits et autorisations n\u00e9cessaires \u00e0 la diffusion de ces contenus. Il s&#8217;engage \u00e0 ce que lesdits contenus soient licites, ne portent pas atteinte \u00e0 l&#8217;ordre public, aux bonnes m\u0153urs ou aux droits de tiers, n&#8217;enfreignent aucune disposition l\u00e9gislative ou r\u00e8glementaire et plus g\u00e9n\u00e9ralement, ne soient aucunement susceptibles de mettre en jeu la responsabilit\u00e9 civile ou p\u00e9nale de la Soci\u00e9t\u00e9.<br \/>\nL&#8217;utilisateur s&#8217;interdit ainsi de diffuser, notamment et sans que cette liste soit exhaustive :<br \/>\n&#8211; des contenus pornographiques, obsc\u00e8nes, ind\u00e9cents, choquants ou inadapt\u00e9s \u00e0 un public familial, diffamatoires, injurieux, violents, racistes, x\u00e9nophobes ou r\u00e9visionnistes,<br \/>\n&#8211; des contenus contrefaisants,<br \/>\n&#8211; des contenus attentatoires \u00e0 l&#8217;image d&#8217;un tiers,<br \/>\n&#8211; des contenus mensongers, trompeurs ou proposant ou promouvant des activit\u00e9s illicites, frauduleuses ou trompeuses,<br \/>\n&#8211; des contenus nuisibles aux syst\u00e8mes informatiques de tiers (tels que virus, vers, chevaux de Troie, etc.),<br \/>\n&#8211; et plus g\u00e9n\u00e9ralement des contenus susceptibles de porter atteinte aux droits de tiers ou d&#8217;\u00eatre pr\u00e9judiciables \u00e0 des tiers, de quelque mani\u00e8re et sous quelque forme que ce soit.<\/p>\n<h1>XI. Comportements prohib\u00e9s<\/h1>\n<p>Il est strictement interdit d&#8217;utiliser les services aux fins suivantes :<br \/>\n&#8211; l&#8217;exercice d&#8217;activit\u00e9s ill\u00e9gales, frauduleuses ou portant atteinte aux droits ou \u00e0 la s\u00e9curit\u00e9 des tiers,<br \/>\n&#8211; l&#8217;atteinte \u00e0 l&#8217;ordre public ou la violation des lois et r\u00e8glements en vigueur,<br \/>\n&#8211; l&#8217;intrusion dans le syst\u00e8me informatique d&#8217;un tiers ou toute activit\u00e9 de nature \u00e0 nuire, contr\u00f4ler, interf\u00e9rer, ou intercepter tout ou partie du syst\u00e8me informatique d&#8217;un tiers, en violer l&#8217;int\u00e9grit\u00e9 ou la s\u00e9curit\u00e9,<br \/>\n&#8211; l&#8217;envoi de m\u00e9ls non sollicit\u00e9s et\/ou de prospection ou sollicitation commerciale,<br \/>\n&#8211; les manipulations destin\u00e9es \u00e0 am\u00e9liorer le r\u00e9f\u00e9rencement d&#8217;un site tiers,<br \/>\n&#8211; la collecte et l&#8217;agr\u00e9gation de toute information pr\u00e9sente sur le site sans autorisation express\u00e9ment donn\u00e9e par la Soci\u00e9t\u00e9,<br \/>\n&#8211; l&#8217;aide ou l&#8217;incitation, sous quelque forme et de quelque mani\u00e8re que ce soit, \u00e0 un ou plusieurs des actes et activit\u00e9s d\u00e9crits ci-dessus,<br \/>\n&#8211; et plus g\u00e9n\u00e9ralement toute pratique d\u00e9tournant les services \u00e0 des fins autres que celles pour lesquelles ils ont \u00e9t\u00e9 con\u00e7us.<\/p>\n<p>Il est strictement interdit aux utilisateurs de copier et\/ou de d\u00e9tourner \u00e0 leurs fins ou \u00e0 celles de tiers le concept, les technologies ou tout autre \u00e9l\u00e9ment du site.<br \/>\nSont \u00e9galement strictement interdits :<\/p>\n<ul>\n<li>tous comportements de nature \u00e0 interrompre, suspendre, ralentir ou emp\u00eacher la continuit\u00e9 des services,<\/li>\n<li>toutes intrusions ou tentatives d&#8217;intrusions dans les syst\u00e8mes de la Soci\u00e9t\u00e9,<\/li>\n<li>tous d\u00e9tournements des ressources syst\u00e8me du site,<\/li>\n<li>toutes actions de nature \u00e0 imposer une charge disproportionn\u00e9e sur les infrastructures de ce dernier,<\/li>\n<li>toutes atteintes aux mesures de s\u00e9curit\u00e9 et d&#8217;authentification,<\/li>\n<li>tous actes de nature \u00e0 porter atteinte aux droits et int\u00e9r\u00eats financiers, commerciaux ou moraux de la Soci\u00e9t\u00e9 ou des usagers de son site,<\/li>\n<li>toutes actions visant \u00e0 supprimer, cacher ou d\u00e9placer les messages publicitaires ou promotionnels pr\u00e9sents sur le site<\/li>\n<li>et, plus g\u00e9n\u00e9ralement, tout manquement aux pr\u00e9sentes conditions g\u00e9n\u00e9rales.<\/li>\n<\/ul>\n<p>Il est strictement interdit de monnayer, vendre ou conc\u00e9der tout ou partie de l&#8217;acc\u00e8s aux services ou au site, ainsi qu&#8217;aux informations qui y sont h\u00e9berg\u00e9es et\/ou partag\u00e9es.<\/p>\n<h1>XII. Responsabilit\u00e9 de la Soci\u00e9t\u00e9<\/h1>\n<p>La Soci\u00e9t\u00e9 ne peut \u00eatre tenue pour responsable des contenus dont les auteurs sont des tiers. Toute r\u00e9clamation \u00e9ventuelle devra \u00eatre dirig\u00e9e en premier lieu vers l&#8217;auteur des contenus en question.<br \/>\nLes contenus pr\u00e9judiciables \u00e0 un tiers peuvent faire l&#8217;objet d&#8217;une notification \u00e0 la Soci\u00e9t\u00e9.<\/p>\n<p>Les services sont fournis par la Soci\u00e9t\u00e9 tels quels. La Soci\u00e9t\u00e9 ne garantit notamment pas aux utilisateurs que les services, soumis \u00e0 une recherche constante pour en am\u00e9liorer notamment la performance et le progr\u00e8s, seront totalement exempts d&#8217;erreurs, de vices ou de d\u00e9fauts.<\/p>\n<p>La Soci\u00e9t\u00e9 se r\u00e9serve la facult\u00e9 d&#8217;interrompre momentan\u00e9ment l&#8217;acc\u00e8s au site pour des raisons de maintenance. Elle ne saurait \u00eatre tenue responsable des difficult\u00e9s ou impossibilit\u00e9s momentan\u00e9es d&#8217;acc\u00e8s au site qui auraient pour origine des circonstances qui lui sont ext\u00e9rieures, la force majeure, ou encore qui seraient dues \u00e0 des perturbations des r\u00e9seaux de t\u00e9l\u00e9communications.<\/p>\n<h1>XIII. Propri\u00e9t\u00e9 intellectuelle<\/h1>\n<p>Les syst\u00e8mes, logiciels, bases de donn\u00e9es et contenus de toute nature exploit\u00e9s par la Soci\u00e9t\u00e9 au sein du site sont prot\u00e9g\u00e9s par tous droits de propri\u00e9t\u00e9 intellectuelle ou droits des producteurs de bases de donn\u00e9es en vigueur. Tous d\u00e9sassemblages, d\u00e9compilations, d\u00e9cryptages, extractions, r\u00e9utilisations, copies et plus g\u00e9n\u00e9ralement, tous actes de reproduction, repr\u00e9sentation, diffusion et utilisation de l&#8217;un quelconque de ces \u00e9l\u00e9ments, en tout ou partie, sans l&#8217;autorisation de la Soci\u00e9t\u00e9 sont strictement interdits et pourront faire l&#8217;objet de poursuites judiciaires.<\/p>\n<h1>XIV. Liens et sites tiers<\/h1>\n<p>La Soci\u00e9t\u00e9 ne pourra en aucun cas \u00eatre tenue pour responsable de la disponibilit\u00e9 technique de sites internet exploit\u00e9s par des tiers, y compris ses \u00e9ventuels partenaires, auxquels les utilisateurs acc\u00e9deraient par l&#8217;interm\u00e9diaire du site. La Soci\u00e9t\u00e9 n&#8217;endosse aucune responsabilit\u00e9 au titre des contenus, publicit\u00e9s, produits et\/ou services disponibles sur de tels sites tiers dont il est rappel\u00e9 qu&#8217;ils sont r\u00e9gis par leurs propres conditions d&#8217;utilisation. La Soci\u00e9t\u00e9 n&#8217;est pas non plus responsable des transactions intervenues entre un utilisateur et un quelconque annonceur, professionnel ou commer\u00e7ant, y compris ses \u00e9ventuels partenaires, vers lequel l&#8217;utilisateur serait orient\u00e9 par l&#8217;interm\u00e9diaire du site et ne saurait en aucun cas \u00eatre partie \u00e0 quelques litiges \u00e9ventuels que ce soit avec ces tiers concernant notamment la livraison de produits et\/ou services, les garanties, d\u00e9clarations et autres obligations quelconques auxquelles ces tiers sont tenus.<\/p>\n<h1>XV. Donn\u00e9es personnelles<\/h1>\n<p>Dans le cadre de l&#8217;utilisation du site par les utilisateurs, la Soci\u00e9t\u00e9 est amen\u00e9e \u00e0 collecter et \u00e0 traiter certaines donn\u00e9es \u00e0 caract\u00e8re personnel les concernant.<\/p>\n<p>Le traitement automatis\u00e9 d&#8217;informations, y compris la gestion des adresses m\u00e9l des adh\u00e9rents de la Soci\u00e9t\u00e9 a fait l&#8217;objet d&#8217;une d\u00e9claration \u00e0 la CNIL le 13 septembre 2000, enregistr\u00e9e sous le num\u00e9ro 718830 et d&#8217;une r\u00e9vision de d\u00e9claration le 23 mars 2001.<\/p>\n<p>Tout utilisateur est invit\u00e9 \u00e0 lire attentivement la <a href=\"https:\/\/www.neurosciences.asso.fr\/en\/politique-confidentialite\/\">politique de confidentialit\u00e9<\/a> du site relative aux donn\u00e9es \u00e0 caract\u00e8re personnel des utilisateurs collect\u00e9es pour les besoins des services. Conform\u00e9ment \u00e0 la Loi Informatique et Libert\u00e9s du 6 janvier 1978 modifi\u00e9e par la loi du 6 ao\u00fbt 2004 et au\u00a0r\u00e8glement Europ\u00e9en 2016\/679 du 27 avril 2016, dit &#8220;RGPD\u200b&#8221;, les utilisateurs disposent d&#8217;un droit d&#8217;acc\u00e8s, de rectification, d&#8217;effacement, et \u00e0 la portabilit\u00e9 des donn\u00e9es les concernant et peuvent \u00e9galement, pour des motifs l\u00e9gitimes, s&#8217;opposer au traitement et, dans les cas pr\u00e9vus par la loi, demander la limitation du traitement de ces donn\u00e9es.<\/p>\n<p>Ces droits peuvent \u00eatre exerc\u00e9s\u00a0par voie postale, en justifiant de son identit\u00e9, \u00e0 l&#8217;adresse suivante :<br \/>\nSoci\u00e9t\u00e9 des Neurosciences<br \/>\nUniversit\u00e9 de Bordeaux<br \/>\n146 Rue L\u00e9o-Saignat<br \/>\n33077 Bordeaux Cedex<\/p>\n<h1>XVI. Modifications<\/h1>\n<p>La Soci\u00e9t\u00e9 se r\u00e9serve le droit de modifier\u00a0\u00e0 tout moment les pr\u00e9sentes conditions g\u00e9n\u00e9rales.<\/p>\n<h1>XVII. Loi applicable et juridiction<\/h1>\n<p>Les pr\u00e9sentes conditions g\u00e9n\u00e9rales sont r\u00e9gies par la loi fran\u00e7aise.<\/p>\n<p>En cas de contestation sur la validit\u00e9, l&#8217;interpr\u00e9tation et\/ou l&#8217;ex\u00e9cution des pr\u00e9sentes conditions g\u00e9n\u00e9rales, les parties conviennent que les tribunaux fran\u00e7ais seront exclusivement comp\u00e9tents pour en juger, sauf r\u00e8gles de proc\u00e9dure imp\u00e9ratives contraires.<\/p>\n<h1>XVIII. Entr\u00e9e en vigueur<\/h1>\n<p>Les pr\u00e9sentes conditions g\u00e9n\u00e9rales sont entr\u00e9es en vigueur le 23 mai 2018.[\/vc_column_text][\/vc_column][\/vc_row]\n<\/div>","protected":false},"excerpt":{"rendered":"<p>[vc_row][vc_column][vc_column_text css=&#8221;&#8221;] I. Objet Les pr\u00e9sentes conditions g\u00e9n\u00e9rales ont pour objet de r\u00e9gir les conditions et modalit\u00e9s d&#8217;utilisation du site internet\u00a0www.neurosciences.asso.fr (ci-apr\u00e8s d\u00e9nomm\u00e9 le &#8220;site&#8221;), ainsi que de d\u00e9finir les droits et obligations des parties mises en relation sur celui-ci ou utilisant les services qui y sont propos\u00e9s (ci-apr\u00e8s d\u00e9nomm\u00e9s les &#8220;services\u200b&#8221;). Les pr\u00e9sentes conditions [&hellip;]<\/p>\n","protected":false},"author":4,"featured_media":0,"parent":0,"menu_order":0,"comment_status":"closed","ping_status":"closed","template":"","meta":{"footnotes":""},"class_list":["post-9638","page","type-page","status-publish","hentry"],"publishpress_future_action":{"enabled":false,"date":"2026-04-22 04:00:51","action":"change-status","newStatus":"draft","terms":[],"taxonomy":"translation_priority"},"publishpress_future_workflow_manual_trigger":{"enabledWorkflows":[]},"_links":{"self":[{"href":"https:\/\/www.neurosciences.asso.fr\/en\/wp-json\/wp\/v2\/pages\/9638","targetHints":{"allow":["GET"]}}],"collection":[{"href":"https:\/\/www.neurosciences.asso.fr\/en\/wp-json\/wp\/v2\/pages"}],"about":[{"href":"https:\/\/www.neurosciences.asso.fr\/en\/wp-json\/wp\/v2\/types\/page"}],"author":[{"embeddable":true,"href":"https:\/\/www.neurosciences.asso.fr\/en\/wp-json\/wp\/v2\/users\/4"}],"replies":[{"embeddable":true,"href":"https:\/\/www.neurosciences.asso.fr\/en\/wp-json\/wp\/v2\/comments?post=9638"}],"version-history":[{"count":6,"href":"https:\/\/www.neurosciences.asso.fr\/en\/wp-json\/wp\/v2\/pages\/9638\/revisions"}],"predecessor-version":[{"id":28912,"href":"https:\/\/www.neurosciences.asso.fr\/en\/wp-json\/wp\/v2\/pages\/9638\/revisions\/28912"}],"wp:attachment":[{"href":"https:\/\/www.neurosciences.asso.fr\/en\/wp-json\/wp\/v2\/media?parent=9638"}],"curies":[{"name":"wp","href":"https:\/\/api.w.org\/{rel}","templated":true}]}}