{"id":9497,"date":"2018-05-07T14:47:32","date_gmt":"2018-05-07T12:47:32","guid":{"rendered":"https:\/\/www.neurosciences.asso.fr\/politique-confidentialite\/"},"modified":"2023-09-04T11:28:56","modified_gmt":"2023-09-04T09:28:56","slug":"politique-confidentialite","status":"publish","type":"page","link":"https:\/\/www.neurosciences.asso.fr\/en\/politique-confidentialite\/","title":{"rendered":"Politique de confidentialit\u00e9"},"content":{"rendered":"<div class=\"wpb-content-wrapper\">[vc_row][vc_column][vc_column_text]\n<p>Texte r\u00e9vis\u00e9 le : 30 septembre 2021<\/p>\n<h1>I. Introduction<\/h1>\n<p>La Soci\u00e9t\u00e9 des Neurosciences (ci-apr\u00e8s d\u00e9nomm\u00e9e &#8220;la Soci\u00e9t\u00e9&#8221;) est une association scientifique \u00e0 but non lucratif, r\u00e9gie par la loi de 1901. Elle est amen\u00e9e \u00e0 collecter, traiter et stocker des donn\u00e9es personnelles dans le cadre de la gestion des adh\u00e9sions, des \u00e9lections, de la communication avec ses adh\u00e9rent\u00b7e\u00b7s, de candidatures \u00e0 des soutiens qu&#8217;elle offre et des inscriptions \u00e0 des colloques qu&#8217;elle organise.<\/p>\n<p>Par ailleurs, la Soci\u00e9t\u00e9 utilise des cookies, n\u00e9cessaires au bon fonctionnement de ses services, notamment de l&#8217;espace adh\u00e9rent.<\/p>\n<p>Le traitement automatis\u00e9 d&#8217;informations, y compris la gestion des adresses m\u00e9l des adh\u00e9rent\u00b7e\u00b7s de la Soci\u00e9t\u00e9 a fait l&#8217;objet d&#8217;une d\u00e9claration \u00e0 la CNIL le 13 septembre 2000, enregistr\u00e9e sous le num\u00e9ro 718830 et d&#8217;une r\u00e9vision de d\u00e9claration le 23 mars 2001.<\/p>\n<p>Vous trouverez ci-apr\u00e8s les \u00e9l\u00e9ments de description de notre\u00a0politique de protection des donn\u00e9es, pr\u00e9cis\u00e9s dans le cadre de la mise en conformit\u00e9 avec le\u00a0<a href=\"https:\/\/www.cnil.fr\/fr\/les-droits-pour-maitriser-vos-donnees-personnelles\" target=\"_blank\" rel=\"noopener noreferrer\">R\u00e8glement G\u00e9n\u00e9ral sur la Protection des Donn\u00e9es personnelles (RGPD)<\/a>.<\/p>\n<h1>II. Donn\u00e9es collect\u00e9es<\/h1>\n<p>La Soci\u00e9t\u00e9 ne collecte que les donn\u00e9es n\u00e9cessaires au bon fonctionnement de l&#8217;association.<\/p>\n<p><strong>Les donn\u00e9es que vous transmettez directement :<\/strong><\/p>\n<ol>\n<li><strong><em>Lors de l&#8217;adh\u00e9sion \u00e0 la Soci\u00e9t\u00e9<\/em><\/strong>, il vous est demand\u00e9 de transmettre des donn\u00e9es concernant votre \u00e9tat civil, votre profil scientifique, vos coordonn\u00e9es t\u00e9l\u00e9matiques et, selon le mode de r\u00e8glement, vos coordonn\u00e9es bancaires.<br \/>\nPlus particuli\u00e8rement,<br \/>\n<strong>Etat civil<\/strong> : genre, pr\u00e9nom, nom, adresse postale professionnelle, date de naissance.<br \/>\n<strong>Donn\u00e9es t\u00e9l\u00e9matiques<\/strong>\u00a0: t\u00e9l\u00e9phone, t\u00e9l\u00e9copie, m\u00e9l.<br \/>\n<strong>Profil scientifique<\/strong>\u00a0: statut professionnel, groupes de disciplines, mots cl\u00e9s.<br \/>\nCes donn\u00e9es, trait\u00e9es par la Soci\u00e9t\u00e9, servent \u00e0 la gestion des adh\u00e9sions et lui permettent de vous communiquer toute information relative \u00e0 ses activit\u00e9s. Elles servent \u00e9galement lors des \u00e9lections ainsi que lorsque vous vous inscrivez \u00e0 un des colloques de la Soci\u00e9t\u00e9.<br \/>\n<strong>Donn\u00e9es comptables :<\/strong>\u00a0type de r\u00e8glement, date de r\u00e8glement, montant, r\u00e9f\u00e9rence du r\u00e8glement.<strong><br \/>\n<\/strong>La Soci\u00e9t\u00e9 a tout mis en oeuvre pour g\u00e9rer vos informations de mani\u00e8re s\u00e9curis\u00e9e.<br \/>\n&#8211; <strong>Mandat de pr\u00e9l\u00e8vement automatique<\/strong> : la Soci\u00e9t\u00e9 utilise le syst\u00e8me SEPA et vos donn\u00e9es sont stock\u00e9es dans la base de donn\u00e9es la Soci\u00e9t\u00e9 de mani\u00e8re s\u00e9curis\u00e9e.<br \/>\nDonn\u00e9es stock\u00e9es : date de signature du mandat, num\u00e9ro RUM, date de derni\u00e8re modification, titulaire du compte, IBAN, BIC.<br \/>\n&#8211;\u00a0<strong>Paiement par carte bancaire :<\/strong> les paiements par carte bancaire sont trait\u00e9s via un syst\u00e8me s\u00e9curis\u00e9 des plus fiables. Toutes les informations personnelles transmises par le membre sont prot\u00e9g\u00e9es et crypt\u00e9es avant transmission au centre de traitement. \u00c0 aucun moment la Soci\u00e9t\u00e9 ne prend connaissance des donn\u00e9es de la carte bancaire de l&#8217;adh\u00e9rent\u00b7e.<br \/>\nL&#8217;adh\u00e9rent\u00b7e indiquera les informations bancaires suivantes sur la page de serveur s\u00e9curis\u00e9 : le type de carte, le num\u00e9ro de la carte, la date d&#8217;expiration et le cryptogramme (3 derniers chiffres du num\u00e9ro figurant au verso de la carte).<\/li>\n<li><strong><em>Lors d&#8217;une insertion de th\u00e8se<\/em><\/strong>, les informations suivantes seront demand\u00e9es :<br \/>\n<strong>Donn\u00e9es de la personne ins\u00e9rant la th\u00e8se\u00a0<\/strong>: pr\u00e9nom, nom, m\u00e9l, nom de l&#8217;universit\u00e9 de soutenance, \u00e9cole doctorale, date de soutenance, num\u00e9ro de th\u00e8se.<br \/>\n<strong>Personne \u00e0 contacter<\/strong> :\u00a0pr\u00e9nom, nom, m\u00e9l.<br \/>\n<strong>R\u00e9f\u00e9rences de publications.<br \/>\n<\/strong>Ces donn\u00e9es seront rendues publiques dans la rubrique d\u00e9di\u00e9e aux th\u00e8ses sur le site internet <a href=\"https:\/\/www.neurosciences.asso.fr\/en\/\">www.neurosciences.asso.fr<\/a>.<\/li>\n<li><strong><em>Lors de la soumission d&#8217;une annonce de stage ou d&#8217;emploi<\/em><\/strong>, les informations suivantes seront demand\u00e9es :<br \/>\n<strong>Coordonn\u00e9es de la personne ayant soumis l&#8217;annonce<\/strong> : pr\u00e9nom, nom, fonction, adresse postale professionnelle, t\u00e9l\u00e9phone, t\u00e9l\u00e9copie, m\u00e9l.<br \/>\nCes donn\u00e9es seront rendues publiques dans la rubrique d\u00e9di\u00e9e aux offres de stage et d&#8217;emploi sur le site internet <a href=\"https:\/\/www.neurosciences.asso.fr\/en\/\">www.neurosciences.asso.fr<\/a>.<\/li>\n<li><strong><em>Lors des \u00e9lections<\/em><\/strong>, pour les candidat\u00b7e\u00b7s, pr\u00e9nom, nom, affiliation et court CV. Ces donn\u00e9es ne seront consultables que par les membres de la Soci\u00e9t\u00e9.<\/li>\n<\/ol>\n<p>En acceptant la politique de confidentialit\u00e9, vous acceptez les conditions stipul\u00e9es dans les paragraphes pr\u00e9c\u00e9dents (1., 2., 3. et 4.).<\/p>\n<p><strong>Les donn\u00e9es que la Soci\u00e9t\u00e9 recueille automatiquement :<\/strong><\/p>\n<p>Lors de chacune de vos visites, la Soci\u00e9t\u00e9 est susceptible de recueillir, conform\u00e9ment \u00e0 la l\u00e9gislation applicable et avec votre accord le cas \u00e9ch\u00e9ant, des donn\u00e9es n\u00e9cessaires \u00e0 la bonne ex\u00e9cution de ses services, notamment de l&#8217;espace adh\u00e9rent. Il s&#8217;agit d&#8217;informations relatives au type d&#8217;appareil (ordinateur, tablette, smartphone) sur lequel vous utilisez nos services ou aux r\u00e9seaux depuis lesquels vous acc\u00e9dez \u00e0 nos services, tels que notamment vos adresses IP, types et versions de navigateurs internet utilis\u00e9s, types et versions des plugins de votre navigateur, syst\u00e8mes et plateformes d&#8217;exploitation. Parmi les technologies utilis\u00e9es pour recueillir ces informations, la Soci\u00e9t\u00e9 a notamment recours aux cookies (voir \u00e9galement l&#8217;article <span style=\"color: #000000;\">VI)<\/span>.<\/p>\n<h1>III. Utilisation et protection de vos donn\u00e9es personnelles<\/h1>\n<p><strong>Utilisation<\/strong><\/p>\n<p>La Soci\u00e9t\u00e9 met en \u0153uvre des traitements de donn\u00e9es \u00e0 caract\u00e8re personnel afin de lui permettre d&#8217;assurer la gestion, la facturation et le suivi des adh\u00e9sions. Ces donn\u00e9es sont n\u00e9cessaires \u00e0 la bonne ex\u00e9cution de ses services.<br \/>\nLa Soci\u00e9t\u00e9 peut \u00e9galement utiliser ces donn\u00e9es pour vous adresser des m\u00e9ls d&#8217;information concernant ses activit\u00e9s et ses colloques.<\/p>\n<p>La Soci\u00e9t\u00e9 collecte et traite vos donn\u00e9es \u00e0 caract\u00e8re personnel afin de r\u00e9pondre \u00e0 une ou plusieurs finalit\u00e9s suivantes :<\/p>\n<ul>\n<li>G\u00e9rer votre acc\u00e8s \u00e0 certains services accessibles sur son site internet ;<\/li>\n<li>Effectuer les op\u00e9rations relatives \u00e0 la gestion des adh\u00e9sions ;<\/li>\n<li>Effectuer les op\u00e9rations relatives \u00e0 la gestion des inscriptions \u00e0 des colloques th\u00e9matiques ;<\/li>\n<li>Vous permettre de v\u00e9rifier, compl\u00e9ter ou rectifier les informations incluses dans l&#8217;espace adh\u00e9rent de notre site ;<\/li>\n<li>Vous permettre de communiquer et d\u2019\u00e9changer entre adh\u00e9rent\u00b7e\u00b7s ;<\/li>\n<li>Effectuer la gestion des dossiers de candidature dans le cadre d&#8217;appels \u00e0 candidatures ;<\/li>\n<li>\u00c9laborer des statistiques de fr\u00e9quentation de ses services ;<\/li>\n<li>Respecter les obligations l\u00e9gales et r\u00e9glementaires ; s&#8217;assurer du respect des conditions g\u00e9n\u00e9rales et de la pr\u00e9sente politique de confidentialit\u00e9.<\/li>\n<\/ul>\n<p>Lors de la collecte de vos donn\u00e9es personnelles, vous \u00eates inform\u00e9\u00b7e\u00b7s si certaines donn\u00e9es doivent \u00eatre obligatoirement renseign\u00e9es ou si elles sont facultatives.<\/p>\n<p><strong>Protection<\/strong><\/p>\n<p>La Soci\u00e9t\u00e9 est tr\u00e8s vigilante sur la s\u00e9curit\u00e9 informatique. L&#8217;ensemble de vos donn\u00e9es personnelles est accessible uniquement \u00e0 notre secr\u00e9tariat et \u00e0 vous-m\u00eame lorsque vous vous connectez \u00e0 l&#8217;espace adh\u00e9rent avec identifiant et mot de passe. Votre mot de passe est stock\u00e9 sur notre serveur de mani\u00e8re crypt\u00e9e ind\u00e9chiffrable. En cas de perte de votre mot de passe, vous devrez en cr\u00e9er un nouveau.<\/p>\n<p>Une partie de vos donn\u00e9es peut \u00eatre transmise, sous conditions, \u00e0 des tiers pour des objectifs scientifiques ou pour la gestion comptable (voir l&#8217;article IV. Transmission des donn\u00e9es personnelles \u00e0 des tiers).<\/p>\n<p>&nbsp;<\/p>\n<h1>IV. Transmission des donn\u00e9es personnelles \u00e0 des tiers<\/h1>\n<ol>\n<li>La Soci\u00e9t\u00e9 est membre de la FENS (Federation of European Neuroscience Societies). En devenant membre de la Soci\u00e9t\u00e9 des Neurosciences, vous devenez automatiquement membre de droit de la FENS. A ce titre, la Soci\u00e9t\u00e9 communique \u00e0 la FENS vos donn\u00e9es personnelles civiles et votre num\u00e9ro adh\u00e9rent mais aucune donn\u00e9e comptable.<\/li>\n<li>En cas de coop\u00e9ration avec une autre soci\u00e9t\u00e9 scientifique pour un objectif scientifique (un colloque par exemple), la Soci\u00e9t\u00e9 sera amen\u00e9e \u00e0 transmettre vos donn\u00e9es personnelles dans les m\u00eames conditions que lors de la transmission \u00e0 la FENS.<\/li>\n<li>Si la Soci\u00e9t\u00e9 devait communiquer vos donn\u00e9es \u00e0 des soci\u00e9t\u00e9s commerciales pour des raisons qui sont d&#8217;int\u00e9r\u00eat scientifique (par exemple une soci\u00e9t\u00e9 de services externe dans le cadre d&#8217;une inscription \u00e0 un colloque), elle ne le fera qu\u2019apr\u00e8s un accord explicite de votre part (sur le formulaire d&#8217;inscription).<\/li>\n<li>Les donn\u00e9es comptables (pour la facturation, un ordre de pr\u00e9l\u00e8vement automatique, etc.) sont transmises aux organismes de paiement (universit\u00e9s, instituts de recherche, etc.) et \u00e0 la banque de la Soci\u00e9t\u00e9 (Le Cr\u00e9dit Lyonnais) dans le cadre de la gestion d&#8217;adh\u00e9sions et d&#8217;inscriptions aux colloques organis\u00e9s par la Soci\u00e9t\u00e9. Pour les paiements par carte bancaire, la Soci\u00e9t\u00e9 utilise le syst\u00e8me de paiement s\u00e9curis\u00e9 du Cr\u00e9dit Lyonnais. En aucun cas, la Soci\u00e9t\u00e9 n&#8217;a connaissance, ni ne stocke, vos donn\u00e9es de carte bancaire.<\/li>\n<\/ol>\n<h1>V. Messagerie, m\u00e9l et annuaire<\/h1>\n<p><strong>Service d&#8217;annuaire<\/strong><\/p>\n<p>La Soci\u00e9t\u00e9 met \u00e0 la disposition de la communaut\u00e9 scientifique un annuaire de ses adh\u00e9rent\u00b7e\u00b7s comportant leurs nom, pr\u00e9nom, adresse postale, m\u00e9l, num\u00e9ro de t\u00e9l\u00e9phone et de t\u00e9l\u00e9copie, ainsi que leur domaine d&#8217;int\u00e9r\u00eat scientifique. Cet annuaire est public mais prot\u00e9g\u00e9, afin d&#8217;interdire un usage abusif par acc\u00e8s automatis\u00e9.<\/p>\n<p><strong>Messagerie, m\u00e9l<\/strong><\/p>\n<p>L&#8217;adresse m\u00e9l que vous communiquez \u00e0 la Soci\u00e9t\u00e9 sert \u00e0 la gestion de votre adh\u00e9sion, lors des \u00e9lections mais \u00e9galement pour vous communiquer des informations sur les activit\u00e9s de la Soci\u00e9t\u00e9.<\/p>\n<p>Quand la Soci\u00e9t\u00e9 envoie des m\u00e9ls \u00e0 ses adh\u00e9rent\u00b7e\u00b7s, elle s&#8217;efforce de concilier l&#8217;int\u00e9r\u00eat de diffuser des informations relatives \u00e0 ses activit\u00e9s et ses colloques, et la n\u00e9cessit\u00e9 de limiter le nombre des messages envoy\u00e9s. L&#8217;adh\u00e9rent\u00b7e\u00b7 peut, \u00e0 tout moment, modifier son niveau d&#8217;abonnement au service de messagerie automatis\u00e9e via son <a href=\"https:\/\/www.neurosciences.asso.fr\/en\/mespages\/members-area-2\/\" target=\"_blank\" rel=\"noopener noreferrer\">espace membre<\/a>.<\/p>\n<p>Niveaux d&#8217;abonnement :<\/p>\n<ul>\n<li>Niveau 0 &#8211; Usage privatif : votre adresse \u00e9lectronique ne sera communiqu\u00e9e \u00e0 personne, et sera utilis\u00e9e par la Soci\u00e9t\u00e9 exclusivement pour ses communications personnelles avec vous.<\/li>\n<li>Niveau 1 &#8211; Usage restreint : votre adresse sera publi\u00e9e dans l&#8217;annuaire \u00e9lectronique comme vos autres coordonn\u00e9es, mais la Soci\u00e9t\u00e9 ne l&#8217;utilisera que pour ses communications personnelles avec vous.<\/li>\n<li>Niveau 2 &#8211; Usage occasionnel : la Soci\u00e9t\u00e9 pourra vous adresser occasionnellement des messages en nombre, \u00e0 l&#8217;exclusion des annonces faisant l&#8217;objet de sa messagerie automatis\u00e9e.<\/li>\n<li>Niveau 3 &#8211; Tout usage : c&#8217;est l&#8217;option recommand\u00e9e. Elle vous permet de b\u00e9n\u00e9ficier d&#8217;informations (une fois par semaine au maximum) concernant les activit\u00e9s de la Soci\u00e9t\u00e9 et les annonces publi\u00e9es sur notre site web.<\/li>\n<\/ul>\n<p>Les m\u00e9ls envoy\u00e9s sont soit transactionnels (appel \u00e0 cotisation, convocation \u00e0 l&#8217;Assembl\u00e9e g\u00e9n\u00e9rale par exemple), soit non transactionnels (informations sur les activit\u00e9s). Dans le cas des m\u00e9ls non transactionnels, l&#8217;adh\u00e9rent\u00b7e peut choisir de se d\u00e9sabonner des m\u00e9ls en nombre en cliquant sur &#8220;se d\u00e9sabonner&#8221; en bas du message. Son niveau d&#8217;abonnement passera alors \u00e0 restreint.<\/p>\n<p>&nbsp;<\/p>\n<h1>VI. Utilisation de cookies<\/h1>\n<p>La Soci\u00e9t\u00e9 utilise un certain nombre de cookies sur son site internet, n\u00e9cessaires au bon fonctionnement de ses services, notamment de l&#8217;espace adh\u00e9rent.<\/p>\n<p>&nbsp;<\/p>\n<h1>VII. R\u00e9seaux sociaux<\/h1>\n<p>Vous avez la possibilit\u00e9 de cliquer sur les ic\u00f4nes d\u00e9di\u00e9es aux r\u00e9seaux sociaux Twitter, Facebook et Linkedin figurant sur le site internet de la Soci\u00e9t\u00e9.\u00a0Les r\u00e9seaux sociaux permettent d&#8217;am\u00e9liorer la convivialit\u00e9 du site de la Soci\u00e9t\u00e9 et aident \u00e0 sa promotion via les partages.<br \/>\nLorsque vous cliquez sur ces boutons, la Soci\u00e9t\u00e9 peut avoir acc\u00e8s aux informations personnelles que vous avez indiqu\u00e9es comme publiques et accessibles depuis ses profils Twitter, Facebook et Linkedin. Cependant, la Soci\u00e9t\u00e9 n&#8217;enregistre, ni ne traite, aucune donn\u00e9e relevant de votre vie priv\u00e9e par ce biais.<br \/>\nSi vous ne souhaitez pas que la Soci\u00e9t\u00e9 ait acc\u00e8s aux informations personnelles publi\u00e9es sur l&#8217;espace public de ses profils ou de ses comptes sociaux, vous devez utiliser les moyens mis \u00e0 votre disposition par Twitter, Facebook et Linkedin afin de limiter l&#8217;acc\u00e8s \u00e0 vos donn\u00e9es.<\/p>\n<h1>VIII. Dur\u00e9e de conservation de vos donn\u00e9es<\/h1>\n<p>En ce qui concerne votre adh\u00e9sion, vos donn\u00e9es personnelles ne seront pas conserv\u00e9es au-del\u00e0 de la dur\u00e9e strictement n\u00e9cessaire \u00e0 la gestion de votre adh\u00e9sion. Toutefois, les donn\u00e9es permettant d&#8217;\u00e9tablir la preuve d&#8217;un droit ou d&#8217;un contrat, devant \u00eatre conserv\u00e9es au titre du respect d&#8217;une obligation l\u00e9gale, le seront pendant la dur\u00e9e pr\u00e9vue par la loi en vigueur.<br \/>\nLes donn\u00e9es financi\u00e8res (concernant par exemple les pr\u00e9l\u00e8vements automatiques, etc.)\u00a0sont conserv\u00e9es pour la dur\u00e9e requise par les lois applicables en mati\u00e8re fiscale et comptable.<\/p>\n<h1>IX. Droits sur vos donn\u00e9es personnelles<\/h1>\n<p>Vous disposez de diff\u00e9rents droits relatifs \u00e0 vos donn\u00e9es personnelles :<\/p>\n<ul>\n<li><strong>Droit \u00e0 la limitation du traitement<\/strong> : vous pouvez demander \u00e0 ce que le traitement de vos donn\u00e9es \u00e0 caract\u00e8re personnel soit limit\u00e9, seulement dans les cas pr\u00e9vus par la loi.<\/li>\n<li><strong>Droit d&#8217;acc\u00e8s<\/strong> : vous pouvez consulter, \u00e0 tout moment, dans votre espace personnel sur le site de la Soci\u00e9t\u00e9, les donn\u00e9es personnelles dont la Soci\u00e9t\u00e9 dispose.<\/li>\n<li><strong>Droit \u00e0 la rectification<\/strong> : vous pouvez v\u00e9rifier et rectifier \u00e0 tout moment, dans votre espace personnel sur le site de la Soci\u00e9t\u00e9, les donn\u00e9es personnelles dont la Soci\u00e9t\u00e9 dispose.<\/li>\n<li><strong>Droit \u00e0 l&#8217;effacement<\/strong> : en cas de d\u00e9mission ou de d\u00e9c\u00e8s, la Soci\u00e9t\u00e9 efface vos donn\u00e9es de ses serveurs et ne conserve que les donn\u00e9es faisant l&#8217;objet de dispositions l\u00e9gales ou fiscales, pendant la dur\u00e9e l\u00e9gale pr\u00e9vue par ces dispositions.<\/li>\n<li><strong>Droit \u00e0 la portabilit\u00e9<\/strong> : vous pouvez r\u00e9cup\u00e9rer les donn\u00e9es personnelles transmises \u00e0 la Soci\u00e9t\u00e9 dans un format ouvert et lisible par machine afin de les stocker pour votre usage personnel.<\/li>\n<li>Enfin, toute personne peut d\u00e9finir des directives relatives \u00e0 la conservation, \u00e0 l&#8217;effacement et \u00e0 la communication de ses donn\u00e9es \u00e0 caract\u00e8re personnel apr\u00e8s son d\u00e9c\u00e8s. <a href=\"https:\/\/www.cnil.fr\/fr\/loi-78-17-du-6-janvier-1978-modifiee#Article40-1\" target=\"_blank\" rel=\"noopener noreferrer\">En savoir plus<\/a><\/li>\n<\/ul>\n<p>Pour toute demande, la Soci\u00e9t\u00e9 s&#8217;efforcera de donner suite \u00e0 votre demande dans un d\u00e9lai raisonnable et, en tout \u00e9tat de cause, dans les d\u00e9lais fix\u00e9s par la loi.<\/p>\n<h1>X. Confidentialit\u00e9 de votre identifiant et de votre mot de passe<\/h1>\n<p>Conform\u00e9ment aux <a href=\"https:\/\/www.neurosciences.asso.fr\/en\/cgu\/\" target=\"_blank\" rel=\"noopener noreferrer\">Conditions G\u00e9n\u00e9rales d&#8217;utilisation<\/a>, vous \u00eates responsable de la confidentialit\u00e9 de votre identifiant et de votre mot de passe pour acc\u00e9der aux services de la Soci\u00e9t\u00e9. Vous vous engagez \u00e0 conserver ce mot de passe secret et \u00e0 ne le communiquer \u00e0 personne. Vous devez imm\u00e9diatement contacter la Soci\u00e9t\u00e9 en cas de vol, de d\u00e9tournement de vos identifiants de connexion ou si vous remarquez que votre compte a \u00e9t\u00e9 utilis\u00e9 \u00e0 votre insu.<\/p>\n<h1>XI. Mesures de s\u00e9curit\u00e9<\/h1>\n<p>La Soci\u00e9t\u00e9 prend toutes pr\u00e9cautions utiles, mesures organisationnelles et techniques appropri\u00e9es pour pr\u00e9server la s\u00e9curit\u00e9, l&#8217;int\u00e9grit\u00e9 et la confidentialit\u00e9 de vos donn\u00e9es personnelles\u00a0et notamment, emp\u00eacher qu&#8217;elles soient d\u00e9form\u00e9es, endommag\u00e9es ou que des tiers non autoris\u00e9s y aient acc\u00e8s.<\/p>\n<h1>XII. Modification de la politique de confidentialit\u00e9<\/h1>\n<p>La Soci\u00e9t\u00e9 se r\u00e9serve le droit de modifier \u00e0 tout moment la pr\u00e9sente politique de confidentialit\u00e9, en totalit\u00e9 ou en partie. Ces modifications entreront en vigueur \u00e0 compter de la publication de la nouvelle politique de confidentialit\u00e9. En tout \u00e9tat de cause, votre utilisation du site et des services suite \u00e0 l&#8217;entr\u00e9e en vigueur de ces modifications vaudra reconnaissance et acceptation de la nouvelle politique de confidentialit\u00e9.<\/p>\n<h1>XIII. Contact<\/h1>\n<p>Pour toute question relative \u00e0 la pr\u00e9sente politique de confidentialit\u00e9 ou \u00e0 vos donn\u00e9es personnelles, veuillez contacter la Soci\u00e9t\u00e9 des Neurosciences,<\/p>\n<ul>\n<li>par m\u00e9l, \u00e0 l&#8217;adresse <a href=\"mailto:info@societe-neurosciences.fr\">info@societe-neurosciences.fr<\/a><\/li>\n<li>ou par courrier, \u00e0 l&#8217;adresse : Soci\u00e9t\u00e9 des Neurosciences, Universit\u00e9 de Bordeaux, 146 Rue L\u00e9o-Saignat, 33077 Bordeaux Cedex.<\/li>\n<\/ul>\n<p>&nbsp;<\/p>\n<p>&nbsp;<\/p>\n[\/vc_column_text][\/vc_column][\/vc_row]\n<\/div>","protected":false},"excerpt":{"rendered":"<p>[vc_row][vc_column][vc_column_text] Texte r\u00e9vis\u00e9 le : 30 septembre 2021 I. Introduction La Soci\u00e9t\u00e9 des Neurosciences (ci-apr\u00e8s d\u00e9nomm\u00e9e &#8220;la Soci\u00e9t\u00e9&#8221;) est une association scientifique \u00e0 but non lucratif, r\u00e9gie par la loi de 1901. Elle est amen\u00e9e \u00e0 collecter, traiter et stocker des donn\u00e9es personnelles dans le cadre de la gestion des adh\u00e9sions, des \u00e9lections, de la [&hellip;]<\/p>\n","protected":false},"author":25,"featured_media":0,"parent":0,"menu_order":0,"comment_status":"closed","ping_status":"closed","template":"","meta":{"footnotes":""},"class_list":["post-9497","page","type-page","status-publish","hentry"],"publishpress_future_action":{"enabled":false,"date":"2026-04-24 10:48:06","action":"change-status","newStatus":"draft","terms":[],"taxonomy":"translation_priority"},"publishpress_future_workflow_manual_trigger":{"enabledWorkflows":[]},"_links":{"self":[{"href":"https:\/\/www.neurosciences.asso.fr\/en\/wp-json\/wp\/v2\/pages\/9497","targetHints":{"allow":["GET"]}}],"collection":[{"href":"https:\/\/www.neurosciences.asso.fr\/en\/wp-json\/wp\/v2\/pages"}],"about":[{"href":"https:\/\/www.neurosciences.asso.fr\/en\/wp-json\/wp\/v2\/types\/page"}],"author":[{"embeddable":true,"href":"https:\/\/www.neurosciences.asso.fr\/en\/wp-json\/wp\/v2\/users\/25"}],"replies":[{"embeddable":true,"href":"https:\/\/www.neurosciences.asso.fr\/en\/wp-json\/wp\/v2\/comments?post=9497"}],"version-history":[{"count":16,"href":"https:\/\/www.neurosciences.asso.fr\/en\/wp-json\/wp\/v2\/pages\/9497\/revisions"}],"predecessor-version":[{"id":20403,"href":"https:\/\/www.neurosciences.asso.fr\/en\/wp-json\/wp\/v2\/pages\/9497\/revisions\/20403"}],"wp:attachment":[{"href":"https:\/\/www.neurosciences.asso.fr\/en\/wp-json\/wp\/v2\/media?parent=9497"}],"curies":[{"name":"wp","href":"https:\/\/api.w.org\/{rel}","templated":true}]}}