{"id":2740,"date":"2015-09-24T10:12:06","date_gmt":"2015-09-24T09:12:06","guid":{"rendered":"http:\/\/www.neurosciences.asso.fr\/en\/scientific-events\/lectures-alfred-fessard\/"},"modified":"2022-04-11T11:55:53","modified_gmt":"2022-04-11T09:55:53","slug":"lectures-alfred-fessard","status":"publish","type":"page","link":"https:\/\/www.neurosciences.asso.fr\/en\/lectures-alfred-fessard\/","title":{"rendered":"Alfred Fessard Lectures"},"content":{"rendered":"<div class=\"wpb-content-wrapper\">[vc_row][vc_column][vc_column_text]\n<ul>\n<li><strong>Philippe Vernier<\/strong> (2021)<br \/>\n<a href=\"https:\/\/www.neurosciences.asso.fr\/wp-content\/uploads\/2022\/04\/Flyer_LECTURE-AF2021.pdf\">Histoire naturelle de la diversit\u00e9 du cerveau des vert\u00e9br\u00e9s : g\u00e8nes \u00e9go\u00efstes et contraintes souveraines<\/a><\/li>\n<li><strong>Colette Dehay <\/strong>(2020)<strong><br \/>\n<\/strong><a href=\"https:\/\/www.neurosciences.asso.fr\/wp-content\/uploads\/2020\/10\/Flyer_LECTURE-AF2020-1.pdf\">Sp\u00e9cificit\u00e9 de la corticogen\u00e8se chez le primate<\/a><strong><br \/>\n<\/strong><\/li>\n<li><strong>Christophe Mulle <\/strong>(2019)<br \/>\n<a href=\"https:\/\/www.neurosciences.asso.fr\/wp-content\/uploads\/2019\/09\/LECTURE-AF2019.pdf\" target=\"_blank\" rel=\"noopener noreferrer\">Plasticit\u00e9 pr\u00e9synaptique dans les circuits de l&#8217;hippocampe<\/a><\/li>\n<li><strong>Charles Duyckaerts <\/strong>(2018)<strong><br \/>\n<\/strong><a href=\"https:\/\/www.neurosciences.asso.fr\/wp-content\/uploads\/2018\/08\/LECTURE-AF2018-1.pdf\">La maladie d&#8217;Alzheimer et ses \u201cpropagons\u201d<\/a><strong><br \/>\n<\/strong><\/li>\n<li><strong>Patrick Charnay <\/strong>(2017)<strong><br \/>\n<\/strong><a href=\"https:\/\/www.neurosciences.asso.fr\/wp-content\/uploads\/2017\/07\/LECTURE-AF2017.pdf\">M\u00e9canismes mol\u00e9culaires de la r\u00e9gionalisation du cerveau post\u00e9rieur des vert\u00e9br\u00e9s<\/a><strong><br \/>\n<\/strong><\/li>\n<li><strong>Genevi\u00e8ve Rougon <\/strong>(2016)<strong><br \/>\n<\/strong><a href=\"https:\/\/www.neurosciences.asso.fr\/wp-content\/uploads\/2016\/10\/LECTURE-AF2016_Web.pdf\" target=\"_blank\" rel=\"noopener noreferrer\">R\u00e9trospective de 40 ann\u00e9es de recherche : d\u00e9veloppement et pathologies du syst\u00e8me nerveux.<\/a><strong><br \/>\n<\/strong><\/li>\n<li><strong>Antoine Triller<\/strong> (2015)<br \/>\n<a href=\"https:\/\/www.neurosciences.asso.fr\/wp-content\/uploads\/2016\/10\/LECTURE-AF2015_Web.pdf\" target=\"_blank\" rel=\"noopener noreferrer\">La synapse dynamique : 1980-2015.<\/a><\/li>\n<li><strong>Patrick Chauvel<\/strong> (2014)<br \/>\n<a href=\"https:\/\/www.neurosciences.asso.fr\/wp-content\/uploads\/2016\/10\/LECTURE-AF2014_Web.pdf\" target=\"_blank\" rel=\"noopener noreferrer\">Emergence de la s\u00e9miologie dans les crises d&#8217;\u00e9pilepsie.<\/a><\/li>\n<li><strong>Patricia Gaspar<\/strong> (2013)<br \/>\n<a href=\"https:\/\/www.neurosciences.asso.fr\/wp-content\/uploads\/2016\/10\/LectureAF2013.pdf\" target=\"_blank\" rel=\"noopener noreferrer\">Les singularit\u00e9s d&#8217;un syst\u00e8me de neurotransmission diffus.<\/a><\/li>\n<li><strong>Alain Prochiantz<\/strong> (2012)<br \/>\n<a href=\"https:\/\/www.neurosciences.asso.fr\/wp-content\/uploads\/2016\/10\/LectureAF2012.pdf\" target=\"_blank\" rel=\"noopener noreferrer\">D\u00e9veloppement du syst\u00e8me nerveux.<\/a><\/li>\n<li><strong>Jo\u00ebl Bockaert<\/strong> (2011)<br \/>\n<a href=\"https:\/\/www.neurosciences.asso.fr\/wp-content\/uploads\/2016\/10\/LectureAF2011_Bockaert.pdf\" target=\"_blank\" rel=\"noopener noreferrer\">Les r\u00e9cepteurs m\u00e9tabotropiques synaptiques : subtils objets de communication et d&#8217;adaptation.<\/a><\/li>\n<li><strong>Bernard Bioulac<\/strong> (2010)<br \/>\n<a href=\"https:\/\/www.neurosciences.asso.fr\/wp-content\/uploads\/2016\/10\/LectureAF2010-Bioulac.pdf\" target=\"_blank\" rel=\"noopener noreferrer\">Les boucles cortico-sous cortico-corticales dans la planification de l&#8217;action. Approche \u00e9lectrophysiologique en situations normale et pathologique.<\/a><\/li>\n<li><strong>Christine Petit<\/strong> (2009)<br \/>\n<a href=\"https:\/\/www.neurosciences.asso.fr\/wp-content\/uploads\/2016\/10\/LectureAF2009_Petit.pdf\" target=\"_blank\" rel=\"noopener noreferrer\">Des g\u00e8nes de la surdit\u00e9 \u00e0 la physiologie auditive.<\/a><\/li>\n<li><strong>Yehezkel Ben-Ari<\/strong> (2008)<br \/>\n<a href=\"https:\/\/www.neurosciences.asso.fr\/wp-content\/uploads\/2016\/10\/LectureAF2008_Ben-Ari.pdf\" target=\"_blank\" rel=\"noopener noreferrer\">G\u00e8nes et environnement.<\/a><\/li>\n<li><strong>Stanislas Dehaene<\/strong> (2007)<br \/>\n<a href=\"https:\/\/www.neurosciences.asso.fr\/wp-content\/uploads\/2016\/10\/LectureAF2007_De-Haene.pdf\" target=\"_blank\" rel=\"noopener noreferrer\">Putting neurons in culture: explorations of the neuronal architecture for reading.<\/a><\/li>\n<li><strong>Philippe Ascher<\/strong> (2006)<br \/>\n<a href=\"https:\/\/www.neurosciences.asso.fr\/wp-content\/uploads\/2016\/10\/LectureAF2006.pdf\" target=\"_blank\" rel=\"noopener noreferrer\">R\u00e9cepteurs, canaux et synapses.<\/a><\/li>\n<li><strong>Michel Le Moal<\/strong> (2005)<br \/>\n<a href=\"https:\/\/www.neurosciences.asso.fr\/wp-content\/uploads\/2016\/10\/LectureAF2005.pdf\" target=\"_blank\" rel=\"noopener noreferrer\">Neuroadaptation et vuln\u00e9rabilit\u00e9.<\/a><\/li>\n<li><strong>Michel Lazdunski<\/strong> (2004)<br \/>\n<a href=\"https:\/\/www.neurosciences.asso.fr\/wp-content\/uploads\/2016\/10\/LectureAF2004.pdf\" target=\"_blank\" rel=\"noopener noreferrer\">Des canaux ioniques, des pathologies, des m\u00e9dicaments.<\/a><\/li>\n<li><strong>Marc Jeannerod<\/strong> (2003)<br \/>\n<a href=\"https:\/\/www.neurosciences.asso.fr\/wp-content\/uploads\/2016\/10\/LecturAF2003.pdf\" target=\"_blank\" rel=\"noopener noreferrer\">Neurosciences cognitives de l&#8217;action.<\/a><\/li>\n<li><strong>Jean-Marie Besson<\/strong> (2002)<br \/>\n<a href=\"https:\/\/www.neurosciences.asso.fr\/wp-content\/uploads\/2016\/10\/Lecture-A.-Fessard-2002_Besson.pdf\" target=\"_blank\" rel=\"noopener noreferrer\">The pharmacology of pain : basic research is flourishing but clinical implications are still limited.<\/a><\/li>\n<li><strong>Nicole Le Douarin<\/strong> (2001)<br \/>\n<a href=\"https:\/\/www.neurosciences.asso.fr\/wp-content\/uploads\/2016\/10\/LectureAF2001.pdf\" target=\"_blank\" rel=\"noopener noreferrer\">Morphogen\u00e8se de l\u2019\u00e9bauche neurale des vert\u00e9br\u00e9s amniotes et interactions cellulaires entre ses diff\u00e9rentes composantes.<\/a><\/li>\n<li><strong>Claude Kordon<\/strong> (2000)<br \/>\n<a href=\"https:\/\/www.neurosciences.asso.fr\/wp-content\/uploads\/2016\/10\/LectureAF2000.pdf\" target=\"_blank\" rel=\"noopener noreferrer\">De la neuros\u00e9cr\u00e9tion au comportement : les m\u00e9tamorphoses de la neuroendocrinologie.<\/a><\/li>\n<li><strong>Robert Naquet<\/strong> (1999)<br \/>\nEpilepsies r\u00e9flexes.<\/li>\n<li><strong>Jean Massion<\/strong> (1998)<br \/>\nPosture et mouvement : apprentissage et adaptation.<\/li>\n<li><strong>Ladislav Tauc<\/strong> (1997)<br \/>\nHistoire d\u2019une synapse. M\u00e9canismes pr\u00e9synaptiques.<\/li>\n<li><strong>Bernard Droz<\/strong> (1996)<br \/>\nStructure dynamique du neurone. Aventure d&#8217;une passion.<\/li>\n<li><strong>Hersch Gerschenfeld<\/strong> (1995)<br \/>\nSynapses in vitro : des ganglions de mollusques aux tranches de cervelet.<\/li>\n<li><strong>Michel Jouvet<\/strong> (1994)<br \/>\n<a href=\"https:\/\/www.neurosciences.asso.fr\/wp-content\/uploads\/2016\/10\/LectureAF1994-1.pdf\" target=\"_blank\" rel=\"noopener noreferrer\">S\u00e9rotonine et sommeil : 35 ans de cohabitation.<\/a><\/li>\n<li><strong>Pierre Buser<\/strong> (1993)<br \/>\n<a href=\"https:\/\/www.neurosciences.asso.fr\/wp-content\/uploads\/2016\/10\/LectureAF1993.pdf\" target=\"_blank\" rel=\"noopener noreferrer\">Neurobiologie de l&#8217;attention : r\u00e9sultats, \u00e9cueils et perspectives des analyses chez l&#8217;animal.<\/a><\/li>\n<li><strong>Andr\u00e9e Tixier-Vidal<\/strong> (1992)<br \/>\nLe neurone s\u00e9cr\u00e9teur : \u00e9volution des concepts, d\u00e9veloppements r\u00e9cents et controverses.<\/li>\n<li><strong>Yves Laporte<\/strong> (1991)<br \/>\nQu&#8217;est-ce que la proprioception musculaire ?<\/li>\n<li><strong>Ren\u00e9 Couteaux<\/strong> (1990)<br \/>\nLes jonctions intercellulaires synaptiques et non synaptiques dans l&#8217;organisation des tissus excitables.<\/li>\n<\/ul>\n<ul><!--\n \t\n\n<li><strong>Genevi\u00e8ve Rougon <\/strong>(2016)<strong>\n<\/strong>R\u00e9trospective de 40 ann\u00e9es de recherche : d\u00e9veloppement et pathologies du syst\u00e8me nerveux.<strong>\n<\/strong><\/li>\n\n\n \t\n\n<li><strong>Antoine Triller<\/strong> (2015)\nLa synapse dynamique : 1980-2015.\n<a href=\"\/?page_id=1589\">Voir la vid\u00e9o<\/a><\/li>\n\n\n \t\n\n<li><strong>Patrick Chauvel<\/strong> (2014)\nEmergence de la s\u00e9miologie dans les crises d'\u00e9pilepsie.<\/li>\n\n\n \t\n\n<li><strong>Patricia Gaspar<\/strong> (2013)\nLes singularit\u00e9s d'un syst\u00e8me de neurotransmission diffus.<\/li>\n\n\n \t\n\n<li><strong>Alain Prochiantz<\/strong> (2012)\nD\u00e9veloppement du syst\u00e8me nerveux.<\/li>\n\n\n \t\n\n<li><strong>Jo\u00ebl Bockaert<\/strong> (2011)\nLes r\u00e9cepteurs m\u00e9tabotropiques synaptiques : subtils objets de communication et d'adaptation.<\/li>\n\n\n \t\n\n<li><strong>Bernard Bioulac<\/strong> (2010)\nLes boucles cortico-sous cortico-corticales dans la planification de l'action. Approche \u00e9lectrophysiologique en situations normale et pathologique.<\/li>\n\n\n \t\n\n<li><strong>Christine Petit<\/strong> (2009)\nDes g\u00e8nes de la surdit\u00e9 \u00e0 la physiologie auditive.<\/li>\n\n\n \t\n\n<li><strong>Yehezkel\u00a0Ben-Ari<\/strong> (2008)\nG\u00e8nes et environnement.<\/li>\n\n\n \t\n\n<li><strong>Stanislas Dehaene<\/strong> (2007)\nPutting neurons in culture: explorations of the neuronal architecture for reading.<\/li>\n\n\n \t\n\n<li><strong>Philippe Ascher<\/strong> (2006)\nR\u00e9cepteurs, canaux et synapses.<\/li>\n\n\n \t\n\n<li><strong>Michel Le Moal<\/strong> (2005)\nNeuroadaptation et vuln\u00e9rabilit\u00e9.<\/li>\n\n\n \t\n\n<li><strong>Michel Lazdunski<\/strong> (2004)\nDes canaux ioniques, des pathologies, des m\u00e9dicaments.<\/li>\n\n\n \t\n\n<li><strong>Marc Jeannerod<\/strong> (2003)\nNeurosciences cognitives de l'action.<\/li>\n\n\n \t\n\n<li><strong>Jean-Marie Besson<\/strong> (2002)\nThe pharmacology of pain : basic research is flourishing but clinical implications are still limited.<\/li>\n\n\n \t\n\n<li><strong>Nicole Le Douarin<\/strong> (2001)\nMorphogen\u00e8se de l\u2019\u00e9bauche neurale des vert\u00e9br\u00e9s amniotes et interactions cellulaires entre ses diff\u00e9rentes composantes.<\/li>\n\n\n \t\n\n<li><strong>Claude Kordon<\/strong> (2000)\nDe la neuros\u00e9cr\u00e9tion au comportement : les m\u00e9tamorphoses de la neuroendocrinologie.<\/li>\n\n\n \t\n\n<li><strong>Robert Naquet<\/strong> (1999)\nEpilepsies r\u00e9flexes.<\/li>\n\n\n \t\n\n<li><strong>Jean Massion<\/strong> (1998)\nPosture et mouvement : apprentissage et adaptation.<\/li>\n\n\n \t\n\n<li><strong>Ladislav Tauc<\/strong> (1997)\nHistoire d\u2019une synapse. M\u00e9canismes pr\u00e9synaptiques.<\/li>\n\n\n \t\n\n<li><strong>Bernard Droz<\/strong> (1996)\nStructure dynamique du neurone. Aventure d'une passion.<\/li>\n\n\n \t\n\n<li><strong>Hersch Gerschenfeld<\/strong> (1995)\nSynapses in vitro : des ganglions de mollusques aux tranches de cervelet.<\/li>\n\n\n \t\n\n<li><strong>Michel Jouvet<\/strong> (1994)\nS\u00e9rotonine et sommeil : 35 ans de cohabitation.<\/li>\n\n\n \t\n\n<li><strong>Pierre Buser<\/strong> (1993)\nNeurobiologie de l'attention : r\u00e9sultats, \u00e9cueils et perspectives des analyses chez l'animal.<\/li>\n\n\n \t\n\n<li><strong>Andr\u00e9e Tixier-Vidal<\/strong> (1992)\nLe neurone s\u00e9cr\u00e9teur : \u00e9volution des concepts, d\u00e9veloppements r\u00e9cents et controverses.<\/li>\n\n\n \t\n\n<li><strong>Yves Laporte<\/strong> (1991)\nQu'est-ce que la proprioception musculaire ?<\/li>\n\n\n--><\/ul>\n[\/vc_column_text][\/vc_column][\/vc_row]\n<\/div>","protected":false},"excerpt":{"rendered":"<p>[vc_row][vc_column][vc_column_text] Philippe Vernier (2021) Histoire naturelle de la diversit\u00e9 du cerveau des vert\u00e9br\u00e9s : g\u00e8nes \u00e9go\u00efstes et contraintes souveraines Colette Dehay (2020) Sp\u00e9cificit\u00e9 de la corticogen\u00e8se chez le primate Christophe Mulle (2019) Plasticit\u00e9 pr\u00e9synaptique dans les circuits de l&#8217;hippocampe Charles Duyckaerts (2018) La maladie d&#8217;Alzheimer et ses \u201cpropagons\u201d Patrick Charnay (2017) M\u00e9canismes mol\u00e9culaires de la [&hellip;]<\/p>\n","protected":false},"author":25,"featured_media":0,"parent":0,"menu_order":0,"comment_status":"closed","ping_status":"closed","template":"","meta":{"footnotes":""},"class_list":["post-2740","page","type-page","status-publish","hentry"],"publishpress_future_action":{"enabled":false,"date":"2026-05-11 11:07:26","action":"change-status","newStatus":"draft","terms":[],"taxonomy":"translation_priority"},"publishpress_future_workflow_manual_trigger":{"enabledWorkflows":[]},"_links":{"self":[{"href":"https:\/\/www.neurosciences.asso.fr\/en\/wp-json\/wp\/v2\/pages\/2740","targetHints":{"allow":["GET"]}}],"collection":[{"href":"https:\/\/www.neurosciences.asso.fr\/en\/wp-json\/wp\/v2\/pages"}],"about":[{"href":"https:\/\/www.neurosciences.asso.fr\/en\/wp-json\/wp\/v2\/types\/page"}],"author":[{"embeddable":true,"href":"https:\/\/www.neurosciences.asso.fr\/en\/wp-json\/wp\/v2\/users\/25"}],"replies":[{"embeddable":true,"href":"https:\/\/www.neurosciences.asso.fr\/en\/wp-json\/wp\/v2\/comments?post=2740"}],"version-history":[{"count":13,"href":"https:\/\/www.neurosciences.asso.fr\/en\/wp-json\/wp\/v2\/pages\/2740\/revisions"}],"predecessor-version":[{"id":16767,"href":"https:\/\/www.neurosciences.asso.fr\/en\/wp-json\/wp\/v2\/pages\/2740\/revisions\/16767"}],"wp:attachment":[{"href":"https:\/\/www.neurosciences.asso.fr\/en\/wp-json\/wp\/v2\/media?parent=2740"}],"curies":[{"name":"wp","href":"https:\/\/api.w.org\/{rel}","templated":true}]}}