{"id":25690,"date":"2025-03-21T10:49:51","date_gmt":"2025-03-21T08:49:51","guid":{"rendered":"https:\/\/www.neurosciences.asso.fr\/conference-angelique-arvanitaki\/"},"modified":"2026-01-12T16:02:11","modified_gmt":"2026-01-12T14:02:11","slug":"conference-angelique-arvanitaki","status":"publish","type":"page","link":"https:\/\/www.neurosciences.asso.fr\/en\/conference-angelique-arvanitaki\/","title":{"rendered":"Angelique Arvanitaki Lecture"},"content":{"rendered":"<div class=\"wpb-content-wrapper\">[vc_row][vc_column][vc_empty_space][vc_column_text css=&#8221;.vc_custom_1742546976334{margin-left: 30px !important;}&#8221;]Wishing to honor women neuroscientists, the Governing Council of the French Neuroscience Society has decided to change the name of the Paul Broca Lecture to the Angelique Arvanitaki Lecture.<\/p>\n<p><a href=\"https:\/\/www.neurosciences.asso.fr\/en\/2024\/12\/nouvelle-conference-angelique-arvanitaki\/\" target=\"_blank\" rel=\"noopener\">More info<\/a>[\/vc_column_text][\/vc_column][\/vc_row][vc_row][vc_column width=&#8221;1\/2&#8243;][vc_cta h2=&#8221;&#8221; style=&#8221;outline&#8221; color=&#8221;grey&#8221; add_icon=&#8221;top&#8221; i_icon_fontawesome=&#8221;fas fa-calendar-alt&#8221; i_color=&#8221;custom&#8221; css=&#8221;.vc_custom_1768226454473{margin-left: 30px !important;}&#8221; i_on_border=&#8221;true&#8221; i_custom_color=&#8221;#FAA316&#8243;]\n<p style=\"text-align: center;\">The 2025 Angelique Arvanitaki Lecture was given<\/p>\n<p style=\"text-align: center;\">by <strong>Martin Giurfa<\/strong> (IBPS, Paris)<\/p>\n<p style=\"text-align: center;\">on the theme:<\/p>\n<p style=\"text-align: center;\"><strong>Cognitive neuroscience in miniature brains &#8211; Dissecting higher-order learning in honey bees<\/strong><\/p>\n<p style=\"text-align: center;\"><strong>Wednesday 14 May 2025 at 8:30am<\/strong><\/p>\n<p style=\"text-align: center;\">at the Corum, Montpellier, during NeuroFrance 2025<\/p>\n<p>&nbsp;<br \/>\n[\/vc_cta][\/vc_column][vc_column width=&#8221;1\/2&#8243;][vc_single_image image=&#8221;25663&#8243; img_size=&#8221;medium&#8221; alignment=&#8221;center&#8221; css=&#8221;.vc_custom_1742546930090{margin-top: 60px !important;}&#8221;][\/vc_column][\/vc_row][vc_row][vc_column][vc_cta h2=&#8221;PORTRAIT OF MARTIN GIURFA, BY AURORE AVARGU\u00c8S-WEBER&#8221; h2_font_container=&#8221;tag:h2|text_align:left|color:%23FAA316&#8243; h2_google_fonts=&#8221;font_family:Open%20Sans%3A300%2C300italic%2Cregular%2Citalic%2C600%2C600italic%2C700%2C700italic%2C800%2C800italic|font_style:400%20regular%3A400%3Anormal&#8221; style=&#8221;outline&#8221; add_icon=&#8221;left&#8221; i_icon_fontawesome=&#8221;fas fa-quote-left&#8221; i_color=&#8221;custom&#8221; css=&#8221;&#8221; use_custom_fonts_h2=&#8221;true&#8221; i_on_border=&#8221;true&#8221; i_custom_color=&#8221;#FAA316&#8243;]Actuel directeur de l\u2019Institut de Biologie Paris-Seine (IBPS), Martin Giurfa est un professeur franco-argentin \u00e0 Sorbonne universit\u00e9, internationalement reconnu pour ses travaux en neuro-\u00e9thologie de l\u2019abeille. Titulaire de la m\u00e9daille d\u2019argent du CNRS, membre s\u00e9nior de l\u2019Institut Universitaire de France et membre de l&#8217;Acad\u00e9mie Allemande de Sciences et de l&#8217;Acad\u00e9mie Royale de Sciences et des Arts de Belgique, pour ne citer que quelques-unes de ses distinctions, il dirige actuellement une \u00e9quipe travaillant \u00e0 comprendre les m\u00e9canismes neurobiologiques de la cognition des abeilles, soutenue par un financement ERC Advanced. En 2023, il est invit\u00e9 par le Dala\u00ef-lama, \u00e0 une conf\u00e9rence sur la conscience des animaux, d\u00e9monstration particuli\u00e8rement remarqu\u00e9e de sa position de leader international en cognition des insectes, issue d\u2019un parcours exemplaire.<\/p>\n<p>Martin a fait ses \u00e9tudes en neurosciences \u00e0 Buenos Aires, en Argentine, \u00e0 la fin des ann\u00e9es 80, alors que le pays est sous le joug d\u2019une dictature militaire. Sa force de caract\u00e8re, qui lui permettra par la suite de construire une carri\u00e8re scientifique exceptionnelle, est d\u00e9j\u00e0 visible dans son choix, particuli\u00e8rement risqu\u00e9, de mener des actions clandestines contre le r\u00e9gime \u00e0 la t\u00eate d\u2019un r\u00e9seau d\u2019\u00e9tudiants. Il obtient, apr\u00e8s la chute du r\u00e9gime, son doctorat en 1990 \u00e0 Buenos Aires, sous la direction de\u00a0Josu\u00e9 N\u00fa\u00f1ez, sur le comportement de butinage des abeilles. La qualit\u00e9 de son travail a alors \u00e9t\u00e9 remarqu\u00e9e par Randolf Menzel, professeur allemand dominant la recherche mondiale en neurobiologie de l\u2019abeille. Martin est ainsi rest\u00e9 une dizaine d\u2019ann\u00e9es \u00e0 Berlin, en tant que postdoc puis professeur associ\u00e9, o\u00f9 il a pu d\u00e9velopper une expertise de pointe et son r\u00e9seau sur la cognition des abeilles dans ce pays, alors leader en neurobiologie de l\u2019insecte. C\u2019est durant ces ann\u00e9es qu\u2019il a l\u2019audace et la cr\u00e9ativit\u00e9 d\u2019introduire une dimension cognitive issue de la psychologie exp\u00e9rimentale dans l\u2019\u00e9tude de l\u2019apprentissage et la reconnaissance des fleurs par les abeilles. Il est ainsi l\u2019un des pionniers \u00e0 l\u2019origine d\u2019une v\u00e9ritable r\u00e9volution scientifique ayant permis d\u2019attribuer des capacit\u00e9s cognitives sophistiqu\u00e9es inattendues pour un cerveau d\u2019insecte, telles que la facult\u00e9 de cat\u00e9gorisation ou d\u2019utilisation de concepts.<\/p>\n<p>Martin est venu s\u2019installer en France, \u00e0 Toulouse, en 2001 o\u00f9 il a cr\u00e9\u00e9 le Centre de Recherche sur la Cognition Animale, qu\u2019il a dirig\u00e9 jusqu\u2019en 2017. Il a contribu\u00e9 \u00e0 en faire un laboratoire-cl\u00e9 en \u00e9thologie et neurosciences cognitives, \u00e0 l\u2019\u00e9chelle nationale et internationale, gr\u00e2ce \u00e0 une grande ambition scientifique et \u00e0 une volont\u00e9 de mener des recherches originales, mais d\u2019une grande rigueur, qu\u2019il a su insuffler au sein du CRCA et qui continuent d\u2019inspirer les recherches actuelles. Au cours de ces ann\u00e9es, il dirige de nombreux travaux sur les fonctions de perception, d\u2019apprentissage et de m\u00e9moire de l\u2019abeille, en \u00e9tablissant des protocoles-cl\u00e9s, utilis\u00e9s par la suite dans de nombreux laboratoires, pour l\u2019\u00e9tude des diff\u00e9rentes formes d\u2019apprentissage et de leurs bases neurobiologiques.<\/p>\n<p>Depuis 2023, Martin a pris la direction du grand Institut Biologie Paris-Seine, d\u00e9montrant de nouveau sa capacit\u00e9 \u00e0 relever les d\u00e9fis et son int\u00e9r\u00eat pour le management de la recherche.<\/p>\n<p>En plus de ses fonctions de direction, Martin a en effet \u00e9t\u00e9 aussi, entre-autres, pr\u00e9sident de la section Comportement, Cerveau, Cognition du CNRS et s\u2019investit fortement dans la transmission du savoir aupr\u00e8s de tous publics ainsi que dans le soutien des jeunes chercheurs et chercheuses. Il a ainsi dirig\u00e9 une trentaine de th\u00e8ses, dont la mienne en 2010, qui a lanc\u00e9 ma carri\u00e8re, non seulement en me proposant une th\u00e9matique sur la cognition visuelle des abeilles qui continue de nourrir mes recherches actuelles, mais aussi en me stimulant par une vivacit\u00e9 d\u2019esprit et une cr\u00e9ativit\u00e9 exceptionnelle particuli\u00e8rement fructueuses car compl\u00e9t\u00e9es par une grande exigence et des connaissances scientifiques extr\u00eamement solides. Dot\u00e9 d\u2019une m\u00e9moire exceptionnelle, que j\u2019avoue lui envier particuli\u00e8rement, Martin semble en effet conna\u00eetre l\u2019ensemble des recherches en cours et pass\u00e9es dans notre discipline, aid\u00e9 par un r\u00e9seau particuli\u00e8rement \u00e9toff\u00e9 qu\u2019il a su construire au fil des ann\u00e9es, \u00e9tablissant sa r\u00e9putation gr\u00e2ce \u00e0 la qualit\u00e9 et l\u2019originalit\u00e9 de ses travaux mais aussi la qualit\u00e9 de ses \u00e9changes et de l\u2019attention dont il fait preuve envers les recherches des coll\u00e8gues.[\/vc_cta][\/vc_column][\/vc_row]\n<\/div>","protected":false},"excerpt":{"rendered":"<p>[vc_row][vc_column][vc_empty_space][vc_column_text css=&#8221;.vc_custom_1742546976334{margin-left: 30px !important;}&#8221;]Wishing to honor women neuroscientists, the Governing Council of the French Neuroscience Society has decided to change the name of the Paul Broca Lecture to the Angelique Arvanitaki Lecture. More info[\/vc_column_text][\/vc_column][\/vc_row][vc_row][vc_column width=&#8221;1\/2&#8243;][vc_cta h2=&#8221;&#8221; style=&#8221;outline&#8221; color=&#8221;grey&#8221; add_icon=&#8221;top&#8221; i_icon_fontawesome=&#8221;fas fa-calendar-alt&#8221; i_color=&#8221;custom&#8221; css=&#8221;.vc_custom_1768226454473{margin-left: 30px !important;}&#8221; i_on_border=&#8221;true&#8221; i_custom_color=&#8221;#FAA316&#8243;] The 2025 Angelique Arvanitaki Lecture was given by [&hellip;]<\/p>\n","protected":false},"author":25,"featured_media":0,"parent":0,"menu_order":0,"comment_status":"closed","ping_status":"closed","template":"","meta":{"footnotes":""},"class_list":["post-25690","page","type-page","status-publish","hentry"],"publishpress_future_action":{"enabled":false,"date":"2026-04-22 05:48:40","action":"change-status","newStatus":"draft","terms":[],"taxonomy":"translation_priority"},"publishpress_future_workflow_manual_trigger":{"enabledWorkflows":[]},"_links":{"self":[{"href":"https:\/\/www.neurosciences.asso.fr\/en\/wp-json\/wp\/v2\/pages\/25690","targetHints":{"allow":["GET"]}}],"collection":[{"href":"https:\/\/www.neurosciences.asso.fr\/en\/wp-json\/wp\/v2\/pages"}],"about":[{"href":"https:\/\/www.neurosciences.asso.fr\/en\/wp-json\/wp\/v2\/types\/page"}],"author":[{"embeddable":true,"href":"https:\/\/www.neurosciences.asso.fr\/en\/wp-json\/wp\/v2\/users\/25"}],"replies":[{"embeddable":true,"href":"https:\/\/www.neurosciences.asso.fr\/en\/wp-json\/wp\/v2\/comments?post=25690"}],"version-history":[{"count":20,"href":"https:\/\/www.neurosciences.asso.fr\/en\/wp-json\/wp\/v2\/pages\/25690\/revisions"}],"predecessor-version":[{"id":28077,"href":"https:\/\/www.neurosciences.asso.fr\/en\/wp-json\/wp\/v2\/pages\/25690\/revisions\/28077"}],"wp:attachment":[{"href":"https:\/\/www.neurosciences.asso.fr\/en\/wp-json\/wp\/v2\/media?parent=25690"}],"curies":[{"name":"wp","href":"https:\/\/api.w.org\/{rel}","templated":true}]}}