{"id":2494,"date":"2015-09-21T21:41:16","date_gmt":"2015-09-21T20:41:16","guid":{"rendered":"http:\/\/www.neurosciences.asso.fr\/en\/?page_id=2494"},"modified":"2020-04-17T17:17:35","modified_gmt":"2020-04-17T15:17:35","slug":"ouractions","status":"publish","type":"page","link":"https:\/\/www.neurosciences.asso.fr\/en\/ouractions\/","title":{"rendered":"What we do"},"content":{"rendered":"<div id=\"ccchildpages-1\" class=\"ccchildpages threecol simple ccclearfix\"><ul class=\"ccchildpages_list ccclearfix\"><li class=\"page_item page-item-2669\"><a href=\"https:\/\/www.neurosciences.asso.fr\/en\/ouractions\/semaine-du-cerveau\/\">Brain Awareness Week<\/a><\/li>\n<li class=\"page_item page-item-10058\"><a href=\"https:\/\/www.neurosciences.asso.fr\/en\/ouractions\/journees-thematiques-2018-appel-doffres\/\">Journ\u00e9es th\u00e9matiques 2020 &#8211; Appel \u00e0 candidatures<\/a><\/li>\n<li class=\"page_item page-item-15008\"><a href=\"https:\/\/www.neurosciences.asso.fr\/en\/ouractions\/partenariats-colloques\/\">Congress partnership<\/a><\/li><\/ul><\/div>\n","protected":false},"excerpt":{"rendered":"Brain Awareness Week Journ\u00e9es th\u00e9matiques 2020 &#8211; Appel \u00e0 candidatures Congress partnership","protected":false},"author":4,"featured_media":0,"parent":0,"menu_order":0,"comment_status":"closed","ping_status":"closed","template":"","meta":{"footnotes":""},"class_list":["post-2494","page","type-page","status-publish","hentry"],"publishpress_future_action":{"enabled":false,"date":"2026-04-23 11:22:44","action":"change-status","newStatus":"draft","terms":[],"taxonomy":"translation_priority"},"publishpress_future_workflow_manual_trigger":{"enabledWorkflows":[]},"_links":{"self":[{"href":"https:\/\/www.neurosciences.asso.fr\/en\/wp-json\/wp\/v2\/pages\/2494","targetHints":{"allow":["GET"]}}],"collection":[{"href":"https:\/\/www.neurosciences.asso.fr\/en\/wp-json\/wp\/v2\/pages"}],"about":[{"href":"https:\/\/www.neurosciences.asso.fr\/en\/wp-json\/wp\/v2\/types\/page"}],"author":[{"embeddable":true,"href":"https:\/\/www.neurosciences.asso.fr\/en\/wp-json\/wp\/v2\/users\/4"}],"replies":[{"embeddable":true,"href":"https:\/\/www.neurosciences.asso.fr\/en\/wp-json\/wp\/v2\/comments?post=2494"}],"version-history":[{"count":5,"href":"https:\/\/www.neurosciences.asso.fr\/en\/wp-json\/wp\/v2\/pages\/2494\/revisions"}],"predecessor-version":[{"id":13305,"href":"https:\/\/www.neurosciences.asso.fr\/en\/wp-json\/wp\/v2\/pages\/2494\/revisions\/13305"}],"wp:attachment":[{"href":"https:\/\/www.neurosciences.asso.fr\/en\/wp-json\/wp\/v2\/media?parent=2494"}],"curies":[{"name":"wp","href":"https:\/\/api.w.org\/{rel}","templated":true}]}}