{"id":23174,"date":"2023-12-14T10:15:33","date_gmt":"2023-12-14T08:15:33","guid":{"rendered":"https:\/\/www.neurosciences.asso.fr\/le-bureau-des-jeunes-chercheur%c2%b7e%c2%b7s\/"},"modified":"2026-03-30T09:40:53","modified_gmt":"2026-03-30T07:40:53","slug":"le-bureau-des-jeunes-chercheur%c2%b7e%c2%b7s","status":"publish","type":"page","link":"https:\/\/www.neurosciences.asso.fr\/en\/le-bureau-des-jeunes-chercheur%c2%b7e%c2%b7s\/","title":{"rendered":"The Young researcher&#8217;s office"},"content":{"rendered":"<div class=\"wpb-content-wrapper\">[vc_row][vc_column][vc_column_text css=&#8221;&#8221;]\n<h2>The Young researcher&#8217;s office<\/h2>\n[\/vc_column_text][\/vc_column][\/vc_row][vc_row][vc_column][vc_column_text css=&#8221;.vc_custom_1749548563373{padding-left: 40px !important;}&#8221;]\n<h2 style=\"text-align: left;\"><span style=\"color: #faa316;\">Missions and actions<\/span><\/h2>\n<p>&nbsp;[\/vc_column_text][vc_column_text css=&#8221;.vc_custom_1749548541216{padding-right: 40px !important;padding-left: 40px !important;}&#8221;]The Society for Neuroscience created the Young Researcher\u2019s Office with the aim of participating in the training of Young Researchers.<\/p>\n<p>&nbsp;<\/p>\n<p><span style=\"color: #faa316;\"><strong>The office\u2019s mission is to guide young neuroscientists in their careers, inform them, and debate societal issues related to research.<\/strong><\/span><\/p>\n<p>&nbsp;<\/p>\n<p>To this end,the Young Researcher\u2019s Office organizes special sessions at the NeuroFrance meeting which address themes put forward the Young Researcher community: how to build a research team, how to pursue a career in academia, research outside the university, the environmental impact of research, diversity and equality, and so on.<\/p>\n<p>Building on the success of these sessions, NeuroMentoring sessions are organized 3-4 times a year. These remote sessions are open to all French Neuroscience Society members, both in France and abroad. These sessions take the form of round-table discussions, with contributions from board members and external speakers.[\/vc_column_text][\/vc_column][\/vc_row][vc_row][vc_column][vc_btn title=&#8221;NeuroMentoring sessions&#8221; style=&#8221;outline-custom&#8221; outline_custom_color=&#8221;#FAA316&#8243; outline_custom_hover_background=&#8221;#FAA316&#8243; outline_custom_hover_text=&#8221;#ffffff&#8221; align=&#8221;center&#8221; i_icon_fontawesome=&#8221;fas fa-desktop&#8221; css=&#8221;&#8221; add_icon=&#8221;true&#8221; link=&#8221;url:https%3A%2F%2Fwww.neurosciences.asso.fr%2Fen%2Fsessions-neuromentoring%2F|target:_blank|&#8221;][\/vc_column][\/vc_row][vc_row][vc_column][vc_empty_space height=&#8221;10&#8243;][vc_column_text css=&#8221;.vc_custom_1749548849083{padding-left: 40px !important;}&#8221;]\n<h2 style=\"text-align: left;\"><span style=\"color: #faa316;\">Members<\/span><\/h2>\n<p>&nbsp;[\/vc_column_text][vc_empty_space height=&#8221;10&#8243;][\/vc_column][\/vc_row][vc_row css=&#8221;.vc_custom_1702544784492{padding-right: 40px !important;padding-left: 40px !important;}&#8221;][vc_column width=&#8221;1\/3&#8243;][vc_cta h2=&#8221;&#8221; txt_align=&#8221;center&#8221; color=&#8221;white&#8221; add_icon=&#8221;bottom&#8221; i_icon_fontawesome=&#8221;fas fa-envelope&#8221; i_color=&#8221;custom&#8221; i_size=&#8221;sm&#8221; css=&#8221;.vc_custom_1770979796660{background-color: #ffffff !important;}&#8221; i_custom_color=&#8221;#FAA316&#8243; i_link=&#8221;url:mailto%3Aagnes.nadjar%40u-bordeaux.fr|&#8221;]\n<h4 style=\"text-align: center;\"><span style=\"color: #faa316;\"><strong><a href=\"https:\/\/www.neurosciences.asso.fr\/wp-content\/uploads\/2025\/09\/Design-sans-titre34-300x300.png\"><img loading=\"lazy\" decoding=\"async\" class=\"alignnone size-medium wp-image-27141\" src=\"https:\/\/www.neurosciences.asso.fr\/wp-content\/uploads\/2025\/09\/Design-sans-titre34-300x300.png\" alt=\"\" width=\"300\" height=\"300\" srcset=\"https:\/\/www.neurosciences.asso.fr\/wp-content\/uploads\/2025\/09\/Design-sans-titre34-300x300.png 300w, https:\/\/www.neurosciences.asso.fr\/wp-content\/uploads\/2025\/09\/Design-sans-titre34-150x150.png 150w, https:\/\/www.neurosciences.asso.fr\/wp-content\/uploads\/2025\/09\/Design-sans-titre34.png 313w\" sizes=\"auto, (max-width: 300px) 100vw, 300px\" \/><\/a><\/strong><\/span><\/h4>\n<p style=\"text-align: center;\"><span style=\"color: #faa316;\"><strong>Agn\u00e8s Nadjar<\/strong><\/span><\/p>\n<p style=\"text-align: center;\"><strong>Coordinatrice<\/strong><\/p>\n<p style=\"text-align: center;\">Institut des Maladies Neurod\u00e9g\u00e9n\u00e9ratives, Bordeaux<\/p>\n[\/vc_cta][\/vc_column][vc_column width=&#8221;1\/3&#8243;][vc_cta h2=&#8221;&#8221; txt_align=&#8221;center&#8221; color=&#8221;white&#8221; add_icon=&#8221;bottom&#8221; i_icon_fontawesome=&#8221;fas fa-envelope&#8221; i_color=&#8221;custom&#8221; i_size=&#8221;sm&#8221; css=&#8221;.vc_custom_1770979813029{background-color: #ffffff !important;}&#8221; i_custom_color=&#8221;#FAA316&#8243; i_link=&#8221;url:mailto%3Aanne.kavounoudias%40univ-amu.fr|&#8221;]\n<h4><\/h4>\n<h4 style=\"text-align: center;\"><span style=\"color: #417173;\"><strong><span style=\"color: #faa316;\"><a href=\"https:\/\/www.neurosciences.asso.fr\/wp-content\/uploads\/2025\/09\/Design-sans-titre35-300x300.png\"><img loading=\"lazy\" decoding=\"async\" class=\"alignnone size-medium wp-image-27137\" src=\"https:\/\/www.neurosciences.asso.fr\/wp-content\/uploads\/2025\/09\/Design-sans-titre35-300x300.png\" alt=\"\" width=\"300\" height=\"300\" srcset=\"https:\/\/www.neurosciences.asso.fr\/wp-content\/uploads\/2025\/09\/Design-sans-titre35-300x300.png 300w, https:\/\/www.neurosciences.asso.fr\/wp-content\/uploads\/2025\/09\/Design-sans-titre35-150x150.png 150w, https:\/\/www.neurosciences.asso.fr\/wp-content\/uploads\/2025\/09\/Design-sans-titre35.png 313w\" sizes=\"auto, (max-width: 300px) 100vw, 300px\" \/><\/a><\/span><\/strong><\/span><\/h4>\n<p style=\"text-align: center;\"><span style=\"color: #417173;\"><strong><span style=\"color: #faa316;\">Anne Kavounoudias<\/span><\/strong><\/span><\/p>\n<p style=\"text-align: center;\"><strong>Coordinatrice<\/strong><\/p>\n<p style=\"text-align: center;\">CRPN, Marseille<\/p>\n[\/vc_cta][\/vc_column][vc_column width=&#8221;1\/3&#8243;][\/vc_column][\/vc_row][vc_row css=&#8221;.vc_custom_1702544784492{padding-right: 40px !important;padding-left: 40px !important;}&#8221;][vc_column width=&#8221;1\/3&#8243;][vc_cta h2=&#8221;&#8221; txt_align=&#8221;center&#8221; color=&#8221;white&#8221; css=&#8221;.vc_custom_1774256221032{background-color: #ffffff !important;}&#8221;]\n<h4 style=\"text-align: center;\"><span style=\"color: #417173;\"><strong><a href=\"https:\/\/www.neurosciences.asso.fr\/wp-content\/uploads\/2023\/12\/Cathaline-Robert-300x300.png\"><img loading=\"lazy\" decoding=\"async\" class=\"alignnone size-medium wp-image-22182\" src=\"https:\/\/www.neurosciences.asso.fr\/wp-content\/uploads\/2023\/12\/Cathaline-Robert-300x300.png\" alt=\"\" width=\"300\" height=\"300\" srcset=\"https:\/\/www.neurosciences.asso.fr\/wp-content\/uploads\/2023\/12\/Cathaline-Robert-300x300.png 300w, https:\/\/www.neurosciences.asso.fr\/wp-content\/uploads\/2023\/12\/Cathaline-Robert-150x150.png 150w, https:\/\/www.neurosciences.asso.fr\/wp-content\/uploads\/2023\/12\/Cathaline-Robert.png 313w\" sizes=\"auto, (max-width: 300px) 100vw, 300px\" \/><\/a><\/strong><\/span><\/h4>\n<p style=\"text-align: center;\"><span style=\"color: #417173;\"><strong><span style=\"color: #faa316;\">Cathaline Karr<\/span><\/strong><\/span><\/p>\n<p style=\"text-align: center;\">IINS, Bordeaux<strong><br \/>\n<\/strong><\/p>\n[\/vc_cta][\/vc_column][vc_column width=&#8221;1\/3&#8243;][vc_cta h2=&#8221;&#8221; txt_align=&#8221;center&#8221; color=&#8221;white&#8221; css=&#8221;.vc_custom_1770979846038{background-color: #ffffff !important;}&#8221;]\n<h4 style=\"text-align: center;\"><span style=\"color: #417173;\"><strong><a href=\"https:\/\/www.neurosciences.asso.fr\/wp-content\/uploads\/2023\/12\/Aline-Haetty-300x300.png\"><img loading=\"lazy\" decoding=\"async\" class=\"alignnone size-medium wp-image-22190\" src=\"https:\/\/www.neurosciences.asso.fr\/wp-content\/uploads\/2023\/12\/Aline-Haetty-300x300.png\" alt=\"\" width=\"300\" height=\"300\" srcset=\"https:\/\/www.neurosciences.asso.fr\/wp-content\/uploads\/2023\/12\/Aline-Haetty-300x300.png 300w, https:\/\/www.neurosciences.asso.fr\/wp-content\/uploads\/2023\/12\/Aline-Haetty-150x150.png 150w, https:\/\/www.neurosciences.asso.fr\/wp-content\/uploads\/2023\/12\/Aline-Haetty.png 313w\" sizes=\"auto, (max-width: 300px) 100vw, 300px\" \/><\/a><\/strong><\/span><\/h4>\n<p style=\"text-align: center;\"><span style=\"color: #417173;\"><strong><span style=\"color: #faa316;\">Aline Haetty<\/span><br \/>\n<\/strong><\/span><\/p>\n<p style=\"text-align: center;\">Institut des Neurosciences de Montpellier<strong><br \/>\n<\/strong>[\/vc_cta][\/vc_column][vc_column width=&#8221;1\/3&#8243;][vc_cta h2=&#8221;&#8221; txt_align=&#8221;center&#8221; color=&#8221;white&#8221; css=&#8221;.vc_custom_1770979869992{background-color: #ffffff !important;}&#8221;]\n<h4 style=\"text-align: center;\"><span style=\"color: #417173;\"><strong><a href=\"https:\/\/www.neurosciences.asso.fr\/wp-content\/uploads\/2023\/12\/Elsa-Karam-300x300.png\"><img loading=\"lazy\" decoding=\"async\" class=\"alignnone size-medium wp-image-22194\" src=\"https:\/\/www.neurosciences.asso.fr\/wp-content\/uploads\/2023\/12\/Elsa-Karam-300x300.png\" alt=\"\" width=\"300\" height=\"300\" srcset=\"https:\/\/www.neurosciences.asso.fr\/wp-content\/uploads\/2023\/12\/Elsa-Karam-300x300.png 300w, https:\/\/www.neurosciences.asso.fr\/wp-content\/uploads\/2023\/12\/Elsa-Karam-150x150.png 150w, https:\/\/www.neurosciences.asso.fr\/wp-content\/uploads\/2023\/12\/Elsa-Karam.png 313w\" sizes=\"auto, (max-width: 300px) 100vw, 300px\" \/><\/a><\/strong><\/span><\/h4>\n<p style=\"text-align: center;\"><span style=\"color: #417173;\"><strong><span style=\"color: #faa316;\">Elsa Karam<\/span><br \/>\n<\/strong><\/span><\/p>\n<p style=\"text-align: center;\">Institut de G\u00e9nomique Fonctionnelle, Montpellier<strong><br \/>\n<\/strong><\/p>\n[\/vc_cta][\/vc_column][\/vc_row][vc_row css=&#8221;.vc_custom_1702544784492{padding-right: 40px !important;padding-left: 40px !important;}&#8221;][vc_column width=&#8221;1\/3&#8243;][vc_cta h2=&#8221;&#8221; txt_align=&#8221;center&#8221; color=&#8221;white&#8221; css=&#8221;.vc_custom_1770979887527{background-color: #ffffff !important;}&#8221;]\n<h4 style=\"text-align: center;\"><span style=\"color: #417173;\"><strong><a href=\"https:\/\/www.neurosciences.asso.fr\/wp-content\/uploads\/2024\/05\/Design-sans-titre-300x300.png\"><img loading=\"lazy\" decoding=\"async\" class=\"alignnone size-medium wp-image-23361\" src=\"https:\/\/www.neurosciences.asso.fr\/wp-content\/uploads\/2024\/05\/Design-sans-titre-300x300.png\" alt=\"\" width=\"300\" height=\"300\" srcset=\"https:\/\/www.neurosciences.asso.fr\/wp-content\/uploads\/2024\/05\/Design-sans-titre-300x300.png 300w, https:\/\/www.neurosciences.asso.fr\/wp-content\/uploads\/2024\/05\/Design-sans-titre-150x150.png 150w, https:\/\/www.neurosciences.asso.fr\/wp-content\/uploads\/2024\/05\/Design-sans-titre.png 313w\" sizes=\"auto, (max-width: 300px) 100vw, 300px\" \/><\/a><\/strong><\/span><\/h4>\n<p style=\"text-align: center;\"><span style=\"color: #417173;\"><strong><span style=\"color: #faa316;\">Juan Manuel Dafauce Garcia<\/span><br \/>\n<\/strong><\/span><\/p>\n<p style=\"text-align: center;\">INCIA, Universit\u00e9 de Bordeaux<strong><br \/>\n<\/strong><\/p>\n[\/vc_cta][\/vc_column][vc_column width=&#8221;1\/3&#8243;][vc_cta h2=&#8221;&#8221; txt_align=&#8221;center&#8221; color=&#8221;white&#8221; css=&#8221;.vc_custom_1770979905495{background-color: #ffffff !important;}&#8221;]\n<h4 style=\"text-align: center;\"><span style=\"color: #417173;\"><strong><a href=\"https:\/\/www.neurosciences.asso.fr\/wp-content\/uploads\/2024\/05\/Design-sans-titre1-300x300.png\"><img loading=\"lazy\" decoding=\"async\" class=\"alignnone size-medium wp-image-23365\" src=\"https:\/\/www.neurosciences.asso.fr\/wp-content\/uploads\/2024\/05\/Design-sans-titre1-300x300.png\" alt=\"\" width=\"300\" height=\"300\" srcset=\"https:\/\/www.neurosciences.asso.fr\/wp-content\/uploads\/2024\/05\/Design-sans-titre1-300x300.png 300w, https:\/\/www.neurosciences.asso.fr\/wp-content\/uploads\/2024\/05\/Design-sans-titre1-150x150.png 150w, https:\/\/www.neurosciences.asso.fr\/wp-content\/uploads\/2024\/05\/Design-sans-titre1.png 313w\" sizes=\"auto, (max-width: 300px) 100vw, 300px\" \/><\/a><\/strong><\/span><\/h4>\n<p style=\"text-align: center;\"><span style=\"color: #417173;\"><strong><span style=\"color: #faa316;\">Amel Bouloufa<\/span><br \/>\n<\/strong><\/span><\/p>\n<p style=\"text-align: center;\">SBRI, Bron<strong><br \/>\n<\/strong><\/p>\n[\/vc_cta][\/vc_column][vc_column width=&#8221;1\/3&#8243;][vc_cta h2=&#8221;&#8221; txt_align=&#8221;center&#8221; color=&#8221;white&#8221; css=&#8221;.vc_custom_1770979925860{background-color: #ffffff !important;}&#8221;]\n<h4 style=\"text-align: center;\"><span style=\"color: #417173;\"><strong><a href=\"https:\/\/www.neurosciences.asso.fr\/wp-content\/uploads\/2024\/05\/Design-sans-titre2-300x300.png\"><img loading=\"lazy\" decoding=\"async\" class=\"alignnone size-medium wp-image-23369\" src=\"https:\/\/www.neurosciences.asso.fr\/wp-content\/uploads\/2024\/05\/Design-sans-titre2-300x300.png\" alt=\"\" width=\"300\" height=\"300\" srcset=\"https:\/\/www.neurosciences.asso.fr\/wp-content\/uploads\/2024\/05\/Design-sans-titre2-300x300.png 300w, https:\/\/www.neurosciences.asso.fr\/wp-content\/uploads\/2024\/05\/Design-sans-titre2-150x150.png 150w, https:\/\/www.neurosciences.asso.fr\/wp-content\/uploads\/2024\/05\/Design-sans-titre2.png 313w\" sizes=\"auto, (max-width: 300px) 100vw, 300px\" \/><\/a><\/strong><\/span><\/h4>\n<p style=\"text-align: center;\"><strong><span style=\"color: #faa316;\">Juliette Archimbaud<\/span><\/strong><span style=\"color: #417173;\"><strong><br \/>\n<\/strong><\/span><\/p>\n<p style=\"text-align: center;\">Neurosciences Paris Seine, Paris<strong><br \/>\n<\/strong><\/p>\n[\/vc_cta][\/vc_column][\/vc_row][vc_row css=&#8221;.vc_custom_1702544784492{padding-right: 40px !important;padding-left: 40px !important;}&#8221;][vc_column width=&#8221;1\/3&#8243;][vc_cta h2=&#8221;&#8221; txt_align=&#8221;center&#8221; color=&#8221;white&#8221; css=&#8221;.vc_custom_1774341215762{background-color: #ffffff !important;}&#8221;]\n<h4 style=\"text-align: center;\"><span style=\"color: #417173;\"><strong><span style=\"color: #faa316;\"><a href=\"https:\/\/www.neurosciences.asso.fr\/wp-content\/uploads\/2025\/12\/Design-sans-titre1-300x300.png\"><img loading=\"lazy\" decoding=\"async\" class=\"alignnone size-medium wp-image-27785\" src=\"https:\/\/www.neurosciences.asso.fr\/wp-content\/uploads\/2025\/12\/Design-sans-titre1-300x300.png\" alt=\"\" width=\"300\" height=\"300\" srcset=\"https:\/\/www.neurosciences.asso.fr\/wp-content\/uploads\/2025\/12\/Design-sans-titre1-300x300.png 300w, https:\/\/www.neurosciences.asso.fr\/wp-content\/uploads\/2025\/12\/Design-sans-titre1-150x150.png 150w, https:\/\/www.neurosciences.asso.fr\/wp-content\/uploads\/2025\/12\/Design-sans-titre1.png 500w\" sizes=\"auto, (max-width: 300px) 100vw, 300px\" \/><\/a><\/span><\/strong><\/span><\/h4>\n<p style=\"text-align: center;\"><span style=\"color: #417173;\"><strong><span style=\"color: #faa316;\">Lena Chesnais<\/span><\/strong><\/span><\/p>\n<p style=\"text-align: center;\">LiLNCog &#8211; Equipe Lille Neurodegeneration<\/p>\n[\/vc_cta][\/vc_column][vc_column width=&#8221;1\/3&#8243;][vc_cta h2=&#8221;&#8221; txt_align=&#8221;center&#8221; color=&#8221;white&#8221; css=&#8221;.vc_custom_1770979960962{background-color: #ffffff !important;}&#8221;]\n<h4 style=\"text-align: center;\"><span style=\"color: #417173;\"><strong><a href=\"https:\/\/www.neurosciences.asso.fr\/wp-content\/uploads\/2024\/05\/Design-sans-titre4-300x300.png\"><img loading=\"lazy\" decoding=\"async\" class=\"alignnone size-medium wp-image-23377\" src=\"https:\/\/www.neurosciences.asso.fr\/wp-content\/uploads\/2024\/05\/Design-sans-titre4-300x300.png\" alt=\"\" width=\"300\" height=\"300\" srcset=\"https:\/\/www.neurosciences.asso.fr\/wp-content\/uploads\/2024\/05\/Design-sans-titre4-300x300.png 300w, https:\/\/www.neurosciences.asso.fr\/wp-content\/uploads\/2024\/05\/Design-sans-titre4-150x150.png 150w, https:\/\/www.neurosciences.asso.fr\/wp-content\/uploads\/2024\/05\/Design-sans-titre4.png 313w\" sizes=\"auto, (max-width: 300px) 100vw, 300px\" \/><\/a><\/strong><\/span><\/h4>\n<p style=\"text-align: center;\"><span style=\"color: #417173;\"><strong><span style=\"color: #faa316;\">Dylan Musiol<\/span><br \/>\n<\/strong><\/span><\/p>\n<p style=\"text-align: center;\">Universit\u00e9 Laval et CHU de Qu\u00e9bec, Qu\u00e9bec, Canada<strong><br \/>\n<\/strong><\/p>\n[\/vc_cta][\/vc_column][vc_column width=&#8221;1\/3&#8243;][vc_cta h2=&#8221;&#8221; txt_align=&#8221;center&#8221; color=&#8221;white&#8221; css=&#8221;.vc_custom_1774341243628{background-color: #ffffff !important;}&#8221;]\n<h4 style=\"text-align: center;\"><span style=\"color: #417173;\"><strong><a href=\"https:\/\/www.neurosciences.asso.fr\/wp-content\/uploads\/2024\/05\/Design-sans-titre22-300x300.png\"><img loading=\"lazy\" decoding=\"async\" class=\"alignnone size-medium wp-image-23454\" src=\"https:\/\/www.neurosciences.asso.fr\/wp-content\/uploads\/2024\/05\/Design-sans-titre22-300x300.png\" alt=\"\" width=\"300\" height=\"300\" srcset=\"https:\/\/www.neurosciences.asso.fr\/wp-content\/uploads\/2024\/05\/Design-sans-titre22-300x300.png 300w, https:\/\/www.neurosciences.asso.fr\/wp-content\/uploads\/2024\/05\/Design-sans-titre22-150x150.png 150w, https:\/\/www.neurosciences.asso.fr\/wp-content\/uploads\/2024\/05\/Design-sans-titre22.png 313w\" sizes=\"auto, (max-width: 300px) 100vw, 300px\" \/><\/a><\/strong><\/span><\/h4>\n<p style=\"text-align: center;\"><span style=\"color: #417173;\"><strong><span style=\"color: #faa316;\">Micka\u00ebl Pereira<\/span><br \/>\n<\/strong><\/span><\/p>\n<p style=\"text-align: center;\">Grenoble Institut des Neurosciences<strong><br \/>\n<\/strong><\/p>\n[\/vc_cta][\/vc_column][\/vc_row][vc_row css=&#8221;.vc_custom_1702544784492{padding-right: 40px !important;padding-left: 40px !important;}&#8221;][vc_column width=&#8221;1\/3&#8243;][vc_cta h2=&#8221;&#8221; txt_align=&#8221;center&#8221; color=&#8221;white&#8221; css=&#8221;.vc_custom_1770979991073{background-color: #ffffff !important;}&#8221;]\n<h4 style=\"text-align: center;\"><a href=\"https:\/\/www.neurosciences.asso.fr\/wp-content\/uploads\/2024\/05\/Design-sans-titre21-300x300.png\"><img loading=\"lazy\" decoding=\"async\" class=\"alignnone size-medium wp-image-23389\" src=\"https:\/\/www.neurosciences.asso.fr\/wp-content\/uploads\/2024\/05\/Design-sans-titre21-300x300.png\" alt=\"\" width=\"300\" height=\"300\" srcset=\"https:\/\/www.neurosciences.asso.fr\/wp-content\/uploads\/2024\/05\/Design-sans-titre21-300x300.png 300w, https:\/\/www.neurosciences.asso.fr\/wp-content\/uploads\/2024\/05\/Design-sans-titre21-150x150.png 150w, https:\/\/www.neurosciences.asso.fr\/wp-content\/uploads\/2024\/05\/Design-sans-titre21.png 313w\" sizes=\"auto, (max-width: 300px) 100vw, 300px\" \/><\/a><\/h4>\n<p style=\"text-align: center;\"><span style=\"color: #417173;\"><strong><span style=\"color: #faa316;\">D\u00e9vina Legrand-Ung<\/span><br \/>\n<\/strong><\/span><\/p>\n<p style=\"text-align: center;\">Imaging and Brain, Universit\u00e9 de Tours<strong><br \/>\n<\/strong><\/p>\n[\/vc_cta][\/vc_column][vc_column width=&#8221;1\/3&#8243;][vc_cta h2=&#8221;&#8221; txt_align=&#8221;center&#8221; color=&#8221;white&#8221; css=&#8221;.vc_custom_1770980026964{background-color: #ffffff !important;}&#8221;]\n<h4 style=\"text-align: center;\"><span style=\"color: #417173;\"><strong><span style=\"color: #faa316;\"><a href=\"https:\/\/www.neurosciences.asso.fr\/wp-content\/uploads\/2025\/10\/Design-sans-titre36-300x300.png\"><img loading=\"lazy\" decoding=\"async\" class=\"alignnone wp-image-27305\" src=\"https:\/\/www.neurosciences.asso.fr\/wp-content\/uploads\/2025\/10\/Design-sans-titre36-300x300.png\" alt=\"\" width=\"259\" height=\"259\" srcset=\"https:\/\/www.neurosciences.asso.fr\/wp-content\/uploads\/2025\/10\/Design-sans-titre36-300x300.png 300w, https:\/\/www.neurosciences.asso.fr\/wp-content\/uploads\/2025\/10\/Design-sans-titre36-150x150.png 150w, https:\/\/www.neurosciences.asso.fr\/wp-content\/uploads\/2025\/10\/Design-sans-titre36.png 313w\" sizes=\"auto, (max-width: 259px) 100vw, 259px\" \/><\/a><\/span><\/strong><\/span><\/h4>\n<p style=\"text-align: center;\"><span style=\"color: #faa316;\"><strong>Ma\u00e9lis Gobinet<\/strong><\/span><\/p>\n<p style=\"text-align: center;\">Centre de Recherche en Psychologie et Neurosciences, Marseille<\/p>\n[\/vc_cta][\/vc_column][vc_column width=&#8221;1\/3&#8243;][vc_cta h2=&#8221;&#8221; txt_align=&#8221;center&#8221; color=&#8221;white&#8221; css=&#8221;.vc_custom_1774341298999{background-color: #ffffff !important;}&#8221;]\n<p style=\"text-align: center;\"><span style=\"color: #417173;\"><strong><span style=\"color: #faa316;\"><a href=\"https:\/\/www.neurosciences.asso.fr\/wp-content\/uploads\/2026\/03\/Design-sans-titre9-300x300.png\"><img loading=\"lazy\" decoding=\"async\" class=\"alignnone size-medium wp-image-28958\" src=\"https:\/\/www.neurosciences.asso.fr\/wp-content\/uploads\/2026\/03\/Design-sans-titre9-300x300.png\" alt=\"\" width=\"300\" height=\"300\" srcset=\"https:\/\/www.neurosciences.asso.fr\/wp-content\/uploads\/2026\/03\/Design-sans-titre9-300x300.png 300w, https:\/\/www.neurosciences.asso.fr\/wp-content\/uploads\/2026\/03\/Design-sans-titre9-150x150.png 150w, https:\/\/www.neurosciences.asso.fr\/wp-content\/uploads\/2026\/03\/Design-sans-titre9.png 500w\" sizes=\"auto, (max-width: 300px) 100vw, 300px\" \/><\/a><\/span><\/strong><\/span><\/p>\n<p style=\"text-align: center;\"><span style=\"color: #417173;\"><strong><span style=\"color: #faa316;\">Giorgio Cannavacciuolo<\/span><\/strong><\/span><\/p>\n<p style=\"text-align: center;\">CRPN &amp; CRMBM, Marseille<\/p>\n[\/vc_cta][\/vc_column][\/vc_row][vc_row css=&#8221;.vc_custom_1702544784492{padding-right: 40px !important;padding-left: 40px !important;}&#8221;][vc_column width=&#8221;1\/3&#8243;][vc_cta h2=&#8221;&#8221; txt_align=&#8221;center&#8221; color=&#8221;white&#8221; css=&#8221;.vc_custom_1770980071013{background-color: #ffffff !important;}&#8221;]\n<h4 style=\"text-align: center;\"><span style=\"color: #417173;\"><strong><span style=\"color: #faa316;\"><a href=\"https:\/\/www.neurosciences.asso.fr\/wp-content\/uploads\/2023\/07\/utilisateur1-300x300.png\"><img loading=\"lazy\" decoding=\"async\" class=\"wp-image-20229 aligncenter\" src=\"https:\/\/www.neurosciences.asso.fr\/wp-content\/uploads\/2023\/07\/utilisateur1-300x300.png\" alt=\"\" width=\"216\" height=\"216\" srcset=\"https:\/\/www.neurosciences.asso.fr\/wp-content\/uploads\/2023\/07\/utilisateur1-300x300.png 300w, https:\/\/www.neurosciences.asso.fr\/wp-content\/uploads\/2023\/07\/utilisateur1-150x150.png 150w, https:\/\/www.neurosciences.asso.fr\/wp-content\/uploads\/2023\/07\/utilisateur1.png 512w\" sizes=\"auto, (max-width: 216px) 100vw, 216px\" \/><\/a><\/span><\/strong><\/span><\/h4>\n<p style=\"text-align: center;\"><span style=\"color: #417173;\"><strong><span style=\"color: #faa316;\">Sanae Abdelkaoui<\/span><\/strong><\/span><\/p>\n[\/vc_cta][\/vc_column][vc_column width=&#8221;1\/3&#8243;][\/vc_column][vc_column width=&#8221;1\/3&#8243;][\/vc_column][\/vc_row][vc_row][vc_column][vc_column_text css=&#8221;.vc_custom_1749548597055{padding-left: 40px !important;}&#8221;]\n<h2 style=\"text-align: left;\"><span style=\"color: #faa316;\">Former members<\/span><\/h2>\n<p>&nbsp;[\/vc_column_text][vc_column_text css=&#8221;.vc_custom_1749548604620{padding-right: 40px !important;padding-left: 40px !important;}&#8221;]<span style=\"color: #417173;\">2020-2021 : <\/span>Stephanie Daumas (Coordinator), Fr\u00e9d\u00e9ric Chavanne, Brice Bathellier, Romain Goutany, Alexandra Gros, L\u00e9a Becker, S\u00e9bastien Piluso, Sarah Morceau et Manon Obliger.[\/vc_column_text][vc_separator css=&#8221;.vc_custom_1702547427751{padding-right: 40px !important;padding-left: 40px !important;}&#8221;][vc_column_text css=&#8221;.vc_custom_1749548611657{padding-right: 40px !important;padding-left: 40px !important;}&#8221;]<span style=\"color: #417173;\">2021-2022 :<\/span> Stephanie Daumas (Coordinator), Fr\u00e9d\u00e9ric Chavanne, Brice Bathellier, Romain Goutany, Alexandra Gros, L\u00e9a Becker, S\u00e9bastien Piluso, Sarah Morceau et Manon Obliger.[\/vc_column_text][vc_separator css=&#8221;.vc_custom_1702547469233{padding-right: 40px !important;padding-left: 40px !important;}&#8221;][vc_column_text css=&#8221;.vc_custom_1749548619092{padding-right: 40px !important;padding-left: 40px !important;}&#8221;]<span style=\"color: #417173;\">2022-2023 :<\/span> Emmanuel Perisse (Coordinator), Laure Verret (Coordinator), Anne Dider, Sarah Morceau, Antoine Ameloot et Clara Saleri.[\/vc_column_text][\/vc_column][\/vc_row]\n<\/div>","protected":false},"excerpt":{"rendered":"<p>[vc_row][vc_column][vc_column_text css=&#8221;&#8221;] The Young researcher&#8217;s office [\/vc_column_text][\/vc_column][\/vc_row][vc_row][vc_column][vc_column_text css=&#8221;.vc_custom_1749548563373{padding-left: 40px !important;}&#8221;] Missions and actions &nbsp;[\/vc_column_text][vc_column_text css=&#8221;.vc_custom_1749548541216{padding-right: 40px !important;padding-left: 40px !important;}&#8221;]The Society for Neuroscience created the Young Researcher\u2019s Office with the aim of participating in the training of Young Researchers. &nbsp; The office\u2019s mission is to guide young neuroscientists in their careers, inform them, and debate societal [&hellip;]<\/p>\n","protected":false},"author":25,"featured_media":0,"parent":0,"menu_order":0,"comment_status":"closed","ping_status":"closed","template":"","meta":{"footnotes":""},"class_list":["post-23174","page","type-page","status-publish","hentry"],"publishpress_future_action":{"enabled":false,"date":"2026-04-28 08:14:11","action":"change-status","newStatus":"draft","terms":[],"taxonomy":"translation_priority"},"publishpress_future_workflow_manual_trigger":{"enabledWorkflows":[]},"_links":{"self":[{"href":"https:\/\/www.neurosciences.asso.fr\/en\/wp-json\/wp\/v2\/pages\/23174","targetHints":{"allow":["GET"]}}],"collection":[{"href":"https:\/\/www.neurosciences.asso.fr\/en\/wp-json\/wp\/v2\/pages"}],"about":[{"href":"https:\/\/www.neurosciences.asso.fr\/en\/wp-json\/wp\/v2\/types\/page"}],"author":[{"embeddable":true,"href":"https:\/\/www.neurosciences.asso.fr\/en\/wp-json\/wp\/v2\/users\/25"}],"replies":[{"embeddable":true,"href":"https:\/\/www.neurosciences.asso.fr\/en\/wp-json\/wp\/v2\/comments?post=23174"}],"version-history":[{"count":86,"href":"https:\/\/www.neurosciences.asso.fr\/en\/wp-json\/wp\/v2\/pages\/23174\/revisions"}],"predecessor-version":[{"id":29083,"href":"https:\/\/www.neurosciences.asso.fr\/en\/wp-json\/wp\/v2\/pages\/23174\/revisions\/29083"}],"wp:attachment":[{"href":"https:\/\/www.neurosciences.asso.fr\/en\/wp-json\/wp\/v2\/media?parent=23174"}],"curies":[{"name":"wp","href":"https:\/\/api.w.org\/{rel}","templated":true}]}}