{"id":22482,"date":"2017-09-21T10:03:24","date_gmt":"2017-09-21T09:03:24","guid":{"rendered":"https:\/\/www.neurosciences.asso.fr\/prix-diffusion-des-connaissances-en-neurosciences\/"},"modified":"2024-01-24T16:30:25","modified_gmt":"2024-01-24T14:30:25","slug":"prix-diffusion-des-connaissances-en-neurosciences","status":"publish","type":"page","link":"https:\/\/www.neurosciences.asso.fr\/en\/prix-diffusion-des-connaissances-en-neurosciences\/","title":{"rendered":"Knowledge sharing Awards"},"content":{"rendered":"<div class=\"wpb-content-wrapper\">[vc_row][vc_column][vc_empty_space height=&#8221;40&#8243;][\/vc_column][\/vc_row][vc_row][vc_column][vc_tta_tabs style=&#8221;modern&#8221; color=&#8221;white&#8221; spacing=&#8221;30&#8243; alignment=&#8221;center&#8221; active_section=&#8221;1&#8243; no_fill_content_area=&#8221;true&#8221;][vc_tta_section title=&#8221;Awards detail&#8221; tab_id=&#8221;1700575245731-dec82bd6-e8e6&#8243;][vc_column_text]The Society for Neuroscience, wishing to express its gratitude to those who contribute to the transmission and sharing of knowledge in our field of research, has created an Award for the Dissemination of Knowledge in Neuroscience.<\/p>\n<p>This award recognizes a member of the Society who, through his or her actions, has enabled or facilitated communication with the general public, with a concern for the quality of information transmitted.[\/vc_column_text][\/vc_tta_section][vc_tta_section title=&#8221;2023 Award Winner&#8221; tab_id=&#8221;1700575245731-f59cd8fa-7ebf&#8221;][vc_custom_heading text=&#8221;2023 Award Winner: Yves Tillet&#8221; font_container=&#8221;tag:h2|text_align:left|color:%23faa319&#8243; google_fonts=&#8221;font_family:Open%20Sans%3A300%2C300italic%2Cregular%2Citalic%2C600%2C600italic%2C700%2C700italic%2C800%2C800italic|font_style:400%20regular%3A400%3Anormal&#8221;][vc_row_inner][vc_column_inner width=&#8221;1\/3&#8243;][vc_single_image image=&#8221;20150&#8243; img_size=&#8221;large&#8221; css=&#8221;.vc_custom_1700576812900{margin-top: 0px !important;margin-bottom: -50px !important;}&#8221;][\/vc_column_inner][vc_column_inner width=&#8221;2\/3&#8243;][vc_column_text css=&#8221;.vc_custom_1700576844431{margin-bottom: 0px !important;}&#8221;]\n<p style=\"text-align: left;\">Yves Tillet est DR \u00e0 l\u2019INRAE dans l\u2019Unit\u00e9 de physiologie de la reproduction et des comportements (INRAE, CNRS Univ Tours). Apr\u00e8s une th\u00e8se \u00e0 l\u2019Universit\u00e9 Paris6 (maintenant Sorbonne Universit\u00e9) portant sur la neuroanatomie des neurones monoaminergiques chez le mouton, Yves Tillet a int\u00e9gr\u00e9 l\u2019INRA de Nouzilly pr\u00e8s de Tours o\u00f9 il \u00e9tudie le contr\u00f4le neuroendocrinien de la reproduction chez les esp\u00e8ces domestiques en s\u2019int\u00e9ressant plus particuli\u00e8rement \u00e0 l\u2019impact des st\u00e9ro\u00efdes sur les r\u00e9seaux neuronaux peptidergiques (GnRH, Kiss, NPY\u2026) \u00a0et aminergiques impliqu\u00e9s dans le contr\u00f4le de la reproduction. Il r\u00e9alise ces \u00e9tudes avec des approches de neuroanatomie fonctionnelles\u00a0: immunocytochimie, hodologie, et plus r\u00e9cemment des m\u00e9thodes d\u2019imagerie in vivo avec l\u2019IRM.<\/p>\n<p>Parall\u00e8lement \u00e0 son activit\u00e9 de recherches, il a dirig\u00e9 un Institut F\u00e9d\u00e9ratif de recherches d\u2019imagerie de 2008\u00a0 \u00e0 2012 et dirige depuis 2013 une Structure F\u00e9d\u00e9rative de Recherches de neuroimagerie fonctionnelle qui regroupe pr\u00e8s de 25 \u00e9quipes des Universit\u00e9s de Tours, Orl\u00e9ans et Poitiers.<\/p>\n<p>Ces deux structures ont \u00e9t\u00e9 le d\u00e9but de ses actions de communications scientifiques avec l\u2019organisation annuelle de plusieurs r\u00e9unions scientifiques et th\u00e9matiques et de colloques (SNE en 2007 et 2019, Ecole internationale de Neuroendocrinologie en 2007, Symposium INF en 2010, JS de la Soci\u00e9t\u00e9 des neurosciences en 2016\u2026).<\/p>\n<p>Au niveau europ\u00e9en, il a \u00e9t\u00e9 \u00e9lu au comit\u00e9 de communication de la FENS pour deux mandats (2012-2016)\u00a0et a particip\u00e9 \u00e0 la publication de la Newsletters Trimestrielle de la FENS.[\/vc_column_text][\/vc_column_inner][\/vc_row_inner][vc_row_inner css=&#8221;.vc_custom_1700575804588{margin-top: -100px !important;}&#8221;][vc_column_inner][vc_column_text]Il s\u2019est investi dans la communication vers le public avec la Semaine du Cerveau dont il est responsable de l\u2019organisation \u00e0 Tours depuis 1998, le d\u00e9but de cette campagne en France, et l\u2019organisation de la Semaine de la m\u00e9moire \u00e0 Tours en 2021. Dans ce cadre il a particip\u00e9 \u00e0 de nombreuses interviews dans les radios et t\u00e9l\u00e9s r\u00e9gionales, et est intervenu aupr\u00e8s des scolaires, avec des ateliers pour les enfants du primaire, des conf\u00e9rences et un documentaire pour les \u00e9l\u00e8ves du coll\u00e8ge ou du lyc\u00e9e.<\/p>\n<p>Au-del\u00e0 de la publication de nombreux articles scientifiques, et de son implication dans l\u2019\u00e9dition scientifique (J Chem Neuroanat), son implication dans la communication vers la communaut\u00e9 scientifique a pris son essor avec la Lettre des Neurosciences dont il est r\u00e9dacteur en chef depuis 2008. Avec l\u2019aide des membres du comit\u00e9 de r\u00e9daction, ce sont 28 num\u00e9ros qui ont \u00e9t\u00e9 publi\u00e9s sous sa direction, amenant progressivement la Lettre \u00e0 prendre sa place parmi les revues de vulgarisation neuroscientifique.[\/vc_column_text][\/vc_column_inner][\/vc_row_inner][\/vc_tta_section][vc_tta_section title=&#8221;Previous award winners&#8221; tab_id=&#8221;1700575255845-4cdc5734-6cb2&#8243;][vc_custom_heading text=&#8221;2019 Award Winner: Roland Salesse&#8221; font_container=&#8221;tag:h2|text_align:left|color:%23faa319&#8243; google_fonts=&#8221;font_family:Open%20Sans%3A300%2C300italic%2Cregular%2Citalic%2C600%2C600italic%2C700%2C700italic%2C800%2C800italic|font_style:400%20regular%3A400%3Anormal&#8221;][vc_row_inner][vc_column_inner width=&#8221;1\/3&#8243;][vc_single_image image=&#8221;11552&#8243; img_size=&#8221;medium&#8221; css=&#8221;.vc_custom_1700576283504{margin-bottom: -50px !important;}&#8221;][\/vc_column_inner][vc_column_inner width=&#8221;2\/3&#8243;][vc_column_text css=&#8221;.vc_custom_1700576236181{margin-bottom: 0px !important;}&#8221;]En 2019, le Prix a \u00e9t\u00e9 d\u00e9cern\u00e9 \u00e0 Roland Salesse. Ing\u00e9nieur agronome et Docteur \u00e8s Sciences, Roland Salesse a fait toute sa carri\u00e8re \u00e0 l\u2019INRA. Son parcours diversifi\u00e9 a \u00e9t\u00e9 vecteur d\u2019ouverture entre diff\u00e9rents domaines scientifiques et entre sciences et soci\u00e9t\u00e9. Apr\u00e8s avoir travaill\u00e9 sur la structure des prot\u00e9ines et la fabrication du fromage, puis dans le domaine de la biologie de la reproduction, il a cr\u00e9\u00e9 et dirig\u00e9 pendant pr\u00e8s de 10 ans l\u2019Unit\u00e9 de Neurobiologie de l\u2019Olfaction. Il s\u2019est ensuite int\u00e9ress\u00e9 au domaine de la cr\u00e9ation artistique olfactive, au travers notamment du projet ANR K\u00f4d\u00f4, qui permettra d\u2019ouvrir de nouveaux champs des applications olfactives au croisement des sciences, des arts et de l\u2019industrie.<br \/>\nVulgarisateur hors pair, passionn\u00e9 par la culture scientifique, Roland a toujours \u00e9t\u00e9 convaincu de l\u2019importance de faire connaitre au plus grand nombre ce qu\u2019est la recherche et de partager les connaissances acquises. Il s\u2019est impliqu\u00e9 dans de[\/vc_column_text][\/vc_column_inner][\/vc_row_inner][vc_column_text css=&#8221;.vc_custom_1700576264389{margin-top: -50px !important;border-top-width: 0px !important;padding-top: 0px !important;}&#8221;]multiples actions de m\u00e9diation scientifique. Il a \u00e9dit\u00e9 un livre sur l\u2019odorat pour le grand public, a particip\u00e9 \u00e0 la cr\u00e9ation et l\u2019animation de S[cube], association de diffusion de la culture scientifique et technique en Ile-de-France, a \u00e9t\u00e9 membre du comit\u00e9 scientifique des rencontres CNRS \u201cSciences et Citoyens\u201d et charg\u00e9 de mission \u00e0 la culture scientifique du centre INRA Jouy-en-Josas.<\/p>\n<p>Depuis 2010, il assure la coordination nationale de la Semaine du Cerveau pour la Soci\u00e9t\u00e9 des Neurosciences. Par son investissement constant dans le lien entre les comit\u00e9s locaux qui organisent la Semaine du Cerveau dans plus de 120 villes en France, la Soci\u00e9t\u00e9 des Neurosciences et ses diff\u00e9rents partenaires, les m\u00e9dias et le grand public, Roland est un acteur cl\u00e9 de la synergie nationale qui fait la qualit\u00e9 et l\u2019attractivit\u00e9 de la Semaine du Cerveau.[\/vc_column_text][vc_separator][vc_custom_heading text=&#8221;2017 Award Winner: William Rost\u00e8ne&#8221; font_container=&#8221;tag:h2|text_align:left|color:%23faa319&#8243; google_fonts=&#8221;font_family:Open%20Sans%3A300%2C300italic%2Cregular%2Citalic%2C600%2C600italic%2C700%2C700italic%2C800%2C800italic|font_style:400%20regular%3A400%3Anormal&#8221;][vc_row_inner][vc_column_inner width=&#8221;1\/3&#8243;][vc_single_image image=&#8221;11535&#8243; img_size=&#8221;large&#8221; css=&#8221;.vc_custom_1700576906032{margin-top: 30px !important;}&#8221;][\/vc_column_inner][vc_column_inner width=&#8221;2\/3&#8243;][vc_column_text]En 2017, le Prix a \u00e9t\u00e9 d\u00e9cern\u00e9 \u00e0 William Rost\u00e8ne. Apr\u00e8s une longue carri\u00e8re dans le domaine de la neuroendocrinologie, William Rost\u00e8ne est actuellement chercheur \u00e9m\u00e9rite \u00e0 l\u2019INSERM \u00e0 l\u2019Institut de la Vision \u00e0 Paris. Vouloir r\u00e9sumer en quelques lignes tout son investissement dans la diffusion des connaissances aupr\u00e8s du public serait une gageure, tant ses actions sont multiples, mais il me semble que les exemples suivants illustrent bien l\u2019ampleur et la diversit\u00e9 de ses actions. William Rost\u00e8ne s\u2019est impliqu\u00e9 dans cette voie d\u00e8s le d\u00e9but de sa carri\u00e8re en tant que r\u00e9dacteur en chef du journal des coop\u00e9rants fran\u00e7ais au Qu\u00e9bec. Cependant, c\u2019est avec la mise en place de la Semaine du Cerveau en France qu\u2019il a pleinement d\u00e9velopp\u00e9 cette activit\u00e9 o\u00f9 il s\u2019implique encore tous les ans. En 2000, il a \u00e9t\u00e9 conseiller scientifique pour la prestigieuse Cit\u00e9 des Sciences \u00e0 Paris, et en 2001 il a particip\u00e9 \u00e0 la mise en place de BIOTV une chaine biom\u00e9dicale sur internet qui a produit plus d\u2019une centaine d\u2019\u00e9missions consacr\u00e9es aux neurosciences, encore visibles actuellement sur canalU. Dans le domaine litt\u00e9raire, il a \u00e9crit de nombreux articles de vulgarisation scientifique dans la presse sp\u00e9cialis\u00e9e (Pour la Science, M\u00e9decine Sciences\u2026) et a publi\u00e9 deux romans historiques li\u00e9s \u00e0 la recherche et plus r\u00e9cemment deux ouvrages didactiques destin\u00e9s aux enfants dans la collection \u00ab\u202fles minipommes du Pommier\u202f\u00bb. Tout cela en plus des tr\u00e8s nombreuses conf\u00e9rences et interviews qu\u2019il a donn\u00e9 \u00e0 maintes occasions en France et \u00e0 l\u2019\u00e9tranger.[\/vc_column_text][\/vc_column_inner][\/vc_row_inner][\/vc_tta_section][\/vc_tta_tabs][\/vc_column][\/vc_row]\n<\/div>","protected":false},"excerpt":{"rendered":"<p>[vc_row][vc_column][vc_empty_space height=&#8221;40&#8243;][\/vc_column][\/vc_row][vc_row][vc_column][vc_tta_tabs style=&#8221;modern&#8221; color=&#8221;white&#8221; spacing=&#8221;30&#8243; alignment=&#8221;center&#8221; active_section=&#8221;1&#8243; no_fill_content_area=&#8221;true&#8221;][vc_tta_section title=&#8221;Awards detail&#8221; tab_id=&#8221;1700575245731-dec82bd6-e8e6&#8243;][vc_column_text]The Society for Neuroscience, wishing to express its gratitude to those who contribute to the transmission and sharing of knowledge in our field of research, has created an Award for the Dissemination of Knowledge in Neuroscience. This award recognizes a member of the Society who, [&hellip;]<\/p>\n","protected":false},"author":4,"featured_media":0,"parent":0,"menu_order":0,"comment_status":"closed","ping_status":"closed","template":"","meta":{"footnotes":""},"class_list":["post-22482","page","type-page","status-publish","hentry"],"publishpress_future_action":{"enabled":false,"date":"2026-04-28 08:12:36","action":"change-status","newStatus":"draft","terms":[],"taxonomy":"translation_priority"},"publishpress_future_workflow_manual_trigger":{"enabledWorkflows":[]},"_links":{"self":[{"href":"https:\/\/www.neurosciences.asso.fr\/en\/wp-json\/wp\/v2\/pages\/22482","targetHints":{"allow":["GET"]}}],"collection":[{"href":"https:\/\/www.neurosciences.asso.fr\/en\/wp-json\/wp\/v2\/pages"}],"about":[{"href":"https:\/\/www.neurosciences.asso.fr\/en\/wp-json\/wp\/v2\/types\/page"}],"author":[{"embeddable":true,"href":"https:\/\/www.neurosciences.asso.fr\/en\/wp-json\/wp\/v2\/users\/4"}],"replies":[{"embeddable":true,"href":"https:\/\/www.neurosciences.asso.fr\/en\/wp-json\/wp\/v2\/comments?post=22482"}],"version-history":[{"count":12,"href":"https:\/\/www.neurosciences.asso.fr\/en\/wp-json\/wp\/v2\/pages\/22482\/revisions"}],"predecessor-version":[{"id":22494,"href":"https:\/\/www.neurosciences.asso.fr\/en\/wp-json\/wp\/v2\/pages\/22482\/revisions\/22494"}],"wp:attachment":[{"href":"https:\/\/www.neurosciences.asso.fr\/en\/wp-json\/wp\/v2\/media?parent=22482"}],"curies":[{"name":"wp","href":"https:\/\/api.w.org\/{rel}","templated":true}]}}