{"id":21348,"date":"2023-11-07T16:37:24","date_gmt":"2023-11-07T14:37:24","guid":{"rendered":"https:\/\/www.neurosciences.asso.fr\/stand-neuroscience-in-france-2\/"},"modified":"2026-03-02T12:05:57","modified_gmt":"2026-03-02T10:05:57","slug":"stand-neuroscience-in-france-2","status":"publish","type":"page","link":"https:\/\/www.neurosciences.asso.fr\/en\/stand-neuroscience-in-france-2\/","title":{"rendered":"Stand &#8220;Neuroscience in France&#8221;"},"content":{"rendered":"<div class=\"wpb-content-wrapper\">[vc_row][vc_column][vc_column_text css=&#8221;&#8221;]\n<\/p>\n<h2>Stand Neuroscience in France<\/h2>\n<p>\n[\/vc_column_text][\/vc_column][\/vc_row][vc_row][vc_column width=&#8221;1\/3&#8243;][vc_column_text]\n<p style=\"text-align: center;\"><a href=\"https:\/\/www.neurosciences.asso.fr\/wp-content\/uploads\/2023\/05\/Inserm-300x102.png\"><img loading=\"lazy\" decoding=\"async\" class=\"wp-image-19920 aligncenter\" src=\"https:\/\/www.neurosciences.asso.fr\/wp-content\/uploads\/2023\/05\/Inserm-300x102.png\" alt=\"\" width=\"168\" height=\"57\" srcset=\"https:\/\/www.neurosciences.asso.fr\/wp-content\/uploads\/2023\/05\/Inserm-300x102.png 300w, https:\/\/www.neurosciences.asso.fr\/wp-content\/uploads\/2023\/05\/Inserm-768x262.png 768w, https:\/\/www.neurosciences.asso.fr\/wp-content\/uploads\/2023\/05\/Inserm.png 930w\" sizes=\"auto, (max-width: 168px) 100vw, 168px\" \/><\/a><\/p>\n[\/vc_column_text][\/vc_column][vc_column width=&#8221;1\/3&#8243;][vc_column_text]\n<p style=\"text-align: center;\"><a href=\"https:\/\/www.neurosciences.asso.fr\/wp-content\/uploads\/2023\/04\/SDN-Logo-300x190.png\"><img loading=\"lazy\" decoding=\"async\" class=\"wp-image-19603 aligncenter\" src=\"https:\/\/www.neurosciences.asso.fr\/wp-content\/uploads\/2023\/04\/SDN-Logo-300x190.png\" alt=\"\" width=\"142\" height=\"90\" srcset=\"https:\/\/www.neurosciences.asso.fr\/wp-content\/uploads\/2023\/04\/SDN-Logo-300x190.png 300w, https:\/\/www.neurosciences.asso.fr\/wp-content\/uploads\/2023\/04\/SDN-Logo-1024x649.png 1024w, https:\/\/www.neurosciences.asso.fr\/wp-content\/uploads\/2023\/04\/SDN-Logo-768x487.png 768w, https:\/\/www.neurosciences.asso.fr\/wp-content\/uploads\/2023\/04\/SDN-Logo-1536x974.png 1536w, https:\/\/www.neurosciences.asso.fr\/wp-content\/uploads\/2023\/04\/SDN-Logo.png 1974w\" sizes=\"auto, (max-width: 142px) 100vw, 142px\" \/><\/a><\/p>\n[\/vc_column_text][\/vc_column][vc_column width=&#8221;1\/3&#8243;][vc_column_text]\n<p style=\"text-align: center;\"><a href=\"https:\/\/www.neurosciences.asso.fr\/wp-content\/uploads\/2024\/06\/LOGO_CNRS_BLEU-300x296.png\"><img loading=\"lazy\" decoding=\"async\" class=\"wp-image-23843 aligncenter\" src=\"https:\/\/www.neurosciences.asso.fr\/wp-content\/uploads\/2024\/06\/LOGO_CNRS_BLEU-300x296.png\" alt=\"\" width=\"97\" height=\"95\" srcset=\"https:\/\/www.neurosciences.asso.fr\/wp-content\/uploads\/2024\/06\/LOGO_CNRS_BLEU-300x296.png 300w, https:\/\/www.neurosciences.asso.fr\/wp-content\/uploads\/2024\/06\/LOGO_CNRS_BLEU-768x757.png 768w, https:\/\/www.neurosciences.asso.fr\/wp-content\/uploads\/2024\/06\/LOGO_CNRS_BLEU.png 875w\" sizes=\"auto, (max-width: 97px) 100vw, 97px\" \/><\/a><\/p>\n[\/vc_column_text][\/vc_column][\/vc_row][vc_row][vc_column][vc_column_text css=&#8221;&#8221;]L\u2019Inserm et le CNRS en partenariat avec la Soci\u00e9t\u00e9 des Neurosciences, et le GIS Autisme et TND, renouvellent l\u2019organisation du stand Neuroscience in France \u00e0 l\u2019occasion du <a href=\"https:\/\/fensforum.org\/\" target=\"_blank\" rel=\"noopener\">FENS Forum<\/a>.<\/p>\n<p>Outre la diffusion d\u2019informations relatives aux opportunit\u00e9s de recherche et de financement en France dans le domaine des neurosciences, ce stand constituera une plateforme d\u2019\u00e9changes d\u00e9di\u00e9e \u00e0 la pr\u00e9sentation de l\u2019organisation de la recherche fran\u00e7aise en neurosciences, ainsi qu\u2019\u00e0 l\u2019exploration des perspectives d\u2019emplois et de postes de recherche. Il s\u2019adresse aux \u00e9tudiant\u00b7e\u00b7s, post-doctorant\u00b7e\u00b7s et chercheur\u00b7e\u00b7s fran\u00e7ais\u00b7e\u00b7s actuellement en mobilit\u00e9 internationale, ainsi qu&#8217;aux coll\u00e8gues de nationalit\u00e9 \u00e9trang\u00e8re int\u00e9ress\u00e9\u00b7e\u00b7s par un s\u00e9jour scientifique ou une installation en France. Il a \u00e9galement pour objectif d\u2019assurer la repr\u00e9sentation des diff\u00e9rents sites et instituts fran\u00e7ais de recherche en neurosciences<\/p>\n<p>Ce stand sera mis \u00e0 la disposition des repr\u00e9sentant\u00b7e\u00b7s des diff\u00e9rents laboratoires et f\u00e9d\u00e9rations de recherche afin de leur permettre d\u2019\u00e9changer librement avec toutes personnes int\u00e9ress\u00e9es (dans la limite des cr\u00e9neaux horaires d\u00e9finis). Nous vous invitons \u00e0 vous munir de toute documentation ou information que vous jugerez utiles concernant vos activit\u00e9s de recherche, votre centre ainsi que votre r\u00e9gion. Ces \u00e9l\u00e9ments seront \u00e9galement centralis\u00e9s sur des cl\u00e9s USB, lesquelles seront remises aux visiteurs et visiteuses du stand.<\/p>\n<p>Si vous souhaitez participer \u00e0 cette manifestation, et que votre laboratoire\/f\u00e9d\u00e9ration soit pr\u00e9sent\u00e9 sur la cl\u00e9 USB, nous vous remercions de bien vouloir nous faire parvenir le formulaire de contribution (400 \u20ac pour les laboratoires \/ 700 \u20ac pour les f\u00e9d\u00e9rations), accompagn\u00e9 de votre bon de commande ainsi que d\u2019un document de pr\u00e9sentation au format PDF, au secr\u00e9tariat de la Soci\u00e9t\u00e9 des Neurosciences \u00e0 : info@societe-neurosciences.fr, <span style=\"color: #ff0000;\"><strong>au plus tard le 15 avril 2026<\/strong><\/span>.<\/p>\n<p>&nbsp;<\/p>\n<p><a href=\"https:\/\/www.neurosciences.asso.fr\/wp-content\/uploads\/2026\/02\/Formulaire-de-contribution-laboratoires.docx\" target=\"_blank\" rel=\"noopener\">T\u00e9l\u00e9chargez le formulaire de contribution pour les laboratoires.<\/a><\/p>\n<p><a href=\"https:\/\/www.neurosciences.asso.fr\/wp-content\/uploads\/2026\/02\/Formulaire-de-contribution-fondations.docx\" target=\"_blank\" rel=\"noopener\">T\u00e9l\u00e9chargez le formulaire de contribution pour les f\u00e9d\u00e9rations.<\/a><\/p>\n<p>&nbsp;<\/p>\n<p>Seuls les laboratoires ou f\u00e9d\u00e9rations dont le bon de commande et le PDF seront parvenus au secr\u00e9tariat de la Soci\u00e9t\u00e9 des Neurosciences <strong>avant le 15 avril<\/strong> seront pr\u00e9sent\u00e9s sur le stand et la cl\u00e9 USB.<\/p>\n<p>&nbsp;<\/p>\n<p><a href=\"https:\/\/www.neurosciences.asso.fr\/wp-content\/uploads\/2026\/02\/Lettre-des-organisateurs.pdf\" target=\"_blank\" rel=\"noopener\">T\u00e9l\u00e9chargez la lettre des organisateurs<\/a>.[\/vc_column_text][\/vc_column][\/vc_row][vc_row][vc_column][vc_single_image image=&#8221;23916&#8243; img_size=&#8221;large&#8221;][\/vc_column][\/vc_row]\n<\/div>","protected":false},"excerpt":{"rendered":"<p>[vc_row][vc_column][vc_column_text css=&#8221;&#8221;] Stand Neuroscience in France [\/vc_column_text][\/vc_column][\/vc_row][vc_row][vc_column width=&#8221;1\/3&#8243;][vc_column_text] [\/vc_column_text][\/vc_column][vc_column width=&#8221;1\/3&#8243;][vc_column_text] [\/vc_column_text][\/vc_column][vc_column width=&#8221;1\/3&#8243;][vc_column_text] [\/vc_column_text][\/vc_column][\/vc_row][vc_row][vc_column][vc_column_text css=&#8221;&#8221;]L\u2019Inserm et le CNRS en partenariat avec la Soci\u00e9t\u00e9 des Neurosciences, et le GIS Autisme et TND, renouvellent l\u2019organisation du stand Neuroscience in France \u00e0 l\u2019occasion du FENS Forum. Outre la diffusion d\u2019informations relatives aux opportunit\u00e9s de recherche et de financement en [&hellip;]<\/p>\n","protected":false},"author":25,"featured_media":0,"parent":0,"menu_order":0,"comment_status":"closed","ping_status":"closed","template":"","meta":{"footnotes":""},"class_list":["post-21348","page","type-page","status-publish","hentry"],"publishpress_future_action":{"enabled":false,"date":"2026-04-28 06:09:39","action":"change-status","newStatus":"draft","terms":[],"taxonomy":"translation_priority"},"publishpress_future_workflow_manual_trigger":{"enabledWorkflows":[]},"_links":{"self":[{"href":"https:\/\/www.neurosciences.asso.fr\/en\/wp-json\/wp\/v2\/pages\/21348","targetHints":{"allow":["GET"]}}],"collection":[{"href":"https:\/\/www.neurosciences.asso.fr\/en\/wp-json\/wp\/v2\/pages"}],"about":[{"href":"https:\/\/www.neurosciences.asso.fr\/en\/wp-json\/wp\/v2\/types\/page"}],"author":[{"embeddable":true,"href":"https:\/\/www.neurosciences.asso.fr\/en\/wp-json\/wp\/v2\/users\/25"}],"replies":[{"embeddable":true,"href":"https:\/\/www.neurosciences.asso.fr\/en\/wp-json\/wp\/v2\/comments?post=21348"}],"version-history":[{"count":46,"href":"https:\/\/www.neurosciences.asso.fr\/en\/wp-json\/wp\/v2\/pages\/21348\/revisions"}],"predecessor-version":[{"id":28773,"href":"https:\/\/www.neurosciences.asso.fr\/en\/wp-json\/wp\/v2\/pages\/21348\/revisions\/28773"}],"wp:attachment":[{"href":"https:\/\/www.neurosciences.asso.fr\/en\/wp-json\/wp\/v2\/media?parent=21348"}],"curies":[{"name":"wp","href":"https:\/\/api.w.org\/{rel}","templated":true}]}}