{"id":21330,"date":"2023-11-06T12:50:48","date_gmt":"2023-11-06T10:50:48","guid":{"rendered":"https:\/\/www.neurosciences.asso.fr\/lecture-alfred-fessard-2023\/"},"modified":"2026-04-29T09:14:03","modified_gmt":"2026-04-29T07:14:03","slug":"lecture-alfred-fessard-2023","status":"publish","type":"page","link":"https:\/\/www.neurosciences.asso.fr\/en\/lecture-alfred-fessard-2023\/","title":{"rendered":"Alfred Fessard Lecture"},"content":{"rendered":"<div class=\"wpb-content-wrapper\">[vc_row][vc_column][vc_column_text css=&#8221;&#8221;]\n<h2>Lecture Alfred Fessard<\/h2>\n[\/vc_column_text][\/vc_column][\/vc_row][vc_row][vc_column width=&#8221;1\/2&#8243;][vc_cta h2=&#8221;&#8221; add_icon=&#8221;top&#8221; i_icon_fontawesome=&#8221;fas fa-calendar-alt&#8221; i_color=&#8221;custom&#8221; css=&#8221;.vc_custom_1777446154312{margin-left: 30px !important;}&#8221; i_on_border=&#8221;true&#8221; i_custom_color=&#8221;#faa316&#8243;]\n<p style=\"text-align: center;\">La lecture Alfred Fessard 2026 sera donn\u00e9e<\/p>\n<p style=\"text-align: center;\">par <strong>Claire Rampon <\/strong>(CRCA, CBI, Toulouse, France)<\/p>\n<p style=\"text-align: center;\">sur le th\u00e8me :<\/p>\n<p style=\"text-align: center;\"><strong>How adult neurogenesis changed our understanding of memory<\/strong><\/p>\n<p style=\"text-align: center;\"><strong>le mercredi 27 mai 2026 \u00e0 14h00<\/strong><\/p>\n<p style=\"text-align: center;\">au Centre de Biologie Int\u00e9grative de Toulouse, dans le cadre des <a href=\"https:\/\/neurosciences.asso.fr\/JT2026\/\" target=\"_blank\" rel=\"noopener\">Journ\u00e9es Th\u00e9matiques 2026<\/a>.<\/p>\n[\/vc_cta][\/vc_column][vc_column width=&#8221;1\/2&#8243;][vc_column_text css=&#8221;.vc_custom_1777446816639{margin-top: 50px !important;}&#8221;]\n<p style=\"text-align: center;\"><a href=\"https:\/\/www.neurosciences.asso.fr\/wp-content\/uploads\/2026\/04\/photo-Claire-Rampon-copie-300x200.png\"><img loading=\"lazy\" decoding=\"async\" class=\"wp-image-29322 aligncenter\" src=\"https:\/\/www.neurosciences.asso.fr\/wp-content\/uploads\/2026\/04\/photo-Claire-Rampon-copie-300x200.png\" alt=\"\" width=\"422\" height=\"281\" srcset=\"https:\/\/www.neurosciences.asso.fr\/wp-content\/uploads\/2026\/04\/photo-Claire-Rampon-copie-300x200.png 300w, https:\/\/www.neurosciences.asso.fr\/wp-content\/uploads\/2026\/04\/photo-Claire-Rampon-copie-1024x683.png 1024w, https:\/\/www.neurosciences.asso.fr\/wp-content\/uploads\/2026\/04\/photo-Claire-Rampon-copie-768x512.png 768w, https:\/\/www.neurosciences.asso.fr\/wp-content\/uploads\/2026\/04\/photo-Claire-Rampon-copie-1536x1025.png 1536w, https:\/\/www.neurosciences.asso.fr\/wp-content\/uploads\/2026\/04\/photo-Claire-Rampon-copie-2048x1367.png 2048w\" sizes=\"auto, (max-width: 422px) 100vw, 422px\" \/><\/a>\u00a9 Julie Bourges<\/p>\n[\/vc_column_text][\/vc_column][\/vc_row][vc_row][vc_column][vc_cta h2=&#8221;Portrait de Claire Rampon, par Laure Verret et Christelle Peyron&#8221; h2_font_container=&#8221;tag:h2|text_align:left|color:%23faa316&#8243; h2_google_fonts=&#8221;font_family:Open%20Sans%3A300%2C300italic%2Cregular%2Citalic%2C600%2C600italic%2C700%2C700italic%2C800%2C800italic|font_style:400%20regular%3A400%3Anormal&#8221; add_icon=&#8221;left&#8221; i_icon_fontawesome=&#8221;fas fa-quote-left&#8221; i_color=&#8221;custom&#8221; css=&#8221;&#8221; use_custom_fonts_h2=&#8221;true&#8221; i_on_border=&#8221;true&#8221; i_custom_color=&#8221;#faa316&#8243;]Apr\u00e8s avoir grandi dans le M\u00e2connais, c\u2019est naturellement que Claire Rampon a poursuivi ses \u00e9tudes sup\u00e9rieures en biologie \u00e0 l\u2019Universit\u00e9 Claude Bernard Lyon 1. En 1993, elle rejoint le laboratoire de Michel Jouvet, qu\u2019il avait baptis\u00e9, avec un certain sens de la formule, \u00ab Onirologie mol\u00e9culaire \u00bb, et dont l\u2019approche int\u00e9grative du cerveau a profond\u00e9ment influenc\u00e9 le parcours de Claire. Il est d\u2019ailleurs particuli\u00e8rement symbolique que Michel Jouvet ait lui-m\u00eame \u00e9t\u00e9 laur\u00e9at du Prix Alfred Fessard en 1994. Claire y m\u00e8nera ses travaux de th\u00e8se (soutenue en 1997) sous la direction de P.-H. Luppi et P. Fort, travaux qui ont permis d\u2019identifier les m\u00e9canismes inhibiteurs responsables de l\u2019atonie musculaire caract\u00e9ristique du sommeil paradoxal.<\/p>\n<p>C\u2019est toutefois vers un autre champ que Claire Rampon va rapidement se tourner. Une bourse postdoctorale de la Fondation Fyssen en poche, elle poursuit sa carri\u00e8re \u00e0 Princeton University, dans le laboratoire de Joe Tsien, o\u00f9 elle d\u00e9couvre l\u2019\u00e9tude des m\u00e9canismes de la m\u00e9moire. Son activit\u00e9 scientifique, d\u2019une intensit\u00e9 et d\u2019une productivit\u00e9 remarquables, contribue \u00e0 une s\u00e9rie de travaux majeurs sur les bases mol\u00e9culaires et cellulaires des processus mn\u00e9siques. Ses contributions aux \u00e9tudes sur les r\u00e9cepteurs NMDA, la consolidation et les effets de l\u2019enrichissement environnemental (publi\u00e9es notamment dans Nature, Science, Neuron et PNAS en seulement 3 ans) comptent aujourd\u2019hui parmi les r\u00e9f\u00e9rences les plus cit\u00e9es du domaine. Elle y affirme ce qui restera une signature de l\u2019ensemble de son parcours : un regard de neuroanatomiste, pr\u00e9cis et exigeant, mis au service de questions fonctionnelles fondamentales. Autrement dit, comprendre non seulement o\u00f9 et comment les circuits sont organis\u00e9s, mais aussi ce qu\u2019ils font r\u00e9ellement.<\/p>\n<p>Recrut\u00e9e en 2000 comme ma\u00eetresse de conf\u00e9rences \u00e0 Universit\u00e9 Paris-Sud dans le laboratoire de Serge Laroche, elle d\u00e9couvre l\u2019enseignement, qu\u2019elle investit avec enthousiasme, et s\u2019engage dans l\u2019\u00e9tude de la neurogen\u00e8se adulte hippocampique, domaine de recherche alors en plein essor. Elle contribue \u00e0 en r\u00e9v\u00e9ler la port\u00e9e fonctionnelle et montre que l\u2019int\u00e9gration des neurones form\u00e9s dans le cerveau adulte d\u00e9pend \u00e9troitement de l\u2019exp\u00e9rience et de l\u2019environnement. Ces travaux seront r\u00e9compens\u00e9s en 2002 par l\u2019attribution de la m\u00e9daille de bronze du CNRS.<\/p>\n<p>Une nouvelle \u00e9tape s\u2019ouvre lorsqu\u2019elle est nomm\u00e9e membre junior de l\u2019Institut Universitaire de France en 2003. Elle m\u00e8ne alors de front ses activit\u00e9s d\u2019enseignement \u00e0 Orsay et le d\u00e9veloppement de ses recherches \u00e0 Toulouse, au Centre de Recherches sur la Cognition Animale (CRCA) o\u00f9 elle d\u00e9couvre un \u00e9cosyst\u00e8me scientifique et culturel singulier, particuli\u00e8rement propice aux \u00e9changes et aux id\u00e9es. Cette p\u00e9riode de double ancrage sera d\u00e9terminante : elle choisira de s\u2019installer durablement dans la Ville rose, en rejoignant le CNRS comme charg\u00e9e de recherche.<\/p>\n<p>\u00c0 Toulouse, Claire Rampon d\u00e9veloppe un programme de recherche original \u00e0 l\u2019interface entre la plasticit\u00e9 hippocampique et les fonctions cognitives. Ses travaux explorent, avec constance et cr\u00e9ativit\u00e9, la mani\u00e8re dont les neurones nouvellement g\u00e9n\u00e9r\u00e9s s\u2019int\u00e8grent dans les circuits existants et participent \u00e0 la dynamique des souvenirs, en conditions physiologiques et pathologiques, notamment dans des mod\u00e8les de maladies neurod\u00e9g\u00e9n\u00e9ratives, contribution reconnue par le prix FRM Marie-Paule Burrus en 2019.<\/p>\n<p>Mais l\u2019apport de Claire Rampon ne se mesure pas uniquement \u00e0 ses r\u00e9sultats exp\u00e9rimentaux. Directrice-adjointe du Centre de Recherches sur la Cognition Animale pendant trois ans, puis directrice de ce m\u00eame laboratoire depuis 2018, co-responsable de l\u2019\u00e9quipe REMEMBeR, elle joue un r\u00f4le majeur dans la structuration des neurosciences \u00e0 Toulouse, ainsi que dans la construction du Centre de Biologie Int\u00e9grative. Depuis plus de dix ans, Claire Rampon \u0153uvre avec succ\u00e8s \u00e0 faire \u00e9merger et d\u00e9velopper un environnement scientifique reconnu, fond\u00e9 sur le dialogue entre niveaux d\u2019analyses, du circuit au comportement, pr\u00f4nant avec force et conviction la culture de la collaboration, de l\u2019\u00e9quit\u00e9, de la diversit\u00e9 et de la visibilit\u00e9 des femmes en sciences.<\/p>\n<p>Par la coh\u00e9rence de son parcours, la profondeur de ses contributions et la mani\u00e8re dont elle a su faire dialoguer anatomie, plasticit\u00e9 et cognition, Claire Rampon s\u2019inscrit pleinement dans l\u2019esprit du Prix Alfred Fessard, un prix qui distingue autant des avanc\u00e9es scientifiques majeures que des personnalit\u00e9s qui font vivre et progresser leur discipline.[\/vc_cta][\/vc_column][\/vc_row][vc_row][vc_column][vc_toggle title=&#8221;List of previous lectures&#8221; color=&#8221;orange&#8221; custom_font_container=&#8221;tag:h2|text_align:left|color:%23faa316&#8243; custom_google_fonts=&#8221;font_family:Open%20Sans%3A300%2C300italic%2Cregular%2Citalic%2C600%2C600italic%2C700%2C700italic%2C800%2C800italic|font_style:400%20regular%3A400%3Anormal&#8221; css=&#8221;&#8221; use_custom_heading=&#8221;true&#8221;]\n<ul>\n<li>Catherine Tallon-Baudry (2025)<br \/>\n<a href=\"https:\/\/www.neurosciences.asso.fr\/en\/greater-than-the-sum-of-its-parts-brain-heart-and-stomach\/\" target=\"_blank\" rel=\"noopener\">Greater than the sum of its parts: brain, heart and stomach<\/a><\/li>\n<li>Simon Thorpe (2024)<br \/>\n<a href=\"https:\/\/www.neurosciences.asso.fr\/neuroscience-and-ai-what-can-ai-learn-from-how-the-brain-computes\/\" target=\"_blank\" rel=\"noopener\">Neuroscience and AI \u2013 What can AI learn from how the brain computes?<\/a><\/li>\n<li>Vincent Pr\u00e9vot (2023)<br \/>\n<a href=\"https:\/\/www.neurosciences.asso.fr\/the-neuroendocrine-key-to-the-brain-aging-enigma\/\" target=\"_blank\" rel=\"noopener\">The neuroendocrine key to the brain aging enigma<\/a><\/li>\n<li>Angela Sirigu (2022)<br \/>\n<a href=\"https:\/\/www.neurosciences.asso.fr\/en\/on-the-neural-origin-of-attachement-and-sociality\/\" target=\"_blank\" rel=\"noopener\">On the neural origin of attachement and sociality<\/a><\/li>\n<li>Philippe Vernier (2021)<br \/>\n<a href=\"https:\/\/www.neurosciences.asso.fr\/wp-content\/uploads\/2022\/04\/Flyer_LECTURE-AF2021.pdf\" target=\"_blank\" rel=\"noopener\">Histoire naturelle de la diversit\u00e9 du cerveau des vert\u00e9br\u00e9s : g\u00e8nes \u00e9go\u00efstes et contraintes souveraines<\/a><\/li>\n<li>Colette Dehay (2020)<br \/>\n<a href=\"https:\/\/www.neurosciences.asso.fr\/wp-content\/uploads\/2020\/10\/Flyer_LECTURE-AF2020-1.pdf\" target=\"_blank\" rel=\"noopener\">Sp\u00e9cificit\u00e9 de la corticogen\u00e8se chez le primate<\/a><\/li>\n<li>Christophe Mulle (2019)<br \/>\n<a href=\"https:\/\/www.neurosciences.asso.fr\/wp-content\/uploads\/2019\/09\/LECTURE-AF2019.pdf\" target=\"_blank\" rel=\"noopener\">Plasticit\u00e9 pr\u00e9synaptique dans les circuits de l&#8217;hippocampe<\/a><\/li>\n<li>Charles Duyckaerts (2018)<br \/>\n<a href=\"https:\/\/www.neurosciences.asso.fr\/wp-content\/uploads\/2018\/08\/LECTURE-AF2018-1.pdf\" target=\"_blank\" rel=\"noopener\">La maladie d&#8217;Alzheimer et ses \u201cpropagons\u201d<\/a><\/li>\n<li>Patrick Charnay (2017)<br \/>\n<a href=\"https:\/\/www.neurosciences.asso.fr\/wp-content\/uploads\/2017\/07\/LECTURE-AF2017.pdf\" target=\"_blank\" rel=\"noopener\">M\u00e9canismes mol\u00e9culaires de la r\u00e9gionalisation du cerveau post\u00e9rieur des vert\u00e9br\u00e9s<\/a><\/li>\n<li>Genevi\u00e8ve Rougon (2016)<br \/>\n<a href=\"https:\/\/www.neurosciences.asso.fr\/wp-content\/uploads\/2016\/10\/LECTURE-AF2016_Web.pdf\" target=\"_blank\" rel=\"noopener\">R\u00e9trospective de 40 ann\u00e9es de recherche : d\u00e9veloppement et pathologies du syst\u00e8me nerveux.<\/a><\/li>\n<li>Antoine Triller (2015)<br \/>\n<a href=\"https:\/\/www.neurosciences.asso.fr\/wp-content\/uploads\/2016\/10\/LECTURE-AF2015_Web.pdf\" target=\"_blank\" rel=\"noopener\">La synapse dynamique : 1980-2015.<\/a><\/li>\n<li>Patrick Chauvel (2014)<br \/>\n<a href=\"https:\/\/www.neurosciences.asso.fr\/wp-content\/uploads\/2016\/10\/LECTURE-AF2014_Web.pdf\" target=\"_blank\" rel=\"noopener\">Emergence de la s\u00e9miologie dans les crises d&#8217;\u00e9pilepsie.<\/a><\/li>\n<li>Patricia Gaspar (2013)<br \/>\n<a href=\"https:\/\/www.neurosciences.asso.fr\/wp-content\/uploads\/2016\/10\/LectureAF2013.pdf\" target=\"_blank\" rel=\"noopener\">Les singularit\u00e9s d&#8217;un syst\u00e8me de neurotransmission diffus.<\/a><\/li>\n<li>Alain Prochiantz (2012)<br \/>\n<a href=\"https:\/\/www.neurosciences.asso.fr\/wp-content\/uploads\/2016\/10\/LectureAF2012.pdf\" target=\"_blank\" rel=\"noopener\">D\u00e9veloppement du syst\u00e8me nerveux.<\/a><\/li>\n<li>Jo\u00ebl Bockaert (2011)<br \/>\n<a href=\"https:\/\/www.neurosciences.asso.fr\/wp-content\/uploads\/2016\/10\/LectureAF2011_Bockaert.pdf\" target=\"_blank\" rel=\"noopener\">Les r\u00e9cepteurs m\u00e9tabotropiques synaptiques : subtils objets de communication et d&#8217;adaptation.<\/a><\/li>\n<li>Bernard Bioulac (2010)<br \/>\n<a href=\"https:\/\/www.neurosciences.asso.fr\/wp-content\/uploads\/2016\/10\/LectureAF2010-Bioulac.pdf\" target=\"_blank\" rel=\"noopener\">Les boucles cortico-sous cortico-corticales dans la planification de l&#8217;action. Approche \u00e9lectrophysiologique en situations normale et pathologique.<\/a><\/li>\n<li>Christine Petit (2009)<br \/>\n<a href=\"https:\/\/www.neurosciences.asso.fr\/wp-content\/uploads\/2016\/10\/LectureAF2009_Petit.pdf\" target=\"_blank\" rel=\"noopener\">Des g\u00e8nes de la surdit\u00e9 \u00e0 la physiologie auditive.<\/a><\/li>\n<li>Yehezkel Ben-Ari (2008)<br \/>\n<a href=\"https:\/\/www.neurosciences.asso.fr\/wp-content\/uploads\/2016\/10\/LectureAF2008_Ben-Ari.pdf\" target=\"_blank\" rel=\"noopener\">G\u00e8nes et environnement.<\/a><\/li>\n<li>Stanislas Dehaene (2007)<br \/>\n<a href=\"https:\/\/www.neurosciences.asso.fr\/wp-content\/uploads\/2016\/10\/LectureAF2007_De-Haene.pdf\" target=\"_blank\" rel=\"noopener\">Putting neurons in culture: explorations of the neuronal architecture for reading.<\/a><\/li>\n<li>Philippe Ascher (2006)<br \/>\n<a href=\"https:\/\/www.neurosciences.asso.fr\/wp-content\/uploads\/2016\/10\/LectureAF2006.pdf\" target=\"_blank\" rel=\"noopener\">R\u00e9cepteurs, canaux et synapses.<\/a><\/li>\n<li>Michel Le Moal (2005)<br \/>\n<a href=\"https:\/\/www.neurosciences.asso.fr\/wp-content\/uploads\/2016\/10\/LectureAF2005.pdf\" target=\"_blank\" rel=\"noopener\">Neuroadaptation et vuln\u00e9rabilit\u00e9.<\/a><\/li>\n<li>Michel Lazdunski (2004)<br \/>\n<a href=\"https:\/\/www.neurosciences.asso.fr\/wp-content\/uploads\/2016\/10\/LectureAF2004.pdf\" target=\"_blank\" rel=\"noopener\">Des canaux ioniques, des pathologies, des m\u00e9dicaments.<\/a><\/li>\n<li>Marc Jeannerod (2003)<br \/>\n<a href=\"https:\/\/www.neurosciences.asso.fr\/wp-content\/uploads\/2016\/10\/LecturAF2003.pdf\" target=\"_blank\" rel=\"noopener\">Neurosciences cognitives de l&#8217;action.<\/a><\/li>\n<li>Jean-Marie Besson (2002)<br \/>\n<a href=\"https:\/\/www.neurosciences.asso.fr\/wp-content\/uploads\/2016\/10\/Lecture-A.-Fessard-2002_Besson.pdf\" target=\"_blank\" rel=\"noopener\">The pharmacology of pain : basic research is flourishing but clinical implications are still limited.<\/a><\/li>\n<li>Nicole Le Douarin (2001)<br \/>\n<a href=\"https:\/\/www.neurosciences.asso.fr\/wp-content\/uploads\/2016\/10\/LectureAF2001.pdf\" target=\"_blank\" rel=\"noopener\">Morphogen\u00e8se de l\u2019\u00e9bauche neurale des vert\u00e9br\u00e9s amniotes et interactions cellulaires entre ses diff\u00e9rentes composantes.<\/a><\/li>\n<li>Claude Kordon (2000)<br \/>\n<a href=\"https:\/\/www.neurosciences.asso.fr\/wp-content\/uploads\/2016\/10\/LectureAF2000.pdf\" target=\"_blank\" rel=\"noopener\">De la neuros\u00e9cr\u00e9tion au comportement : les m\u00e9tamorphoses de la neuroendocrinologie.<\/a><\/li>\n<li>Robert Naquet (1999)<br \/>\nEpilepsies r\u00e9flexes.<\/li>\n<li>Jean Massion (1998)<br \/>\nPosture et mouvement : apprentissage et adaptation.<\/li>\n<li>Ladislav Tauc (1997)<br \/>\nHistoire d\u2019une synapse. M\u00e9canismes pr\u00e9synaptiques.<\/li>\n<li>Bernard Droz (1996)<br \/>\nStructure dynamique du neurone. Aventure d&#8217;une passion.<\/li>\n<li>Hersch Gerschenfeld (1995)<br \/>\nSynapses in vitro : des ganglions de mollusques aux tranches de cervelet.<\/li>\n<li>Michel Jouvet (1994)<br \/>\n<a href=\"https:\/\/www.neurosciences.asso.fr\/wp-content\/uploads\/2016\/10\/LectureAF2000.pdf\" target=\"_blank\" rel=\"noopener\">S\u00e9rotonine et sommeil : 35 ans de cohabitation.<\/a><\/li>\n<li>Pierre Buser (1993)<br \/>\n<a href=\"https:\/\/www.neurosciences.asso.fr\/wp-content\/uploads\/2016\/10\/LectureAF1993.pdf\" target=\"_blank\" rel=\"noopener\">Neurobiologie de l&#8217;attention : r\u00e9sultats, \u00e9cueils et perspectives des analyses chez l&#8217;animal.<\/a><\/li>\n<li>Andr\u00e9e Tixier-Vidal (1992)<br \/>\nLe neurone s\u00e9cr\u00e9teur : \u00e9volution des concepts, d\u00e9veloppements r\u00e9cents et controverses.<\/li>\n<li>Yves Laporte (1991)<br \/>\nQu&#8217;est-ce que la proprioception musculaire ?<\/li>\n<li>Ren\u00e9 Couteaux (1990)<br \/>\nLes jonctions intercellulaires synaptiques et non synaptiques dans l&#8217;organisation des tissus excitables.<\/li>\n<\/ul>\n[\/vc_toggle][\/vc_column][\/vc_row]\n<\/div>","protected":false},"excerpt":{"rendered":"<p>[vc_row][vc_column][vc_column_text css=&#8221;&#8221;] Lecture Alfred Fessard [\/vc_column_text][\/vc_column][\/vc_row][vc_row][vc_column width=&#8221;1\/2&#8243;][vc_cta h2=&#8221;&#8221; add_icon=&#8221;top&#8221; i_icon_fontawesome=&#8221;fas fa-calendar-alt&#8221; i_color=&#8221;custom&#8221; css=&#8221;.vc_custom_1777446154312{margin-left: 30px !important;}&#8221; i_on_border=&#8221;true&#8221; i_custom_color=&#8221;#faa316&#8243;] La lecture Alfred Fessard 2026 sera donn\u00e9e par Claire Rampon (CRCA, CBI, Toulouse, France) sur le th\u00e8me : How adult neurogenesis changed our understanding of memory le mercredi 27 mai 2026 \u00e0 14h00 au Centre de Biologie Int\u00e9grative [&hellip;]<\/p>\n","protected":false},"author":25,"featured_media":0,"parent":0,"menu_order":0,"comment_status":"closed","ping_status":"closed","template":"","meta":{"footnotes":""},"class_list":["post-21330","page","type-page","status-publish","hentry"],"publishpress_future_action":{"enabled":false,"date":"2026-05-14 20:27:42","action":"change-status","newStatus":"draft","terms":[],"taxonomy":"translation_priority"},"publishpress_future_workflow_manual_trigger":{"enabledWorkflows":[]},"_links":{"self":[{"href":"https:\/\/www.neurosciences.asso.fr\/en\/wp-json\/wp\/v2\/pages\/21330","targetHints":{"allow":["GET"]}}],"collection":[{"href":"https:\/\/www.neurosciences.asso.fr\/en\/wp-json\/wp\/v2\/pages"}],"about":[{"href":"https:\/\/www.neurosciences.asso.fr\/en\/wp-json\/wp\/v2\/types\/page"}],"author":[{"embeddable":true,"href":"https:\/\/www.neurosciences.asso.fr\/en\/wp-json\/wp\/v2\/users\/25"}],"replies":[{"embeddable":true,"href":"https:\/\/www.neurosciences.asso.fr\/en\/wp-json\/wp\/v2\/comments?post=21330"}],"version-history":[{"count":76,"href":"https:\/\/www.neurosciences.asso.fr\/en\/wp-json\/wp\/v2\/pages\/21330\/revisions"}],"predecessor-version":[{"id":29343,"href":"https:\/\/www.neurosciences.asso.fr\/en\/wp-json\/wp\/v2\/pages\/21330\/revisions\/29343"}],"wp:attachment":[{"href":"https:\/\/www.neurosciences.asso.fr\/en\/wp-json\/wp\/v2\/media?parent=21330"}],"curies":[{"name":"wp","href":"https:\/\/api.w.org\/{rel}","templated":true}]}}