{"id":21092,"date":"2014-11-27T18:21:01","date_gmt":"2014-11-27T17:21:01","guid":{"rendered":"https:\/\/www.neurosciences.asso.fr\/training-career\/masters-doctorat\/"},"modified":"2026-01-22T16:47:56","modified_gmt":"2026-01-22T14:47:56","slug":"masters-doctorat","status":"publish","type":"page","link":"https:\/\/www.neurosciences.asso.fr\/en\/masters-doctorat\/","title":{"rendered":"Masters &#8211; PhD"},"content":{"rendered":"<div class=\"wpb-content-wrapper\">[vc_row][vc_column][vc_column_text]Si les \u00e9tudes en neurosciences vous int\u00e9ressent, il existe des formations sp\u00e9cialis\u00e9es \u00e0 partir du Master. L&#8217;enseignement des neurosciences peut, suivant les universit\u00e9s, \u00eatre consid\u00e9r\u00e9 comme une sp\u00e9cialit\u00e9 \u00e0 part enti\u00e8re ou comme une mention au sein d&#8217;un domaine plus large (sciences de la vie, sciences humaine et sociale, etc&#8230;).<br \/>\nSelon les universit\u00e9s et les programmes, il existe de nombreux parcours adapt\u00e9s \u00e0 votre projet dans une m\u00eame universit\u00e9 ou dans plusieurs universit\u00e9s en France ou en Europe.<\/p>\n<p>Si des \u00e9tudes en Europe vous int\u00e9ressent, il existe plusieurs syst\u00e8mes de financement et de collaboration entre universit\u00e9s pour vous permettre de r\u00e9aliser votre parcours personnel :<\/p>\n<ul>\n<li><a href=\"https:\/\/info.erasmusplus.fr\/\" target=\"_blank\" rel=\"noopener noreferrer\">Site ERASMUS+<\/a><\/li>\n<\/ul>\n[\/vc_column_text][\/vc_column][\/vc_row][vc_row][vc_column][vc_custom_heading text=&#8221;List of Masters and Doctoral Schools&#8221; font_container=&#8221;tag:h2|text_align:left|color:%231f325e&#8221; google_fonts=&#8221;font_family:Open%20Sans%3A300%2C300italic%2Cregular%2Citalic%2C600%2C600italic%2C700%2C700italic%2C800%2C800italic|font_style:600%20bold%20regular%3A600%3Anormal&#8221;][\/vc_column][\/vc_row][vc_row][vc_column][vc_column_text]This list is not exhaustive. Please do not hesitate to contact us for further information.[\/vc_column_text][\/vc_column][\/vc_row][vc_row][vc_column css=&#8221;.vc_custom_1699020390057{background-color: #ffffff !important;}&#8221;][vc_tta_accordion color=&#8221;white&#8221; active_section=&#8221;1&#8243; css=&#8221;.vc_custom_1699020443603{background-color: #ffffff !important;}&#8221;][vc_tta_section title=&#8221;Auvergne Rh\u00f4ne-Alpes&#8221; tab_id=&#8221;1505137189127-5f65358c-8afe&#8221;][vc_column_text]\n<h4><span style=\"color: #faa316;\">A Grenoble<\/span><\/h4>\n<ul>\n<li><a href=\"https:\/\/formations.univ-grenoble-alpes.fr\/fr\/catalogue-2021\/master-XB\/master-psychologie-IDIVOGAW.html\" target=\"_blank\" rel=\"noopener noreferrer\">Master Psychologie<\/a><\/li>\n<li><a href=\"http:\/\/phelma.grenoble-inp.fr\/fr\/formation\/master-mention-ingenierie-des-la-cognition-de-la-creation-et-des-apprentissages-ic2a-1\" target=\"_blank\" rel=\"noopener noreferrer\">Master Ing\u00e9nierie de la Cognition, de la Cr\u00e9ation, et des Apprentissages<\/a><\/li>\n<li><a href=\"http:\/\/phelma.grenoble-inp.fr\/masters\/master-sciences-cognitives-parcours-cognition-naturelle-et-artificielle-cna--754054.kjsp#page-presentation\" target=\"_blank\" rel=\"noopener noreferrer\">Master Sciences Cognitives &#8211; Parcours Cognition Naturelle et Artificielle (CNA)<\/a><\/li>\n<li><a href=\"https:\/\/edcsv.univ-grenoble-alpes.fr\/fr\/ecole-doctorale-chimie-sciences-du-vivant-795217.kjsp\" target=\"_blank\" rel=\"noopener noreferrer\">Ecole Doctorale Chimie &amp; Sciences du Vivant<\/a><\/li>\n<li><a href=\"https:\/\/doctorat.univ-grenoble-alpes.fr\/ecoles-doctorales\/ecole-doctorale-ingenierie-pour-la-sante-la-cognition-et-l-environnement-isce-668373.kjsp\" target=\"_blank\" rel=\"noopener noreferrer\">Ecole Doctorale Ing\u00e9nierie pour la Sant\u00e9, la Cognition et l&#8217;Environnement<\/a><\/li>\n<\/ul>\n<h4><span style=\"color: #faa316;\">A Lyon<\/span><\/h4>\n<ul>\n<li><a href=\"http:\/\/offre-de-formations.univ-lyon1.fr\/mention-819\/neurosciences.html\" target=\"_blank\" rel=\"noopener noreferrer\">Master mention Neurosciences<\/a><\/li>\n<li><a href=\"https:\/\/idexlyon.universite-lyon.fr\/master-biologie--58466.kjsp?RH=1486453755853\" target=\"_blank\" rel=\"noopener noreferrer\">Master Biologie, labellis\u00e9 IDEXLYON<\/a><\/li>\n<li><a href=\"https:\/\/psycho.univ-lyon2.fr\/servlet\/com.jsbsoft.jtf.core.SG?EXT=core&amp;PROC=SAISIE_LISTE_SOUS_RUBRIQUES_FRONT&amp;ACTION=LISTER&amp;PROFONDEUR=4&amp;RH=1571305876537&amp;RF=1571305876537&amp;RUBRIQUE=1571305876537\" target=\"_blank\" rel=\"noopener noreferrer\">Master Sciences Cognitives<\/a><\/li>\n<li><a href=\"http:\/\/nsco.universite-lyon.fr\/\" target=\"_blank\" rel=\"noopener noreferrer\">Ecole Doctorale Neurosciences et Cognition<\/a><\/li>\n<li><a href=\"https:\/\/edsis.universite-lyon.fr\/\" target=\"_blank\" rel=\"noopener noreferrer\">E\u0301cole Doctorale Sciences Inge\u0301nierie Sante\u0301 SIS<\/a><\/li>\n<\/ul>\n<h4><span style=\"color: #faa316;\">A Clermont-Ferrand<\/span><\/h4>\n<ul>\n<li><a href=\"https:\/\/svsae.ed.uca.fr\/\" target=\"_blank\" rel=\"noopener noreferrer\">E\u0301cole Doctorale des Sciences de la Vie, Sante\u0301, Agronomie, Environnement<\/a><\/li>\n<\/ul>\n[\/vc_column_text][\/vc_tta_section][vc_tta_section title=&#8221;Bourgogne-Franche-Comt\u00e9&#8221; tab_id=&#8221;1505137189129-e3ca5083-eb4a&#8221;][vc_column_text]\n<h4><span style=\"color: #faa316;\">A Besan\u00e7on<\/span><\/h4>\n<ul>\n<li><a href=\"http:\/\/formation.univ-fcomte.fr\/master\/biologie-sante-physiologie-neurosciences-et-comportement\" target=\"_blank\" rel=\"noopener noreferrer\">Master Biologie-Sant\u00e9 &#8211; Physiologie, Neurosciences et Comportement<\/a><\/li>\n<li><a href=\"https:\/\/www.ubfc.fr\/formation_\/etudes-doctorales\/ed-es\/\" target=\"_blank\" rel=\"noopener noreferrer\">Ecole Doctorale Environnements Sant\u00e9<\/a><\/li>\n<\/ul>\n[\/vc_column_text][\/vc_tta_section][vc_tta_section title=&#8221;Bretagne&#8221; tab_id=&#8221;1505137198225-83efe0e7-d6c6&#8243;][vc_column_text css=&#8221;&#8221;]\n<h4><span style=\"color: #faa316;\">A Brest<\/span><\/h4>\n<ul>\n<li><a href=\"https:\/\/formations.univ-brest.fr\/fr\/index\/sciences-humaines-et-sociales-SHS\/master-XB\/master-mention-psychologie-INRC8D3P\/parcours-cognition-apprentissage-evaluation-et-remediation-realite-virtuelle-et-simulation-caer-IOPIG4A3.html\" target=\"_blank\" rel=\"noopener noreferrer\">Master mention Psychologie &#8211; Parcours Cognition, apprentissage, \u00e9valuation et rem\u00e9diation : r\u00e9alit\u00e9 virtuelle et simulation (CAER)<\/a><\/li>\n<li><a href=\"https:\/\/formations.univ-brest.fr\/fr\/index\/sciences-technologies-sante-STS\/master-XB\/master-biologie-sante-INRBURX9\/parcours-neurosciences-cliniques-IWDGDUIN.html\" target=\"_blank\" rel=\"noopener noreferrer\">Master Mention Biologie et Sant\u00e9 &#8211; Parcours M\u00e9thodologie en Neurosciences Cliniques<\/a><\/li>\n<\/ul>\n<h4><span style=\"color: #faa316;\">A Rennes<\/span><\/h4>\n<ul>\n<li><a href=\"https:\/\/medecine.univ-rennes1.fr\/master-2-neurosciences-cliniques\" target=\"_blank\" rel=\"noopener noreferrer\">Master 2 Neurosciences Cliniques<\/a><\/li>\n<\/ul>\n[\/vc_column_text][\/vc_tta_section][vc_tta_section title=&#8221;Centre-Val-de-Loire&#8221; tab_id=&#8221;1505137200303-7c8d0f83-3a80&#8243;][vc_column_text]\n<h4><span style=\"color: #faa316;\">A Tours<\/span><\/h4>\n<ul>\n<li><a href=\"https:\/\/www.univ-tours.fr\/formations\/master-sciences-humaines-et-sociales-mention-psychologie-parcours-cognition-neurosciences-et-psychologie-1\" target=\"_blank\" rel=\"noopener noreferrer\">Master Sciences Humaines et Sociales mention Psychologie &#8211; Parcours Cognition, Neurosciences et Psychologie<\/a><\/li>\n<li><a href=\"https:\/\/collegedoctoral-cvl.fr\/as\/ed\/page.pl?page=ed549&amp;site=CDCVL\" target=\"_blank\" rel=\"noopener noreferrer\">\u00c9cole Doctorale Sant\u00e9, Sciences Biologiques et Chimie du Vivant<\/a><\/li>\n<\/ul>\n<h4><span style=\"color: #faa316;\">A Orl\u00e9ans<\/span><\/h4>\n<ul>\n<li><a href=\"https:\/\/collegedoctoral-cvl.fr\/as\/ed\/page.pl?page=ed549&amp;site=CDCVL\" target=\"_blank\" rel=\"noopener\">\u00c9cole Doctorale Sant\u00e9, Sciences Biologiques et Chimie du Vivant<\/a><\/li>\n<\/ul>\n[\/vc_column_text][\/vc_tta_section][vc_tta_section title=&#8221;Corse&#8221; tab_id=&#8221;1505137202250-40eba6a6-4456&#8243;][vc_column_text]There is no neuroscience program in this area.[\/vc_column_text][\/vc_tta_section][vc_tta_section title=&#8221;Grand-Est&#8221; tab_id=&#8221;1505137204014-ab6c1358-4ef3&#8243;][vc_column_text css=&#8221;&#8221;]\n<h4><span style=\"color: #faa316;\">A Nancy<\/span><\/h4>\n<ul>\n<li><a href=\"https:\/\/idmc.univ-lorraine.fr\/idmc-master-sciences-cognitives\/\" target=\"_blank\" rel=\"noopener noreferrer\">Master Sciences Cognitives<\/a><\/li>\n<li><a href=\"https:\/\/fst.univ-lorraine.fr\/formations\/master-sciences-du-vivant\">Master Sciences du Vivant<\/a><\/li>\n<\/ul>\n<h4><span style=\"color: #faa316;\">A Strasbourg<\/span><\/h4>\n<ul>\n<li><a href=\"https:\/\/www.unistra.fr\/index.php?id=27887&amp;tx_unistrarof_pi1%5Brof-program%5D=ME194&amp;cHash=8acc009b88ce29eab9c1162dec80b199\" target=\"_blank\" rel=\"noopener noreferrer\">Master Sciences du vivant &#8211; Neurosciences : Neurosciences cognitives<\/a><\/li>\n<li><a href=\"https:\/\/www.unistra.fr\/index.php?id=27887&amp;tx_unistrarof_pi1%5Brof-program%5D=ME194&amp;cHash=8acc009b88ce29eab9c1162dec80b199\" target=\"_blank\" rel=\"noopener noreferrer\">Master Sciences du vivant &#8211; Neurosciences : Neurosciences cellulaires et int\u00e9gr\u00e9es<\/a><\/li>\n<li><a href=\"http:\/\/ed.vie-sante.unistra.fr\/\" target=\"_blank\" rel=\"noopener noreferrer\">\u00c9cole Doctorale des Sciences de la Vie et de la Sant\u00e9<\/a><\/li>\n<\/ul>\n[\/vc_column_text][\/vc_tta_section][vc_tta_section title=&#8221;Hauts-de-France&#8221; tab_id=&#8221;1505137205804-24b0c85e-958f&#8221;][vc_column_text]\n<h4><span style=\"color: #faa316;\">A Amiens<\/span><\/h4>\n<ul>\n<li><a href=\"https:\/\/www.u-picardie.fr\/catalogue-formations\/FC\/co\/master-bs-ndca.html\" target=\"_blank\" rel=\"noopener noreferrer\">Master Biologie-Sant\u00e9 &#8211; Parcours Neurosciences du d\u00e9veloppement, de la cognition et des addictions<\/a><\/li>\n<li><a href=\"https:\/\/www.u-picardie.fr\/catalogue-formations\/FI\/co\/master-nci.html\" target=\"_blank\" rel=\"noopener noreferrer\">Master Mention Psychologie &#8211; Parcours type Neuropsychologie Clinique et Int\u00e9grative<\/a><\/li>\n<li><a href=\"https:\/\/www.u-picardie.fr\/ecoles-doctorales\/edsts\/\" target=\"_blank\" rel=\"noopener noreferrer\">E\u0301cole Doctorale Sciences, Technologie, Sante\u0301<\/a><\/li>\n<\/ul>\n<h4><span style=\"color: #faa316;\">A Lille<\/span><\/h4>\n<ul>\n<li><a href=\"https:\/\/master-biologie-sante.univ-lille.fr\/master-2\/parcours-pn\" target=\"_blank\" rel=\"noopener noreferrer\">Master Biologie Sant\u00e9, Parcours Cellular, Integrative and Translational Neuroscience<\/a><\/li>\n<li><a href=\"https:\/\/edbsl.univ-lille.fr\/\" target=\"_blank\" rel=\"noopener noreferrer\">Ecole Doctorale Biologie Sant\u00e9<\/a><\/li>\n<\/ul>\n[\/vc_column_text][\/vc_tta_section][vc_tta_section title=&#8221;Ile de France&#8221; tab_id=&#8221;1505137207479-b3349f19-f96a&#8221;][vc_column_text css=&#8221;&#8221;]\n<h4><span style=\"color: #ff6600;\"><span style=\"color: #faa316;\">A Paris et alentours<\/span><br \/>\n<\/span><\/h4>\n<ul>\n<li><a href=\"http:\/\/master.bip.sorbonne-universite.fr\/fr\/enseignement\/m2_neurosciences.html\" target=\"_blank\" rel=\"noopener noreferrer\">Master Sciences, Technologies, Sant\u00e9 &#8211; Biologie Int\u00e9grative et Physiologie (BIP)<\/a><\/li>\n<li><a href=\"https:\/\/master-neuroscience-paris.fr\/\" target=\"_blank\" rel=\"noopener noreferrer\">Master de Neurosciences Paris Descartes\/Paris Diderot<\/a><\/li>\n<li><a href=\"http:\/\/master.bip.sorbonne-universite.fr\/fr\/index.html\" target=\"_blank\" rel=\"noopener noreferrer\">Master Sciences, Technologies, Sant\u00e9 &#8211; Mention Biologie Integrative et Physiologie<\/a><\/li>\n<li><a href=\"http:\/\/www.mastbio.ens.fr\/\" target=\"_blank\" rel=\"noopener noreferrer\">Master de Biologie de l&#8217;ENS-Paris<\/a><\/li>\n<li><a href=\"https:\/\/master-cognitive-science.ens.psl.eu\/fr\" target=\"_blank\" rel=\"noopener noreferrer\">Master de Sciences Cognitives<\/a><\/li>\n<li><a href=\"https:\/\/www.universite-paris-saclay.fr\/formation\/master\/biologie-sante\/m2-signalisation-cellulaire-et-neurosciences-integratives\" target=\"_blank\" rel=\"noopener noreferrer\">Master 2 Signalisation Cellulaire et Neurosciences int\u00e9gratives\u00a0<\/a><\/li>\n<li><a href=\"http:\/\/www.ufr-psycho.univ-paris8.fr\/Presentation-1044\" target=\"_blank\" rel=\"noopener noreferrer\">Master Psychologie &#8211; Parcours Psychologie Clinique et Neuropsychologie<\/a><\/li>\n<li><a href=\"https:\/\/formations.parisnanterre.fr\/fr\/formations-2023-2024\/les-formations\/master-lmd-05\/staps-activite-physique-adaptee-et-sante-apas-master-JWQHC18E\/psychologie-neurosciences-physiologie-mouvement-cognition-sante-LG2CZV9L.html\" target=\"_blank\" rel=\"noopener noreferrer\">Master Psychologie, Neurosciences, Physiologie : Mouvement, Cognition, Sant\u00e9<\/a><\/li>\n<li><a href=\"https:\/\/ed-clm.parisnanterre.fr\/\" target=\"_blank\" rel=\"noopener noreferrer\">E\u0301cole doctorale Connaissance, Langage, Mode\u0301lisation (CLM)<\/a><\/li>\n<li><a href=\"https:\/\/ed3c.sorbonne-universite.fr\/\" target=\"_blank\" rel=\"noopener noreferrer\">Ecole Doctorale Cerveau-Cognition-Comportement<\/a><\/li>\n<li><a href=\"https:\/\/collegedoctoral.psl.eu\/doctorat-psl\/les-ecoles-doctorales\/ed-568-biosigne\/\" target=\"_blank\" rel=\"noopener noreferrer\">Ecole doctorale &#8220;Biosigne&#8221;<\/a><\/li>\n<li><a href=\"https:\/\/formation.mnhn.fr\/doctorat\/ecole-doctorale-227-2634\" target=\"_blank\" rel=\"noopener noreferrer\">E\u0301cole doctorale Sciences de la Nature et de l&#8217;Homme : e\u0301volution et e\u0301cologie<\/a><\/li>\n<li><a href=\"http:\/\/www.ed393.upmc.fr\/fr\/index.html\" target=\"_blank\" rel=\"noopener noreferrer\">E\u0301cole doctorale Pierre Louis de sante\u0301 publique<\/a><\/li>\n<li><a href=\"http:\/\/www.ed394.upmc.fr\/fr\/index.html\" target=\"_blank\" rel=\"noopener noreferrer\">E\u0301cole doctorale Physiologie, Physiopathologie et The\u0301rapeutique<\/a><\/li>\n<li><a href=\"http:\/\/ecolesdoctorales.parisdescartes.fr\/ed261\/Presentation-de-l-ED-261\/Objectifs-de-l-ED-261\" target=\"_blank\" rel=\"noopener noreferrer\">E\u0301cole Doctorale Cognition, Comportements, Conduites Humaines (3CH)<\/a><\/li>\n<li><a href=\"http:\/\/ecolesdoctorales.parisdescartes.fr\/ed436\/\" target=\"_blank\" rel=\"noopener noreferrer\">E\u0301cole doctorale Me\u0301dicament, Toxicologie, Chimie, Imageries, (MTCI)<\/a><\/li>\n<li><a href=\"https:\/\/www.universite-paris-saclay.fr\/\" target=\"_blank\" rel=\"noopener noreferrer\">E\u0301cole doctorale Sciences du sport, de la motricite\u0301 et du mouvement humain (SSMMH)<\/a><\/li>\n<li><a href=\"http:\/\/www.ed-sante-publique.universite-paris-saclay.fr\/\" target=\"_blank\" rel=\"noopener noreferrer\">E\u0301cole doctorale Sante\u0301 Publique (EDSP)<\/a><\/li>\n<li><a href=\"https:\/\/www.universite-paris-saclay.fr\/ecoles-doctorales\/cancerologie-biologie-medecine-sante#l-ecole-doctorale\" target=\"_blank\" rel=\"noopener noreferrer\">E\u0301cole Doctorale Cance\u0301rologie, Biologie, Me\u0301decine, Sante\u0301<\/a><\/li>\n<\/ul>\n[\/vc_column_text][\/vc_tta_section][vc_tta_section title=&#8221;Normandie&#8221; tab_id=&#8221;1505137209233-5ff739d5-2e22&#8243;][vc_column_text]\n<h4><span style=\"color: #faa316;\">A Caen<\/span><\/h4>\n<ul>\n<li><a href=\"https:\/\/uniform.unicaen.fr\/catalogue\/formation\/master\/7036-master-neurosciences-p.-neurosciences-moleculaires--cellulaires-et-integrees?s=trouver-sa-formation&amp;r=\" target=\"_blank\" rel=\"noopener noreferrer\">Master neurosciences parcours Neurosciences mol\u00e9culaires, cellulaires et int\u00e9gr\u00e9es<\/a><\/li>\n<li><a href=\"https:\/\/uniform.unicaen.fr\/catalogue\/formation\/master\/7119-master-neurosciences-p.-sciences-des-comportements?s=trouver-sa-formation&amp;r=\" target=\"_blank\" rel=\"noopener noreferrer\">Master Neurosciences parcours Sciences des comportements<\/a><\/li>\n<li><a href=\"http:\/\/ed497-nbise.normandie-univ.fr\/\" target=\"_blank\" rel=\"noopener noreferrer\">Ecole Doctorale Normande Biologie Int\u00e9grative, Sant\u00e9, Environnement<\/a><\/li>\n<\/ul>\n<h4><span style=\"color: #faa316;\">A Rouen<\/span><\/h4>\n<ul>\n<li><a href=\"http:\/\/sciences-techniques.univ-rouen.fr\/master-neurosciences-neurosciences-moleculaires-cellulaires-et-integrees-543235.kjsp\" target=\"_blank\" rel=\"noopener noreferrer\">Master Neurosciences, Neurosciences Mol\u00e9culaires, Cellulaires et Int\u00e9gr\u00e9es<\/a><\/li>\n<li><a href=\"http:\/\/ed497-nbise.normandie-univ.fr\/\" target=\"_blank\" rel=\"noopener noreferrer\">Ecole Doctorale Normande Biologie Int\u00e9grative, Sant\u00e9, Environnement<\/a><\/li>\n<\/ul>\n[\/vc_column_text][\/vc_tta_section][vc_tta_section title=&#8221;Nouvelle Aquitaine&#8221; tab_id=&#8221;1505137210921-b06caa2b-c704&#8243;][vc_column_text]\n<h4><span style=\"color: #faa316;\">A Bordeaux<\/span><\/h4>\n<ul>\n<li><a href=\"https:\/\/formations.u-bordeaux.fr\/#\/details-formation?type=formation&amp;id=131\" target=\"_blank\" rel=\"noopener noreferrer\">Master neurosciences<\/a><\/li>\n<li><a href=\"https:\/\/formations.u-bordeaux.fr\/#\/details-formation?type=formation&amp;id=137\" target=\"_blank\" rel=\"noopener noreferrer\">Master sciences cognitives<\/a><\/li>\n<li><a href=\"https:\/\/formations.u-bordeaux.fr\/#\/details-formation?type=parcours-type&amp;id=8491\" target=\"_blank\" rel=\"noopener noreferrer\">Master Psychologie &#8211; Parcours Neuropsychologie Clinique<\/a><\/li>\n<li><a href=\"https:\/\/formations.u-bordeaux.fr\/#\/details-formation?type=parcours-type&amp;id=8495\" target=\"_blank\" rel=\"noopener noreferrer\">Master Psychologie &#8211; Parcours Cognition et Cerveau : Neuropsychologie et Neuroimagerie Cognitives<\/a><\/li>\n<li><a href=\"https:\/\/ed-svs.u-bordeaux.fr\/\" target=\"_blank\" rel=\"noopener noreferrer\">Ecole Doctorale Sciences de la vie et de la Sant\u00e9<\/a><\/li>\n<\/ul>\n<h4><span style=\"color: #faa316;\">A Poitiers<\/span><\/h4>\n<ul>\n<li><a href=\"https:\/\/rfranklin.ed.univ-poitiers.fr\/accueil\/ecole-doctorale\/presentation\/\" target=\"_blank\" rel=\"noopener noreferrer\">\u00c9cole Doctorale \u00c9nergie, Environnement, Biosant\u00e9<\/a><\/li>\n<\/ul>\n[\/vc_column_text][\/vc_tta_section][vc_tta_section title=&#8221;Occitanie&#8221; tab_id=&#8221;1505137217087-c5f0391a-b85e&#8221;][vc_column_text]\n<h4><span style=\"color: #faa316;\">A Toulouse<\/span><\/h4>\n<ul>\n<li><a href=\"http:\/\/www.univ-tlse3.fr\/master-biologie-sante-parcours-neurosciences-comportement-cognition-709091.kjsp\" target=\"_blank\" rel=\"noopener noreferrer\">Master parcours Neurosciences cognitives et int\u00e9gr\u00e9es (NCI)<\/a><\/li>\n<li><a href=\"https:\/\/www.univ-tlse3.fr\/master-parcours-neuropsychologie-et-neurosciences-cliniques-nnc\" target=\"_blank\" rel=\"noopener noreferrer\">Master en Neuropsychologie et Neurosciences Cliniques<\/a><\/li>\n<li><a href=\"http:\/\/clesco.univ-tlse2.fr\/\" target=\"_blank\" rel=\"noopener noreferrer\">Ecole doctorale \u00ab\u00a0Comportement, Langage, Education, Socialisation, Cognition\u00a0\u00bb<\/a><\/li>\n<li><a href=\"https:\/\/ed-bsb.univ-toulouse.fr\/as\/ed\/page.pl?site=edbsb&amp;page=presentation\" target=\"_blank\" rel=\"noopener noreferrer\">E\u0301cole Doctorale Biologie Sante\u0301 Biotechnologies de Toulouse<\/a><\/li>\n<\/ul>\n<h4><span style=\"color: #faa316;\">A Montpellier<\/span><\/h4>\n<ul>\n<li><a href=\"http:\/\/masterbs.edu.umontpellier.fr\/accueil\/\" target=\"_blank\" rel=\"noopener noreferrer\">Master Biologie Sant\u00e9<\/a><\/li>\n<li><a href=\"https:\/\/edcbs2.umontpellier.fr\/index.html?language=fr&amp;page=home\" target=\"_blank\" rel=\"noopener noreferrer\">Ecole Doctorale Sciences Chimiques et Biologiques pour la Sant\u00e9<\/a><\/li>\n<\/ul>\n[\/vc_column_text][\/vc_tta_section][vc_tta_section title=&#8221;Pays de la Loire&#8221; tab_id=&#8221;1505137219110-7f6a6378-875a&#8221;][vc_column_text]\n<h4><span style=\"color: #faa316;\">A Angers<\/span><\/h4>\n<ul>\n<li><a href=\"https:\/\/formations.univ-angers.fr\/fr\/offre-de-formation\/master-lmd-MLMD\/sciences-humaines-et-sociales-SHS\/master-psychologie-clinique-psychopathologie-et-psychologie-de-la-sante-KV25FUFL.html\" target=\"_blank\" rel=\"noopener noreferrer\">Master parcours Neuropsychologie<\/a><\/li>\n<li><a href=\"https:\/\/ed-bs.doctorat-paysdelaloire.fr\/\" target=\"_blank\" rel=\"noopener noreferrer\">E\u0301cole Doctorale Biologie Sante\u0301<\/a><\/li>\n<\/ul>\n[\/vc_column_text][\/vc_tta_section][vc_tta_section title=&#8221;Provence-Alpes-C\u00f4te d\u2019Azur&#8221; tab_id=&#8221;1505137221140-e6742536-5fb0&#8243;][vc_column_text]\n<h4><span style=\"color: #faa316;\">A Marseille<\/span><\/h4>\n<ul>\n<li><a href=\"http:\/\/neuro-marseille.org\/fr\/master-de-neurosciences\/\" target=\"_blank\" rel=\"noopener noreferrer\">Masters Neurosciences<\/a><\/li>\n<li><a href=\"https:\/\/formations.univ-amu.fr\/fr\/master\/5HPS\/PRHPS5AD\" target=\"_blank\" rel=\"noopener noreferrer\">Master Psychologie<\/a><\/li>\n<li><a href=\"https:\/\/ecole-doctorale-62.univ-amu.fr\/\" target=\"_blank\" rel=\"noopener noreferrer\">Ecole Doctorale Sciences de la vie et de la sant\u00e9<\/a><\/li>\n<li><a href=\"https:\/\/ecole-doctorale-356.univ-amu.fr\/\" target=\"_blank\" rel=\"noopener noreferrer\">E\u0301cole Doctorale Cognition, Langage, Education<\/a><\/li>\n<li><a href=\"https:\/\/ecole-doctorale-463.univ-amu.fr\/\" target=\"_blank\" rel=\"noopener noreferrer\">E\u0301cole Doctorale Sciences du Mouvement Humain<\/a><\/li>\n<\/ul>\n<h4><span style=\"color: #faa316;\">A Nice<\/span><\/h4>\n<ul>\n<li><a href=\"https:\/\/univ-cotedazur.fr\/offre-de-formation\/parcours-neurosciences-cellulaires-et-integrees-nci-2\" target=\"_blank\" rel=\"noopener noreferrer\">Master Sciences du Vivant &#8211; Parcours Neurosciences Cellulaires et int\u00e9gr\u00e9es<\/a><\/li>\n<li><a href=\"http:\/\/univ-cotedazur.fr\/fr\/education\/trouver-sa-formation-1\/masters\/parcours\/neuropsychologie-psychopathologie-cognitive\" target=\"_blank\" rel=\"noopener noreferrer\">Master Psychologie &#8211; Parcours Neuropsychologie et Psychopathologie cognitive<\/a><\/li>\n<li><a href=\"https:\/\/univ-cotedazur.fr\/offre-de-formation\/master-sciences-cognitives\" target=\"_blank\" rel=\"noopener noreferrer\">Master Sciences Cognitives<\/a><\/li>\n<li><a href=\"http:\/\/www.unice.fr\/ed-svs\/\" target=\"_blank\" rel=\"noopener noreferrer\">Ecole Doctorale Sciences de la Vie et de la Sant\u00e9<\/a><\/li>\n<\/ul>\n[\/vc_column_text][\/vc_tta_section][\/vc_tta_accordion][\/vc_column][\/vc_row][vc_row][vc_column][vc_column_text][\/vc_column_text][\/vc_column][\/vc_row]\n<\/div>","protected":false},"excerpt":{"rendered":"<p>[vc_row][vc_column][vc_column_text]Si les \u00e9tudes en neurosciences vous int\u00e9ressent, il existe des formations sp\u00e9cialis\u00e9es \u00e0 partir du Master. L&#8217;enseignement des neurosciences peut, suivant les universit\u00e9s, \u00eatre consid\u00e9r\u00e9 comme une sp\u00e9cialit\u00e9 \u00e0 part enti\u00e8re ou comme une mention au sein d&#8217;un domaine plus large (sciences de la vie, sciences humaine et sociale, etc&#8230;). Selon les universit\u00e9s et les [&hellip;]<\/p>\n","protected":false},"author":4,"featured_media":0,"parent":0,"menu_order":0,"comment_status":"closed","ping_status":"closed","template":"","meta":{"footnotes":""},"class_list":["post-21092","page","type-page","status-publish","hentry"],"publishpress_future_action":{"enabled":false,"date":"2026-04-23 07:44:08","action":"change-status","newStatus":"draft","terms":[],"taxonomy":"translation_priority"},"publishpress_future_workflow_manual_trigger":{"enabledWorkflows":[]},"_links":{"self":[{"href":"https:\/\/www.neurosciences.asso.fr\/en\/wp-json\/wp\/v2\/pages\/21092","targetHints":{"allow":["GET"]}}],"collection":[{"href":"https:\/\/www.neurosciences.asso.fr\/en\/wp-json\/wp\/v2\/pages"}],"about":[{"href":"https:\/\/www.neurosciences.asso.fr\/en\/wp-json\/wp\/v2\/types\/page"}],"author":[{"embeddable":true,"href":"https:\/\/www.neurosciences.asso.fr\/en\/wp-json\/wp\/v2\/users\/4"}],"replies":[{"embeddable":true,"href":"https:\/\/www.neurosciences.asso.fr\/en\/wp-json\/wp\/v2\/comments?post=21092"}],"version-history":[{"count":51,"href":"https:\/\/www.neurosciences.asso.fr\/en\/wp-json\/wp\/v2\/pages\/21092\/revisions"}],"predecessor-version":[{"id":28208,"href":"https:\/\/www.neurosciences.asso.fr\/en\/wp-json\/wp\/v2\/pages\/21092\/revisions\/28208"}],"wp:attachment":[{"href":"https:\/\/www.neurosciences.asso.fr\/en\/wp-json\/wp\/v2\/media?parent=21092"}],"curies":[{"name":"wp","href":"https:\/\/api.w.org\/{rel}","templated":true}]}}