{"id":1960,"date":"2015-09-07T13:52:32","date_gmt":"2015-09-07T12:52:32","guid":{"rendered":"http:\/\/www.neurosciences.asso.fr\/en\/?page_id=1960"},"modified":"2023-11-03T12:45:02","modified_gmt":"2023-11-03T10:45:02","slug":"secretariat","status":"publish","type":"page","link":"https:\/\/www.neurosciences.asso.fr\/en\/secretariat\/","title":{"rendered":"Secretariat"},"content":{"rendered":"<p>Head of office: Cl\u00e9mence Fouquet<br \/>\nAdministrative &amp; communication assistant : Alice Lemaire<br \/>\nIT manager:\u00a0Fran\u00e7ois Lafitte<\/p>\n<p>Scientific liaison officer: Daniel Voisin<\/p>\n<p>&nbsp;<\/p>\n<p>Universit\u00e9 de Bordeaux<br \/>\n146, rue L\u00e9o-Saignat<br \/>\n33077 Bordeaux Cedex &#8211; France<\/p>\n<p>Phone: +33 (0)5 57 57 37 40<br \/>\n<a href=\"https:\/\/www.neurosciences.asso.fr\/en\/nous-ecrire\/\">Contact us<\/a><\/p>\n","protected":false},"excerpt":{"rendered":"<p>Head of office: Cl\u00e9mence Fouquet Administrative &amp; communication assistant : Alice Lemaire IT manager:\u00a0Fran\u00e7ois Lafitte Scientific liaison officer: Daniel Voisin &nbsp; Universit\u00e9 de Bordeaux 146, rue L\u00e9o-Saignat 33077 Bordeaux Cedex &#8211; France Phone: +33 (0)5 57 57 37 40 Contact us<\/p>\n","protected":false},"author":25,"featured_media":0,"parent":0,"menu_order":0,"comment_status":"closed","ping_status":"closed","template":"","meta":{"footnotes":""},"class_list":["post-1960","page","type-page","status-publish","hentry"],"publishpress_future_action":{"enabled":false,"date":"2026-04-23 13:11:34","action":"change-status","newStatus":"draft","terms":[],"taxonomy":"translation_priority"},"publishpress_future_workflow_manual_trigger":{"enabledWorkflows":[]},"_links":{"self":[{"href":"https:\/\/www.neurosciences.asso.fr\/en\/wp-json\/wp\/v2\/pages\/1960","targetHints":{"allow":["GET"]}}],"collection":[{"href":"https:\/\/www.neurosciences.asso.fr\/en\/wp-json\/wp\/v2\/pages"}],"about":[{"href":"https:\/\/www.neurosciences.asso.fr\/en\/wp-json\/wp\/v2\/types\/page"}],"author":[{"embeddable":true,"href":"https:\/\/www.neurosciences.asso.fr\/en\/wp-json\/wp\/v2\/users\/25"}],"replies":[{"embeddable":true,"href":"https:\/\/www.neurosciences.asso.fr\/en\/wp-json\/wp\/v2\/comments?post=1960"}],"version-history":[{"count":17,"href":"https:\/\/www.neurosciences.asso.fr\/en\/wp-json\/wp\/v2\/pages\/1960\/revisions"}],"predecessor-version":[{"id":20406,"href":"https:\/\/www.neurosciences.asso.fr\/en\/wp-json\/wp\/v2\/pages\/1960\/revisions\/20406"}],"wp:attachment":[{"href":"https:\/\/www.neurosciences.asso.fr\/en\/wp-json\/wp\/v2\/media?parent=1960"}],"curies":[{"name":"wp","href":"https:\/\/api.w.org\/{rel}","templated":true}]}}