{"id":18664,"date":"2023-02-07T16:36:54","date_gmt":"2023-02-07T14:36:54","guid":{"rendered":"https:\/\/www.neurosciences.asso.fr\/?page_id=18664"},"modified":"2026-02-13T16:01:13","modified_gmt":"2026-02-13T14:01:13","slug":"conseil-dadministration-2021-2023-nouveau","status":"publish","type":"page","link":"https:\/\/www.neurosciences.asso.fr\/en\/conseil-dadministration-2021-2023-nouveau\/","title":{"rendered":"Governing council 2025-2027"},"content":{"rendered":"<div class=\"wpb-content-wrapper\">[vc_row][vc_column][vc_column_text css=&#8221;&#8221;]\n<h2>Governing council<\/h2>\n[\/vc_column_text][\/vc_column][\/vc_row][vc_row][vc_column][vc_custom_heading text=&#8221;Presidency&#8221; font_container=&#8221;tag:h2|font_size:17|text_align:left|color:%23636363&#8243; google_fonts=&#8221;font_family:Open%20Sans%3A300%2C300italic%2Cregular%2Citalic%2C600%2C600italic%2C700%2C700italic%2C800%2C800italic|font_style:400%20regular%3A400%3Anormal&#8221;][vc_separator][vc_row_inner][vc_column_inner width=&#8221;1\/2&#8243;][vc_single_image image=&#8221;20750&#8243; alignment=&#8221;center&#8221; style=&#8221;vc_box_circle_2&#8243;][vc_empty_space height=&#8221;20&#8243;][vc_column_text css=&#8221;.vc_custom_1759303113777{margin-top: -40px !important;margin-right: 20px !important;}&#8221;]\n<p style=\"text-align: center;\"><strong>Catherine Belzung<br \/>\n<\/strong><\/p>\n<p style=\"text-align: center;\"><em>President<\/em><\/p>\n[\/vc_column_text][\/vc_column_inner][vc_column_inner width=&#8221;1\/2&#8243;][vc_single_image image=&#8221;27178&#8243; alignment=&#8221;center&#8221; style=&#8221;vc_box_circle_2&#8243; css=&#8221;&#8221;][vc_empty_space height=&#8221;20&#8243;][vc_column_text css=&#8221;.vc_custom_1759303187985{margin-top: -40px !important;margin-right: 20px !important;}&#8221;]\n<p style=\"text-align: center;\"><strong>Vincent Pr\u00e9vot<\/strong><\/p>\n<p style=\"text-align: center;\"><em>President-Elect<\/em><\/p>\n[\/vc_column_text][\/vc_column_inner][\/vc_row_inner][\/vc_column][\/vc_row][vc_row][vc_column][vc_custom_heading text=&#8221;Secretariat&#8221; font_container=&#8221;tag:h2|font_size:17|text_align:left|color:%23636363&#8243; google_fonts=&#8221;font_family:Open%20Sans%3A300%2C300italic%2Cregular%2Citalic%2C600%2C600italic%2C700%2C700italic%2C800%2C800italic|font_style:400%20regular%3A400%3Anormal&#8221;][vc_separator][vc_row_inner][vc_column_inner width=&#8221;1\/2&#8243;][vc_single_image image=&#8221;20754&#8243; alignment=&#8221;center&#8221; style=&#8221;vc_box_circle_2&#8243;][vc_empty_space height=&#8221;20&#8243;][vc_column_text css=&#8221;.vc_custom_1759303125328{margin-top: -40px !important;margin-right: 20px !important;}&#8221;]\n<p style=\"text-align: center;\"><strong>David Blum<br \/>\n<\/strong><\/p>\n<p style=\"text-align: center;\"><em>Secretary general<\/em><\/p>\n[\/vc_column_text][\/vc_column_inner][vc_column_inner width=&#8221;1\/2&#8243;][vc_single_image image=&#8221;27186&#8243; alignment=&#8221;center&#8221; style=&#8221;vc_box_circle_2&#8243; css=&#8221;&#8221;][vc_empty_space height=&#8221;20&#8243;][vc_column_text css=&#8221;.vc_custom_1759303351204{margin-top: -40px !important;margin-right: 20px !important;}&#8221;]\n<p style=\"text-align: center;\"><strong>Laurie Galvan<\/strong><\/p>\n<p style=\"text-align: center;\"><em>Secretary General-elect<\/em><\/p>\n[\/vc_column_text][\/vc_column_inner][\/vc_row_inner][\/vc_column][\/vc_row][vc_row][vc_column][vc_custom_heading text=&#8221;Treasury&#8221; font_container=&#8221;tag:h2|font_size:17|text_align:left|color:%23636363&#8243; google_fonts=&#8221;font_family:Open%20Sans%3A300%2C300italic%2Cregular%2Citalic%2C600%2C600italic%2C700%2C700italic%2C800%2C800italic|font_style:400%20regular%3A400%3Anormal&#8221;][vc_separator][\/vc_column][\/vc_row][vc_row][vc_column width=&#8221;1\/2&#8243;][vc_single_image image=&#8221;20758&#8243; alignment=&#8221;center&#8221; style=&#8221;vc_box_circle_2&#8243;][vc_empty_space height=&#8221;20&#8243;][vc_column_text css=&#8221;.vc_custom_1759303132413{margin-top: -40px !important;margin-right: 20px !important;}&#8221;]\n<p style=\"text-align: center;\"><strong>Mathieu Wolff<br \/>\n<\/strong><\/p>\n<p style=\"text-align: center;\"><em>Treasurer<\/em><\/p>\n[\/vc_column_text][\/vc_column][vc_column width=&#8221;1\/2&#8243;][vc_single_image image=&#8221;27190&#8243; alignment=&#8221;center&#8221; style=&#8221;vc_box_circle_2&#8243; css=&#8221;&#8221;][vc_empty_space height=&#8221;20&#8243;][vc_column_text css=&#8221;.vc_custom_1759303383663{margin-top: -40px !important;margin-right: 20px !important;}&#8221;]\n<p style=\"text-align: center;\"><strong>H\u00e9l\u00e8ne Hirbec<\/strong><\/p>\n<p style=\"text-align: center;\"><em>Treasurer elect<\/em><\/p>\n[\/vc_column_text][\/vc_column][\/vc_row][vc_row][vc_column][vc_custom_heading text=&#8221;Representatives of discipline groups&#8221; font_container=&#8221;tag:h2|font_size:20|text_align:left|color:%23faa316&#8243; google_fonts=&#8221;font_family:Open%20Sans%3A300%2C300italic%2Cregular%2Citalic%2C600%2C600italic%2C700%2C700italic%2C800%2C800italic|font_style:600%20bold%20regular%3A600%3Anormal&#8221;][vc_separator color=&#8221;custom&#8221; accent_color=&#8221;#faa316&#8243;][\/vc_column][\/vc_row][vc_row][vc_column][vc_custom_heading text=&#8221;Neurodevelopment&#8221; font_container=&#8221;tag:h2|font_size:17|text_align:left|color:%23636363&#8243; google_fonts=&#8221;font_family:Open%20Sans%3A300%2C300italic%2Cregular%2Citalic%2C600%2C600italic%2C700%2C700italic%2C800%2C800italic|font_style:400%20regular%3A400%3Anormal&#8221;][vc_separator][\/vc_column][\/vc_row][vc_row][vc_column width=&#8221;1\/2&#8243;][vc_single_image image=&#8221;20762&#8243; alignment=&#8221;center&#8221; style=&#8221;vc_box_circle_2&#8243; css=&#8221;.vc_custom_1696238881869{padding-top: 0px !important;padding-left: 10px !important;}&#8221;][vc_empty_space height=&#8221;20&#8243;][vc_column_text css=&#8221;.vc_custom_1696238908218{margin-top: -40px !important;padding-right: 15px !important;}&#8221;]\n<p style=\"text-align: center;\"><strong>Fekrije Selimi<br \/>\n<\/strong>[\/vc_column_text][\/vc_column][vc_column width=&#8221;1\/2&#8243;][vc_single_image image=&#8221;27194&#8243; alignment=&#8221;center&#8221; style=&#8221;vc_box_circle_2&#8243; css=&#8221;.vc_custom_1759303427412{padding-top: 0px !important;}&#8221;][vc_empty_space height=&#8221;20px&#8221;][vc_column_text css=&#8221;.vc_custom_1759303437703{margin-top: -40px !important;padding-right: 15px !important;}&#8221;]\n<p style=\"text-align: center;\"><strong>Karine Loulier<\/strong><em><br \/>\n<\/em>[\/vc_column_text][\/vc_column][\/vc_row][vc_row][vc_column][vc_empty_space][vc_custom_heading text=&#8221;Neuro-excitability, synaspe and glia&#8221; font_container=&#8221;tag:h2|font_size:17|text_align:left|color:%23636363&#8243; google_fonts=&#8221;font_family:Open%20Sans%3A300%2C300italic%2Cregular%2Citalic%2C600%2C600italic%2C700%2C700italic%2C800%2C800italic|font_style:400%20regular%3A400%3Anormal&#8221;][vc_separator][\/vc_column][\/vc_row][vc_row][vc_column width=&#8221;1\/2&#8243;][vc_single_image image=&#8221;20766&#8243; alignment=&#8221;center&#8221; style=&#8221;vc_box_circle_2&#8243; css=&#8221;.vc_custom_1696238944977{padding-top: 0px !important;padding-left: 10px !important;}&#8221;][vc_empty_space height=&#8221;20&#8243;][vc_column_text css=&#8221;.vc_custom_1696238966296{margin-top: -40px !important;padding-right: 15px !important;}&#8221;]\n<p style=\"text-align: center;\"><strong>Philippe Isope<\/strong><em><br \/>\n<\/em>[\/vc_column_text][\/vc_column][vc_column width=&#8221;1\/2&#8243;][vc_single_image image=&#8221;27198&#8243; alignment=&#8221;center&#8221; style=&#8221;vc_box_circle_2&#8243; css=&#8221;.vc_custom_1759303459839{padding-top: 0px !important;}&#8221;][vc_empty_space height=&#8221;20&#8243;][vc_column_text css=&#8221;.vc_custom_1759303468278{margin-top: -40px !important;padding-right: 15px !important;}&#8221;]\n<p style=\"text-align: center;\"><strong>Aude Panatier<\/strong><\/p>\n[\/vc_column_text][\/vc_column][\/vc_row][vc_row][vc_column][vc_empty_space][vc_custom_heading text=&#8221;Neurological and psychiatric diseases, experimental therapeutics&#8221; font_container=&#8221;tag:h2|font_size:17|text_align:left|color:%23636363&#8243; google_fonts=&#8221;font_family:Open%20Sans%3A300%2C300italic%2Cregular%2Citalic%2C600%2C600italic%2C700%2C700italic%2C800%2C800italic|font_style:400%20regular%3A400%3Anormal&#8221;][vc_separator][\/vc_column][\/vc_row][vc_row][vc_column width=&#8221;1\/2&#8243;][vc_single_image image=&#8221;20770&#8243; alignment=&#8221;center&#8221; style=&#8221;vc_box_circle_2&#8243; css=&#8221;.vc_custom_1696239080077{padding-top: 0px !important;padding-left: 10px !important;}&#8221;][vc_empty_space height=&#8221;20&#8243;][vc_column_text css=&#8221;.vc_custom_1696239094060{margin-top: -40px !important;padding-right: 15px !important;}&#8221;]\n<p style=\"text-align: center;\"><strong>Christelle Peyron<br \/>\n<\/strong>[\/vc_column_text][\/vc_column][vc_column width=&#8221;1\/2&#8243;][vc_single_image image=&#8221;27202&#8243; alignment=&#8221;center&#8221; style=&#8221;vc_box_circle_2&#8243; css=&#8221;.vc_custom_1759303492769{padding-top: 0px !important;}&#8221;][vc_empty_space height=&#8221;20&#8243;][vc_column_text css=&#8221;.vc_custom_1759303509276{margin-top: -40px !important;padding-right: 15px !important;}&#8221;]\n<p style=\"text-align: center;\"><strong>Anne Giersch<\/strong><em><br \/>\n<\/em>[\/vc_column_text][\/vc_column][\/vc_row][vc_row][vc_column][vc_empty_space][vc_custom_heading text=&#8221;Integrative neuroscience, sensory and motor neuroscience&#8221; font_container=&#8221;tag:h2|font_size:17|text_align:left|color:%23636363&#8243; google_fonts=&#8221;font_family:Open%20Sans%3A300%2C300italic%2Cregular%2Citalic%2C600%2C600italic%2C700%2C700italic%2C800%2C800italic|font_style:400%20regular%3A400%3Anormal&#8221;][vc_separator][\/vc_column][\/vc_row][vc_row][vc_column width=&#8221;1\/2&#8243;][vc_single_image image=&#8221;20774&#8243; alignment=&#8221;center&#8221; style=&#8221;vc_box_circle_2&#8243; css=&#8221;.vc_custom_1696239273709{padding-top: 0px !important;padding-left: 10px !important;}&#8221;][vc_empty_space height=&#8221;20&#8243;][vc_column_text css=&#8221;.vc_custom_1696239229237{margin-top: -40px !important;padding-right: 15px !important;}&#8221;]\n<p style=\"text-align: center;\"><strong>Jacques Barik<\/strong><em><br \/>\n<\/em>[\/vc_column_text][\/vc_column][vc_column width=&#8221;1\/2&#8243;][vc_single_image image=&#8221;27206&#8243; alignment=&#8221;center&#8221; style=&#8221;vc_box_circle_2&#8243; css=&#8221;.vc_custom_1759303538651{padding-top: 0px !important;}&#8221;][vc_empty_space height=&#8221;20&#8243;][vc_column_text css=&#8221;.vc_custom_1759303549386{margin-top: -40px !important;padding-right: 15px !important;}&#8221;]\n<p style=\"text-align: center;\"><strong>Anne Kavounoudias<\/strong><\/p>\n[\/vc_column_text][\/vc_column][\/vc_row][vc_row][vc_column][vc_empty_space][vc_custom_heading text=&#8221;Neuroendocrinology and integrative physiology&#8221; font_container=&#8221;tag:h2|font_size:17|text_align:left|color:%23636363&#8243; google_fonts=&#8221;font_family:Open%20Sans%3A300%2C300italic%2Cregular%2Citalic%2C600%2C600italic%2C700%2C700italic%2C800%2C800italic|font_style:400%20regular%3A400%3Anormal&#8221;][vc_separator][\/vc_column][\/vc_row][vc_row][vc_column width=&#8221;1\/2&#8243;][vc_single_image image=&#8221;20778&#8243; alignment=&#8221;center&#8221; style=&#8221;vc_box_circle_2&#8243; css=&#8221;.vc_custom_1696239346593{padding-top: 0px !important;padding-left: 10px !important;}&#8221;][vc_empty_space height=&#8221;20px&#8221;][vc_column_text css=&#8221;.vc_custom_1696239292874{margin-top: -40px !important;padding-right: 15px !important;}&#8221;]\n<p style=\"text-align: center;\"><strong>Agn\u00e8s Nadjar<\/strong><em><br \/>\n<\/em>[\/vc_column_text][\/vc_column][vc_column width=&#8221;1\/2&#8243;][vc_single_image image=&#8221;27210&#8243; alignment=&#8221;center&#8221; style=&#8221;vc_box_circle_2&#8243; css=&#8221;.vc_custom_1759303575462{padding-top: 0px !important;}&#8221;][vc_empty_space height=&#8221;20px&#8221;][vc_column_text css=&#8221;.vc_custom_1759303595104{margin-top: -40px !important;padding-right: 15px !important;}&#8221;]\n<p style=\"text-align: center;\"><strong>Carole Rovere-Jovene<\/strong><\/p>\n[\/vc_column_text][\/vc_column][\/vc_row][vc_row][vc_column][vc_empty_space][vc_custom_heading text=&#8221;Cognitive, affective and behavioral neuroscience, neuroethology&#8221; font_container=&#8221;tag:h2|font_size:17|text_align:left|color:%23636363&#8243; google_fonts=&#8221;font_family:Open%20Sans%3A300%2C300italic%2Cregular%2Citalic%2C600%2C600italic%2C700%2C700italic%2C800%2C800italic|font_style:400%20regular%3A400%3Anormal&#8221;][vc_separator][\/vc_column][\/vc_row][vc_row][vc_column width=&#8221;1\/2&#8243;][vc_single_image image=&#8221;20782&#8243; alignment=&#8221;center&#8221; style=&#8221;vc_box_circle_2&#8243; css=&#8221;.vc_custom_1696239426644{padding-top: 0px !important;padding-left: 10px !important;}&#8221;][vc_empty_space height=&#8221;20&#8243;][vc_column_text css=&#8221;.vc_custom_1696239437964{margin-top: -40px !important;padding-right: 15px !important;}&#8221;]\n<p style=\"text-align: center;\"><strong>Shauna Parkes<br \/>\n<\/strong>[\/vc_column_text][\/vc_column][vc_column width=&#8221;1\/2&#8243;][vc_single_image image=&#8221;27218&#8243; alignment=&#8221;center&#8221; style=&#8221;vc_box_circle_2&#8243; css=&#8221;.vc_custom_1759303669045{padding-top: 0px !important;}&#8221;][vc_empty_space height=&#8221;20&#8243;][vc_column_text css=&#8221;.vc_custom_1759303695385{margin-top: -40px !important;padding-right: 15px !important;}&#8221;]\n<p style=\"text-align: center;\"><strong>Nathalie Mandairon<\/strong><\/p>\n[\/vc_column_text][\/vc_column][\/vc_row][vc_row][vc_column][vc_empty_space][vc_custom_heading text=&#8221;Theoretical and computational neuroscience&#8221; font_container=&#8221;tag:h2|font_size:17|text_align:left|color:%23636363&#8243; google_fonts=&#8221;font_family:Open%20Sans%3A300%2C300italic%2Cregular%2Citalic%2C600%2C600italic%2C700%2C700italic%2C800%2C800italic|font_style:400%20regular%3A400%3Anormal&#8221;][vc_separator][\/vc_column][\/vc_row][vc_row][vc_column width=&#8221;1\/2&#8243;][vc_single_image image=&#8221;20786&#8243; alignment=&#8221;center&#8221; style=&#8221;vc_box_circle_2&#8243; css=&#8221;.vc_custom_1696239478416{padding-top: 0px !important;padding-left: 10px !important;}&#8221;][vc_empty_space height=&#8221;20&#8243;][vc_column_text css=&#8221;.vc_custom_1696239515897{margin-top: -40px !important;padding-right: 15px !important;}&#8221;]\n<p style=\"text-align: center;\"><strong>J\u00e9r\u00e9mie Naud\u00e9<br \/>\n<\/strong>[\/vc_column_text][\/vc_column][vc_column width=&#8221;1\/2&#8243;][vc_single_image image=&#8221;27222&#8243; alignment=&#8221;center&#8221; style=&#8221;vc_box_circle_2&#8243; css=&#8221;.vc_custom_1759303711593{padding-top: 0px !important;}&#8221;][vc_empty_space height=&#8221;20&#8243;][vc_column_text css=&#8221;.vc_custom_1759303726828{margin-top: -40px !important;padding-right: 15px !important;}&#8221;]\n<p style=\"text-align: center;\"><strong>Fr\u00e9d\u00e9ric Alexandre<\/strong><\/p>\n[\/vc_column_text][\/vc_column][\/vc_row][vc_row][vc_column][vc_empty_space][vc_custom_heading text=&#8221;Nominating Committee&#8221; font_container=&#8221;tag:h2|font_size:20|text_align:left|color:%23faa316&#8243; google_fonts=&#8221;font_family:Open%20Sans%3A300%2C300italic%2Cregular%2Citalic%2C600%2C600italic%2C700%2C700italic%2C800%2C800italic|font_style:600%20bold%20regular%3A600%3Anormal&#8221;][vc_separator color=&#8221;custom&#8221; accent_color=&#8221;#faa316&#8243;][\/vc_column][\/vc_row][vc_row][vc_column width=&#8221;1\/3&#8243;][vc_single_image image=&#8221;27226&#8243; alignment=&#8221;center&#8221; style=&#8221;vc_box_circle_2&#8243; css=&#8221;.vc_custom_1759303810758{margin-top: 40px !important;}&#8221;][vc_empty_space height=&#8221;20&#8243;][vc_column_text css=&#8221;.vc_custom_1759303820527{margin-top: -40px !important;padding-right: 20px !important;}&#8221;]\n<p style=\"text-align: center;\"><strong>Daniela Cota<\/strong><\/p>\n[\/vc_column_text][\/vc_column][vc_column width=&#8221;1\/3&#8243;][vc_single_image image=&#8221;27230&#8243; alignment=&#8221;center&#8221; style=&#8221;vc_box_circle_2&#8243; css=&#8221;.vc_custom_1759303885982{margin-top: 40px !important;}&#8221;][vc_empty_space height=&#8221;20&#8243;][vc_column_text css=&#8221;.vc_custom_1759303907392{margin-top: -40px !important;padding-right: 20px !important;}&#8221;]\n<p style=\"text-align: center;\"><strong>\u00c9tienne Audinat<\/strong><\/p>\n[\/vc_column_text][\/vc_column][vc_column width=&#8221;1\/3&#8243;][vc_single_image image=&#8221;27234&#8243; alignment=&#8221;center&#8221; style=&#8221;vc_box_circle_2&#8243; css=&#8221;.vc_custom_1759303933596{margin-top: 40px !important;}&#8221;][vc_empty_space height=&#8221;20&#8243;][vc_column_text css=&#8221;.vc_custom_1759303950172{margin-top: -40px !important;padding-right: 20px !important;}&#8221;]\n<p style=\"text-align: center;\"><strong>Christelle Rochefort<\/strong><\/p>\n[\/vc_column_text][\/vc_column][\/vc_row][vc_row][vc_column width=&#8221;1\/3&#8243;][vc_single_image image=&#8221;27238&#8243; alignment=&#8221;center&#8221; style=&#8221;vc_box_circle_2&#8243; css=&#8221;.vc_custom_1759303974512{margin-top: 40px !important;}&#8221;][vc_empty_space height=&#8221;20&#8243;][vc_column_text css=&#8221;.vc_custom_1759303997590{margin-top: -40px !important;padding-right: 20px !important;}&#8221;]\n<p style=\"text-align: center;\"><strong>Cl\u00e9ment L\u00e9na<\/strong><\/p>\n[\/vc_column_text][\/vc_column][vc_column width=&#8221;1\/3&#8243;][vc_single_image image=&#8221;20762&#8243; alignment=&#8221;center&#8221; style=&#8221;vc_box_circle_2&#8243; css=&#8221;.vc_custom_1760944111326{margin-top: 40px !important;}&#8221;][vc_empty_space height=&#8221;20&#8243;][vc_column_text css=&#8221;.vc_custom_1760944123994{margin-top: -40px !important;padding-right: 20px !important;}&#8221;]\n<p style=\"text-align: center;\"><strong>Fekrije Selimi<\/strong><\/p>\n[\/vc_column_text][\/vc_column][vc_column width=&#8221;1\/3&#8243;][vc_single_image image=&#8221;20766&#8243; alignment=&#8221;center&#8221; style=&#8221;vc_box_circle_2&#8243; css=&#8221;.vc_custom_1760944138001{margin-top: 40px !important;}&#8221;][vc_empty_space height=&#8221;20&#8243;][vc_column_text css=&#8221;.vc_custom_1760944146138{margin-top: -40px !important;padding-right: 20px !important;}&#8221;]\n<p style=\"text-align: center;\"><strong>Philippe Isope<\/strong><\/p>\n[\/vc_column_text][\/vc_column][\/vc_row][vc_row][vc_column][vc_separator color=&#8221;custom&#8221; css=&#8221;.vc_custom_1699004094066{margin-top: 30px !important;border-top-width: 30px !important;}&#8221; accent_color=&#8221;#faa316&#8243;][vc_column_text]<a href=\"https:\/\/www.neurosciences.asso.fr\/qui-sommes-nous\/administration\/membres-des-conseils-dadministration-precedents\/\">Members of past Governing Councils<\/a>[\/vc_column_text][\/vc_column][\/vc_row]\n<\/div>","protected":false},"excerpt":{"rendered":"<p>[vc_row][vc_column][vc_column_text css=&#8221;&#8221;] Governing council [\/vc_column_text][\/vc_column][\/vc_row][vc_row][vc_column][vc_custom_heading text=&#8221;Presidency&#8221; font_container=&#8221;tag:h2|font_size:17|text_align:left|color:%23636363&#8243; google_fonts=&#8221;font_family:Open%20Sans%3A300%2C300italic%2Cregular%2Citalic%2C600%2C600italic%2C700%2C700italic%2C800%2C800italic|font_style:400%20regular%3A400%3Anormal&#8221;][vc_separator][vc_row_inner][vc_column_inner width=&#8221;1\/2&#8243;][vc_single_image image=&#8221;20750&#8243; alignment=&#8221;center&#8221; style=&#8221;vc_box_circle_2&#8243;][vc_empty_space height=&#8221;20&#8243;][vc_column_text css=&#8221;.vc_custom_1759303113777{margin-top: -40px !important;margin-right: 20px !important;}&#8221;] Catherine Belzung President [\/vc_column_text][\/vc_column_inner][vc_column_inner width=&#8221;1\/2&#8243;][vc_single_image image=&#8221;27178&#8243; alignment=&#8221;center&#8221; style=&#8221;vc_box_circle_2&#8243; css=&#8221;&#8221;][vc_empty_space height=&#8221;20&#8243;][vc_column_text css=&#8221;.vc_custom_1759303187985{margin-top: -40px !important;margin-right: 20px !important;}&#8221;] Vincent Pr\u00e9vot President-Elect [\/vc_column_text][\/vc_column_inner][\/vc_row_inner][\/vc_column][\/vc_row][vc_row][vc_column][vc_custom_heading text=&#8221;Secretariat&#8221; font_container=&#8221;tag:h2|font_size:17|text_align:left|color:%23636363&#8243; google_fonts=&#8221;font_family:Open%20Sans%3A300%2C300italic%2Cregular%2Citalic%2C600%2C600italic%2C700%2C700italic%2C800%2C800italic|font_style:400%20regular%3A400%3Anormal&#8221;][vc_separator][vc_row_inner][vc_column_inner width=&#8221;1\/2&#8243;][vc_single_image image=&#8221;20754&#8243; alignment=&#8221;center&#8221; style=&#8221;vc_box_circle_2&#8243;][vc_empty_space height=&#8221;20&#8243;][vc_column_text css=&#8221;.vc_custom_1759303125328{margin-top: -40px !important;margin-right: 20px !important;}&#8221;] David Blum Secretary general [\/vc_column_text][\/vc_column_inner][vc_column_inner [&hellip;]<\/p>\n","protected":false},"author":25,"featured_media":0,"parent":0,"menu_order":0,"comment_status":"closed","ping_status":"closed","template":"","meta":{"footnotes":""},"class_list":["post-18664","page","type-page","status-publish","hentry"],"publishpress_future_action":{"enabled":false,"date":"2026-04-23 11:23:53","action":"change-status","newStatus":"draft","terms":[],"taxonomy":"translation_priority"},"publishpress_future_workflow_manual_trigger":{"enabledWorkflows":[]},"_links":{"self":[{"href":"https:\/\/www.neurosciences.asso.fr\/en\/wp-json\/wp\/v2\/pages\/18664","targetHints":{"allow":["GET"]}}],"collection":[{"href":"https:\/\/www.neurosciences.asso.fr\/en\/wp-json\/wp\/v2\/pages"}],"about":[{"href":"https:\/\/www.neurosciences.asso.fr\/en\/wp-json\/wp\/v2\/types\/page"}],"author":[{"embeddable":true,"href":"https:\/\/www.neurosciences.asso.fr\/en\/wp-json\/wp\/v2\/users\/25"}],"replies":[{"embeddable":true,"href":"https:\/\/www.neurosciences.asso.fr\/en\/wp-json\/wp\/v2\/comments?post=18664"}],"version-history":[{"count":120,"href":"https:\/\/www.neurosciences.asso.fr\/en\/wp-json\/wp\/v2\/pages\/18664\/revisions"}],"predecessor-version":[{"id":28485,"href":"https:\/\/www.neurosciences.asso.fr\/en\/wp-json\/wp\/v2\/pages\/18664\/revisions\/28485"}],"wp:attachment":[{"href":"https:\/\/www.neurosciences.asso.fr\/en\/wp-json\/wp\/v2\/media?parent=18664"}],"curies":[{"name":"wp","href":"https:\/\/api.w.org\/{rel}","templated":true}]}}