{"id":18203,"date":"2022-12-08T17:18:08","date_gmt":"2022-12-08T15:18:08","guid":{"rendered":"https:\/\/www.neurosciences.asso.fr\/on-the-neural-origin-of-attachement-and-sociality\/"},"modified":"2022-12-08T17:23:38","modified_gmt":"2022-12-08T15:23:38","slug":"on-the-neural-origin-of-attachement-and-sociality","status":"publish","type":"page","link":"https:\/\/www.neurosciences.asso.fr\/en\/on-the-neural-origin-of-attachement-and-sociality\/","title":{"rendered":"On the neural origin of attachement and sociality"},"content":{"rendered":"<p><em>La Lecture Alfred Fessard 2022 a \u00e9t\u00e9 donn\u00e9e par Angela Sirigu <\/em><em>(ISC Marc Jeannerod, CNRS, Bron)<br \/>\n<\/em><em>le lundi 30 mai \u00e0 14h \u00e0 l\u2019\u00c9cole Normale Sup\u00e9rieure, Amphi Jaur\u00e8s, 24 rue Lhomond, Paris et en distanciel.<\/em><\/p>\n<p>&nbsp;<\/p>\n<p>Comme chacun sait, Stendhal pr\u00e9f\u00e9rait vivre en Italie plut\u00f4t qu\u2019en France. Mais il y en a aussi qui font le choix inverse. C\u2019est le cas d\u2019Angela Sirigu, qui de sa Sardaigne natale a d\u00e9velopp\u00e9 un parcours d\u2019excellence international, jusqu\u2019au poste de directrice de recherche de classe exceptionnelle au CNRS \u2013 peut-\u00eatre \u00e9galement retenue en France par les talents de cuisinier de Jean-Ren\u00e9 Duhamel. Elle est la directrice scientifique du centre d&#8217;excellence iMIND pour l&#8217;autisme \u00e0 l&#8217;h\u00f4pital psychiatrique du Vinatier \u00e0 Lyon. Jusqu\u2019en 2020, Angela a dirig\u00e9 l&#8217;Institut des Sciences Cognitives Marc Jeannerod, o\u00f9 elle coordonne actuellement une \u00e9quipe de 15 scientifiques.<\/p>\n<p>La liste des contributions majeures de Angela dans le domaine des neurosciences cognitives et cliniques est longue. Elle s\u2019\u00e9tend de l&#8217;organisation corticale et de la plasticit\u00e9 des fonctions sensori-motrices jusqu\u2019\u00e0 l&#8217;impact des l\u00e9sions c\u00e9r\u00e9brales focales sur la conscience, l&#8217;\u00e9motion, les fonctions ex\u00e9cutives et la cognition sociale.<\/p>\n<p>Dans une d\u00e9marche tr\u00e8s originale, Angela a propos\u00e9 que les r\u00e9gions pari\u00e9tales inf\u00e9rieures pourraient \u00eatre impliqu\u00e9es dans la g\u00e9n\u00e9ration de l&#8217;intention de mouvement et dans l&#8217;exp\u00e9rience de la conscience motrice, avec des implications philosophiques importantes sur le concept de libre arbitre.<\/p>\n<p>Plus r\u00e9cemment, elle a montr\u00e9 que la stimulation du nerf vague peut am\u00e9liorer la vigilance chez des patients comateux par l\u2019augmentation de l\u2019activit\u00e9 pari\u00e9tale et l\u2019am\u00e9lioration de sa connectivit\u00e9.<\/p>\n<p>La plasticit\u00e9 c\u00e9r\u00e9brale constitue un autre de ses sujets de recherche. Angela a montr\u00e9 que, apr\u00e8s une amputation du membre sup\u00e9rieur, les neurones concern\u00e9s du cortex moteur primaire ne disparaissent pas, comme on le pensait auparavant, mais continuent de g\u00e9n\u00e9rer des commandes motrices qui s\u2019adressent \u00e0 d\u2019autres cibles musculaires. Ces r\u00e9sultats ont contribu\u00e9 au d\u00e9veloppement de proth\u00e8ses en ing\u00e9nierie robotique. Ces appareils peuvent maintenant bouger comme des membres naturels gr\u00e2ce \u00e0 l&#8217;activit\u00e9 de muscles intacts qui conservent les commandes motrices du membre perdu. Angela a aussi montr\u00e9 comment, apr\u00e8s une greffe de la main, le cortex moteur int\u00e8gre le &#8220;nouveau&#8221; membre en inversant la r\u00e9organisation corticale induite par l&#8217;amputation.<\/p>\n<p>Une autre contribution importante concerne la compr\u00e9hension des bases neuronales de la prise de d\u00e9cision. Angela a montr\u00e9 le r\u00f4le critique du cortex pr\u00e9frontal ventrom\u00e9dian dans la r\u00e9gulation du comportement de choix et comment une l\u00e9sion de cette r\u00e9gion alt\u00e8re l&#8217;exp\u00e9rience de l&#8217;\u00e9motion du regret. L&#8217;article qu&#8217;elle a publi\u00e9 dans Science en 2004 a stimul\u00e9 le d\u00e9veloppement du domaine \u00e9mergent de la neuro\u00e9conomie.<\/p>\n<p>Plus r\u00e9cemment, Angela a \u00e9tendu ses recherches au domaine de la neuroendocrinologie, pour \u00e9tudier la base neuronale du comportement social normal et pathologique. Elle a \u00e9t\u00e9 la premi\u00e8re \u00e0 montrer que l&#8217;oxytocine pouvait aider les personnes avec des troubles du spectre autistique. Elle en a localis\u00e9 les sites d&#8217;action dans le cerveau chez l&#8217;homme et les primates non humains. Gr\u00e2ce \u00e0 des techniques innovantes d\u2019imagerie, Angela a d\u00e9crit les microcircuits des neurones \u00e0 oxytocine et \u00e0 vasopressine chez la souris. Elle a ainsi d\u00e9montr\u00e9 que l&#8217;ontogen\u00e8se des syst\u00e8mes de l&#8217;oxytocine et de la vasopressine est diff\u00e9rente au sein des r\u00e9gions hypothalamiques. En outre, les neurones \u00e0 oxytocine changent de densit\u00e9 et d&#8217;organisation spatiale de la naissance \u00e0 l&#8217;\u00e2ge adulte chez la souris, ce qui sugg\u00e8re que l\u2019action du syst\u00e8me oxytocinergique soit d\u00e9pendante de l&#8217;exp\u00e9rience.<\/p>\n<p>Je suis donc tr\u00e8s heureux que la Soci\u00e9t\u00e9 des Neurosciences ait choisi Angela Sirigu pour cette Lecture Alfred Fessard 2022. Gr\u00e2ce \u00e0 ce choix, vous allez maintenant d\u00e9couvrir quels sommets les neurosciences de la cognition peuvent atteindre.<\/p>\n<p><strong>Paolo Bartolomeo (ICM &#8211; Institut du Cerveau)<\/strong><\/p>\n<p><a href=\"mailto:Paolo.bartolomeo@gmail.com\">Paolo.bartolomeo@gmail.com<\/a><\/p>\n","protected":false},"excerpt":{"rendered":"<p>La Lecture Alfred Fessard 2022 a \u00e9t\u00e9 donn\u00e9e par Angela Sirigu (ISC Marc Jeannerod, CNRS, Bron) le lundi 30 mai \u00e0 14h \u00e0 l\u2019\u00c9cole Normale Sup\u00e9rieure, Amphi Jaur\u00e8s, 24 rue Lhomond, Paris et en distanciel. &nbsp; Comme chacun sait, Stendhal pr\u00e9f\u00e9rait vivre en Italie plut\u00f4t qu\u2019en France. Mais il y en a aussi qui font [&hellip;]<\/p>\n","protected":false},"author":25,"featured_media":0,"parent":0,"menu_order":0,"comment_status":"closed","ping_status":"closed","template":"","meta":{"footnotes":""},"class_list":["post-18203","page","type-page","status-publish","hentry"],"publishpress_future_action":{"enabled":false,"date":"2026-04-24 15:40:53","action":"change-status","newStatus":"draft","terms":[],"taxonomy":"translation_priority"},"publishpress_future_workflow_manual_trigger":{"enabledWorkflows":[]},"_links":{"self":[{"href":"https:\/\/www.neurosciences.asso.fr\/en\/wp-json\/wp\/v2\/pages\/18203","targetHints":{"allow":["GET"]}}],"collection":[{"href":"https:\/\/www.neurosciences.asso.fr\/en\/wp-json\/wp\/v2\/pages"}],"about":[{"href":"https:\/\/www.neurosciences.asso.fr\/en\/wp-json\/wp\/v2\/types\/page"}],"author":[{"embeddable":true,"href":"https:\/\/www.neurosciences.asso.fr\/en\/wp-json\/wp\/v2\/users\/25"}],"replies":[{"embeddable":true,"href":"https:\/\/www.neurosciences.asso.fr\/en\/wp-json\/wp\/v2\/comments?post=18203"}],"version-history":[{"count":3,"href":"https:\/\/www.neurosciences.asso.fr\/en\/wp-json\/wp\/v2\/pages\/18203\/revisions"}],"predecessor-version":[{"id":18209,"href":"https:\/\/www.neurosciences.asso.fr\/en\/wp-json\/wp\/v2\/pages\/18203\/revisions\/18209"}],"wp:attachment":[{"href":"https:\/\/www.neurosciences.asso.fr\/en\/wp-json\/wp\/v2\/media?parent=18203"}],"curies":[{"name":"wp","href":"https:\/\/api.w.org\/{rel}","templated":true}]}}