{"id":16200,"date":"2015-09-23T12:38:35","date_gmt":"2015-09-23T11:38:35","guid":{"rendered":"https:\/\/www.neurosciences.asso.fr\/neurosciences-en-france\/"},"modified":"2026-03-30T16:14:01","modified_gmt":"2026-03-30T14:14:01","slug":"neurosciences-en-france","status":"publish","type":"page","link":"https:\/\/www.neurosciences.asso.fr\/en\/neurosciences-en-france\/","title":{"rendered":"Neurosciences in France"},"content":{"rendered":"<div class=\"wpb-content-wrapper\">[vc_row][vc_column][vc_column_text css=&#8221;&#8221;]\n<h2>Neuroscience in France<\/h2>\n[\/vc_column_text][\/vc_column][\/vc_row][vc_row][vc_column][vc_column_text css=&#8221;&#8221;]<strong>List of research centers and laboratoiries<\/strong><\/p>\n<p>This list by region is not exhaustive. Do not hesitate to contact us for any additional information.[\/vc_column_text][\/vc_column][\/vc_row][vc_row][vc_column][vc_tta_accordion color=&#8221;white&#8221; active_section=&#8221;1&#8243;][vc_tta_section title=&#8221;Auvergne Rh\u00f4ne-Alpes&#8221; tab_id=&#8221;1505137189127-5f65358c-8afe&#8221;][vc_column_text css=&#8221;&#8221;]\n<h5><span style=\"color: #faa316;\"><strong>In Grenoble<\/strong><\/span><\/h5>\n<ul>\n<li><a href=\"https:\/\/www.clinatec.fr\/\" target=\"_blank\" rel=\"noopener\">CLINATEC Lab<\/a><\/li>\n<li><a href=\"https:\/\/neurosciences.univ-grenoble-alpes.fr\/\" target=\"_blank\" rel=\"noopener\">Grenoble Institut for Neuroscience (GIN)<\/a><\/li>\n<li><a href=\"https:\/\/lpnc.univ-grenoble-alpes.fr\/\" target=\"_blank\" rel=\"noopener\">Laboratoire de Psychologie et de Neurocognition (LPNC)<\/a><a href=\"https:\/\/neurosciences.univ-grenoble-alpes.fr\/fr\/recherche\/formation-par-la-recherche\/master\/master-2-biologie-neurobiologie-neurosciences--637956.htm?RH=NEURO\" target=\"_blank\" rel=\"noopener noreferrer\"><br \/>\n<\/a><\/li>\n<\/ul>\n<h5><span style=\"color: #faa316;\"><strong>In Lyon<\/strong><\/span><\/h5>\n<ul>\n<li><a href=\"https:\/\/www.crnl.fr\/fr\" target=\"_blank\" rel=\"noopener\">Centre de Recherche en Neurosciences de Lyon (CRNL)<\/a><\/li>\n<li><a href=\"http:\/\/www.isc.cnrs.fr\/\" target=\"_blank\" rel=\"noopener\">Institut des Sciences Cognitives Marc Jeannerod (ISC-MJ)<\/a><\/li>\n<li><a href=\"https:\/\/www.sbri.fr\/\" target=\"_blank\" rel=\"noopener\">Institut des Cellules Souches et Cerveau (SBRI, Bron)<\/a><\/li>\n<li><a href=\"https:\/\/www.inmg.fr\/\" target=\"_blank\" rel=\"noopener\">Institut NeuroMyoG\u00e8ne (INMG, Villeurbanne)<\/a><\/li>\n<li><a href=\"https:\/\/u1213nutrition.univ-lyon1.fr\/\" target=\"_blank\" rel=\"noopener\">Nutrition, Diab\u00e8te et Cerveau<\/a><\/li>\n<\/ul>\n<h5><span style=\"color: #faa316;\"><strong>A Clermont-Ferrand<\/strong><\/span><\/h5>\n<ul>\n<li><a href=\"https:\/\/www.lapsco.fr\/\" target=\"_blank\" rel=\"noopener\">Laboratoire de Psychologie Sociale et Cognitive (LAPSCO)<\/a><\/li>\n<li><a href=\"https:\/\/www.neurodol.fr\/\" target=\"_blank\" rel=\"noopener\">NEURO-DOL<\/a><\/li>\n<\/ul>\n[\/vc_column_text][\/vc_tta_section][vc_tta_section title=&#8221;Bourgogne-Franche-Comt\u00e9&#8221; tab_id=&#8221;1505137189129-e3ca5083-eb4a&#8221;][vc_column_text css=&#8221;&#8221;]\n<h5><span style=\"color: #faa316;\"><strong>In Besan\u00e7on<\/strong><\/span><\/h5>\n<ul>\n<li><a href=\"https:\/\/www.ubfc.fr\/laboratoire\/laboratoire-de-neurosciences-integratives-et-cliniques-de-besancon\/\" target=\"_blank\" rel=\"noopener\">Laboratoire de Neurosciences Int\u00e9gratives et Cliniques<\/a><\/li>\n<li><a href=\"https:\/\/laboratoire-psychologie.univ-fcomte.fr\/\" target=\"_blank\" rel=\"noopener\">Laboratoire de Psychologie Cognitive<\/a><\/li>\n<\/ul>\n<h5><span style=\"color: #faa316;\"><strong>In Dijon<\/strong><\/span><\/h5>\n<ul>\n<li><a href=\"https:\/\/csga.fr\/\" target=\"_blank\" rel=\"noopener\">Centre des Sciences du Go\u00fbt et de l&#8217;Alimentation (CSGA)<\/a><br \/>\n<a href=\"https:\/\/ufr-staps.u-bourgogne.fr\/la-recherche-a-lub\" target=\"_blank\" rel=\"noopener\">Cognition, Action et Plasticit\u00e9 Sensorimotrice (CAPS)<\/a><br \/>\n<a href=\"http:\/\/leadserv.u-bourgogne.fr\/fr\/\" target=\"_blank\" rel=\"noopener\">Laboratoire d&#8217;Etude de l&#8217;Apprentissage et du D\u00e9veloppement (LEAD)<\/a><\/li>\n<\/ul>\n[\/vc_column_text][\/vc_tta_section][vc_tta_section title=&#8221;Bretagne&#8221; tab_id=&#8221;1505137198225-83efe0e7-d6c6&#8243;][vc_column_text css=&#8221;&#8221;]\n<h5><span style=\"color: #faa316;\"><strong>In Brest<\/strong><\/span><\/h5>\n<ul>\n<li><a href=\"https:\/\/nouveau.univ-brest.fr\/lien\/fr\" target=\"_blank\" rel=\"noopener\">LIEN &#8211; Laboratoire Interactions Epitheliums Neurones<\/a><\/li>\n<\/ul>\n<h5><span style=\"color: #faa316;\"><strong>In Rennes<\/strong><\/span><\/h5>\n<ul>\n<li><a href=\"https:\/\/www.incr.fr\/\" target=\"_blank\" rel=\"noopener\">Institut des Neurosciences Cliniques de Rennes (INCR)<\/a><\/li>\n<li><a href=\"https:\/\/ethos.univ-rennes.fr\/\" target=\"_blank\" rel=\"noopener\">Ethologie animale et humaine (EthoS)<\/a><\/li>\n<\/ul>\n[\/vc_column_text][\/vc_tta_section][vc_tta_section title=&#8221;Centre-Val-de-Loire&#8221; tab_id=&#8221;1505137200303-7c8d0f83-3a80&#8243;][vc_column_text css=&#8221;&#8221;]\n<h5><span style=\"color: #faa316;\"><strong>In Tours<\/strong><\/span><\/h5>\n<ul>\n<li><a href=\"https:\/\/ibrain.univ-tours.fr\/\" target=\"_blank\" rel=\"noopener\">Imagerie et Cerveau<\/a><\/li>\n<li><a href=\"https:\/\/www6.val-de-loire.inrae.fr\/physiologie_reproduction_comportements\" target=\"_blank\" rel=\"noopener\">UMR Physiologie de la reproduction et des comportements (Nouzilly)<\/a><\/li>\n<li><a href=\"https:\/\/cerca.labo.univ-poitiers.fr\/\" target=\"_blank\" rel=\"noopener\">Centre de recherches sur la cognition et l&#8217;apprentissage (CeRCA)<\/a><\/li>\n<\/ul>\n<h5><span style=\"color: #faa316;\"><strong>In Orl\u00e9ans<\/strong><\/span><\/h5>\n<ul>\n<li><a href=\"https:\/\/www.inem.cnrs.fr\/\" target=\"_blank\" rel=\"noopener\">INEM (Immuno-NEuro-Modulation) UMR 7355 CNRS-Universit\u00e9 d&#8217;Orl\u00e9ans<\/a><\/li>\n<\/ul>\n[\/vc_column_text][\/vc_tta_section][vc_tta_section title=&#8221;Corse&#8221; tab_id=&#8221;1505137202250-40eba6a6-4456&#8243;][vc_column_text]No lab listed in this region.[\/vc_column_text][\/vc_tta_section][vc_tta_section title=&#8221;Grand-Est&#8221; tab_id=&#8221;1505137204014-ab6c1358-4ef3&#8243;][vc_column_text css=&#8221;&#8221;]\n<h5><span style=\"color: #faa316;\"><strong>In Strasbourg<\/strong><\/span><\/h5>\n<ul>\n<li><a href=\"https:\/\/www.u1119.inserm.fr\/\" target=\"_blank\" rel=\"noopener\">Biopathologie de la my\u00e9line, neuroprotection et strat\u00e9gies th\u00e9rapeutiques (INSERM U1119)<\/a><\/li>\n<li><a href=\"https:\/\/www.igbmc.fr\/\" target=\"_blank\" rel=\"noopener\">Institut de recherche en G\u00e9n\u00e9tique, Biologie Mol\u00e9culaire et Cellulaire (IGBMC)<\/a><\/li>\n<li><a href=\"https:\/\/inci.u-strasbg.fr\/\" target=\"_blank\" rel=\"noopener\">Institut des Neurosciences Cellulaires et Int\u00e9gratives (INCI)<\/a><\/li>\n<li><a href=\"https:\/\/www.u1112.inserm.fr\/\" target=\"_blank\" rel=\"noopener\">Laboratoire de G\u00e9n\u00e9tique M\u00e9dicale (INSERM 1112)<\/a><\/li>\n<li><a href=\"https:\/\/www.unistra.fr\/recherche-1\/vie-et-sante-1\/laboratoire-de-neurosciences-cognitives-et-adaptatives-lnca-umr-7364-1\" target=\"_blank\" rel=\"noopener\">Laboratoire de Neurosciences Cognitives et Adaptatives (LNCA)<\/a><\/li>\n<li><a href=\"https:\/\/www.u1118.inserm.fr\/\" target=\"_blank\" rel=\"noopener\">M\u00e9canismes centraux et p\u00e9riph\u00e9riques de la neurod\u00e9g\u00e9n\u00e9rescence (INSERM U1118)<\/a><\/li>\n<li><a href=\"https:\/\/neurostra.unistra.fr\/sandbox-neurostra\/old-recherche\/unites-de-recherche\/inserm-u1114-neuropsychologie-cognitive-et-physiopathologie-de-la-schizophrenie\/\" target=\"_blank\" rel=\"noopener\">Neuropsychologie cognitive et physiopathologie de la schizophr\u00e9nie (INSERM U1114)<\/a><\/li>\n<\/ul>\n[\/vc_column_text][\/vc_tta_section][vc_tta_section title=&#8221;Hauts-de-France&#8221; tab_id=&#8221;1505137205804-24b0c85e-958f&#8221;][vc_column_text css=&#8221;&#8221;]\n<h5><span style=\"color: #faa316;\"><strong>In Amiens<\/strong><\/span><\/h5>\n<ul>\n<li><a href=\"https:\/\/grap.u-picardie.fr\/accueil-grap-392246.kjsp\" target=\"_blank\" rel=\"noopener\">Groupe de Recherche sur l&#8217;Alcool et les Pharmacod\u00e9pendances (GRAP)<\/a><\/li>\n<li><a href=\"https:\/\/gramfc.u-picardie.fr\/laboratory\/\" target=\"_blank\" rel=\"noopener\">Groupe de Recherches sur l&#8217;Analyse multimodale de la Fonction C\u00e9r\u00e9brale (GRAMFC)<\/a><\/li>\n<li><a href=\"https:\/\/lnfp.u-picardie.fr\/lnfp-accueil-554044.kjsp\" target=\"_blank\" rel=\"noopener\">Laboratoire de Neurosciences Fonctionnelles et Pathologies<\/a><\/li>\n<\/ul>\n<h5><span style=\"color: #faa316;\"><strong>In Lille<\/strong><\/span><\/h5>\n<ul>\n<li style=\"list-style-type: none;\">\n<ul>\n<li><a href=\"https:\/\/lilncog.univ-lille.fr\/\" target=\"_blank\" rel=\"noopener\">Lille Neuroscience &amp; Cognition<\/a><\/li>\n<li><a href=\"https:\/\/pasteur-lille.fr\/centre-de-recherche\/thematiques-de-recherche\/\" target=\"_blank\" rel=\"noopener\">Institut Pasteur de Lille<\/a><\/li>\n<li><a href=\"https:\/\/scalab.univ-lille.fr\/\" target=\"_blank\" rel=\"noopener\">Sciences Cognitives et Sciences Affectives (SCALab)<\/a><\/li>\n<\/ul>\n<\/li>\n<\/ul>\n[\/vc_column_text][\/vc_tta_section][vc_tta_section title=&#8221;Ile de France&#8221; tab_id=&#8221;1505137207479-b3349f19-f96a&#8221;][vc_column_text css=&#8221;&#8221;]\n<h5><span style=\"color: #ff6600;\"><span style=\"color: #faa316;\"><strong>In Paris and surrounding cities<\/strong><\/span><br \/>\n<\/span><\/h5>\n<ul>\n<li><a href=\"https:\/\/www.college-de-france.fr\/site\/en-cirb\/index.htm\" target=\"_blank\" rel=\"noopener\">Center for Interdisciplinary Research in Biology (CIRB, Coll\u00e8ge de France)<\/a><\/li>\n<li><a href=\"https:\/\/jacob.cea.fr\/drf\/ifrancoisjacob\" target=\"_blank\" rel=\"noopener\">Fran\u00e7ois Jacob Institute of biology<\/a><\/li>\n<li><a href=\"https:\/\/www.institut-audition.fr\/fr\" target=\"_blank\" rel=\"noopener\">Institut de l&#8217;Audition<\/a><\/li>\n<li><a href=\"https:\/\/www.ibens.ens.fr\/?mot4&amp;lang=fr\" target=\"_blank\" rel=\"noopener\">Institut de Biologie de l\u2019Ecole Normale Sup\u00e9rieure (IBENS)<\/a><\/li>\n<li><a href=\"https:\/\/institutducerveau-icm.org\/fr\/\" target=\"_blank\" rel=\"noopener\">Institut du Cerveau (ICM)<\/a><\/li>\n<li><a href=\"https:\/\/ifm-institute.org\/\" target=\"_blank\" rel=\"noopener\">Institut du Fer \u00e0 Moulin<\/a><\/li>\n<li><a href=\"https:\/\/inc.parisdescartes.fr\/fr\/\" target=\"_blank\" rel=\"noopener\">Institut Neurosciences et Cognition, Paris Descartes<\/a><\/li>\n<li><a href=\"https:\/\/www.pasteur.fr\/fr\/nos-missions\/recherche\/neuroscience\" target=\"_blank\" rel=\"noopener\">Institut Pasteur &#8211; D\u00e9partement de Neurosciences<\/a><\/li>\n<li><a href=\"https:\/\/ipnp.paris5.inserm.fr\/langue-francaise\" target=\"_blank\" rel=\"noopener\">Institut de Psychiatrie et Neurosciences de Paris (IPNP)<\/a><\/li>\n<li><a href=\"https:\/\/www.institut-vision.org\/fr\/\" target=\"_blank\" rel=\"noopener\">Institut de la Vision<\/a><\/li>\n<li><a href=\"https:\/\/incc-paris.fr\/\" target=\"_blank\" rel=\"noopener\">Integrative Neuroscience and Cognition Center<\/a><\/li>\n<li><a href=\"https:\/\/lnc2.dec.ens.fr\/fr\" target=\"_blank\" rel=\"noopener\">Laboratoire de Neurosciences Cognitives et Computationnelles<\/a><\/li>\n<li><a href=\"https:\/\/lscp.dec.ens.fr\/fr\" target=\"_blank\" rel=\"noopener\">Laboratoire de Sciences Cognitives et Psycholinguistique<\/a><\/li>\n<li><a href=\"https:\/\/lsp.dec.ens.fr\/fr\" target=\"_blank\" rel=\"noopener\">Laboratoire des Syst\u00e8mes Perceptifs<\/a><\/li>\n<li><a href=\"https:\/\/www.bio.espci.fr\/-Accueil-\" target=\"_blank\" rel=\"noopener\">Laboratoire Plasticit\u00e9 du Cerveau de l&#8217;ESPCI<\/a><\/li>\n<li><a href=\"https:\/\/neurodiderot.u-paris.fr\/\" target=\"_blank\" rel=\"noopener\">NeuroDiderot<\/a><\/li>\n<li><a href=\"https:\/\/www.ibps.sorbonne-universite.fr\/fr\/Recherche\/umr-8246\" target=\"_blank\" rel=\"noopener\">Neurosciences Paris Seine IBPS<\/a><\/li>\n<li><a href=\"https:\/\/joliot.cea.fr\/drf\/joliot\/Pages\/Entites_de_recherche\/NeuroSpin.aspx\" target=\"_blank\" rel=\"noopener\">NeuroSpin<\/a><\/li>\n<li><a href=\"https:\/\/neuropsi.cnrs.fr\/\" target=\"_blank\" rel=\"noopener\">Paris-Saclay Institute of Neuroscience (NeuroPSI)<\/a><\/li>\n<li><a href=\"https:\/\/www.sppin.fr\/\" target=\"_blank\" rel=\"noopener\">Saints-Peres Paris Institute for the Neurosciences<\/a><\/li>\n<\/ul>\n[\/vc_column_text][\/vc_tta_section][vc_tta_section title=&#8221;Normandie&#8221; tab_id=&#8221;1505137209233-5ff739d5-2e22&#8243;][vc_column_text css=&#8221;&#8221;]\n<h5><span style=\"color: #faa316;\"><strong>In Caen<\/strong><\/span><\/h5>\n<ul>\n<li><a href=\"https:\/\/cireve.unicaen.fr\/\" target=\"_blank\" rel=\"noopener\">Centre Interdisciplinaire de R\u00e9alit\u00e9 Virtuelle (CIREVE)<\/a><\/li>\n<li><a href=\"https:\/\/www.cyceron.fr\/index.php\/fr\/\" target=\"_blank\" rel=\"noopener\">GIP Cyceron<\/a><\/li>\n<\/ul>\n<h5><span style=\"color: #faa316;\"><strong>In Rouen<\/strong><\/span><\/h5>\n<ul>\n<li><a href=\"https:\/\/www.univ-rouen.fr\/etablissement\/structures-de-formation-et-de-recherche\/unites-de-recherche-et-de-service\/crfdp-centre-de-recherche-sur-les-fonctionnements-et-dysfonctionnements-psychologiques-ur-7475\/\" target=\"_blank\" rel=\"noopener\">Centre de Recherche sur les Fonctionnements et les Dysfonctionnements Psychologiques<\/a> (CRFDP)<\/li>\n<li><a href=\"http:\/\/medecine-pharmacie.univ-rouen.fr\/cbg-cancer-and-brain-genomics-umr-1245-679263.kjsp\">Cancer and Brain Genomics<\/a> (CBG)<\/li>\n<li><a href=\"https:\/\/irib.univ-rouen.fr\/index.php?info=entites&amp;id=10\">Neurod\u00e9veloppement, Neuroprotection, Neurod\u00e9g\u00e9n\u00e9rescence<\/a> (NEOVASC)<\/li>\n<li><a href=\"http:\/\/medecine-pharmacie.univ-rouen.fr\/nutrition-inflammation-et-dysfonction-de-l-axe-instestin-cerveau-279415.kjsp\">Nutrition, Inflammation et Dysfonctionnement de l&#8217;axe Intestin-Cerveau<\/a><\/li>\n<\/ul>\n[\/vc_column_text][\/vc_tta_section][vc_tta_section title=&#8221;Nouvelle Aquitaine&#8221; tab_id=&#8221;1505137210921-b06caa2b-c704&#8243;][vc_column_text css=&#8221;&#8221;]\n<h5><span style=\"color: #faa316;\"><strong>In Bordeaux<\/strong><\/span><\/h5>\n<ul>\n<li><a href=\"https:\/\/www.bordeaux-neurocampus.fr\/qui-sommes-nous\/les-6-unites-de-recherche\/iins\/\">Institut Interdisciplinaire en Neurosciences<\/a> (IINS)<\/li>\n<li><a href=\"https:\/\/www.imn-bordeaux.org\/\">Institut des Maladies Neurod\u00e9g\u00e9n\u00e9ratives<\/a> (IMN)<\/li>\n<li><a href=\"https:\/\/www.imnc-bordeaux.org\/\">Institut des Maladies Neurod\u00e9g\u00e9n\u00e9ratives Clinique<\/a> (IMNc)<\/li>\n<li><a href=\"https:\/\/www.bordeaux-neurocampus.fr\/qui-sommes-nous\/les-6-unites-de-recherche\/incia\/\">Institut des Neurosciences Cognitives et Int\u00e9gratives d&#8217;Aquitaine<\/a> (INCIA)<\/li>\n<li><a href=\"https:\/\/www.bordeaux-neurocampus.fr\/qui-sommes-nous\/les-6-unites-de-recherche\/nutrineuro\/\" target=\"_blank\" rel=\"noopener\">Laboratoire Nutrition et Neurobiologie Int\u00e9gr\u00e9e<\/a> (NutriNeuro)<\/li>\n<li><a href=\"https:\/\/neurocentre-magendie.fr\/\">Neurocentre Magendie<\/a><\/li>\n<li><a href=\"https:\/\/sanpsy.u-bordeaux.fr\/\">Sommeil, addiction, neuropsychiatrie<\/a> (SANPSY)<\/li>\n<li><a href=\"https:\/\/www.chu-bordeaux.fr\/Les-p%C3%B4les\/P%C3%B4le-neurosciences-cliniques\/\">P\u00f4le Neurosciences Cliniques<\/a> (CHU Bordeaux)<\/li>\n<\/ul>\n<h5><span style=\"color: #faa316;\"><strong>In Poitiers<\/strong><\/span><\/h5>\n<ul>\n<li><a href=\"https:\/\/lnec.labo.univ-poitiers.fr\/\">Laboratoire de Neurosciences Exp\u00e9rimentales et Cliniques<\/a> (LNEC)<\/li>\n<li><a href=\"https:\/\/cerca.labo.univ-poitiers.fr\/\">Centre de recherches sur la cognition et l&#8217;apprentissage<\/a> (CeRCA)<\/li>\n<\/ul>\n[\/vc_column_text][\/vc_tta_section][vc_tta_section title=&#8221;Occitanie&#8221; tab_id=&#8221;1505137217087-c5f0391a-b85e&#8221;][vc_column_text css=&#8221;&#8221;]\n<h5><span style=\"color: #faa316;\"><strong>In Toulouse<\/strong><\/span><\/h5>\n<ul>\n<li><a href=\"https:\/\/www.univ-tlse3.fr\/centre-de-biologie-integrative-1\" target=\"_blank\" rel=\"noopener\">Centre de Biologie Int\u00e9grative<\/a> (CBI)<\/li>\n<li><a href=\"https:\/\/cerco.cnrs.fr\/\" target=\"_blank\" rel=\"noopener\">Centre de recherche Cerveau et Cognition<\/a> (CERCO)<\/li>\n<li><a href=\"https:\/\/crca.cbi-toulouse.fr\/\" target=\"_blank\" rel=\"noopener\">Centre de Recherches sur la Cognition Animale<\/a> (CRCA)<\/li>\n<li><a href=\"https:\/\/tonic.inserm.fr\/\" target=\"_blank\" rel=\"noopener\">Toulouse NeuroImaging Center<\/a> (ToNIC)<\/li>\n<li><a href=\"https:\/\/lnpl.univ-tlse2.fr\/\" target=\"_blank\" rel=\"noopener\">Laboratoire de NeuroPsychoLinguistique<\/a> (LNPL)<\/li>\n<\/ul>\n<h5><span style=\"color: #faa316;\"><strong>In Montpellier<\/strong><\/span><\/h5>\n<ul>\n<li><a href=\"https:\/\/www.igf.cnrs.fr\/index.php\/fr\/\" target=\"_blank\" rel=\"noopener\">Institut de G\u00e9nomique Fonctionnelle<\/a> (IGF)<\/li>\n<li><a href=\"https:\/\/inmfrance.com\/fr\/\" target=\"_blank\" rel=\"noopener\">Institut des Neurosciences de Montpellier<\/a> (INM)<\/li>\n<li><a href=\"https:\/\/mmdn.umontpellier.fr\/fr\/\" target=\"_blank\" rel=\"noopener\">M\u00e9canismes mol\u00e9culaires dans les d\u00e9mences neurod\u00e9g\u00e9n\u00e9ratives<\/a> (MMDN)<\/li>\n<li><a href=\"https:\/\/www.chu-montpellier.fr\/fr\/a-propos-du-chu\/decouvrir\/etablissements\/la-colombiere\" target=\"_blank\" rel=\"noopener\">Neuropsychiatrie, recherche \u00e9pid\u00e9miologique et clinique<\/a> (H\u00f4pital La Colombi\u00e8re)<\/li>\n<\/ul>\n[\/vc_column_text][\/vc_tta_section][vc_tta_section title=&#8221;Pays de la Loire&#8221; tab_id=&#8221;1505137219110-7f6a6378-875a&#8221;][vc_column_text css=&#8221;&#8221;]\n<h5><span style=\"color: #faa316;\"><strong>In Nantes<\/strong><\/span><\/h5>\n<ul>\n<li><a href=\"https:\/\/ifac-addictions.chu-nantes.fr\/\" target=\"_blank\" rel=\"noopener\">Institut F\u00e9d\u00e9ratif des Addictions Comportementales (CHU de Nantes)<\/a><\/li>\n<li><a href=\"https:\/\/sfrsante.univ-nantes.fr\/\" target=\"_blank\" rel=\"noopener\">Structure F\u00e9d\u00e9rative de Recherche en Sant\u00e9 Fran\u00e7ois Bonamy<\/a><\/li>\n<\/ul>\n[\/vc_column_text][\/vc_tta_section][vc_tta_section title=&#8221;Provence-Alpes-C\u00f4te d\u2019Azur&#8221; tab_id=&#8221;1505137221140-e6742536-5fb0&#8243;][vc_column_text css=&#8221;&#8221;]\n<h5><span style=\"color: #faa316;\"><strong>In Marseille<\/strong><\/span><\/h5>\n<ul>\n<li><a href=\"https:\/\/carnotstar.univ-amu.fr\/fr\/unites-de-recherche\/centre-de-resonance-magnetique-biologique-et-medicale-crmbm\" target=\"_blank\" rel=\"noopener\">Centre de R\u00e9sonance Magn\u00e9tique Biologique et M\u00e9dicale<\/a><\/li>\n<li><a href=\"https:\/\/www.ibdm.univ-amu.fr\/fr\/\" target=\"_blank\" rel=\"noopener\">Institut de Biologie du D\u00e9veloppement de Marseille-Luminy<\/a> (IBDM)<\/li>\n<li><a href=\"https:\/\/neuro-marseille.org\/laboratoires\/institut-de-neurobiologie-de-la-mediterranee\/\" target=\"_blank\" rel=\"noopener\">Institut de Neurobiologie de la M\u00e9diterran\u00e9e<\/a> (INMED, Luminy)<\/li>\n<li><a href=\"https:\/\/www.int.univ-amu.fr\" target=\"_blank\" rel=\"noopener\">Institut de Neurosciences de la Timone<\/a> (INT)<\/li>\n<li><a href=\"https:\/\/neuro-marseille.org\/laboratoires\/institut-de-neurosciences-des-systemes\/\" target=\"_blank\" rel=\"noopener\">Institut de Neurosciences des Syst\u00e8mes<\/a> (INS)<\/li>\n<li><a href=\"https:\/\/ism.univ-amu.fr\/\" target=\"_blank\" rel=\"noopener\">Institut des sciences du mouvement<\/a><\/li>\n<li><a href=\"https:\/\/lnc.univ-amu.fr\/\" target=\"_blank\" rel=\"noopener\">Laboratoire de Neurosciences Cognitives<\/a><\/li>\n<li><a href=\"https:\/\/lpc.univ-amu.fr\/fr.html\" target=\"_blank\" rel=\"noopener\">Laboratoire de Psychologie Cognitive<\/a><\/li>\n<li><a href=\"https:\/\/www.unis-neuro.com\/a-propos-d-unis.php\" target=\"_blank\" rel=\"noopener\">Unit\u00e9 de Neurobiologie des canaux Ioniques et de la Synapse<\/a> (UNIS)<\/li>\n<\/ul>\n<h5><span style=\"color: #faa316;\"><strong>In Nice<\/strong><\/span><\/h5>\n<ul>\n<li><a href=\"http:\/\/ibv.unice.fr\/\" target=\"_blank\" rel=\"noopener\">Institut de Biologie de Valrose<\/a><\/li>\n<li><a href=\"https:\/\/www.ipmc.cnrs.fr\/cgi-bin\/site.cgi\" target=\"_blank\" rel=\"noopener\">Institut de Pharmacologie Mol\u00e9culaire et Cellulaire<\/a> (Sophia Antipolis)<\/li>\n<li><a href=\"https:\/\/www.chu-nice.fr\/offre-de-soins\/neurosciences-cliniques-rhumatologie\" target=\"_blank\" rel=\"noopener\">P\u00f4le Neurosciences Cliniques<\/a> (CHU de Nice, Universit\u00e9 C\u00f4te d&#8217;Azur)<\/li>\n<\/ul>\n[\/vc_column_text][\/vc_tta_section][\/vc_tta_accordion][\/vc_column][\/vc_row][vc_row][vc_column][vc_column_text][\/vc_column_text][\/vc_column][\/vc_row]\n<\/div>","protected":false},"excerpt":{"rendered":"<p>[vc_row][vc_column][vc_column_text css=&#8221;&#8221;] Neuroscience in France [\/vc_column_text][\/vc_column][\/vc_row][vc_row][vc_column][vc_column_text css=&#8221;&#8221;]List of research centers and laboratoiries This list by region is not exhaustive. Do not hesitate to contact us for any additional information.[\/vc_column_text][\/vc_column][\/vc_row][vc_row][vc_column][vc_tta_accordion color=&#8221;white&#8221; active_section=&#8221;1&#8243;][vc_tta_section title=&#8221;Auvergne Rh\u00f4ne-Alpes&#8221; tab_id=&#8221;1505137189127-5f65358c-8afe&#8221;][vc_column_text css=&#8221;&#8221;] In Grenoble CLINATEC Lab Grenoble Institut for Neuroscience (GIN) Laboratoire de Psychologie et de Neurocognition (LPNC) In Lyon Centre de [&hellip;]<\/p>\n","protected":false},"author":4,"featured_media":0,"parent":0,"menu_order":0,"comment_status":"closed","ping_status":"closed","template":"","meta":{"footnotes":""},"class_list":["post-16200","page","type-page","status-publish","hentry"],"publishpress_future_action":{"enabled":false,"date":"2026-04-28 08:00:29","action":"change-status","newStatus":"draft","terms":[],"taxonomy":"translation_priority"},"publishpress_future_workflow_manual_trigger":{"enabledWorkflows":[]},"_links":{"self":[{"href":"https:\/\/www.neurosciences.asso.fr\/en\/wp-json\/wp\/v2\/pages\/16200","targetHints":{"allow":["GET"]}}],"collection":[{"href":"https:\/\/www.neurosciences.asso.fr\/en\/wp-json\/wp\/v2\/pages"}],"about":[{"href":"https:\/\/www.neurosciences.asso.fr\/en\/wp-json\/wp\/v2\/types\/page"}],"author":[{"embeddable":true,"href":"https:\/\/www.neurosciences.asso.fr\/en\/wp-json\/wp\/v2\/users\/4"}],"replies":[{"embeddable":true,"href":"https:\/\/www.neurosciences.asso.fr\/en\/wp-json\/wp\/v2\/comments?post=16200"}],"version-history":[{"count":112,"href":"https:\/\/www.neurosciences.asso.fr\/en\/wp-json\/wp\/v2\/pages\/16200\/revisions"}],"predecessor-version":[{"id":29102,"href":"https:\/\/www.neurosciences.asso.fr\/en\/wp-json\/wp\/v2\/pages\/16200\/revisions\/29102"}],"wp:attachment":[{"href":"https:\/\/www.neurosciences.asso.fr\/en\/wp-json\/wp\/v2\/media?parent=16200"}],"curies":[{"name":"wp","href":"https:\/\/api.w.org\/{rel}","templated":true}]}}