{"id":15212,"date":"2015-10-21T12:33:24","date_gmt":"2015-10-21T11:33:24","guid":{"rendered":"https:\/\/www.neurosciences.asso.fr\/comptes-rendus-assemblees-generales\/"},"modified":"2023-10-18T16:12:35","modified_gmt":"2023-10-18T14:12:35","slug":"comptes-rendus-assemblees-generales","status":"publish","type":"page","link":"https:\/\/www.neurosciences.asso.fr\/en\/comptes-rendus-assemblees-generales\/","title":{"rendered":"Comptes-rendus Assembl\u00e9es G\u00e9n\u00e9rales"},"content":{"rendered":"<div class=\"wpb-content-wrapper\">[vc_row][vc_column][vc_column_text]\n<ul>\n<li><a href=\"https:\/\/www.neurosciences.asso.fr\/wp-content\/uploads\/2023\/10\/CR-AG-2023_sans_signatures.pdf\" target=\"_blank\" rel=\"noopener\">AG du 25 mai 2023<\/a> \u2022 Pr\u00e9sidence : Annie Andrieux<\/li>\n<li><a href=\"https:\/\/www.neurosciences.asso.fr\/wp-content\/uploads\/2023\/01\/CR-AG-2022-1.pdf\" target=\"_blank\" rel=\"noopener\">AG du 30 mai 2022 <\/a>\u2022 Pr\u00e9sidence : Annie Andrieux<\/li>\n<li><a href=\"https:\/\/www.neurosciences.asso.fr\/wp-content\/uploads\/2021\/07\/CR-AG-2021-1.pdf\" target=\"_blank\" rel=\"noopener noreferrer\">AG du 7 juin 2021<\/a> \u2022 Pr\u00e9sidence : Luc Bu\u00e9e<\/li>\n<li><a href=\"https:\/\/www.neurosciences.asso.fr\/wp-content\/uploads\/2021\/01\/CR-AG-2020.pdf\" target=\"_blank\" rel=\"noopener noreferrer\">AG du 12 octobre 2020<\/a> \u2022 Pr\u00e9sidence : Luc Bu\u00e9e<\/li>\n<li><a href=\"https:\/\/www.neurosciences.asso.fr\/wp-content\/uploads\/2019\/07\/CR-AG-2019.pdf\" target=\"_blank\" rel=\"noopener noreferrer\">AG du 23 mai 2019<\/a> \u2022 Pr\u00e9sidence : Lydia Kerkerian-Le Goff<\/li>\n<li><a href=\"https:\/\/www.neurosciences.asso.fr\/wp-content\/uploads\/2018\/06\/CR-AG-2018-1.pdf\">AG du 7 juin 2018<\/a> \u2022 Pr\u00e9sidence : Lydia Kerkerian-Le Goff<\/li>\n<li><a href=\"https:\/\/www.neurosciences.asso.fr\/wp-content\/uploads\/2017\/10\/CR-AG-2017.pdf\">AG du 18 mai 2017<\/a> \u2022 Pr\u00e9sidence : Jean-Antoine Girault<\/li>\n<li><a href=\"https:\/\/www.neurosciences.asso.fr\/wp-content\/uploads\/2016\/11\/CR-AG-2016.pdf\">AG du 24 mai 2016<\/a>\u00a0\u2022 Pr\u00e9sidence : Jean-Antoine Girault<\/li>\n<li><a href=\"https:\/\/www.neurosciences.asso.fr\/wp-content\/uploads\/2015\/10\/CRAG20152.pdf\" target=\"_blank\" rel=\"noopener noreferrer\">AG du 21 mai 2015<\/a> \u2022 Pr\u00e9sidence : Christophe Mulle<\/li>\n<li><a href=\"https:\/\/www.neurosciences.asso.fr\/wp-content\/uploads\/2015\/10\/CRAG2014.pdf\">AG du 19 mai 2014<\/a> \u2022 Pr\u00e9sidence : Christophe Mulle<\/li>\n<li><a href=\"https:\/\/www.neurosciences.asso.fr\/wp-content\/uploads\/2015\/10\/CRAG2013.pdf\">AG du 23 mai 2013<\/a> \u2022 Pr\u00e9sidence : Philippe Vernier<\/li>\n<li><a href=\"https:\/\/www.neurosciences.asso.fr\/wp-content\/uploads\/2015\/10\/CRAG2012.pdf\">AG du 23 mai 2012<\/a> \u2022 Pr\u00e9sidence : Philippe Vernier<\/li>\n<li><a href=\"https:\/\/www.neurosciences.asso.fr\/wp-content\/uploads\/2015\/10\/CRAG2011.pdf\">AG du 26 mai 2011<\/a> \u2022 Pr\u00e9sidence : Andr\u00e9 Nieoullon<\/li>\n<li><a href=\"https:\/\/www.neurosciences.asso.fr\/wp-content\/uploads\/2015\/10\/CRAG2010.pdf\">AG du 11 mai 2010<\/a> \u2022 Pr\u00e9sidence : Andr\u00e9 Nieoullon<\/li>\n<li><a href=\"https:\/\/www.neurosciences.asso.fr\/wp-content\/uploads\/2015\/10\/CRAG2009.pdf\">AG du 28 mai 2009<\/a> \u2022 Pr\u00e9sidence : Etienne Hirsch<\/li>\n<li><a href=\"https:\/\/www.neurosciences.asso.fr\/wp-content\/uploads\/2015\/10\/CRAG2008.pdf\">AG du 20 mai 2008<\/a> \u2022 Pr\u00e9sidence : Etienne Hirsch<\/li>\n<li><a href=\"https:\/\/www.neurosciences.asso.fr\/wp-content\/uploads\/2015\/10\/CRAG2007.pdf\">AG du 24 mai 2007<\/a> \u2022 Pr\u00e9sidence : Dominique Poulain<\/li>\n<li><a href=\"https:\/\/www.neurosciences.asso.fr\/wp-content\/uploads\/2015\/10\/CRAG2006.pdf\">AG du 09 mai 2006<\/a> \u2022 Pr\u00e9sidence : Dominique Poulain<\/li>\n<li><a href=\"https:\/\/www.neurosciences.asso.fr\/wp-content\/uploads\/2015\/10\/CRAG2005.pdf\">AG du 19 mai 2005<\/a> \u2022 Pr\u00e9sidence : Genevi\u00e8ve Rougon<\/li>\n<li><a href=\"https:\/\/www.neurosciences.asso.fr\/wp-content\/uploads\/2015\/10\/CRAG2004.pdf\">AG du 17 mai 2004<\/a> \u2022 Pr\u00e9sidence : Genevi\u00e8ve Rougon<\/li>\n<\/ul>\n[\/vc_column_text][\/vc_column][\/vc_row]\n<\/div>","protected":false},"excerpt":{"rendered":"<p>[vc_row][vc_column][vc_column_text] AG du 25 mai 2023 \u2022 Pr\u00e9sidence : Annie Andrieux AG du 30 mai 2022 \u2022 Pr\u00e9sidence : Annie Andrieux AG du 7 juin 2021 \u2022 Pr\u00e9sidence : Luc Bu\u00e9e AG du 12 octobre 2020 \u2022 Pr\u00e9sidence : Luc Bu\u00e9e AG du 23 mai 2019 \u2022 Pr\u00e9sidence : Lydia Kerkerian-Le Goff AG du 7 [&hellip;]<\/p>\n","protected":false},"author":4,"featured_media":0,"parent":0,"menu_order":0,"comment_status":"closed","ping_status":"closed","template":"","meta":{"footnotes":""},"class_list":["post-15212","page","type-page","status-publish","hentry"],"publishpress_future_action":{"enabled":false,"date":"2026-04-21 11:31:23","action":"change-status","newStatus":"draft","terms":[],"taxonomy":"translation_priority"},"publishpress_future_workflow_manual_trigger":{"enabledWorkflows":[]},"_links":{"self":[{"href":"https:\/\/www.neurosciences.asso.fr\/en\/wp-json\/wp\/v2\/pages\/15212","targetHints":{"allow":["GET"]}}],"collection":[{"href":"https:\/\/www.neurosciences.asso.fr\/en\/wp-json\/wp\/v2\/pages"}],"about":[{"href":"https:\/\/www.neurosciences.asso.fr\/en\/wp-json\/wp\/v2\/types\/page"}],"author":[{"embeddable":true,"href":"https:\/\/www.neurosciences.asso.fr\/en\/wp-json\/wp\/v2\/users\/4"}],"replies":[{"embeddable":true,"href":"https:\/\/www.neurosciences.asso.fr\/en\/wp-json\/wp\/v2\/comments?post=15212"}],"version-history":[{"count":16,"href":"https:\/\/www.neurosciences.asso.fr\/en\/wp-json\/wp\/v2\/pages\/15212\/revisions"}],"predecessor-version":[{"id":20950,"href":"https:\/\/www.neurosciences.asso.fr\/en\/wp-json\/wp\/v2\/pages\/15212\/revisions\/20950"}],"wp:attachment":[{"href":"https:\/\/www.neurosciences.asso.fr\/en\/wp-json\/wp\/v2\/media?parent=15212"}],"curies":[{"name":"wp","href":"https:\/\/api.w.org\/{rel}","templated":true}]}}