{"id":11716,"date":"2019-07-11T15:06:35","date_gmt":"2019-07-11T13:06:35","guid":{"rendered":"https:\/\/www.neurosciences.asso.fr\/who-are-we\/clubs-scientifiques\/"},"modified":"2025-09-17T16:49:10","modified_gmt":"2025-09-17T14:49:10","slug":"clubs-scientifiques","status":"publish","type":"page","link":"https:\/\/www.neurosciences.asso.fr\/en\/clubs-scientifiques\/","title":{"rendered":"Affiliated scientific clubs"},"content":{"rendered":"<div class=\"wpb-content-wrapper\">[vc_row][vc_column width=&#8221;1\/2&#8243;][vc_cta h2=&#8221;CLUB ATTENTION ET PERFORMANCES&#8221; h2_font_container=&#8221;tag:h2|text_align:center|color:%23faa316&#8243; h2_google_fonts=&#8221;font_family:Open%20Sans%3A300%2C300italic%2Cregular%2Citalic%2C600%2C600italic%2C700%2C700italic%2C800%2C800italic|font_style:400%20regular%3A400%3Anormal&#8221; add_button=&#8221;bottom&#8221; btn_title=&#8221;Contact&#8221; btn_style=&#8221;outline-custom&#8221; btn_outline_custom_color=&#8221;#1f325e&#8221; btn_outline_custom_hover_background=&#8221;#1f325e&#8221; btn_outline_custom_hover_text=&#8221;#ffffff&#8221; btn_size=&#8221;sm&#8221; btn_align=&#8221;center&#8221; btn_i_icon_fontawesome=&#8221;fas fa-envelope&#8221; css=&#8221;.vc_custom_1699539669349{background-color: #ffffff !important;}&#8221; use_custom_fonts_h2=&#8221;true&#8221; btn_add_icon=&#8221;true&#8221; btn_link=&#8221;url:mailto%3Afarid.el-massioui%40univ-paris8.fr|target:_blank|&#8221;]Contact : Farid El Massioui (Universit\u00e9 Paris 8)[\/vc_cta][vc_cta h2=&#8221;FRENCH GLIAL CELL CLUB&#8221; h2_font_container=&#8221;tag:h2|text_align:center|color:%23faa316&#8243; h2_google_fonts=&#8221;font_family:Open%20Sans%3A300%2C300italic%2Cregular%2Citalic%2C600%2C600italic%2C700%2C700italic%2C800%2C800italic|font_style:400%20regular%3A400%3Anormal&#8221; add_button=&#8221;bottom&#8221; btn_title=&#8221;Site web&#8221; btn_style=&#8221;outline-custom&#8221; btn_outline_custom_color=&#8221;#1f325e&#8221; btn_outline_custom_hover_background=&#8221;#1f325e&#8221; btn_outline_custom_hover_text=&#8221;#ffffff&#8221; btn_size=&#8221;sm&#8221; btn_align=&#8221;center&#8221; btn_i_icon_fontawesome=&#8221;fas fa-mouse-pointer&#8221; css=&#8221;.vc_custom_1757315800995{background-color: #ffffff !important;}&#8221; use_custom_fonts_h2=&#8221;true&#8221; btn_add_icon=&#8221;true&#8221; btn_link=&#8221;url:https%3A%2F%2Ffrenchglialcellclub.fr%2F|target:_blank|&#8221;]Contact : Olivier Pascual (Institut NeuroMyoG\u00e8ne)[\/vc_cta][vc_cta h2=&#8221;CLUB D\u00c9VELOPPEMENT DES R\u00c9SEAUX NEURONAUX&#8221; h2_font_container=&#8221;tag:h2|text_align:center|color:%23faa316&#8243; h2_google_fonts=&#8221;font_family:Open%20Sans%3A300%2C300italic%2Cregular%2Citalic%2C600%2C600italic%2C700%2C700italic%2C800%2C800italic|font_style:400%20regular%3A400%3Anormal&#8221; add_button=&#8221;bottom&#8221; btn_title=&#8221;Site web&#8221; btn_style=&#8221;outline-custom&#8221; btn_outline_custom_color=&#8221;#1f325e&#8221; btn_outline_custom_hover_background=&#8221;#1f325e&#8221; btn_outline_custom_hover_text=&#8221;#ffffff&#8221; btn_size=&#8221;sm&#8221; btn_align=&#8221;center&#8221; btn_i_icon_fontawesome=&#8221;fas fa-mouse-pointer&#8221; css=&#8221;.vc_custom_1757316014834{background-color: #ffffff !important;}&#8221; use_custom_fonts_h2=&#8221;true&#8221; btn_add_icon=&#8221;true&#8221; btn_link=&#8221;url:https%3A%2F%2Fclubdrn.odoo.com%2F|target:_blank|&#8221;]Contact : Fiona Francis (Institut du Fer \u00e0 Moulin)[\/vc_cta][vc_cta h2=&#8221;CLUB \u00c9PILEPSIES&#8221; h2_font_container=&#8221;tag:h2|text_align:center|color:%23faa316&#8243; h2_google_fonts=&#8221;font_family:Open%20Sans%3A300%2C300italic%2Cregular%2Citalic%2C600%2C600italic%2C700%2C700italic%2C800%2C800italic|font_style:400%20regular%3A400%3Anormal&#8221; add_button=&#8221;bottom&#8221; btn_title=&#8221;Contact&#8221; btn_style=&#8221;outline-custom&#8221; btn_outline_custom_color=&#8221;#1f325e&#8221; btn_outline_custom_hover_background=&#8221;#1f325e&#8221; btn_outline_custom_hover_text=&#8221;#ffffff&#8221; btn_size=&#8221;sm&#8221; btn_align=&#8221;center&#8221; btn_i_icon_fontawesome=&#8221;fas fa-envelope&#8221; css=&#8221;.vc_custom_1700122284844{background-color: #ffffff !important;}&#8221; use_custom_fonts_h2=&#8221;true&#8221; btn_add_icon=&#8221;true&#8221; btn_link=&#8221;url:mailto%3Ajerome.epsztein%40inserm.fr|&#8221;]Contact : J\u00e9r\u00f4me Epsztein (INMED)[\/vc_cta][vc_cta h2=&#8221;CLUB EYE-TRACKING ET AUTISME&#8221; h2_font_container=&#8221;tag:h2|text_align:center|color:%23faa316&#8243; h2_google_fonts=&#8221;font_family:Open%20Sans%3A300%2C300italic%2Cregular%2Citalic%2C600%2C600italic%2C700%2C700italic%2C800%2C800italic|font_style:400%20regular%3A400%3Anormal&#8221; add_button=&#8221;bottom&#8221; btn_title=&#8221;Contact&#8221; btn_style=&#8221;outline-custom&#8221; btn_outline_custom_color=&#8221;#1f325e&#8221; btn_outline_custom_hover_background=&#8221;#1f325e&#8221; btn_outline_custom_hover_text=&#8221;#ffffff&#8221; btn_size=&#8221;sm&#8221; btn_align=&#8221;center&#8221; btn_i_icon_fontawesome=&#8221;fas fa-envelope&#8221; css=&#8221;.vc_custom_1699539857480{background-color: #ffffff !important;}&#8221; use_custom_fonts_h2=&#8221;true&#8221; btn_add_icon=&#8221;true&#8221; btn_link=&#8221;url:mailto%3Anadia.aguillon-hernandez%40univ-tours.fr|target:_blank|&#8221;]Contact : Nadia Aguillon (Imagerie et Cerveau, Universit\u00e9 de Tours)[\/vc_cta][vc_cta h2=&#8221;CLUB DES GANGLIONS DE LA BASE&#8221; h2_font_container=&#8221;tag:h2|text_align:center|color:%23faa316&#8243; h2_google_fonts=&#8221;font_family:Open%20Sans%3A300%2C300italic%2Cregular%2Citalic%2C600%2C600italic%2C700%2C700italic%2C800%2C800italic|font_style:400%20regular%3A400%3Anormal&#8221; add_button=&#8221;bottom&#8221; btn_title=&#8221;Site web&#8221; btn_style=&#8221;outline-custom&#8221; btn_outline_custom_color=&#8221;#1f325e&#8221; btn_outline_custom_hover_background=&#8221;#1f325e&#8221; btn_outline_custom_hover_text=&#8221;#ffffff&#8221; btn_size=&#8221;sm&#8221; btn_align=&#8221;center&#8221; btn_i_icon_fontawesome=&#8221;fas fa-mouse-pointer&#8221; css=&#8221;.vc_custom_1700122364328{background-color: #ffffff !important;}&#8221; use_custom_fonts_h2=&#8221;true&#8221; btn_add_icon=&#8221;true&#8221; btn_link=&#8221;url:https%3A%2F%2Fwww.clubdesganglionsdelabase.com%2F|target:_blank|&#8221;]Contact : <a href=\"mailto:elodie.fino@gmail.com\">\u00c9lodie Fino<\/a> (INMED)[\/vc_cta][vc_cta h2=&#8221;CLUB LOCOMOTION ET MOTRICIT\u00c9 RYTHMIQUE&#8221; h2_font_container=&#8221;tag:h2|text_align:center|color:%23faa316&#8243; h2_google_fonts=&#8221;font_family:Open%20Sans%3A300%2C300italic%2Cregular%2Citalic%2C600%2C600italic%2C700%2C700italic%2C800%2C800italic|font_style:400%20regular%3A400%3Anormal&#8221; add_button=&#8221;bottom&#8221; btn_title=&#8221;Contact&#8221; btn_style=&#8221;outline-custom&#8221; btn_outline_custom_color=&#8221;#1f325e&#8221; btn_outline_custom_hover_background=&#8221;#1f325e&#8221; btn_outline_custom_hover_text=&#8221;#ffffff&#8221; btn_size=&#8221;sm&#8221; btn_align=&#8221;center&#8221; btn_i_icon_fontawesome=&#8221;fas fa-envelope&#8221; css=&#8221;.vc_custom_1699540643942{background-color: #ffffff !important;}&#8221; use_custom_fonts_h2=&#8221;true&#8221; btn_add_icon=&#8221;true&#8221; btn_link=&#8221;url:mailto%3Alaurence.mouchnino%40univ-amu.fr|target:_blank|&#8221;]Contact : Laurence Mouchnino (Laboratoire de Neurobiologie de la Cognition)[\/vc_cta][vc_cta h2=&#8221;CLUB MOUVEMENT DES YEUX&#8221; h2_font_container=&#8221;tag:h2|text_align:center|color:%23faa316&#8243; h2_google_fonts=&#8221;font_family:Open%20Sans%3A300%2C300italic%2Cregular%2Citalic%2C600%2C600italic%2C700%2C700italic%2C800%2C800italic|font_style:400%20regular%3A400%3Anormal&#8221; add_button=&#8221;bottom&#8221; btn_title=&#8221;Contact&#8221; btn_style=&#8221;outline-custom&#8221; btn_outline_custom_color=&#8221;#1f325e&#8221; btn_outline_custom_hover_background=&#8221;#1f325e&#8221; btn_outline_custom_hover_text=&#8221;#ffffff&#8221; btn_size=&#8221;sm&#8221; btn_align=&#8221;center&#8221; btn_i_icon_fontawesome=&#8221;fas fa-envelope&#8221; css=&#8221;.vc_custom_1699540869490{background-color: #ffffff !important;}&#8221; use_custom_fonts_h2=&#8221;true&#8221; btn_add_icon=&#8221;true&#8221; btn_link=&#8221;url:mailto%3Asbenha%40isc.cnrs.fr|target:_blank|&#8221;]Contact : Suliann Ben Hamed (ISC Marc Jeannerod)[\/vc_cta][vc_cta h2=&#8221;CLUB DE NEURO\u00c9THOLOGIE&#8221; h2_font_container=&#8221;tag:h2|text_align:center|color:%23faa316&#8243; h2_google_fonts=&#8221;font_family:Open%20Sans%3A300%2C300italic%2Cregular%2Citalic%2C600%2C600italic%2C700%2C700italic%2C800%2C800italic|font_style:400%20regular%3A400%3Anormal&#8221; add_button=&#8221;bottom&#8221; btn_title=&#8221;Site web&#8221; btn_style=&#8221;outline-custom&#8221; btn_outline_custom_color=&#8221;#1f325e&#8221; btn_outline_custom_hover_background=&#8221;#1f325e&#8221; btn_outline_custom_hover_text=&#8221;#ffffff&#8221; btn_size=&#8221;sm&#8221; btn_align=&#8221;center&#8221; btn_i_icon_fontawesome=&#8221;fas fa-mouse-pointer&#8221; css=&#8221;.vc_custom_1705495238503{background-color: #ffffff !important;}&#8221; use_custom_fonts_h2=&#8221;true&#8221; btn_add_icon=&#8221;true&#8221; btn_link=&#8221;url:https%3A%2F%2Fwww.zebrain.biologie.ens.fr%2Fneuroethology%2F|target:_blank|&#8221;]Contacts :<\/p>\n<ul>\n<li><a href=\"mailto:martin.giurfa@sorbonne-universite.fr\">Martin Giurfa<\/a> (Sorbonne Universit\u00e9, Paris)<\/li>\n<li><a href=\"mailto:sumbre@biologie.ens.fr\">German Sumbre<\/a> (IBENS)<\/li>\n<\/ul>\n[\/vc_cta][vc_cta h2=&#8221;SOCI\u00c9T\u00c9 DE PSYCHOPHYSIOLOGIE ET NEUROSCIENCES COGNITIVES&#8221; h2_font_container=&#8221;tag:h2|text_align:center|color:%23faa316&#8243; h2_google_fonts=&#8221;font_family:Open%20Sans%3A300%2C300italic%2Cregular%2Citalic%2C600%2C600italic%2C700%2C700italic%2C800%2C800italic|font_style:400%20regular%3A400%3Anormal&#8221; add_button=&#8221;bottom&#8221; btn_title=&#8221;Site web&#8221; btn_style=&#8221;outline-custom&#8221; btn_outline_custom_color=&#8221;#1f325e&#8221; btn_outline_custom_hover_background=&#8221;#1f325e&#8221; btn_outline_custom_hover_text=&#8221;#ffffff&#8221; btn_size=&#8221;sm&#8221; btn_align=&#8221;center&#8221; btn_i_icon_fontawesome=&#8221;fas fa-mouse-pointer&#8221; css=&#8221;.vc_custom_1700122573822{background-color: #ffffff !important;}&#8221; use_custom_fonts_h2=&#8221;true&#8221; btn_add_icon=&#8221;true&#8221; btn_link=&#8221;url:https%3A%2F%2Fspnc.fr%2F|target:_blank|&#8221;]Contact : <a href=\"mailto:thomas.hinault@inserm.fr\">Thomas Hinault<\/a> (NIMH, Universit\u00e9 Caen Normandie)[\/vc_cta][\/vc_column][vc_column width=&#8221;1\/2&#8243;][vc_cta h2=&#8221;CLUB DU CERVELET&#8221; h2_font_container=&#8221;tag:h2|text_align:center|color:%23faa316&#8243; h2_google_fonts=&#8221;font_family:Open%20Sans%3A300%2C300italic%2Cregular%2Citalic%2C600%2C600italic%2C700%2C700italic%2C800%2C800italic|font_style:400%20regular%3A400%3Anormal&#8221; add_button=&#8221;bottom&#8221; btn_title=&#8221;Site web&#8221; btn_style=&#8221;outline-custom&#8221; btn_outline_custom_color=&#8221;#1f325e&#8221; btn_outline_custom_hover_background=&#8221;#1f325e&#8221; btn_outline_custom_hover_text=&#8221;#ffffff&#8221; btn_size=&#8221;sm&#8221; btn_align=&#8221;center&#8221; btn_i_icon_fontawesome=&#8221;fas fa-mouse-pointer&#8221; css=&#8221;.vc_custom_1700121919894{background-color: #ffffff !important;}&#8221; use_custom_fonts_h2=&#8221;true&#8221; btn_add_icon=&#8221;true&#8221; btn_link=&#8221;url:https%3A%2F%2Fclubcervelet.cnrs.fr%2Ffr%2Factualites-2%2F|target:_blank|&#8221;]Contacts :<\/p>\n<ul>\n<li><a href=\"mailto:fekrije.selimi@college-de-france.fr\">Fekrije Selimi<\/a> (CIRB, Coll\u00e8ge de France)<\/li>\n<li><a href=\"mailto:fabrice.ango@inserm.fr\">Fabrice Ango<\/a> (Institute for Neurosciences of Montpellier)<\/li>\n<\/ul>\n[\/vc_cta][vc_cta h2=&#8221;CLUB DU CORTEX PR\u00c9FRONTAL&#8221; h2_font_container=&#8221;tag:h2|text_align:center|color:%23faa316&#8243; h2_google_fonts=&#8221;font_family:Open%20Sans%3A300%2C300italic%2Cregular%2Citalic%2C600%2C600italic%2C700%2C700italic%2C800%2C800italic|font_style:400%20regular%3A400%3Anormal&#8221; add_button=&#8221;bottom&#8221; btn_title=&#8221;Contact&#8221; btn_style=&#8221;outline-custom&#8221; btn_outline_custom_color=&#8221;#1f325e&#8221; btn_outline_custom_hover_background=&#8221;#1f325e&#8221; btn_outline_custom_hover_text=&#8221;#ffffff&#8221; btn_size=&#8221;sm&#8221; btn_align=&#8221;center&#8221; btn_i_icon_fontawesome=&#8221;fas fa-envelope&#8221; css=&#8221;.vc_custom_1699539025233{background-color: #ffffff !important;}&#8221; use_custom_fonts_h2=&#8221;true&#8221; btn_add_icon=&#8221;true&#8221; btn_link=&#8221;url:mailto%3Aetienne.coutureau%40u-bordeaux.fr|target:_blank|&#8221;]Contacts :<\/p>\n<ul>\n<li>\u00c9tienne Coutureau (INCIA)<\/li>\n<li>Emmanuel Procyk (SBRI)<\/li>\n<\/ul>\n[\/vc_cta][vc_cta h2=&#8221;CLUB EXOCYTOSE &#8211; ENDOCYTOSE&#8221; h2_font_container=&#8221;tag:h2|text_align:center|color:%23faa316&#8243; h2_google_fonts=&#8221;font_family:Open%20Sans%3A300%2C300italic%2Cregular%2Citalic%2C600%2C600italic%2C700%2C700italic%2C800%2C800italic|font_style:400%20regular%3A400%3Anormal&#8221; add_button=&#8221;bottom&#8221; btn_title=&#8221;Site web&#8221; btn_style=&#8221;outline-custom&#8221; btn_outline_custom_color=&#8221;#1f325e&#8221; btn_outline_custom_hover_background=&#8221;#1f325e&#8221; btn_outline_custom_hover_text=&#8221;#ffffff&#8221; btn_size=&#8221;sm&#8221; btn_align=&#8221;center&#8221; btn_i_icon_fontawesome=&#8221;fas fa-mouse-pointer&#8221; css=&#8221;.vc_custom_1757316183367{background-color: #ffffff !important;}&#8221; use_custom_fonts_h2=&#8221;true&#8221; btn_add_icon=&#8221;true&#8221; btn_link=&#8221;url:http%3A%2F%2Fexoendo.org%2F|target:_blank|&#8221;]Contact : C\u00e9dric Delevoye[\/vc_cta][vc_cta h2=&#8221;CLUB FRAN\u00c7AIS DE NEURO-IMMUNOLOGIE&#8221; h2_font_container=&#8221;tag:h2|text_align:center|color:%23faa316&#8243; h2_google_fonts=&#8221;font_family:Open%20Sans%3A300%2C300italic%2Cregular%2Citalic%2C600%2C600italic%2C700%2C700italic%2C800%2C800italic|font_style:400%20regular%3A400%3Anormal&#8221; add_button=&#8221;bottom&#8221; btn_title=&#8221;Site web&#8221; btn_style=&#8221;outline-custom&#8221; btn_outline_custom_color=&#8221;#1f325e&#8221; btn_outline_custom_hover_background=&#8221;#1f325e&#8221; btn_outline_custom_hover_text=&#8221;#ffffff&#8221; btn_size=&#8221;sm&#8221; btn_align=&#8221;center&#8221; btn_i_icon_fontawesome=&#8221;fas fa-mouse-pointer&#8221; css=&#8221;.vc_custom_1699539962342{background-color: #ffffff !important;}&#8221; use_custom_fonts_h2=&#8221;true&#8221; btn_add_icon=&#8221;true&#8221; btn_link=&#8221;url:https%3A%2F%2Fimmunology.fr%2Ffr%2Fclub%2Fclub-neuroimmunologie%2F|target:_blank|&#8221;]Contact : Lennart Mars (Lille Neuroscience &amp; Cognition)[\/vc_cta][vc_cta h2=&#8221;CLUB HISTOIRE DES NEUROSCIENCES&#8221; h2_font_container=&#8221;tag:h2|text_align:center|color:%23faa316&#8243; h2_google_fonts=&#8221;font_family:Open%20Sans%3A300%2C300italic%2Cregular%2Citalic%2C600%2C600italic%2C700%2C700italic%2C800%2C800italic|font_style:400%20regular%3A400%3Anormal&#8221; add_button=&#8221;bottom&#8221; btn_title=&#8221;Site web&#8221; btn_style=&#8221;outline-custom&#8221; btn_outline_custom_color=&#8221;#1f325e&#8221; btn_outline_custom_hover_background=&#8221;#1f325e&#8221; btn_outline_custom_hover_text=&#8221;#ffffff&#8221; btn_size=&#8221;sm&#8221; btn_align=&#8221;center&#8221; btn_i_icon_fontawesome=&#8221;fas fa-mouse-pointer&#8221; css=&#8221;.vc_custom_1700122420675{background-color: #ffffff !important;}&#8221; use_custom_fonts_h2=&#8221;true&#8221; btn_add_icon=&#8221;true&#8221; btn_link=&#8221;url:https%3A%2F%2Fwww.biusante.parisdescartes.fr%2Fchn%2Ffr%2Fdebut.php|target:_blank|&#8221;]Contact : <a href=\"mailto:jean-gael.barbara@sorbonne-universite.fr\">Jean-Ga\u00ebl Barbara<\/a> (Laboratoire de Neurobiologie des Processus Adaptatifs, Universit\u00e9 Pierre et Marie Curie)[\/vc_cta][vc_cta h2=&#8221;CLUB DE NEUROBIOLOGIE DES INVERT\u00c9BR\u00c9S&#8221; h2_font_container=&#8221;tag:h2|text_align:center|color:%23faa316&#8243; h2_google_fonts=&#8221;font_family:Open%20Sans%3A300%2C300italic%2Cregular%2Citalic%2C600%2C600italic%2C700%2C700italic%2C800%2C800italic|font_style:400%20regular%3A400%3Anormal&#8221; add_button=&#8221;bottom&#8221; btn_title=&#8221;Site web&#8221; btn_style=&#8221;outline-custom&#8221; btn_outline_custom_color=&#8221;#1f325e&#8221; btn_outline_custom_hover_background=&#8221;#1f325e&#8221; btn_outline_custom_hover_text=&#8221;#ffffff&#8221; btn_size=&#8221;sm&#8221; btn_align=&#8221;center&#8221; btn_i_icon_fontawesome=&#8221;fas fa-mouse-pointer&#8221; css=&#8221;.vc_custom_1700122478611{background-color: #ffffff !important;}&#8221; use_custom_fonts_h2=&#8221;true&#8221; btn_add_icon=&#8221;true&#8221; btn_link=&#8221;url:https%3A%2F%2Fclubneurobiologieinvertebres.fr%2F|target:_blank|&#8221;]Contact : <a href=\"mailto:serge.birman@espci.fr\">Serge Birman<\/a> (ESPCI ParisTech)[\/vc_cta][vc_cta h2=&#8221;CLUB DE NEUROPROTECTION&#8221; h2_font_container=&#8221;tag:h2|text_align:center|color:%23faa316&#8243; h2_google_fonts=&#8221;font_family:Open%20Sans%3A300%2C300italic%2Cregular%2Citalic%2C600%2C600italic%2C700%2C700italic%2C800%2C800italic|font_style:400%20regular%3A400%3Anormal&#8221; add_button=&#8221;bottom&#8221; btn_title=&#8221;Site web&#8221; btn_style=&#8221;outline-custom&#8221; btn_outline_custom_color=&#8221;#1f325e&#8221; btn_outline_custom_hover_background=&#8221;#1f325e&#8221; btn_outline_custom_hover_text=&#8221;#ffffff&#8221; btn_size=&#8221;sm&#8221; btn_align=&#8221;center&#8221; btn_i_icon_fontawesome=&#8221;fas fa-mouse-pointer&#8221; css=&#8221;.vc_custom_1699541734274{background-color: #ffffff !important;}&#8221; use_custom_fonts_h2=&#8221;true&#8221; btn_add_icon=&#8221;true&#8221; btn_link=&#8221;url:https%3A%2F%2Fwww.club-neuroprotection.org%2F|target:_blank|&#8221;]Contact : Michel Dib[\/vc_cta][vc_cta h2=&#8221;CLUB DE RECHERCHE SUR LA MOELLE \u00c9PINI\u00c8RE ET SES PATHOLOGIES&#8221; h2_font_container=&#8221;tag:h2|text_align:center|color:%23faa316&#8243; h2_google_fonts=&#8221;font_family:Open%20Sans%3A300%2C300italic%2Cregular%2Citalic%2C600%2C600italic%2C700%2C700italic%2C800%2C800italic|font_style:400%20regular%3A400%3Anormal&#8221; add_button=&#8221;bottom&#8221; btn_title=&#8221;Contact&#8221; btn_style=&#8221;outline-custom&#8221; btn_outline_custom_color=&#8221;#1f325e&#8221; btn_outline_custom_hover_background=&#8221;#1f325e&#8221; btn_outline_custom_hover_text=&#8221;#ffffff&#8221; btn_size=&#8221;sm&#8221; btn_align=&#8221;center&#8221; btn_i_icon_fontawesome=&#8221;fas fa-envelope&#8221; css=&#8221;.vc_custom_1699541942691{background-color: #ffffff !important;}&#8221; use_custom_fonts_h2=&#8221;true&#8221; btn_add_icon=&#8221;true&#8221; btn_link=&#8221;url:mailto%3Afrederic.brocard%40univ-amu.fr|target:_blank|&#8221;]Contact : Fr\u00e9d\u00e9ric Brocard (INT)[\/vc_cta][vc_cta h2=&#8221;CLUB SYST\u00c8ME NERVEUX V\u00c9G\u00c9TATIF&#8221; h2_font_container=&#8221;tag:h2|text_align:center|color:%23faa316&#8243; h2_google_fonts=&#8221;font_family:Open%20Sans%3A300%2C300italic%2Cregular%2Citalic%2C600%2C600italic%2C700%2C700italic%2C800%2C800italic|font_style:400%20regular%3A400%3Anormal&#8221; add_button=&#8221;bottom&#8221; btn_title=&#8221;Contact&#8221; btn_style=&#8221;outline-custom&#8221; btn_outline_custom_color=&#8221;#1f325e&#8221; btn_outline_custom_hover_background=&#8221;#1f325e&#8221; btn_outline_custom_hover_text=&#8221;#ffffff&#8221; btn_size=&#8221;sm&#8221; btn_align=&#8221;center&#8221; btn_i_icon_fontawesome=&#8221;fas fa-envelope&#8221; css=&#8221;.vc_custom_1699542144109{background-color: #ffffff !important;}&#8221; use_custom_fonts_h2=&#8221;true&#8221; btn_add_icon=&#8221;true&#8221; btn_link=&#8221;url:mailto%3Aaurelie.bidet-caulet%40inserm.fr|target:_blank|&#8221;]Contact : Aur\u00e9lie Bidet-Caulet (INS, Marseille)[\/vc_cta][vc_cta h2=&#8221;CLUB SOMATO-SENSORIEL&#8221; h2_font_container=&#8221;tag:h2|text_align:center|color:%23faa316&#8243; h2_google_fonts=&#8221;font_family:Open%20Sans%3A300%2C300italic%2Cregular%2Citalic%2C600%2C600italic%2C700%2C700italic%2C800%2C800italic|font_style:400%20regular%3A400%3Anormal&#8221; add_button=&#8221;bottom&#8221; btn_title=&#8221;Contact&#8221; btn_style=&#8221;outline-custom&#8221; btn_outline_custom_color=&#8221;#1f325e&#8221; btn_outline_custom_hover_background=&#8221;#1f325e&#8221; btn_outline_custom_hover_text=&#8221;#ffffff&#8221; btn_size=&#8221;sm&#8221; btn_align=&#8221;center&#8221; btn_i_icon_fontawesome=&#8221;fas fa-envelope&#8221; css=&#8221;.vc_custom_1699542066795{background-color: #ffffff !important;}&#8221; use_custom_fonts_h2=&#8221;true&#8221; btn_add_icon=&#8221;true&#8221; btn_link=&#8221;url:mailto%3Adaniel.shulz%40cnrs.fr|target:_blank|&#8221;]Contact : Daniel Schulz (NeuroPSI)[\/vc_cta][\/vc_column][\/vc_row]\n<\/div>","protected":false},"excerpt":{"rendered":"<p>[vc_row][vc_column width=&#8221;1\/2&#8243;][vc_cta h2=&#8221;CLUB ATTENTION ET PERFORMANCES&#8221; h2_font_container=&#8221;tag:h2|text_align:center|color:%23faa316&#8243; h2_google_fonts=&#8221;font_family:Open%20Sans%3A300%2C300italic%2Cregular%2Citalic%2C600%2C600italic%2C700%2C700italic%2C800%2C800italic|font_style:400%20regular%3A400%3Anormal&#8221; add_button=&#8221;bottom&#8221; btn_title=&#8221;Contact&#8221; btn_style=&#8221;outline-custom&#8221; btn_outline_custom_color=&#8221;#1f325e&#8221; btn_outline_custom_hover_background=&#8221;#1f325e&#8221; btn_outline_custom_hover_text=&#8221;#ffffff&#8221; btn_size=&#8221;sm&#8221; btn_align=&#8221;center&#8221; btn_i_icon_fontawesome=&#8221;fas fa-envelope&#8221; css=&#8221;.vc_custom_1699539669349{background-color: #ffffff !important;}&#8221; use_custom_fonts_h2=&#8221;true&#8221; btn_add_icon=&#8221;true&#8221; btn_link=&#8221;url:mailto%3Afarid.el-massioui%40univ-paris8.fr|target:_blank|&#8221;]Contact : Farid El Massioui (Universit\u00e9 Paris 8)[\/vc_cta][vc_cta h2=&#8221;FRENCH GLIAL CELL CLUB&#8221; h2_font_container=&#8221;tag:h2|text_align:center|color:%23faa316&#8243; h2_google_fonts=&#8221;font_family:Open%20Sans%3A300%2C300italic%2Cregular%2Citalic%2C600%2C600italic%2C700%2C700italic%2C800%2C800italic|font_style:400%20regular%3A400%3Anormal&#8221; add_button=&#8221;bottom&#8221; btn_title=&#8221;Site web&#8221; btn_style=&#8221;outline-custom&#8221; btn_outline_custom_color=&#8221;#1f325e&#8221; btn_outline_custom_hover_background=&#8221;#1f325e&#8221; btn_outline_custom_hover_text=&#8221;#ffffff&#8221; btn_size=&#8221;sm&#8221; btn_align=&#8221;center&#8221; btn_i_icon_fontawesome=&#8221;fas fa-mouse-pointer&#8221; css=&#8221;.vc_custom_1757315800995{background-color: #ffffff !important;}&#8221; use_custom_fonts_h2=&#8221;true&#8221; btn_add_icon=&#8221;true&#8221; btn_link=&#8221;url:https%3A%2F%2Ffrenchglialcellclub.fr%2F|target:_blank|&#8221;]Contact : [&hellip;]<\/p>\n","protected":false},"author":4,"featured_media":0,"parent":0,"menu_order":0,"comment_status":"closed","ping_status":"closed","template":"","meta":{"footnotes":""},"class_list":["post-11716","page","type-page","status-publish","hentry"],"publishpress_future_action":{"enabled":false,"date":"2026-04-28 08:14:21","action":"change-status","newStatus":"draft","terms":[],"taxonomy":"translation_priority"},"publishpress_future_workflow_manual_trigger":{"enabledWorkflows":[]},"_links":{"self":[{"href":"https:\/\/www.neurosciences.asso.fr\/en\/wp-json\/wp\/v2\/pages\/11716","targetHints":{"allow":["GET"]}}],"collection":[{"href":"https:\/\/www.neurosciences.asso.fr\/en\/wp-json\/wp\/v2\/pages"}],"about":[{"href":"https:\/\/www.neurosciences.asso.fr\/en\/wp-json\/wp\/v2\/types\/page"}],"author":[{"embeddable":true,"href":"https:\/\/www.neurosciences.asso.fr\/en\/wp-json\/wp\/v2\/users\/4"}],"replies":[{"embeddable":true,"href":"https:\/\/www.neurosciences.asso.fr\/en\/wp-json\/wp\/v2\/comments?post=11716"}],"version-history":[{"count":30,"href":"https:\/\/www.neurosciences.asso.fr\/en\/wp-json\/wp\/v2\/pages\/11716\/revisions"}],"predecessor-version":[{"id":26998,"href":"https:\/\/www.neurosciences.asso.fr\/en\/wp-json\/wp\/v2\/pages\/11716\/revisions\/26998"}],"wp:attachment":[{"href":"https:\/\/www.neurosciences.asso.fr\/en\/wp-json\/wp\/v2\/media?parent=11716"}],"curies":[{"name":"wp","href":"https:\/\/api.w.org\/{rel}","templated":true}]}}