{"id":2211,"date":"2021-10-04T11:36:10","date_gmt":"2021-10-04T09:36:10","guid":{"rendered":"http:\/\/noun\/SN27\/?page_id=2211"},"modified":"2026-02-27T18:33:28","modified_gmt":"2026-02-27T17:33:28","slug":"comite-local","status":"publish","type":"page","link":"https:\/\/www.neurosciences.asso.fr\/SN27\/a-propos\/comite-local\/","title":{"rendered":"Committees"},"content":{"rendered":"\n<h1 class=\"wp-block-heading\"><strong>Local Organizing Committee<\/strong><\/h1>\n\n\n\n<h2 class=\"wp-block-heading\">Presidents<\/h2>\n\n\n\n<p>Sophie Lay\u00e9 &amp; Etienne Coutureau<\/p>\n\n\n\n<h2 class=\"wp-block-heading\">Members<\/h2>\n\n\n\n<figure class=\"wp-block-table is-style-stripes\"><table><tbody><tr><td>J\u00e9r\u00f4me Aupy<\/td><td><\/td><td>C\u00e9line Nicolas<\/td><td><\/td><td><\/td><\/tr><tr><td>Gr\u00e9gory Barriere<\/td><td><\/td><td>\u00c9milie Pacary<\/td><td><\/td><td><\/td><\/tr><tr><td>St\u00e9phanie Caill\u00e9 Garnier<\/td><td><\/td><td>Shauna Parkes<\/td><td><\/td><td><\/td><\/tr><tr><td>Mario Carta<\/td><td><\/td><td>Arnaud Rodriguez<\/td><td><\/td><td><\/td><\/tr><tr><td>Julien Courtin<\/td><td><\/td><td>Fuschia Serre<\/td><td><\/td><td><\/td><\/tr><tr><td>Muriel Darnaudery<\/td><td><\/td><td>Jacques Taillard<\/td><td><\/td><td><\/td><\/tr><tr><td>Julien Dupuis<\/td><td><\/td><td>Muriel Thoby-Brisson<\/td><td><\/td><td><\/td><\/tr><tr><td>Julie Erraud<\/td><td><\/td><td>Pierre Trifilieff<\/td><td><\/td><td><\/td><\/tr><tr><td>Pascaline Hocman<\/td><td><\/td><td>Fabien Wagner<\/td><td><\/td><td><\/td><\/tr><tr><td>Marie-Pierre Moisan<\/td><td><\/td><td>Mathieu Wolff<\/td><td><\/td><td><\/td><\/tr><\/tbody><\/table><\/figure>\n\n\n\n<div style=\"height:100px\" aria-hidden=\"true\" class=\"wp-block-spacer\"><\/div>\n\n\n\n<h1 class=\"wp-block-heading\"><strong>Scientific Committee<\/strong><\/h1>\n\n\n\n<h2 class=\"wp-block-heading\">President<\/h2>\n\n\n\n<p>Catherine Belzung<\/p>\n\n\n\n<h2 class=\"wp-block-heading\">Members<\/h2>\n\n\n\n<figure class=\"wp-block-table is-style-stripes\"><table><tbody><tr><td>Fr\u00e9d\u00e9ric Alexandre<\/td><td><\/td><td>Agn\u00e8s Nadjar<\/td><td><\/td><td><\/td><\/tr><tr><td>Jacques Barik<\/td><td><\/td><td>J\u00e9r\u00e9mie Naud\u00e9<\/td><td><\/td><td><\/td><\/tr><tr><td>David Blum<\/td><td><\/td><td>Aude Panatier<\/td><td><\/td><td><\/td><\/tr><tr><td>Laurie Galvan<\/td><td><\/td><td>Shauna Parkes<\/td><td><\/td><td><\/td><\/tr><tr><td>Anne Giersch<\/td><td><\/td><td>Christelle Peyron<\/td><td><\/td><td><\/td><\/tr><tr><td>H\u00e9l\u00e8ne Hirbec<\/td><td><\/td><td>Vincent Pr\u00e9vot<\/td><td><\/td><td><\/td><\/tr><tr><td>Philippe Isope<\/td><td><\/td><td>Carole Rov\u00e8re<\/td><td><\/td><td><\/td><\/tr><tr><td>Anne Kavounoudias<\/td><td><\/td><td>Fekrije Selimi<\/td><td><\/td><td><\/td><\/tr><tr><td>Karine Loulier<\/td><td><\/td><td>Mathieu Wolff<\/td><td><\/td><td><\/td><\/tr><tr><td>Nathalie Mandairon<\/td><td><\/td><td><\/td><td><\/td><td><\/td><\/tr><\/tbody><\/table><\/figure>\n","protected":false},"excerpt":{"rendered":"<p>Local Organizing Committee Presidents Sophie Lay\u00e9 &amp; Etienne Coutureau Members J\u00e9r\u00f4me Aupy C\u00e9line Nicolas Gr\u00e9gory Barriere \u00c9milie Pacary St\u00e9phanie Caill\u00e9 Garnier Shauna Parkes Mario Carta Arnaud Rodriguez Julien Courtin Fuschia Serre Muriel Darnaudery Jacques Taillard Julien Dupuis Muriel Thoby-Brisson Julie Erraud Pierre Trifilieff Pascaline Hocman Fabien Wagner Marie-Pierre Moisan Mathieu Wolff Scientific Committee President Catherine [&hellip;]<\/p>\n","protected":false},"author":1,"featured_media":0,"parent":2207,"menu_order":2,"comment_status":"closed","ping_status":"closed","template":"","meta":{"footnotes":""},"categories":[],"tags":[],"class_list":["post-2211","page","type-page","status-publish","hentry"],"yoast_head":"<!-- This site is optimized with the Yoast SEO plugin v27.0 - https:\/\/yoast.com\/product\/yoast-seo-wordpress\/ -->\n<title>Committees - NeuroFrance 2027<\/title>\n<meta name=\"robots\" content=\"index, follow, max-snippet:-1, max-image-preview:large, max-video-preview:-1\" \/>\n<link rel=\"canonical\" href=\"https:\/\/www.neurosciences.asso.fr\/SN27\/a-propos\/comite-local\/\" \/>\n<meta property=\"og:locale\" content=\"fr_FR\" \/>\n<meta property=\"og:type\" content=\"article\" \/>\n<meta property=\"og:title\" content=\"Committees - NeuroFrance 2027\" \/>\n<meta property=\"og:description\" content=\"Local Organizing Committee Presidents Sophie Lay\u00e9 &amp; Etienne Coutureau Members J\u00e9r\u00f4me Aupy C\u00e9line Nicolas Gr\u00e9gory Barriere \u00c9milie Pacary St\u00e9phanie Caill\u00e9 Garnier Shauna Parkes Mario Carta Arnaud Rodriguez Julien Courtin Fuschia Serre Muriel Darnaudery Jacques Taillard Julien Dupuis Muriel Thoby-Brisson Julie Erraud Pierre Trifilieff Pascaline Hocman Fabien Wagner Marie-Pierre Moisan Mathieu Wolff Scientific Committee President Catherine [&hellip;]\" \/>\n<meta property=\"og:url\" content=\"https:\/\/www.neurosciences.asso.fr\/SN27\/a-propos\/comite-local\/\" \/>\n<meta property=\"og:site_name\" content=\"NeuroFrance 2027\" \/>\n<meta property=\"article:publisher\" content=\"https:\/\/www.facebook.com\/Socit-des-Neurosciences-527221547452099\" \/>\n<meta property=\"article:modified_time\" content=\"2026-02-27T17:33:28+00:00\" \/>\n<meta property=\"og:image\" content=\"https:\/\/www.neurosciences.asso.fr\/SN27\/wp-content\/uploads\/2024\/02\/SDN-Logo-bleu_150pxRetina.png\" \/>\n\t<meta property=\"og:image:width\" content=\"300\" \/>\n\t<meta property=\"og:image:height\" content=\"190\" \/>\n\t<meta property=\"og:image:type\" content=\"image\/png\" \/>\n<meta name=\"twitter:card\" content=\"summary_large_image\" \/>\n<meta name=\"twitter:label1\" content=\"Est. reading time\" \/>\n\t<meta name=\"twitter:data1\" content=\"1 minute\" \/>\n<script type=\"application\/ld+json\" class=\"yoast-schema-graph\">{\"@context\":\"https:\/\/schema.org\",\"@graph\":[{\"@type\":\"WebPage\",\"@id\":\"https:\/\/www.neurosciences.asso.fr\/SN27\/a-propos\/comite-local\/\",\"url\":\"https:\/\/www.neurosciences.asso.fr\/SN27\/a-propos\/comite-local\/\",\"name\":\"Committees - NeuroFrance 2027\",\"isPartOf\":{\"@id\":\"https:\/\/www.neurosciences.asso.fr\/SN27\/#website\"},\"datePublished\":\"2021-10-04T09:36:10+00:00\",\"dateModified\":\"2026-02-27T17:33:28+00:00\",\"breadcrumb\":{\"@id\":\"https:\/\/www.neurosciences.asso.fr\/SN27\/a-propos\/comite-local\/#breadcrumb\"},\"inLanguage\":\"fr-FR\",\"potentialAction\":[{\"@type\":\"ReadAction\",\"target\":[\"https:\/\/www.neurosciences.asso.fr\/SN27\/a-propos\/comite-local\/\"]}]},{\"@type\":\"BreadcrumbList\",\"@id\":\"https:\/\/www.neurosciences.asso.fr\/SN27\/a-propos\/comite-local\/#breadcrumb\",\"itemListElement\":[{\"@type\":\"ListItem\",\"position\":1,\"name\":\"Meeting information\",\"item\":\"https:\/\/www.neurosciences.asso.fr\/SN27\/a-propos\/\"},{\"@type\":\"ListItem\",\"position\":2,\"name\":\"Committees\"}]},{\"@type\":\"WebSite\",\"@id\":\"https:\/\/www.neurosciences.asso.fr\/SN27\/#website\",\"url\":\"https:\/\/www.neurosciences.asso.fr\/SN27\/\",\"name\":\"NeuroFrance 2027\",\"description\":\"International meeting\",\"publisher\":{\"@id\":\"https:\/\/www.neurosciences.asso.fr\/SN27\/#organization\"},\"potentialAction\":[{\"@type\":\"SearchAction\",\"target\":{\"@type\":\"EntryPoint\",\"urlTemplate\":\"https:\/\/www.neurosciences.asso.fr\/SN27\/?s={search_term_string}\"},\"query-input\":{\"@type\":\"PropertyValueSpecification\",\"valueRequired\":true,\"valueName\":\"search_term_string\"}}],\"inLanguage\":\"fr-FR\"},{\"@type\":\"Organization\",\"@id\":\"https:\/\/www.neurosciences.asso.fr\/SN27\/#organization\",\"name\":\"NeuroFrance 2027\",\"url\":\"https:\/\/www.neurosciences.asso.fr\/SN27\/\",\"logo\":{\"@type\":\"ImageObject\",\"inLanguage\":\"fr-FR\",\"@id\":\"https:\/\/www.neurosciences.asso.fr\/SN27\/#\/schema\/logo\/image\/\",\"url\":\"https:\/\/www.neurosciences.asso.fr\/SN27\/wp-content\/uploads\/2026\/02\/SDN-Logo-original.png\",\"contentUrl\":\"https:\/\/www.neurosciences.asso.fr\/SN27\/wp-content\/uploads\/2026\/02\/SDN-Logo-original.png\",\"width\":1974,\"height\":1252,\"caption\":\"NeuroFrance 2027\"},\"image\":{\"@id\":\"https:\/\/www.neurosciences.asso.fr\/SN27\/#\/schema\/logo\/image\/\"},\"sameAs\":[\"https:\/\/www.facebook.com\/Socit-des-Neurosciences-527221547452099\",\"https:\/\/bsky.app\/profile\/socneuro.bsky.social\",\"https:\/\/www.instagram.com\/socneurosciences\/\"]}]}<\/script>\n<!-- \/ Yoast SEO plugin. -->","yoast_head_json":{"title":"Committees - NeuroFrance 2027","robots":{"index":"index","follow":"follow","max-snippet":"max-snippet:-1","max-image-preview":"max-image-preview:large","max-video-preview":"max-video-preview:-1"},"canonical":"https:\/\/www.neurosciences.asso.fr\/SN27\/a-propos\/comite-local\/","og_locale":"fr_FR","og_type":"article","og_title":"Committees - NeuroFrance 2027","og_description":"Local Organizing Committee Presidents Sophie Lay\u00e9 &amp; Etienne Coutureau Members J\u00e9r\u00f4me Aupy C\u00e9line Nicolas Gr\u00e9gory Barriere \u00c9milie Pacary St\u00e9phanie Caill\u00e9 Garnier Shauna Parkes Mario Carta Arnaud Rodriguez Julien Courtin Fuschia Serre Muriel Darnaudery Jacques Taillard Julien Dupuis Muriel Thoby-Brisson Julie Erraud Pierre Trifilieff Pascaline Hocman Fabien Wagner Marie-Pierre Moisan Mathieu Wolff Scientific Committee President Catherine [&hellip;]","og_url":"https:\/\/www.neurosciences.asso.fr\/SN27\/a-propos\/comite-local\/","og_site_name":"NeuroFrance 2027","article_publisher":"https:\/\/www.facebook.com\/Socit-des-Neurosciences-527221547452099","article_modified_time":"2026-02-27T17:33:28+00:00","og_image":[{"width":300,"height":190,"url":"https:\/\/www.neurosciences.asso.fr\/SN27\/wp-content\/uploads\/2024\/02\/SDN-Logo-bleu_150pxRetina.png","type":"image\/png"}],"twitter_card":"summary_large_image","twitter_misc":{"Est. reading time":"1 minute"},"schema":{"@context":"https:\/\/schema.org","@graph":[{"@type":"WebPage","@id":"https:\/\/www.neurosciences.asso.fr\/SN27\/a-propos\/comite-local\/","url":"https:\/\/www.neurosciences.asso.fr\/SN27\/a-propos\/comite-local\/","name":"Committees - NeuroFrance 2027","isPartOf":{"@id":"https:\/\/www.neurosciences.asso.fr\/SN27\/#website"},"datePublished":"2021-10-04T09:36:10+00:00","dateModified":"2026-02-27T17:33:28+00:00","breadcrumb":{"@id":"https:\/\/www.neurosciences.asso.fr\/SN27\/a-propos\/comite-local\/#breadcrumb"},"inLanguage":"fr-FR","potentialAction":[{"@type":"ReadAction","target":["https:\/\/www.neurosciences.asso.fr\/SN27\/a-propos\/comite-local\/"]}]},{"@type":"BreadcrumbList","@id":"https:\/\/www.neurosciences.asso.fr\/SN27\/a-propos\/comite-local\/#breadcrumb","itemListElement":[{"@type":"ListItem","position":1,"name":"Meeting information","item":"https:\/\/www.neurosciences.asso.fr\/SN27\/a-propos\/"},{"@type":"ListItem","position":2,"name":"Committees"}]},{"@type":"WebSite","@id":"https:\/\/www.neurosciences.asso.fr\/SN27\/#website","url":"https:\/\/www.neurosciences.asso.fr\/SN27\/","name":"NeuroFrance 2027","description":"International meeting","publisher":{"@id":"https:\/\/www.neurosciences.asso.fr\/SN27\/#organization"},"potentialAction":[{"@type":"SearchAction","target":{"@type":"EntryPoint","urlTemplate":"https:\/\/www.neurosciences.asso.fr\/SN27\/?s={search_term_string}"},"query-input":{"@type":"PropertyValueSpecification","valueRequired":true,"valueName":"search_term_string"}}],"inLanguage":"fr-FR"},{"@type":"Organization","@id":"https:\/\/www.neurosciences.asso.fr\/SN27\/#organization","name":"NeuroFrance 2027","url":"https:\/\/www.neurosciences.asso.fr\/SN27\/","logo":{"@type":"ImageObject","inLanguage":"fr-FR","@id":"https:\/\/www.neurosciences.asso.fr\/SN27\/#\/schema\/logo\/image\/","url":"https:\/\/www.neurosciences.asso.fr\/SN27\/wp-content\/uploads\/2026\/02\/SDN-Logo-original.png","contentUrl":"https:\/\/www.neurosciences.asso.fr\/SN27\/wp-content\/uploads\/2026\/02\/SDN-Logo-original.png","width":1974,"height":1252,"caption":"NeuroFrance 2027"},"image":{"@id":"https:\/\/www.neurosciences.asso.fr\/SN27\/#\/schema\/logo\/image\/"},"sameAs":["https:\/\/www.facebook.com\/Socit-des-Neurosciences-527221547452099","https:\/\/bsky.app\/profile\/socneuro.bsky.social","https:\/\/www.instagram.com\/socneurosciences\/"]}]}},"_links":{"self":[{"href":"https:\/\/www.neurosciences.asso.fr\/SN27\/wp-json\/wp\/v2\/pages\/2211","targetHints":{"allow":["GET"]}}],"collection":[{"href":"https:\/\/www.neurosciences.asso.fr\/SN27\/wp-json\/wp\/v2\/pages"}],"about":[{"href":"https:\/\/www.neurosciences.asso.fr\/SN27\/wp-json\/wp\/v2\/types\/page"}],"author":[{"embeddable":true,"href":"https:\/\/www.neurosciences.asso.fr\/SN27\/wp-json\/wp\/v2\/users\/1"}],"replies":[{"embeddable":true,"href":"https:\/\/www.neurosciences.asso.fr\/SN27\/wp-json\/wp\/v2\/comments?post=2211"}],"version-history":[{"count":17,"href":"https:\/\/www.neurosciences.asso.fr\/SN27\/wp-json\/wp\/v2\/pages\/2211\/revisions"}],"predecessor-version":[{"id":3738,"href":"https:\/\/www.neurosciences.asso.fr\/SN27\/wp-json\/wp\/v2\/pages\/2211\/revisions\/3738"}],"up":[{"embeddable":true,"href":"https:\/\/www.neurosciences.asso.fr\/SN27\/wp-json\/wp\/v2\/pages\/2207"}],"wp:attachment":[{"href":"https:\/\/www.neurosciences.asso.fr\/SN27\/wp-json\/wp\/v2\/media?parent=2211"}],"wp:term":[{"taxonomy":"category","embeddable":true,"href":"https:\/\/www.neurosciences.asso.fr\/SN27\/wp-json\/wp\/v2\/categories?post=2211"},{"taxonomy":"post_tag","embeddable":true,"href":"https:\/\/www.neurosciences.asso.fr\/SN27\/wp-json\/wp\/v2\/tags?post=2211"}],"curies":[{"name":"wp","href":"https:\/\/api.w.org\/{rel}","templated":true}]}}