{"id":1772,"date":"2019-11-12T18:21:45","date_gmt":"2019-11-12T17:21:45","guid":{"rendered":"https:\/\/www.neurosciences.asso.fr\/SN27\/?page_id=1772"},"modified":"2026-02-11T13:56:21","modified_gmt":"2026-02-11T12:56:21","slug":"legal-notice","status":"publish","type":"page","link":"https:\/\/www.neurosciences.asso.fr\/SN27\/legal-notice\/","title":{"rendered":"Legal notice"},"content":{"rendered":"<p>The <strong>NeuroFrance 2027 international meeting website<\/strong> is a publication of the Soci\u00e9t\u00e9 des Neurosciences (French Neuroscience Society) which is a non-profit scientific association (loi 1901) .<\/p>\n<p><strong>Headquarters address:<\/strong><\/p>\n<p>Soci\u00e9t\u00e9 des Neurosciences<br \/>\nUniversit\u00e9 de Bordeaux \u2013 Case 67<br \/>\n146, rue L\u00e9o-Saignat<br \/>\n33077 Bordeaux Cedex \u2013 France<\/p>\n<p>Tel: +33 5 57 57 37 40<\/p>\n<h2>Director of publication<\/h2>\n<p>President of the French Neuroscience Society.<\/p>\n<h2>Design and development of the website<\/h2>\n<p>Soci\u00e9t\u00e9 des Neurosciences<\/p>\n<h2>Hosting<\/h2>\n<p><strong>Soci\u00e9t\u00e9 des Neurosciences<\/strong><br \/>\nUniversit\u00e9 de Bordeaux \u2013 Case 67<br \/>\n146 Rue L\u00e9o-Saignat<br \/>\n33077 Bordeaux Cedex &#8211; France<\/p>\n<h2>Use of the website<\/h2>\n<p>The site is for personal use only.<\/p>\n<p>Access to the site may be interrupted at any time, without notice, particularly in cases of force majeure or site maintenance, or if the French Neuroscience Society decides to suspend or stop the provision of this service. The obligation to provide this service is therefore limited to an obligation of means.<\/p>\n<h2>Site content<\/h2>\n<p>The French Neuroscience Society makes every effort to ensure, to the best of its ability, that the information provided is accurate and up to date when it is posted on the website. However, the French Neuroscience Society does not in any way guarantee the accuracy, precision or exhaustiveness of the information made available on the site. This information is non-contractual and may be modified at any time.<br \/>\nThe French Neuroscience Society cannot, in any way, be held liable for the content of the information on this site or for the consequences that may result from its use or interpretation.<\/p>\n<p>The site is governed by French law. Foreign users formally accept the application of French law by visiting this site and using all or part of its functionalities.<\/p>\n<h2>Intellectual property<\/h2>\n<p>The\u00a0<strong>NeuroFrance 2027 international meeting website<\/strong> is a creative work, exclusively owned by the French Neuroscience Society, protected by French and international legislation on intellectual property law. No reproduction or representation may be made in contravention of the rights of the French Neuroscience Society under the above-mentioned legislation.<\/p>\n<h2>Photo credits<\/h2>\n<p>The images on this site come from various sources. The copyright and image rights appear in the caption below each photo.<\/p>\n<h2>Links<\/h2>\n<p>This site may contain links to third party sites. The French Neuroscience Society, which has no means of controlling these sites, does not offer any guarantee that these sites comply with the laws and regulations in force.<br \/>\nThe establishment of hypertext links by third parties to pages or documents published on the site is authorised provided that the links do not contravene the interests of the French Neuroscience Society, and that they guarantee the possibility for the user to identify the origin and author of the document.<\/p>\n<h2>Personal data<\/h2>\n<p>This site includes a registration module that manages personal data. These data are confidential and will only be used for the purposes of the registration service.<\/p>\n<p>In accordance with Law No. 78-17 of 6 January 1978, relating to Data Processing, Data Files and Individual Liberties and amended Law No. 78-17, the Internet user has the right to access, modify, rectify and delete personal data in accordance with French law.<br \/>\nThese rights may be exercised by post, with proof of identity, to the following address:<\/p>\n<p><strong>Soci\u00e9t\u00e9 des Neurosciences<\/strong><br \/>\nUniversit\u00e9 de Bordeaux \u2013 Case 67<br \/>\n146 Rue L\u00e9o-Saignat<br \/>\n33077 Bordeaux Cedex &#8211; France<\/p>\n<p><a href=\"mailto:info@societe-neurosciences.fr\">info@societe-neurosciences.fr<\/a><\/p>\n<h2>Cookies<\/h2>\n<p>The French Neuroscience Society uses a number of cookies on this site. This information is collected by the French Neuroscience Society but is not transferred to third parties or used for any purpose other than the proper functioning of the services.<\/p>\n<h2>Social networks<\/h2>\n<p>You can click on the icons dedicated to the social networks Twitter, Facebook and LinkedIn on the <strong>NeuroFrance 2027 international meeting website<\/strong>. Social networks improve the user-friendliness of the site and help promote it through sharing.<br \/>\nWhen you click on these buttons, the French Neuroscience Society may access the personal information you have indicated as public and accessible from its Twitter, Facebook and LinkedIn profiles. However, the French Neuroscience Society does not record or process any data relating to your private life in this way.<br \/>\nIf you do not want the French Neuroscience Society to have access to personal information published on the public space of its profiles or corporate accounts, you must use the means made available to you by Twitter, Facebook and LinkedIn to limit access to your data.<\/p>\n<h2>Modifications<\/h2>\n<p>The French Neuroscience Society reserves the right to modify these terms of use without prior notice.<\/p>\n","protected":false},"excerpt":{"rendered":"<p>The NeuroFrance 2027 international meeting website is a publication of the Soci\u00e9t\u00e9 des Neurosciences (French Neuroscience Society) which is a non-profit scientific association (loi 1901) . Headquarters address: Soci\u00e9t\u00e9 des Neurosciences Universit\u00e9 de Bordeaux \u2013 Case 67 146, rue L\u00e9o-Saignat 33077 Bordeaux Cedex \u2013 France Tel: +33 5 57 57 37 40 Director of publication [&hellip;]<\/p>\n","protected":false},"author":2,"featured_media":0,"parent":0,"menu_order":0,"comment_status":"closed","ping_status":"closed","template":"","meta":{"footnotes":""},"categories":[],"tags":[],"class_list":["post-1772","page","type-page","status-publish","hentry"],"yoast_head":"<!-- This site is optimized with the Yoast SEO plugin v27.0 - https:\/\/yoast.com\/product\/yoast-seo-wordpress\/ -->\n<title>Legal notice - NeuroFrance 2027<\/title>\n<meta name=\"robots\" content=\"index, follow, max-snippet:-1, max-image-preview:large, max-video-preview:-1\" \/>\n<link rel=\"canonical\" href=\"https:\/\/www.neurosciences.asso.fr\/SN27\/legal-notice\/\" \/>\n<meta property=\"og:locale\" content=\"fr_FR\" \/>\n<meta property=\"og:type\" content=\"article\" \/>\n<meta property=\"og:title\" content=\"Legal notice - NeuroFrance 2027\" \/>\n<meta property=\"og:description\" content=\"The NeuroFrance 2027 international meeting website is a publication of the Soci\u00e9t\u00e9 des Neurosciences (French Neuroscience Society) which is a non-profit scientific association (loi 1901) . Headquarters address: Soci\u00e9t\u00e9 des Neurosciences Universit\u00e9 de Bordeaux \u2013 Case 67 146, rue L\u00e9o-Saignat 33077 Bordeaux Cedex \u2013 France Tel: +33 5 57 57 37 40 Director of publication [&hellip;]\" \/>\n<meta property=\"og:url\" content=\"https:\/\/www.neurosciences.asso.fr\/SN27\/legal-notice\/\" \/>\n<meta property=\"og:site_name\" content=\"NeuroFrance 2027\" \/>\n<meta property=\"article:publisher\" content=\"https:\/\/www.facebook.com\/Socit-des-Neurosciences-527221547452099\" \/>\n<meta property=\"article:modified_time\" content=\"2026-02-11T12:56:21+00:00\" \/>\n<meta property=\"og:image\" content=\"https:\/\/www.neurosciences.asso.fr\/SN27\/wp-content\/uploads\/2024\/02\/SDN-Logo-bleu_150pxRetina.png\" \/>\n\t<meta property=\"og:image:width\" content=\"300\" \/>\n\t<meta property=\"og:image:height\" content=\"190\" \/>\n\t<meta property=\"og:image:type\" content=\"image\/png\" \/>\n<meta name=\"twitter:card\" content=\"summary_large_image\" \/>\n<meta name=\"twitter:label1\" content=\"Est. reading time\" \/>\n\t<meta name=\"twitter:data1\" content=\"4 minutes\" \/>\n<script type=\"application\/ld+json\" class=\"yoast-schema-graph\">{\"@context\":\"https:\/\/schema.org\",\"@graph\":[{\"@type\":\"WebPage\",\"@id\":\"https:\/\/www.neurosciences.asso.fr\/SN27\/legal-notice\/\",\"url\":\"https:\/\/www.neurosciences.asso.fr\/SN27\/legal-notice\/\",\"name\":\"Legal notice - NeuroFrance 2027\",\"isPartOf\":{\"@id\":\"https:\/\/www.neurosciences.asso.fr\/SN27\/#website\"},\"datePublished\":\"2019-11-12T17:21:45+00:00\",\"dateModified\":\"2026-02-11T12:56:21+00:00\",\"inLanguage\":\"fr-FR\",\"potentialAction\":[{\"@type\":\"ReadAction\",\"target\":[\"https:\/\/www.neurosciences.asso.fr\/SN27\/legal-notice\/\"]}]},{\"@type\":\"WebSite\",\"@id\":\"https:\/\/www.neurosciences.asso.fr\/SN27\/#website\",\"url\":\"https:\/\/www.neurosciences.asso.fr\/SN27\/\",\"name\":\"NeuroFrance 2027\",\"description\":\"International meeting\",\"publisher\":{\"@id\":\"https:\/\/www.neurosciences.asso.fr\/SN27\/#organization\"},\"potentialAction\":[{\"@type\":\"SearchAction\",\"target\":{\"@type\":\"EntryPoint\",\"urlTemplate\":\"https:\/\/www.neurosciences.asso.fr\/SN27\/?s={search_term_string}\"},\"query-input\":{\"@type\":\"PropertyValueSpecification\",\"valueRequired\":true,\"valueName\":\"search_term_string\"}}],\"inLanguage\":\"fr-FR\"},{\"@type\":\"Organization\",\"@id\":\"https:\/\/www.neurosciences.asso.fr\/SN27\/#organization\",\"name\":\"NeuroFrance 2027\",\"url\":\"https:\/\/www.neurosciences.asso.fr\/SN27\/\",\"logo\":{\"@type\":\"ImageObject\",\"inLanguage\":\"fr-FR\",\"@id\":\"https:\/\/www.neurosciences.asso.fr\/SN27\/#\/schema\/logo\/image\/\",\"url\":\"https:\/\/www.neurosciences.asso.fr\/SN27\/wp-content\/uploads\/2026\/02\/SDN-Logo-original.png\",\"contentUrl\":\"https:\/\/www.neurosciences.asso.fr\/SN27\/wp-content\/uploads\/2026\/02\/SDN-Logo-original.png\",\"width\":1974,\"height\":1252,\"caption\":\"NeuroFrance 2027\"},\"image\":{\"@id\":\"https:\/\/www.neurosciences.asso.fr\/SN27\/#\/schema\/logo\/image\/\"},\"sameAs\":[\"https:\/\/www.facebook.com\/Socit-des-Neurosciences-527221547452099\",\"https:\/\/bsky.app\/profile\/socneuro.bsky.social\",\"https:\/\/www.instagram.com\/socneurosciences\/\"]}]}<\/script>\n<!-- \/ Yoast SEO plugin. -->","yoast_head_json":{"title":"Legal notice - NeuroFrance 2027","robots":{"index":"index","follow":"follow","max-snippet":"max-snippet:-1","max-image-preview":"max-image-preview:large","max-video-preview":"max-video-preview:-1"},"canonical":"https:\/\/www.neurosciences.asso.fr\/SN27\/legal-notice\/","og_locale":"fr_FR","og_type":"article","og_title":"Legal notice - NeuroFrance 2027","og_description":"The NeuroFrance 2027 international meeting website is a publication of the Soci\u00e9t\u00e9 des Neurosciences (French Neuroscience Society) which is a non-profit scientific association (loi 1901) . Headquarters address: Soci\u00e9t\u00e9 des Neurosciences Universit\u00e9 de Bordeaux \u2013 Case 67 146, rue L\u00e9o-Saignat 33077 Bordeaux Cedex \u2013 France Tel: +33 5 57 57 37 40 Director of publication [&hellip;]","og_url":"https:\/\/www.neurosciences.asso.fr\/SN27\/legal-notice\/","og_site_name":"NeuroFrance 2027","article_publisher":"https:\/\/www.facebook.com\/Socit-des-Neurosciences-527221547452099","article_modified_time":"2026-02-11T12:56:21+00:00","og_image":[{"width":300,"height":190,"url":"https:\/\/www.neurosciences.asso.fr\/SN27\/wp-content\/uploads\/2024\/02\/SDN-Logo-bleu_150pxRetina.png","type":"image\/png"}],"twitter_card":"summary_large_image","twitter_misc":{"Est. reading time":"4 minutes"},"schema":{"@context":"https:\/\/schema.org","@graph":[{"@type":"WebPage","@id":"https:\/\/www.neurosciences.asso.fr\/SN27\/legal-notice\/","url":"https:\/\/www.neurosciences.asso.fr\/SN27\/legal-notice\/","name":"Legal notice - NeuroFrance 2027","isPartOf":{"@id":"https:\/\/www.neurosciences.asso.fr\/SN27\/#website"},"datePublished":"2019-11-12T17:21:45+00:00","dateModified":"2026-02-11T12:56:21+00:00","inLanguage":"fr-FR","potentialAction":[{"@type":"ReadAction","target":["https:\/\/www.neurosciences.asso.fr\/SN27\/legal-notice\/"]}]},{"@type":"WebSite","@id":"https:\/\/www.neurosciences.asso.fr\/SN27\/#website","url":"https:\/\/www.neurosciences.asso.fr\/SN27\/","name":"NeuroFrance 2027","description":"International meeting","publisher":{"@id":"https:\/\/www.neurosciences.asso.fr\/SN27\/#organization"},"potentialAction":[{"@type":"SearchAction","target":{"@type":"EntryPoint","urlTemplate":"https:\/\/www.neurosciences.asso.fr\/SN27\/?s={search_term_string}"},"query-input":{"@type":"PropertyValueSpecification","valueRequired":true,"valueName":"search_term_string"}}],"inLanguage":"fr-FR"},{"@type":"Organization","@id":"https:\/\/www.neurosciences.asso.fr\/SN27\/#organization","name":"NeuroFrance 2027","url":"https:\/\/www.neurosciences.asso.fr\/SN27\/","logo":{"@type":"ImageObject","inLanguage":"fr-FR","@id":"https:\/\/www.neurosciences.asso.fr\/SN27\/#\/schema\/logo\/image\/","url":"https:\/\/www.neurosciences.asso.fr\/SN27\/wp-content\/uploads\/2026\/02\/SDN-Logo-original.png","contentUrl":"https:\/\/www.neurosciences.asso.fr\/SN27\/wp-content\/uploads\/2026\/02\/SDN-Logo-original.png","width":1974,"height":1252,"caption":"NeuroFrance 2027"},"image":{"@id":"https:\/\/www.neurosciences.asso.fr\/SN27\/#\/schema\/logo\/image\/"},"sameAs":["https:\/\/www.facebook.com\/Socit-des-Neurosciences-527221547452099","https:\/\/bsky.app\/profile\/socneuro.bsky.social","https:\/\/www.instagram.com\/socneurosciences\/"]}]}},"_links":{"self":[{"href":"https:\/\/www.neurosciences.asso.fr\/SN27\/wp-json\/wp\/v2\/pages\/1772","targetHints":{"allow":["GET"]}}],"collection":[{"href":"https:\/\/www.neurosciences.asso.fr\/SN27\/wp-json\/wp\/v2\/pages"}],"about":[{"href":"https:\/\/www.neurosciences.asso.fr\/SN27\/wp-json\/wp\/v2\/types\/page"}],"author":[{"embeddable":true,"href":"https:\/\/www.neurosciences.asso.fr\/SN27\/wp-json\/wp\/v2\/users\/2"}],"replies":[{"embeddable":true,"href":"https:\/\/www.neurosciences.asso.fr\/SN27\/wp-json\/wp\/v2\/comments?post=1772"}],"version-history":[{"count":9,"href":"https:\/\/www.neurosciences.asso.fr\/SN27\/wp-json\/wp\/v2\/pages\/1772\/revisions"}],"predecessor-version":[{"id":3704,"href":"https:\/\/www.neurosciences.asso.fr\/SN27\/wp-json\/wp\/v2\/pages\/1772\/revisions\/3704"}],"wp:attachment":[{"href":"https:\/\/www.neurosciences.asso.fr\/SN27\/wp-json\/wp\/v2\/media?parent=1772"}],"wp:term":[{"taxonomy":"category","embeddable":true,"href":"https:\/\/www.neurosciences.asso.fr\/SN27\/wp-json\/wp\/v2\/categories?post=1772"},{"taxonomy":"post_tag","embeddable":true,"href":"https:\/\/www.neurosciences.asso.fr\/SN27\/wp-json\/wp\/v2\/tags?post=1772"}],"curies":[{"name":"wp","href":"https:\/\/api.w.org\/{rel}","templated":true}]}}