{"id":3408,"date":"2025-03-20T09:51:44","date_gmt":"2025-03-20T08:51:44","guid":{"rendered":"https:\/\/www.neurosciences.asso.fr\/SN25\/?page_id=3408"},"modified":"2025-05-02T12:11:07","modified_gmt":"2025-05-02T10:11:07","slug":"satellite-events-3","status":"publish","type":"page","link":"https:\/\/www.neurosciences.asso.fr\/SN25\/satellite-events-3\/","title":{"rendered":"Satellite events"},"content":{"rendered":"\n<p>The following satellite events will take place before the meeting.<\/p>\n\n\n\n<div style=\"height:35px\" aria-hidden=\"true\" class=\"wp-block-spacer\"><\/div>\n\n\n\n<ul>\n<li><strong><mark style=\"background-color:rgba(0, 0, 0, 0);color:#5a2a44\" class=\"has-inline-color\">French Neuroethology club<\/mark><\/strong><\/li>\n<\/ul>\n\n\n\n<p>The meeting will take place on May 13th in Montpellier (Campus St Priest, Amphi 2, 860 rue de St Priest 34090 Montpellier).<\/p>\n\n\n\n<p><strong>Please reserve the date!<\/strong><\/p>\n\n\n\n<p><strong>Register for FREE at: <a href=\"https:\/\/www.zebrain.bio.ens.psl.eu\/neuroethology\/symposia\/fourth.html\" rel=\"noreferrer noopener\" target=\"_blank\">https:\/\/www.zebrain.bio.ens.psl.eu\/neuroethology\/symposia\/fourth.html<\/a><\/strong><\/p>\n\n\n\n<p>We hope that you will be able to join us in <strong>Montpellier <\/strong>and that we will have the opportunity to count you among us! <\/p>\n\n\n\n<p><a href=\"https:\/\/www.neurosciences.asso.fr\/SN25\/wp-content\/uploads\/2025\/05\/Neuroethology-Club-Symposium-Program.pdf\" target=\"_blank\" rel=\"noreferrer noopener\">Program<\/a><\/p>\n\n\n\n<div style=\"height:35px\" aria-hidden=\"true\" class=\"wp-block-spacer\"><\/div>\n\n\n\n<ul>\n<li><strong><mark style=\"background-color:rgba(0, 0, 0, 0);color:#5a2a44\" class=\"has-inline-color\">Glial Cell Day for Young Researchers<\/mark><\/strong><\/li>\n<\/ul>\n\n\n\n<p>The French Glial Cell Club is happy to organize a new meeting focused on glial cells on <strong>May 13, 2025 in Montpellier<\/strong>, just before the NeuroFrance meeting.<\/p>\n\n\n\n<p>This event is organized by the&nbsp;<strong>Young Researchers<\/strong>&nbsp;and&nbsp;<strong>for them<\/strong>, but of course all&nbsp;<strong>Researchers<\/strong>&nbsp;and&nbsp;<strong>PIs&nbsp;<\/strong>are welcome and expected to engage in fruitful interactions with students&nbsp;!<\/p>\n\n\n\n<p>So if you are a&nbsp;<strong>Phd Student,&nbsp;<\/strong>a&nbsp;<strong>Post Doc<\/strong>&nbsp;or an&nbsp;<strong>Engineer\/Technician<\/strong>&nbsp;we offer you the opportunity to&nbsp;<strong>present<\/strong>&nbsp;<strong>your work<\/strong> on glial cells&nbsp;! You can&nbsp;apply for a <strong>talk<\/strong>, a <strong>poster presentation<\/strong>, and\/or <strong>chair a session<\/strong>.&nbsp;<\/p>\n\n\n\n<p>The program offers a<strong>&nbsp;complete coverage of&nbsp;the field of glia&nbsp;research<\/strong>,&nbsp;through 1 plenary lecture, 3 symposia, 2 poster sessions and 1&nbsp;mentoring session with senior researchers.&nbsp;Lunch and coffee breaks will be provided during the meeting, and at the end of the day a social event will be organized.<\/p>\n\n\n\n<p><a href=\"https:\/\/club-de-cellules-gliales.assoconnect.com\/collect\/description\/532080-y-registration-to-the-glial-cell-day-for-young-researchers-may-13-2025-montpellier-france\" target=\"_blank\" rel=\"noreferrer noopener\">Programme &amp; registration<\/a><\/p>\n\n\n\n<div style=\"height:35px\" aria-hidden=\"true\" class=\"wp-block-spacer\"><\/div>\n\n\n\n<ul>\n<li><strong><mark style=\"background-color:rgba(0, 0, 0, 0);color:#5a2a44\" class=\"has-inline-color\">Basal Ganglia club<\/mark><\/strong><\/li>\n<\/ul>\n\n\n\n<p>After the success of the 2024 Satellite Event organized during the FENS Forum in Vienna, the Basal Ganglia Club is thrilled to announce its next gathering! Join us this spring in the vibrant city of Montpellier, as part of the prestigious NeuroFrance 2025 conference.<\/p>\n\n\n\n<p><a href=\"https:\/\/basalgangliaclub.com\/event\/\" target=\"_blank\" rel=\"noreferrer noopener\">Programme &amp; registration<\/a><\/p>\n\n\n\n<div style=\"height:35px\" aria-hidden=\"true\" class=\"wp-block-spacer\"><\/div>\n\n\n\n<ul>\n<li><strong><mark style=\"background-color:rgba(0, 0, 0, 0);color:#5a2a44\" class=\"has-inline-color\">GDR m\u00e9moire<\/mark><\/strong><\/li>\n<\/ul>\n\n\n\n<p>A satellite meeting organized by the GDR m\u00e9moire will be held on Tuesday May 13, 2025 from 2:00 pm to 6:30 pm, and will be followed by a cocktail reception at the Institut de G\u00e9nomique Fonctionnelle in Montpellier. Don&rsquo;t forget to register by filling in the following Evento form: <strong><em><u><a href=\"https:\/\/evento.renater.fr\/survey\/reunion-satellite-du-gdr-memoire-bkf1k64x\">https:\/\/evento.renater.fr\/survey\/reunion-satellite-du-gdr-memoire-bkf1k64x<\/a><\/u><\/em><\/strong><\/p>\n\n\n\n<p>The presentations are open to those who wish to share their research on the theme of memory. You can let the organizers know by using the Evento response options.<\/p>\n\n\n\n<div style=\"height:35px\" aria-hidden=\"true\" class=\"wp-block-spacer\"><\/div>\n\n\n\n<ul>\n<li><strong><mark style=\"background-color:rgba(0, 0, 0, 0);color:#5a2a44\" class=\"has-inline-color\">Spinal Circuits in Motion&nbsp;: From Mice to Men&nbsp;<\/mark><\/strong><\/li>\n<\/ul>\n\n\n\n<p>A satellite meeting organized by the CMEP (Club de la Moelle \u00c9pini\u00e8re et de ses Pathologies) will be held on Tuesday May 13, 2025 from 1:30 pm to 5:30 pm at the Facult\u00e9 des Sciences Pharmaceutiques et Biologiques, Amphith\u00e9\u00e2tre C, 15 Avenue Charles Flahault, Montpellier, France. <\/p>\n\n\n\n<p>Registration information: Registration is free but mandatory. Please confirm your participation by emailing Fr\u00e9d\u00e9ric Brocard at <a href=\"mailto:frederic.brocard@univ-amu.fr\" target=\"_blank\" rel=\"noreferrer noopener\">frederic.brocard@univ-amu.fr<\/a> by Friday, 9 May 2025. <\/p>\n\n\n\n<p><a href=\"https:\/\/www.neurosciences.asso.fr\/SN25\/wp-content\/uploads\/2025\/04\/Program-Satellite-Symposium-CMEP-NeuroFrance-2025.pdf\" target=\"_blank\" rel=\"noreferrer noopener\">Consult the program<\/a><\/p>\n\n\n\n<p><\/p>\n\n\n\n<p><\/p>\n\n\n\n<p><\/p>\n\n\n\n<div style=\"height:35px\" aria-hidden=\"true\" class=\"wp-block-spacer\"><\/div>\n","protected":false},"excerpt":{"rendered":"<p>The following satellite events will take place before the meeting. The meeting will take place on May 13th in Montpellier (Campus St Priest, Amphi 2, 860 rue de St Priest 34090 Montpellier). Please reserve the date! Register for FREE at: https:\/\/www.zebrain.bio.ens.psl.eu\/neuroethology\/symposia\/fourth.html We hope that you will be able to join us in Montpellier and that [&hellip;]<\/p>\n","protected":false},"author":2,"featured_media":0,"parent":0,"menu_order":0,"comment_status":"closed","ping_status":"closed","template":"","meta":{"footnotes":""},"categories":[],"tags":[],"yoast_head":"<!-- This site is optimized with the Yoast SEO plugin v22.0 - https:\/\/yoast.com\/wordpress\/plugins\/seo\/ -->\n<title>Satellite events - NeuroFrance 2025<\/title>\n<meta name=\"robots\" content=\"index, follow, max-snippet:-1, max-image-preview:large, max-video-preview:-1\" \/>\n<link rel=\"canonical\" href=\"https:\/\/www.neurosciences.asso.fr\/SN25\/satellite-events-3\/\" \/>\n<meta property=\"og:locale\" content=\"fr_FR\" \/>\n<meta property=\"og:type\" content=\"article\" \/>\n<meta property=\"og:title\" content=\"Satellite events - NeuroFrance 2025\" \/>\n<meta property=\"og:description\" content=\"The following satellite events will take place before the meeting. The meeting will take place on May 13th in Montpellier (Campus St Priest, Amphi 2, 860 rue de St Priest 34090 Montpellier). Please reserve the date! Register for FREE at: https:\/\/www.zebrain.bio.ens.psl.eu\/neuroethology\/symposia\/fourth.html We hope that you will be able to join us in Montpellier and that [&hellip;]\" \/>\n<meta property=\"og:url\" content=\"https:\/\/www.neurosciences.asso.fr\/SN25\/satellite-events-3\/\" \/>\n<meta property=\"og:site_name\" content=\"NeuroFrance 2025\" \/>\n<meta property=\"article:publisher\" content=\"https:\/\/www.facebook.com\/Socit-des-Neurosciences-527221547452099\" \/>\n<meta property=\"article:modified_time\" content=\"2025-05-02T10:11:07+00:00\" \/>\n<meta property=\"og:image\" content=\"https:\/\/www.neurosciences.asso.fr\/SN25\/wp-content\/uploads\/2024\/02\/img_fond_2K-1024x563.png\" \/>\n\t<meta property=\"og:image:width\" content=\"1024\" \/>\n\t<meta property=\"og:image:height\" content=\"563\" \/>\n\t<meta property=\"og:image:type\" content=\"image\/png\" \/>\n<meta name=\"twitter:card\" content=\"summary_large_image\" \/>\n<meta name=\"twitter:label1\" content=\"Dur\u00e9e de lecture estim\u00e9e\" \/>\n\t<meta name=\"twitter:data1\" content=\"3 minutes\" \/>\n<script type=\"application\/ld+json\" class=\"yoast-schema-graph\">{\"@context\":\"https:\/\/schema.org\",\"@graph\":[{\"@type\":\"WebPage\",\"@id\":\"https:\/\/www.neurosciences.asso.fr\/SN25\/satellite-events-3\/\",\"url\":\"https:\/\/www.neurosciences.asso.fr\/SN25\/satellite-events-3\/\",\"name\":\"Satellite events - NeuroFrance 2025\",\"isPartOf\":{\"@id\":\"https:\/\/www.neurosciences.asso.fr\/SN25\/#website\"},\"datePublished\":\"2025-03-20T08:51:44+00:00\",\"dateModified\":\"2025-05-02T10:11:07+00:00\",\"breadcrumb\":{\"@id\":\"https:\/\/www.neurosciences.asso.fr\/SN25\/satellite-events-3\/#breadcrumb\"},\"inLanguage\":\"fr-FR\",\"potentialAction\":[{\"@type\":\"ReadAction\",\"target\":[\"https:\/\/www.neurosciences.asso.fr\/SN25\/satellite-events-3\/\"]}]},{\"@type\":\"BreadcrumbList\",\"@id\":\"https:\/\/www.neurosciences.asso.fr\/SN25\/satellite-events-3\/#breadcrumb\",\"itemListElement\":[{\"@type\":\"ListItem\",\"position\":1,\"name\":\"Home\",\"item\":\"https:\/\/www.neurosciences.asso.fr\/SN25\/\"},{\"@type\":\"ListItem\",\"position\":2,\"name\":\"Satellite events\"}]},{\"@type\":\"WebSite\",\"@id\":\"https:\/\/www.neurosciences.asso.fr\/SN25\/#website\",\"url\":\"https:\/\/www.neurosciences.asso.fr\/SN25\/\",\"name\":\"NeuroFrance 2025\",\"description\":\"Colloque international\",\"publisher\":{\"@id\":\"https:\/\/www.neurosciences.asso.fr\/SN25\/#organization\"},\"potentialAction\":[{\"@type\":\"SearchAction\",\"target\":{\"@type\":\"EntryPoint\",\"urlTemplate\":\"https:\/\/www.neurosciences.asso.fr\/SN25\/?s={search_term_string}\"},\"query-input\":\"required name=search_term_string\"}],\"inLanguage\":\"fr-FR\"},{\"@type\":\"Organization\",\"@id\":\"https:\/\/www.neurosciences.asso.fr\/SN25\/#organization\",\"name\":\"Soci\u00e9t\u00e9 des Neurosciences\",\"url\":\"https:\/\/www.neurosciences.asso.fr\/SN25\/\",\"logo\":{\"@type\":\"ImageObject\",\"inLanguage\":\"fr-FR\",\"@id\":\"https:\/\/www.neurosciences.asso.fr\/SN25\/#\/schema\/logo\/image\/\",\"url\":\"https:\/\/www.neurosciences.asso.fr\/SN25\/wp-content\/uploads\/2024\/02\/SDN-Logo-bleu_150pxRetina.png\",\"contentUrl\":\"https:\/\/www.neurosciences.asso.fr\/SN25\/wp-content\/uploads\/2024\/02\/SDN-Logo-bleu_150pxRetina.png\",\"width\":300,\"height\":190,\"caption\":\"Soci\u00e9t\u00e9 des Neurosciences\"},\"image\":{\"@id\":\"https:\/\/www.neurosciences.asso.fr\/SN25\/#\/schema\/logo\/image\/\"},\"sameAs\":[\"https:\/\/www.facebook.com\/Socit-des-Neurosciences-527221547452099\",\"https:\/\/www.instagram.com\/socneurosciences\/\",\"https:\/\/www.youtube.com\/channel\/UCK24q27NAZeyBM8h1W5o7Tw\",\"https:\/\/x.com\/SocNeuro_Tweets\"]}]}<\/script>\n<!-- \/ Yoast SEO plugin. -->","yoast_head_json":{"title":"Satellite events - NeuroFrance 2025","robots":{"index":"index","follow":"follow","max-snippet":"max-snippet:-1","max-image-preview":"max-image-preview:large","max-video-preview":"max-video-preview:-1"},"canonical":"https:\/\/www.neurosciences.asso.fr\/SN25\/satellite-events-3\/","og_locale":"fr_FR","og_type":"article","og_title":"Satellite events - NeuroFrance 2025","og_description":"The following satellite events will take place before the meeting. The meeting will take place on May 13th in Montpellier (Campus St Priest, Amphi 2, 860 rue de St Priest 34090 Montpellier). Please reserve the date! Register for FREE at: https:\/\/www.zebrain.bio.ens.psl.eu\/neuroethology\/symposia\/fourth.html We hope that you will be able to join us in Montpellier and that [&hellip;]","og_url":"https:\/\/www.neurosciences.asso.fr\/SN25\/satellite-events-3\/","og_site_name":"NeuroFrance 2025","article_publisher":"https:\/\/www.facebook.com\/Socit-des-Neurosciences-527221547452099","article_modified_time":"2025-05-02T10:11:07+00:00","og_image":[{"width":1024,"height":563,"url":"https:\/\/www.neurosciences.asso.fr\/SN25\/wp-content\/uploads\/2024\/02\/img_fond_2K-1024x563.png","type":"image\/png"}],"twitter_card":"summary_large_image","twitter_misc":{"Dur\u00e9e de lecture estim\u00e9e":"3 minutes"},"schema":{"@context":"https:\/\/schema.org","@graph":[{"@type":"WebPage","@id":"https:\/\/www.neurosciences.asso.fr\/SN25\/satellite-events-3\/","url":"https:\/\/www.neurosciences.asso.fr\/SN25\/satellite-events-3\/","name":"Satellite events - NeuroFrance 2025","isPartOf":{"@id":"https:\/\/www.neurosciences.asso.fr\/SN25\/#website"},"datePublished":"2025-03-20T08:51:44+00:00","dateModified":"2025-05-02T10:11:07+00:00","breadcrumb":{"@id":"https:\/\/www.neurosciences.asso.fr\/SN25\/satellite-events-3\/#breadcrumb"},"inLanguage":"fr-FR","potentialAction":[{"@type":"ReadAction","target":["https:\/\/www.neurosciences.asso.fr\/SN25\/satellite-events-3\/"]}]},{"@type":"BreadcrumbList","@id":"https:\/\/www.neurosciences.asso.fr\/SN25\/satellite-events-3\/#breadcrumb","itemListElement":[{"@type":"ListItem","position":1,"name":"Home","item":"https:\/\/www.neurosciences.asso.fr\/SN25\/"},{"@type":"ListItem","position":2,"name":"Satellite events"}]},{"@type":"WebSite","@id":"https:\/\/www.neurosciences.asso.fr\/SN25\/#website","url":"https:\/\/www.neurosciences.asso.fr\/SN25\/","name":"NeuroFrance 2025","description":"Colloque international","publisher":{"@id":"https:\/\/www.neurosciences.asso.fr\/SN25\/#organization"},"potentialAction":[{"@type":"SearchAction","target":{"@type":"EntryPoint","urlTemplate":"https:\/\/www.neurosciences.asso.fr\/SN25\/?s={search_term_string}"},"query-input":"required name=search_term_string"}],"inLanguage":"fr-FR"},{"@type":"Organization","@id":"https:\/\/www.neurosciences.asso.fr\/SN25\/#organization","name":"Soci\u00e9t\u00e9 des Neurosciences","url":"https:\/\/www.neurosciences.asso.fr\/SN25\/","logo":{"@type":"ImageObject","inLanguage":"fr-FR","@id":"https:\/\/www.neurosciences.asso.fr\/SN25\/#\/schema\/logo\/image\/","url":"https:\/\/www.neurosciences.asso.fr\/SN25\/wp-content\/uploads\/2024\/02\/SDN-Logo-bleu_150pxRetina.png","contentUrl":"https:\/\/www.neurosciences.asso.fr\/SN25\/wp-content\/uploads\/2024\/02\/SDN-Logo-bleu_150pxRetina.png","width":300,"height":190,"caption":"Soci\u00e9t\u00e9 des Neurosciences"},"image":{"@id":"https:\/\/www.neurosciences.asso.fr\/SN25\/#\/schema\/logo\/image\/"},"sameAs":["https:\/\/www.facebook.com\/Socit-des-Neurosciences-527221547452099","https:\/\/www.instagram.com\/socneurosciences\/","https:\/\/www.youtube.com\/channel\/UCK24q27NAZeyBM8h1W5o7Tw","https:\/\/x.com\/SocNeuro_Tweets"]}]}},"_links":{"self":[{"href":"https:\/\/www.neurosciences.asso.fr\/SN25\/wp-json\/wp\/v2\/pages\/3408"}],"collection":[{"href":"https:\/\/www.neurosciences.asso.fr\/SN25\/wp-json\/wp\/v2\/pages"}],"about":[{"href":"https:\/\/www.neurosciences.asso.fr\/SN25\/wp-json\/wp\/v2\/types\/page"}],"author":[{"embeddable":true,"href":"https:\/\/www.neurosciences.asso.fr\/SN25\/wp-json\/wp\/v2\/users\/2"}],"replies":[{"embeddable":true,"href":"https:\/\/www.neurosciences.asso.fr\/SN25\/wp-json\/wp\/v2\/comments?post=3408"}],"version-history":[{"count":11,"href":"https:\/\/www.neurosciences.asso.fr\/SN25\/wp-json\/wp\/v2\/pages\/3408\/revisions"}],"predecessor-version":[{"id":3591,"href":"https:\/\/www.neurosciences.asso.fr\/SN25\/wp-json\/wp\/v2\/pages\/3408\/revisions\/3591"}],"wp:attachment":[{"href":"https:\/\/www.neurosciences.asso.fr\/SN25\/wp-json\/wp\/v2\/media?parent=3408"}],"wp:term":[{"taxonomy":"category","embeddable":true,"href":"https:\/\/www.neurosciences.asso.fr\/SN25\/wp-json\/wp\/v2\/categories?post=3408"},{"taxonomy":"post_tag","embeddable":true,"href":"https:\/\/www.neurosciences.asso.fr\/SN25\/wp-json\/wp\/v2\/tags?post=3408"}],"curies":[{"name":"wp","href":"https:\/\/api.w.org\/{rel}","templated":true}]}}