{"id":2211,"date":"2021-10-04T11:36:10","date_gmt":"2021-10-04T09:36:10","guid":{"rendered":"http:\/\/noun\/SN25\/?page_id=2211"},"modified":"2025-04-07T17:11:30","modified_gmt":"2025-04-07T15:11:30","slug":"comite-local","status":"publish","type":"page","link":"https:\/\/www.neurosciences.asso.fr\/SN25\/a-propos\/comite-local\/","title":{"rendered":"Committees"},"content":{"rendered":"\n<h1 class=\"wp-block-heading\"><strong>Local Organizing Committee<\/strong><\/h1>\n\n\n\n<h2 class=\"wp-block-heading\">President<\/h2>\n\n\n\n<p>Julie Perroy<\/p>\n\n\n\n<h2 class=\"wp-block-heading\">Vice President<\/h2>\n\n\n\n<p>Karine Loulier<\/p>\n\n\n\n<h2 class=\"wp-block-heading\">Members<\/h2>\n\n\n\n<figure class=\"wp-block-table is-style-stripes\"><table><tbody><tr><td>Etienne Audinat<\/td><td><\/td><td>Sam Ng<\/td><td><\/td><td><\/td><\/tr><tr><td>Xavier Ayrignac<\/td><td><\/td><td>Marie Pequignot<\/td><td><\/td><td><\/td><\/tr><tr><td>Federica Bertaso<\/td><td><\/td><td>Emmanuel Perisse<\/td><td><\/td><td><\/td><\/tr><tr><td>Carole Crozet<\/td><td><\/td><td>Florence Perrin<\/td><td><\/td><td><\/td><\/tr><tr><td>Benjamin Delprat<\/td><td><\/td><td>Fran\u00e7ois Rassendren<\/td><td><\/td><td><\/td><\/tr><tr><td>Catherine Desrumaux-Piazza<\/td><td><\/td><td>Susanne Schmidt<\/td><td><\/td><td><\/td><\/tr><tr><td>Laurent Givalois<\/td><td><\/td><td>Vivien Szabo<\/td><td><\/td><td><\/td><\/tr><tr><td>Nathalie Guerineau<\/td><td><\/td><td>Eric Thouvenot<\/td><td><\/td><td><\/td><\/tr><tr><td>Aline Haetty<\/td><td><\/td><td>St\u00e9phanie Trouche<\/td><td><\/td><td><\/td><\/tr><tr><td>Elsa Karam<\/td><td><\/td><td>Emmanuel Valjent<\/td><td><\/td><td><\/td><\/tr><tr><td>Irina Lassot<\/td><td><\/td><td>Michel Vignes<\/td><td><\/td><td><\/td><\/tr><tr><td>Sylvain Lehmann<\/td><td><\/td><td><\/td><td><\/td><td><\/td><\/tr><\/tbody><\/table><\/figure>\n\n\n\n<div style=\"height:100px\" aria-hidden=\"true\" class=\"wp-block-spacer\"><\/div>\n\n\n\n<h1 class=\"wp-block-heading\"><strong>Scientific Committee<\/strong><\/h1>\n\n\n\n<h2 class=\"wp-block-heading\">President<\/h2>\n\n\n\n<p>St\u00e9phane Oliet<\/p>\n\n\n\n<h2 class=\"wp-block-heading\">Members<\/h2>\n\n\n\n<figure class=\"wp-block-table is-style-stripes\"><table><tbody><tr><td>Fabrice Ango<\/td><td><\/td><td>Shauna Parkes<\/td><td><\/td><td><\/td><\/tr><tr><td>Jacques Barik<\/td><td><\/td><td>Emmanuel Perisse<\/td><td><\/td><td><\/td><\/tr><tr><td>Catherine Belzung<\/td><td><\/td><td>Julie Perroy<\/td><td><\/td><td><\/td><\/tr><tr><td>David Blum<\/td><td><\/td><td>Christelle Peyron<\/td><td><\/td><td><\/td><\/tr><tr><td>S\u00e9bastien G. Bouret<\/td><td><\/td><td>Christelle Rochefort<\/td><td><\/td><td><\/td><\/tr><tr><td>Anne Didier<\/td><td><\/td><td>Laure Rondi-Reig<\/td><td><\/td><td><\/td><\/tr><tr><td>Philippe Isope<\/td><td><\/td><td>Fekrije Selimi<\/td><td><\/td><td><\/td><\/tr><tr><td>Arthur Leblois<\/td><td><\/td><td>Laure Verret<\/td><td><\/td><td><\/td><\/tr><tr><td>Agn\u00e8s Nadjar<\/td><td><\/td><td>Mathieu Wolff<\/td><td><\/td><td><\/td><\/tr><tr><td>J\u00e9r\u00e9mie Naud\u00e9<\/td><td><\/td><td><\/td><td><\/td><td><\/td><\/tr><\/tbody><\/table><\/figure>\n","protected":false},"excerpt":{"rendered":"<p>Local Organizing Committee President Julie Perroy Vice President Karine Loulier Members Etienne Audinat Sam Ng Xavier Ayrignac Marie Pequignot Federica Bertaso Emmanuel Perisse Carole Crozet Florence Perrin Benjamin Delprat Fran\u00e7ois Rassendren Catherine Desrumaux-Piazza Susanne Schmidt Laurent Givalois Vivien Szabo Nathalie Guerineau Eric Thouvenot Aline Haetty St\u00e9phanie Trouche Elsa Karam Emmanuel Valjent Irina Lassot Michel Vignes [&hellip;]<\/p>\n","protected":false},"author":1,"featured_media":0,"parent":2207,"menu_order":2,"comment_status":"closed","ping_status":"closed","template":"","meta":{"footnotes":""},"categories":[],"tags":[],"yoast_head":"<!-- This site is optimized with the Yoast SEO plugin v22.0 - https:\/\/yoast.com\/wordpress\/plugins\/seo\/ -->\n<title>Committees - NeuroFrance 2025<\/title>\n<meta name=\"robots\" content=\"index, follow, max-snippet:-1, max-image-preview:large, max-video-preview:-1\" \/>\n<link rel=\"canonical\" href=\"https:\/\/www.neurosciences.asso.fr\/SN25\/a-propos\/comite-local\/\" \/>\n<meta property=\"og:locale\" content=\"fr_FR\" \/>\n<meta property=\"og:type\" content=\"article\" \/>\n<meta property=\"og:title\" content=\"Committees - NeuroFrance 2025\" \/>\n<meta property=\"og:description\" content=\"Local Organizing Committee President Julie Perroy Vice President Karine Loulier Members Etienne Audinat Sam Ng Xavier Ayrignac Marie Pequignot Federica Bertaso Emmanuel Perisse Carole Crozet Florence Perrin Benjamin Delprat Fran\u00e7ois Rassendren Catherine Desrumaux-Piazza Susanne Schmidt Laurent Givalois Vivien Szabo Nathalie Guerineau Eric Thouvenot Aline Haetty St\u00e9phanie Trouche Elsa Karam Emmanuel Valjent Irina Lassot Michel Vignes [&hellip;]\" \/>\n<meta property=\"og:url\" content=\"https:\/\/www.neurosciences.asso.fr\/SN25\/a-propos\/comite-local\/\" \/>\n<meta property=\"og:site_name\" content=\"NeuroFrance 2025\" \/>\n<meta property=\"article:publisher\" content=\"https:\/\/www.facebook.com\/Socit-des-Neurosciences-527221547452099\" \/>\n<meta property=\"article:modified_time\" content=\"2025-04-07T15:11:30+00:00\" \/>\n<meta property=\"og:image\" content=\"https:\/\/www.neurosciences.asso.fr\/SN25\/wp-content\/uploads\/2024\/02\/img_fond_2K-1024x563.png\" \/>\n\t<meta property=\"og:image:width\" content=\"1024\" \/>\n\t<meta property=\"og:image:height\" content=\"563\" \/>\n\t<meta property=\"og:image:type\" content=\"image\/png\" \/>\n<meta name=\"twitter:card\" content=\"summary_large_image\" \/>\n<meta name=\"twitter:label1\" content=\"Dur\u00e9e de lecture estim\u00e9e\" \/>\n\t<meta name=\"twitter:data1\" content=\"1 minute\" \/>\n<script type=\"application\/ld+json\" class=\"yoast-schema-graph\">{\"@context\":\"https:\/\/schema.org\",\"@graph\":[{\"@type\":\"WebPage\",\"@id\":\"https:\/\/www.neurosciences.asso.fr\/SN25\/a-propos\/comite-local\/\",\"url\":\"https:\/\/www.neurosciences.asso.fr\/SN25\/a-propos\/comite-local\/\",\"name\":\"Committees - NeuroFrance 2025\",\"isPartOf\":{\"@id\":\"https:\/\/www.neurosciences.asso.fr\/SN25\/#website\"},\"datePublished\":\"2021-10-04T09:36:10+00:00\",\"dateModified\":\"2025-04-07T15:11:30+00:00\",\"breadcrumb\":{\"@id\":\"https:\/\/www.neurosciences.asso.fr\/SN25\/a-propos\/comite-local\/#breadcrumb\"},\"inLanguage\":\"fr-FR\",\"potentialAction\":[{\"@type\":\"ReadAction\",\"target\":[\"https:\/\/www.neurosciences.asso.fr\/SN25\/a-propos\/comite-local\/\"]}]},{\"@type\":\"BreadcrumbList\",\"@id\":\"https:\/\/www.neurosciences.asso.fr\/SN25\/a-propos\/comite-local\/#breadcrumb\",\"itemListElement\":[{\"@type\":\"ListItem\",\"position\":1,\"name\":\"Home\",\"item\":\"https:\/\/www.neurosciences.asso.fr\/SN25\/\"},{\"@type\":\"ListItem\",\"position\":2,\"name\":\"Meeting information\",\"item\":\"https:\/\/www.neurosciences.asso.fr\/SN25\/a-propos\/\"},{\"@type\":\"ListItem\",\"position\":3,\"name\":\"Committees\"}]},{\"@type\":\"WebSite\",\"@id\":\"https:\/\/www.neurosciences.asso.fr\/SN25\/#website\",\"url\":\"https:\/\/www.neurosciences.asso.fr\/SN25\/\",\"name\":\"NeuroFrance 2025\",\"description\":\"Colloque international\",\"publisher\":{\"@id\":\"https:\/\/www.neurosciences.asso.fr\/SN25\/#organization\"},\"potentialAction\":[{\"@type\":\"SearchAction\",\"target\":{\"@type\":\"EntryPoint\",\"urlTemplate\":\"https:\/\/www.neurosciences.asso.fr\/SN25\/?s={search_term_string}\"},\"query-input\":\"required name=search_term_string\"}],\"inLanguage\":\"fr-FR\"},{\"@type\":\"Organization\",\"@id\":\"https:\/\/www.neurosciences.asso.fr\/SN25\/#organization\",\"name\":\"Soci\u00e9t\u00e9 des Neurosciences\",\"url\":\"https:\/\/www.neurosciences.asso.fr\/SN25\/\",\"logo\":{\"@type\":\"ImageObject\",\"inLanguage\":\"fr-FR\",\"@id\":\"https:\/\/www.neurosciences.asso.fr\/SN25\/#\/schema\/logo\/image\/\",\"url\":\"https:\/\/www.neurosciences.asso.fr\/SN25\/wp-content\/uploads\/2024\/02\/SDN-Logo-bleu_150pxRetina.png\",\"contentUrl\":\"https:\/\/www.neurosciences.asso.fr\/SN25\/wp-content\/uploads\/2024\/02\/SDN-Logo-bleu_150pxRetina.png\",\"width\":300,\"height\":190,\"caption\":\"Soci\u00e9t\u00e9 des Neurosciences\"},\"image\":{\"@id\":\"https:\/\/www.neurosciences.asso.fr\/SN25\/#\/schema\/logo\/image\/\"},\"sameAs\":[\"https:\/\/www.facebook.com\/Socit-des-Neurosciences-527221547452099\",\"https:\/\/www.instagram.com\/socneurosciences\/\",\"https:\/\/www.youtube.com\/channel\/UCK24q27NAZeyBM8h1W5o7Tw\",\"https:\/\/x.com\/SocNeuro_Tweets\"]}]}<\/script>\n<!-- \/ Yoast SEO plugin. -->","yoast_head_json":{"title":"Committees - NeuroFrance 2025","robots":{"index":"index","follow":"follow","max-snippet":"max-snippet:-1","max-image-preview":"max-image-preview:large","max-video-preview":"max-video-preview:-1"},"canonical":"https:\/\/www.neurosciences.asso.fr\/SN25\/a-propos\/comite-local\/","og_locale":"fr_FR","og_type":"article","og_title":"Committees - NeuroFrance 2025","og_description":"Local Organizing Committee President Julie Perroy Vice President Karine Loulier Members Etienne Audinat Sam Ng Xavier Ayrignac Marie Pequignot Federica Bertaso Emmanuel Perisse Carole Crozet Florence Perrin Benjamin Delprat Fran\u00e7ois Rassendren Catherine Desrumaux-Piazza Susanne Schmidt Laurent Givalois Vivien Szabo Nathalie Guerineau Eric Thouvenot Aline Haetty St\u00e9phanie Trouche Elsa Karam Emmanuel Valjent Irina Lassot Michel Vignes [&hellip;]","og_url":"https:\/\/www.neurosciences.asso.fr\/SN25\/a-propos\/comite-local\/","og_site_name":"NeuroFrance 2025","article_publisher":"https:\/\/www.facebook.com\/Socit-des-Neurosciences-527221547452099","article_modified_time":"2025-04-07T15:11:30+00:00","og_image":[{"width":1024,"height":563,"url":"https:\/\/www.neurosciences.asso.fr\/SN25\/wp-content\/uploads\/2024\/02\/img_fond_2K-1024x563.png","type":"image\/png"}],"twitter_card":"summary_large_image","twitter_misc":{"Dur\u00e9e de lecture estim\u00e9e":"1 minute"},"schema":{"@context":"https:\/\/schema.org","@graph":[{"@type":"WebPage","@id":"https:\/\/www.neurosciences.asso.fr\/SN25\/a-propos\/comite-local\/","url":"https:\/\/www.neurosciences.asso.fr\/SN25\/a-propos\/comite-local\/","name":"Committees - NeuroFrance 2025","isPartOf":{"@id":"https:\/\/www.neurosciences.asso.fr\/SN25\/#website"},"datePublished":"2021-10-04T09:36:10+00:00","dateModified":"2025-04-07T15:11:30+00:00","breadcrumb":{"@id":"https:\/\/www.neurosciences.asso.fr\/SN25\/a-propos\/comite-local\/#breadcrumb"},"inLanguage":"fr-FR","potentialAction":[{"@type":"ReadAction","target":["https:\/\/www.neurosciences.asso.fr\/SN25\/a-propos\/comite-local\/"]}]},{"@type":"BreadcrumbList","@id":"https:\/\/www.neurosciences.asso.fr\/SN25\/a-propos\/comite-local\/#breadcrumb","itemListElement":[{"@type":"ListItem","position":1,"name":"Home","item":"https:\/\/www.neurosciences.asso.fr\/SN25\/"},{"@type":"ListItem","position":2,"name":"Meeting information","item":"https:\/\/www.neurosciences.asso.fr\/SN25\/a-propos\/"},{"@type":"ListItem","position":3,"name":"Committees"}]},{"@type":"WebSite","@id":"https:\/\/www.neurosciences.asso.fr\/SN25\/#website","url":"https:\/\/www.neurosciences.asso.fr\/SN25\/","name":"NeuroFrance 2025","description":"Colloque international","publisher":{"@id":"https:\/\/www.neurosciences.asso.fr\/SN25\/#organization"},"potentialAction":[{"@type":"SearchAction","target":{"@type":"EntryPoint","urlTemplate":"https:\/\/www.neurosciences.asso.fr\/SN25\/?s={search_term_string}"},"query-input":"required name=search_term_string"}],"inLanguage":"fr-FR"},{"@type":"Organization","@id":"https:\/\/www.neurosciences.asso.fr\/SN25\/#organization","name":"Soci\u00e9t\u00e9 des Neurosciences","url":"https:\/\/www.neurosciences.asso.fr\/SN25\/","logo":{"@type":"ImageObject","inLanguage":"fr-FR","@id":"https:\/\/www.neurosciences.asso.fr\/SN25\/#\/schema\/logo\/image\/","url":"https:\/\/www.neurosciences.asso.fr\/SN25\/wp-content\/uploads\/2024\/02\/SDN-Logo-bleu_150pxRetina.png","contentUrl":"https:\/\/www.neurosciences.asso.fr\/SN25\/wp-content\/uploads\/2024\/02\/SDN-Logo-bleu_150pxRetina.png","width":300,"height":190,"caption":"Soci\u00e9t\u00e9 des Neurosciences"},"image":{"@id":"https:\/\/www.neurosciences.asso.fr\/SN25\/#\/schema\/logo\/image\/"},"sameAs":["https:\/\/www.facebook.com\/Socit-des-Neurosciences-527221547452099","https:\/\/www.instagram.com\/socneurosciences\/","https:\/\/www.youtube.com\/channel\/UCK24q27NAZeyBM8h1W5o7Tw","https:\/\/x.com\/SocNeuro_Tweets"]}]}},"_links":{"self":[{"href":"https:\/\/www.neurosciences.asso.fr\/SN25\/wp-json\/wp\/v2\/pages\/2211"}],"collection":[{"href":"https:\/\/www.neurosciences.asso.fr\/SN25\/wp-json\/wp\/v2\/pages"}],"about":[{"href":"https:\/\/www.neurosciences.asso.fr\/SN25\/wp-json\/wp\/v2\/types\/page"}],"author":[{"embeddable":true,"href":"https:\/\/www.neurosciences.asso.fr\/SN25\/wp-json\/wp\/v2\/users\/1"}],"replies":[{"embeddable":true,"href":"https:\/\/www.neurosciences.asso.fr\/SN25\/wp-json\/wp\/v2\/comments?post=2211"}],"version-history":[{"count":14,"href":"https:\/\/www.neurosciences.asso.fr\/SN25\/wp-json\/wp\/v2\/pages\/2211\/revisions"}],"predecessor-version":[{"id":3486,"href":"https:\/\/www.neurosciences.asso.fr\/SN25\/wp-json\/wp\/v2\/pages\/2211\/revisions\/3486"}],"up":[{"embeddable":true,"href":"https:\/\/www.neurosciences.asso.fr\/SN25\/wp-json\/wp\/v2\/pages\/2207"}],"wp:attachment":[{"href":"https:\/\/www.neurosciences.asso.fr\/SN25\/wp-json\/wp\/v2\/media?parent=2211"}],"wp:term":[{"taxonomy":"category","embeddable":true,"href":"https:\/\/www.neurosciences.asso.fr\/SN25\/wp-json\/wp\/v2\/categories?post=2211"},{"taxonomy":"post_tag","embeddable":true,"href":"https:\/\/www.neurosciences.asso.fr\/SN25\/wp-json\/wp\/v2\/tags?post=2211"}],"curies":[{"name":"wp","href":"https:\/\/api.w.org\/{rel}","templated":true}]}}