{"id":2723,"date":"2023-02-10T09:30:38","date_gmt":"2023-02-10T08:30:38","guid":{"rendered":"https:\/\/www.neurosciences.asso.fr\/SN23\/?page_id=2723"},"modified":"2023-03-22T15:16:25","modified_gmt":"2023-03-22T14:16:25","slug":"hotel-reservation","status":"publish","type":"page","link":"https:\/\/www.neurosciences.asso.fr\/SN23\/hotel-reservation\/","title":{"rendered":"Hotel reservation"},"content":{"rendered":"\n<p>It is up to the participants to take care of their own hotel reservation. However, for your information, you will find hereafter a list of recommended hotels : <\/p>\n\n\n\n<p><\/p>\n\n\n\n<ul><li><em><strong>Lyon<\/strong><\/em><\/li><\/ul>\n\n\n\n<p><a href=\"https:\/\/www.belambra-villemanzy.fr\/\" target=\"_blank\" rel=\"noreferrer noopener\">Belambra city Villemanzy<\/a><\/p>\n\n\n\n<p><a href=\"https:\/\/www.hotel-saintantoine.fr\/fr\/\" target=\"_blank\" rel=\"noreferrer noopener\">H\u00f4tel Best western Saint Antoine<\/a><\/p>\n\n\n\n<p><a href=\"https:\/\/www.hoteltetedor.fr\/\" target=\"_blank\" rel=\"noreferrer noopener\">H\u00f4tel T\u00eate d&rsquo;Or<\/a><\/p>\n\n\n\n<p><a href=\"https:\/\/www.awayhostel.com\/en\/?gclid=CjwKCAiA0JKfBhBIEiwAPhZXDyiifFj6kKhIIuNDamt22lcRxxD2xshwHNLgG2PUNFCgjheQIxR0FBoCLCkQAvD_BwE\" target=\"_blank\" rel=\"noreferrer noopener\">Away Hostel<\/a><\/p>\n\n\n\n<p><\/p>\n\n\n\n<ul><li><strong><em>Caluire et Cuire (close to the congress center)<\/em><\/strong><\/li><\/ul>\n\n\n\n<p><a href=\"https:\/\/www.appartcity.com\/fr\/destinations\/rhone-alpes\/caluire-et-cuire\/lyon-cite-internationale.html\" target=\"_blank\" rel=\"noreferrer noopener\">Appart City<\/a><\/p>\n\n\n\n<p><a href=\"https:\/\/all.accor.com\/hotel\/5234\/index.fr.shtml\" target=\"_blank\" rel=\"noreferrer noopener\">Ibis Lyon Caluire Cit\u00e9 Internationale<\/a><\/p>\n","protected":false},"excerpt":{"rendered":"<p>It is up to the participants to take care of their own hotel reservation. However, for your information, you will find hereafter a list of recommended hotels : Lyon Belambra city Villemanzy H\u00f4tel Best western Saint Antoine H\u00f4tel T\u00eate d&rsquo;Or Away Hostel Caluire et Cuire (close to the congress center) Appart City Ibis Lyon Caluire [&hellip;]<\/p>\n","protected":false},"author":2,"featured_media":0,"parent":0,"menu_order":0,"comment_status":"closed","ping_status":"closed","template":"","meta":{"om_disable_all_campaigns":false,"_mi_skip_tracking":false},"categories":[],"tags":[],"aioseo_notices":[],"_links":{"self":[{"href":"https:\/\/www.neurosciences.asso.fr\/SN23\/wp-json\/wp\/v2\/pages\/2723"}],"collection":[{"href":"https:\/\/www.neurosciences.asso.fr\/SN23\/wp-json\/wp\/v2\/pages"}],"about":[{"href":"https:\/\/www.neurosciences.asso.fr\/SN23\/wp-json\/wp\/v2\/types\/page"}],"author":[{"embeddable":true,"href":"https:\/\/www.neurosciences.asso.fr\/SN23\/wp-json\/wp\/v2\/users\/2"}],"replies":[{"embeddable":true,"href":"https:\/\/www.neurosciences.asso.fr\/SN23\/wp-json\/wp\/v2\/comments?post=2723"}],"version-history":[{"count":3,"href":"https:\/\/www.neurosciences.asso.fr\/SN23\/wp-json\/wp\/v2\/pages\/2723\/revisions"}],"predecessor-version":[{"id":2846,"href":"https:\/\/www.neurosciences.asso.fr\/SN23\/wp-json\/wp\/v2\/pages\/2723\/revisions\/2846"}],"wp:attachment":[{"href":"https:\/\/www.neurosciences.asso.fr\/SN23\/wp-json\/wp\/v2\/media?parent=2723"}],"wp:term":[{"taxonomy":"category","embeddable":true,"href":"https:\/\/www.neurosciences.asso.fr\/SN23\/wp-json\/wp\/v2\/categories?post=2723"},{"taxonomy":"post_tag","embeddable":true,"href":"https:\/\/www.neurosciences.asso.fr\/SN23\/wp-json\/wp\/v2\/tags?post=2723"}],"curies":[{"name":"wp","href":"https:\/\/api.w.org\/{rel}","templated":true}]}}