{"id":58,"date":"2019-11-12T15:10:11","date_gmt":"2019-11-12T14:10:11","guid":{"rendered":"https:\/\/www.neurosciences.asso.fr\/SN21\/?page_id=58"},"modified":"2021-05-14T13:08:25","modified_gmt":"2021-05-14T11:08:25","slug":"resumes","status":"publish","type":"page","link":"https:\/\/www.neurosciences.asso.fr\/SN21\/?page_id=58","title":{"rendered":"R\u00e9sum\u00e9s"},"content":{"rendered":"\t\t<div data-elementor-type=\"wp-page\" data-elementor-id=\"58\" class=\"elementor elementor-58\">\n\t\t\t\t\t\t<div class=\"elementor-inner\">\n\t\t\t\t<div class=\"elementor-section-wrap\">\n\t\t\t\t\t\t\t\t\t<section class=\"elementor-section elementor-top-section elementor-element elementor-element-35a8ee3 elementor-section-boxed elementor-section-height-default elementor-section-height-default\" data-id=\"35a8ee3\" data-element_type=\"section\">\n\t\t\t\t\t\t<div class=\"elementor-container elementor-column-gap-default\">\n\t\t\t\t\t\t\t<div class=\"elementor-row\">\n\t\t\t\t\t<div class=\"elementor-column elementor-col-100 elementor-top-column elementor-element elementor-element-b961e3d\" data-id=\"b961e3d\" data-element_type=\"column\">\n\t\t\t<div class=\"elementor-column-wrap elementor-element-populated\">\n\t\t\t\t\t\t\t<div class=\"elementor-widget-wrap\">\n\t\t\t\t\t\t<div class=\"elementor-element elementor-element-5be9c4e elementor-widget elementor-widget-text-editor\" data-id=\"5be9c4e\" data-element_type=\"widget\" data-widget_type=\"text-editor.default\">\n\t\t\t\t<div class=\"elementor-widget-container\">\n\t\t\t\t\t\t\t\t<div class=\"elementor-text-editor elementor-clearfix\">\n\t\t\t\t<h1>R\u00e9sum\u00e9s<\/h1>\t\t\t\t\t<\/div>\n\t\t\t\t\t\t<\/div>\n\t\t\t\t<\/div>\n\t\t\t\t\t\t<\/div>\n\t\t\t\t\t<\/div>\n\t\t<\/div>\n\t\t\t\t\t\t\t\t<\/div>\n\t\t\t\t\t<\/div>\n\t\t<\/section>\n\t\t\t\t<section class=\"elementor-section elementor-top-section elementor-element elementor-element-25008ad elementor-section-boxed elementor-section-height-default elementor-section-height-default\" data-id=\"25008ad\" data-element_type=\"section\">\n\t\t\t\t\t\t<div class=\"elementor-container elementor-column-gap-default\">\n\t\t\t\t\t\t\t<div class=\"elementor-row\">\n\t\t\t\t\t<div class=\"elementor-column elementor-col-100 elementor-top-column elementor-element elementor-element-1d3b9e9\" data-id=\"1d3b9e9\" data-element_type=\"column\">\n\t\t\t<div class=\"elementor-column-wrap elementor-element-populated\">\n\t\t\t\t\t\t\t<div class=\"elementor-widget-wrap\">\n\t\t\t\t\t\t<div class=\"elementor-element elementor-element-f1a4e1c elementor-align-center elementor-widget elementor-widget-button\" data-id=\"f1a4e1c\" data-element_type=\"widget\" data-widget_type=\"button.default\">\n\t\t\t\t<div class=\"elementor-widget-container\">\n\t\t\t\t\t<div class=\"elementor-button-wrapper\">\n\t\t\t<a href=\"http:\/\/virtualnf21.neurosciences.asso.fr\/\" target=\"_blank\" class=\"elementor-button-link elementor-button elementor-size-lg\" role=\"button\">\n\t\t\t\t\t\t<span class=\"elementor-button-content-wrapper\">\n\t\t\t\t\t\t<span class=\"elementor-button-text\">Acc\u00e9der au colloque<\/span>\n\t\t<\/span>\n\t\t\t\t\t<\/a>\n\t\t<\/div>\n\t\t\t\t<\/div>\n\t\t\t\t<\/div>\n\t\t\t\t\t\t<\/div>\n\t\t\t\t\t<\/div>\n\t\t<\/div>\n\t\t\t\t\t\t\t\t<\/div>\n\t\t\t\t\t<\/div>\n\t\t<\/section>\n\t\t\t\t<section class=\"elementor-section elementor-top-section elementor-element elementor-element-e401452 elementor-section-boxed elementor-section-height-default elementor-section-height-default\" data-id=\"e401452\" data-element_type=\"section\">\n\t\t\t\t\t\t<div class=\"elementor-container elementor-column-gap-default\">\n\t\t\t\t\t\t\t<div class=\"elementor-row\">\n\t\t\t\t\t<div class=\"elementor-column elementor-col-100 elementor-top-column elementor-element elementor-element-d5575b5\" data-id=\"d5575b5\" data-element_type=\"column\">\n\t\t\t<div class=\"elementor-column-wrap elementor-element-populated\">\n\t\t\t\t\t\t\t<div class=\"elementor-widget-wrap\">\n\t\t\t\t\t\t<div class=\"elementor-element elementor-element-b08a2f0 elementor-widget elementor-widget-text-editor\" data-id=\"b08a2f0\" data-element_type=\"widget\" data-widget_type=\"text-editor.default\">\n\t\t\t\t<div class=\"elementor-widget-container\">\n\t\t\t\t\t\t\t\t<div class=\"elementor-text-editor elementor-clearfix\">\n\t\t\t\t<h3>Informations g\u00e9n\u00e9rales<\/h3><p>Date limite pour la soumission des r\u00e9sum\u00e9s : <span style=\"color: #000000;\"><strong>7 avril 2021 inclus.<\/strong><\/span><\/p><p>Apr\u00e8s v\u00e9rification, les r\u00e9sum\u00e9s soumis pour le colloque sont accept\u00e9s pour une pr\u00e9sentation sous forme de ePoster.<\/p><h3>Comment vont se d\u00e9rouler les sessions posters ?<\/h3><div class=\"\"><span class=\"\">Deux fois par jour, pendant 1 heure, en visio, en direct, vous pourrez \u00e9changer avec les auteurs.<br \/><\/span><\/div><div class=\"\"><span class=\"\">Vous aurez la possibilit\u00e9 de commenter et d&rsquo;\u00e9changer avec un auteur en particulier.<\/span><\/div><div class=\"\"><span class=\"\">Les ePosters seront disponibles \u00e0 tous les participants une semaine avant le colloque pour vous laisser le temps d&rsquo;en faire le tour \u00e0 votre rythme.<\/span><\/div><div>\u00a0<\/div><div>Retrouvez le d\u00e9tail des sessions posters et tous les r\u00e9sum\u00e9s <strong><a href=\"https:\/\/www.professionalabstracts.com\/nf2021\/iplanner\/#\/list\" target=\"_blank\" rel=\"noopener\">ici<\/a><\/strong>.<\/div><div>\u00a0<\/div><div><h3>Je pr\u00e9sente un ePoster<\/h3><div class=\"\"><span class=\"\"><a href=\"https:\/\/www.react-profile.org\/upload\/KIT\/system\/uploads\/NF2021%20ePoster%20Presenter%20guidelines.pdf\" target=\"_blank\" rel=\"noopener\">Consultez les instructions <\/a>pour t\u00e9l\u00e9charger votre ePoster et, si vous le souhaitez une vid\u00e9o.<\/span><\/div><div>\u00a0<\/div><div>Partagez l&rsquo;information sur Twitter en utilisant l&rsquo;image ci-apr\u00e8s. N&rsquo;oubliez pas de mentionner le hashtag #NeuroFrance2021 et de citer la Soci\u00e9t\u00e9 des Neurosciences (@SocNeuro_Tweets) dans vos publications pour que nous puissions les partager.<\/div><\/div><div>\u00a0<\/div><div><img loading=\"lazy\" class=\"alignnone size-medium wp-image-1525\" src=\"https:\/\/www.neurosciences.asso.fr\/SN21\/wp-content\/uploads\/2021\/04\/Poster-presenter-300x150.png\" alt=\"\" width=\"300\" height=\"150\" srcset=\"https:\/\/www.neurosciences.asso.fr\/SN21\/wp-content\/uploads\/2021\/04\/Poster-presenter-300x150.png 300w, https:\/\/www.neurosciences.asso.fr\/SN21\/wp-content\/uploads\/2021\/04\/Poster-presenter-768x384.png 768w, https:\/\/www.neurosciences.asso.fr\/SN21\/wp-content\/uploads\/2021\/04\/Poster-presenter.png 1024w\" sizes=\"(max-width: 300px) 100vw, 300px\" \/><\/div><h3>Contact<\/h3><div class=\"\">Pour toute question concernant votre soumission de r\u00e9sum\u00e9, merci de contacter <a href=\"mailto:abstracts-colloque-NF2021@kit-group.org\">K.I.T. Group<\/a>.<\/div>\t\t\t\t\t<\/div>\n\t\t\t\t\t\t<\/div>\n\t\t\t\t<\/div>\n\t\t\t\t\t\t<\/div>\n\t\t\t\t\t<\/div>\n\t\t<\/div>\n\t\t\t\t\t\t\t\t<\/div>\n\t\t\t\t\t<\/div>\n\t\t<\/section>\n\t\t\t\t\t\t\t\t\t<\/div>\n\t\t\t<\/div>\n\t\t\t\t\t<\/div>\n\t\t","protected":false},"excerpt":{"rendered":"<p>R\u00e9sum\u00e9s Acc\u00e9der au colloque Informations g\u00e9n\u00e9rales Date limite pour la soumission des r\u00e9sum\u00e9s : 7 avril 2021 inclus. Apr\u00e8s v\u00e9rification, les r\u00e9sum\u00e9s soumis pour le colloque sont accept\u00e9s pour une pr\u00e9sentation sous forme de ePoster. Comment vont se d\u00e9rouler les sessions posters ? Deux fois par jour, pendant 1 heure, en visio, en direct, vous [&hellip;]<\/p>\n","protected":false},"author":1,"featured_media":0,"parent":0,"menu_order":0,"comment_status":"closed","ping_status":"closed","template":"","meta":[],"categories":[5],"tags":[],"_links":{"self":[{"href":"https:\/\/www.neurosciences.asso.fr\/SN21\/index.php?rest_route=\/wp\/v2\/pages\/58"}],"collection":[{"href":"https:\/\/www.neurosciences.asso.fr\/SN21\/index.php?rest_route=\/wp\/v2\/pages"}],"about":[{"href":"https:\/\/www.neurosciences.asso.fr\/SN21\/index.php?rest_route=\/wp\/v2\/types\/page"}],"author":[{"embeddable":true,"href":"https:\/\/www.neurosciences.asso.fr\/SN21\/index.php?rest_route=\/wp\/v2\/users\/1"}],"replies":[{"embeddable":true,"href":"https:\/\/www.neurosciences.asso.fr\/SN21\/index.php?rest_route=%2Fwp%2Fv2%2Fcomments&post=58"}],"version-history":[{"count":72,"href":"https:\/\/www.neurosciences.asso.fr\/SN21\/index.php?rest_route=\/wp\/v2\/pages\/58\/revisions"}],"predecessor-version":[{"id":1699,"href":"https:\/\/www.neurosciences.asso.fr\/SN21\/index.php?rest_route=\/wp\/v2\/pages\/58\/revisions\/1699"}],"wp:attachment":[{"href":"https:\/\/www.neurosciences.asso.fr\/SN21\/index.php?rest_route=%2Fwp%2Fv2%2Fmedia&parent=58"}],"wp:term":[{"taxonomy":"category","embeddable":true,"href":"https:\/\/www.neurosciences.asso.fr\/SN21\/index.php?rest_route=%2Fwp%2Fv2%2Fcategories&post=58"},{"taxonomy":"post_tag","embeddable":true,"href":"https:\/\/www.neurosciences.asso.fr\/SN21\/index.php?rest_route=%2Fwp%2Fv2%2Ftags&post=58"}],"curies":[{"name":"wp","href":"https:\/\/api.w.org\/{rel}","templated":true}]}}