{"id":21,"date":"2019-11-12T13:41:31","date_gmt":"2019-11-12T12:41:31","guid":{"rendered":"https:\/\/www.neurosciences.asso.fr\/SN21\/?page_id=21"},"modified":"2025-09-16T10:22:37","modified_gmt":"2025-09-16T08:22:37","slug":"elementor-21","status":"publish","type":"page","link":"https:\/\/www.neurosciences.asso.fr\/SN21\/","title":{"rendered":"Accueil"},"content":{"rendered":"\t\t<div data-elementor-type=\"wp-page\" data-elementor-id=\"21\" class=\"elementor elementor-21\">\n\t\t\t\t\t\t<div class=\"elementor-inner\">\n\t\t\t\t<div class=\"elementor-section-wrap\">\n\t\t\t\t\t\t\t\t\t<section class=\"elementor-section elementor-top-section elementor-element elementor-element-6a515dd2 elementor-section-full_width elementor-hidden-phone elementor-section-height-min-height elementor-section-height-default elementor-section-items-middle\" data-id=\"6a515dd2\" data-element_type=\"section\">\n\t\t\t\t\t\t<div class=\"elementor-container elementor-column-gap-default\">\n\t\t\t\t\t\t\t<div class=\"elementor-row\">\n\t\t\t\t\t<div class=\"elementor-column elementor-col-100 elementor-top-column elementor-element elementor-element-3e08430c\" data-id=\"3e08430c\" data-element_type=\"column\">\n\t\t\t<div class=\"elementor-column-wrap elementor-element-populated\">\n\t\t\t\t\t\t\t<div class=\"elementor-widget-wrap\">\n\t\t\t\t\t\t<div class=\"elementor-element elementor-element-1272a6f6 elementor-widget elementor-widget-text-editor\" data-id=\"1272a6f6\" data-element_type=\"widget\" data-widget_type=\"text-editor.default\">\n\t\t\t\t<div class=\"elementor-widget-container\">\n\t\t\t\t\t\t\t\t<div class=\"elementor-text-editor elementor-clearfix\">\n\t\t\t\t<p><span style=\"font-family: arial, helvetica, sans-serif; font-size: 1.01em; color: #ababab;\">\u00a9 S\u00e9bastien MILESI\u00a0\u00a0 <br \/><\/span><\/p>\t\t\t\t\t<\/div>\n\t\t\t\t\t\t<\/div>\n\t\t\t\t<\/div>\n\t\t\t\t\t\t<\/div>\n\t\t\t\t\t<\/div>\n\t\t<\/div>\n\t\t\t\t\t\t\t\t<\/div>\n\t\t\t\t\t<\/div>\n\t\t<\/section>\n\t\t\t\t<section class=\"elementor-section elementor-top-section elementor-element elementor-element-595b80f6 elementor-section-content-middle elementor-section-boxed elementor-section-height-default elementor-section-height-default\" data-id=\"595b80f6\" data-element_type=\"section\" id=\"accueilMotPres\">\n\t\t\t\t\t\t<div class=\"elementor-container elementor-column-gap-extended\">\n\t\t\t\t\t\t\t<div class=\"elementor-row\">\n\t\t\t\t\t<div class=\"elementor-column elementor-col-100 elementor-top-column elementor-element elementor-element-7f46de81\" data-id=\"7f46de81\" data-element_type=\"column\">\n\t\t\t<div class=\"elementor-column-wrap elementor-element-populated\">\n\t\t\t\t\t\t\t<div class=\"elementor-widget-wrap\">\n\t\t\t\t\t\t<div class=\"elementor-element elementor-element-6bf924cb elementor-widget elementor-widget-text-editor\" data-id=\"6bf924cb\" data-element_type=\"widget\" data-widget_type=\"text-editor.default\">\n\t\t\t\t<div class=\"elementor-widget-container\">\n\t\t\t\t\t\t\t\t<div class=\"elementor-text-editor elementor-clearfix\">\n\t\t\t\t<div class=\"\"><div class=\"\"><div class=\"\"><div class=\"\"><div class=\"\"><div class=\"\"><div class=\"\"><span class=\"\">Cher\u00b7e\u00b7s ami\u00b7e\u00b7s, Cher\u00b7e\u00b7s coll\u00e8gues,<\/span><\/div><div class=\"\"><span class=\"\">\u00a0<\/span><\/div><div class=\"\"><span class=\"\">L&rsquo;une des missions de la Soci\u00e9t\u00e9 des Neurosciences est de vous apporter les toutes derni\u00e8res donn\u00e9es scientifiques dans nos diff\u00e9rentes disciplines. Notre Colloque NeuroFrance est le fleuron de cette mission. Ce Colloque est le v\u00f4tre et nous savons tou\u00b7te\u00b7s \u00e0 quel point il est important pour notre communaut\u00e9.<\/span><\/div><div class=\"\">\u00a0<\/div><\/div><\/div><\/div><\/div><\/div><div class=\"\"><div class=\"\"><div class=\"\"><div class=\"\"><div class=\"\"><div class=\"\"><span class=\"\">Strasbourg devait accueillir NeuroFrance cette ann\u00e9e mais en concertation avec le Comit\u00e9 local, compte tenu de la situation sanitaire, nous avons d\u00e9cid\u00e9 de tenir cette \u00e9dition 2021 sous forme de colloque virtuel car il \u00e9tait inconcevable de ne pas se r\u00e9unir cette ann\u00e9e. M\u00eame dans les moments difficiles, la science et le progr\u00e8s doivent rester une priorit\u00e9.<\/span><\/div><div>\u00a0<\/div><div class=\"\">Nous sommes ravi\u00b7e\u00b7s d&rsquo;accueillir une exposition virtuelle pendant le colloque et nous remercions chaleureusement nos sponsors de faire partie de cette exp\u00e9rience !<\/div><div>\u00a0<\/div><div class=\"\">Bienvenue \u00e0 NeuroFrance 2021 !<\/div><div>\u00a0<\/div><div class=\"\">Luc Bu\u00e9e<\/div><div class=\"\">Pr\u00e9sident<\/div><\/div><\/div><\/div><\/div><\/div><\/div>\t\t\t\t\t<\/div>\n\t\t\t\t\t\t<\/div>\n\t\t\t\t<\/div>\n\t\t\t\t\t\t<\/div>\n\t\t\t\t\t<\/div>\n\t\t<\/div>\n\t\t\t\t\t\t\t\t<\/div>\n\t\t\t\t\t<\/div>\n\t\t<\/section>\n\t\t\t\t<section class=\"elementor-section elementor-top-section elementor-element elementor-element-0e49321 elementor-section-boxed elementor-section-height-default elementor-section-height-default\" data-id=\"0e49321\" data-element_type=\"section\">\n\t\t\t\t\t\t<div class=\"elementor-container elementor-column-gap-default\">\n\t\t\t\t\t\t\t<div class=\"elementor-row\">\n\t\t\t\t\t<div class=\"elementor-column elementor-col-100 elementor-top-column elementor-element elementor-element-9a04ced\" data-id=\"9a04ced\" data-element_type=\"column\">\n\t\t\t<div class=\"elementor-column-wrap elementor-element-populated\">\n\t\t\t\t\t\t\t<div class=\"elementor-widget-wrap\">\n\t\t\t\t\t\t<div class=\"elementor-element elementor-element-4c5d8e4 elementor-widget elementor-widget-text-editor\" data-id=\"4c5d8e4\" data-element_type=\"widget\" data-widget_type=\"text-editor.default\">\n\t\t\t\t<div class=\"elementor-widget-container\">\n\t\t\t\t\t\t\t\t<div class=\"elementor-text-editor elementor-clearfix\">\n\t\t\t\t\t\t\t\t\t<\/div>\n\t\t\t\t\t\t<\/div>\n\t\t\t\t<\/div>\n\t\t\t\t\t\t<\/div>\n\t\t\t\t\t<\/div>\n\t\t<\/div>\n\t\t\t\t\t\t\t\t<\/div>\n\t\t\t\t\t<\/div>\n\t\t<\/section>\n\t\t\t\t\t\t\t\t\t<\/div>\n\t\t\t<\/div>\n\t\t\t\t\t<\/div>\n\t\t","protected":false},"excerpt":{"rendered":"<p>\u00a9 S\u00e9bastien MILESI\u00a0\u00a0 Cher\u00b7e\u00b7s ami\u00b7e\u00b7s, Cher\u00b7e\u00b7s coll\u00e8gues,\u00a0L&rsquo;une des missions de la Soci\u00e9t\u00e9 des Neurosciences est de vous apporter les toutes derni\u00e8res donn\u00e9es scientifiques dans nos diff\u00e9rentes disciplines. Notre Colloque NeuroFrance est le fleuron de cette mission. Ce Colloque est le v\u00f4tre et nous savons tou\u00b7te\u00b7s \u00e0 quel point il est important pour notre communaut\u00e9.\u00a0Strasbourg devait [&hellip;]<\/p>\n","protected":false},"author":1,"featured_media":0,"parent":0,"menu_order":0,"comment_status":"closed","ping_status":"closed","template":"","meta":[],"categories":[5],"tags":[],"_links":{"self":[{"href":"https:\/\/www.neurosciences.asso.fr\/SN21\/index.php?rest_route=\/wp\/v2\/pages\/21"}],"collection":[{"href":"https:\/\/www.neurosciences.asso.fr\/SN21\/index.php?rest_route=\/wp\/v2\/pages"}],"about":[{"href":"https:\/\/www.neurosciences.asso.fr\/SN21\/index.php?rest_route=\/wp\/v2\/types\/page"}],"author":[{"embeddable":true,"href":"https:\/\/www.neurosciences.asso.fr\/SN21\/index.php?rest_route=\/wp\/v2\/users\/1"}],"replies":[{"embeddable":true,"href":"https:\/\/www.neurosciences.asso.fr\/SN21\/index.php?rest_route=%2Fwp%2Fv2%2Fcomments&post=21"}],"version-history":[{"count":110,"href":"https:\/\/www.neurosciences.asso.fr\/SN21\/index.php?rest_route=\/wp\/v2\/pages\/21\/revisions"}],"predecessor-version":[{"id":1823,"href":"https:\/\/www.neurosciences.asso.fr\/SN21\/index.php?rest_route=\/wp\/v2\/pages\/21\/revisions\/1823"}],"wp:attachment":[{"href":"https:\/\/www.neurosciences.asso.fr\/SN21\/index.php?rest_route=%2Fwp%2Fv2%2Fmedia&parent=21"}],"wp:term":[{"taxonomy":"category","embeddable":true,"href":"https:\/\/www.neurosciences.asso.fr\/SN21\/index.php?rest_route=%2Fwp%2Fv2%2Fcategories&post=21"},{"taxonomy":"post_tag","embeddable":true,"href":"https:\/\/www.neurosciences.asso.fr\/SN21\/index.php?rest_route=%2Fwp%2Fv2%2Ftags&post=21"}],"curies":[{"name":"wp","href":"https:\/\/api.w.org\/{rel}","templated":true}]}}